
{"id":76954,"date":"2025-05-15T10:54:19","date_gmt":"2025-05-15T10:54:19","guid":{"rendered":"https:\/\/azurefilm.com\/?post_type=product&#038;p=76954"},"modified":"2025-05-15T10:54:20","modified_gmt":"2025-05-15T10:54:20","slug":"235x235-mm-es-pei-ketoldalas-nyomolemez","status":"publish","type":"product","link":"https:\/\/azurefilm.com\/hu\/termek\/235x235-mm-es-pei-ketoldalas-nyomolemez\/","title":{"rendered":"235&#215;235 mm-es PEI k\u00e9toldalas nyom\u00f3lemez"},"content":{"rendered":"","protected":false},"excerpt":{"rendered":"<p><span style=\"font-weight: 400;\">A 235&#215;235 mm m\u00e9ret\u0171 PEI k\u00e9toldalas nyomtat\u00f3lemez kiv\u00e1l\u00f3 els\u0151 r\u00e9teg tapad\u00e1st \u00e9s k\u00f6nny\u0171 nyomat elt\u00e1vol\u00edt\u00e1st biztos\u00edt 3D nyomtat\u00f3k sz\u00e1m\u00e1ra.<br \/>\n<\/span><\/p>\n","protected":false},"featured_media":77816,"comment_status":"closed","ping_status":"closed","template":"","meta":{"_acf_changed":false},"product_brand":[],"product_cat":[2221,1679,2280,2224,2281],"product_tag":[],"brand":[],"class_list":{"0":"post-76954","1":"product","2":"type-product","3":"status-publish","4":"has-post-thumbnail","6":"product_cat-potalkatreszek","7":"product_cat-elado","8":"product_cat-epitesi-feluletek","9":"product_cat-minden-potalkatresz","10":"product_cat-pei-lemezek","11":"pa_compatible-with-creality-fdm-3d-printers","13":"first","14":"instock","15":"sale","16":"taxable","17":"shipping-taxable","18":"purchasable","19":"product-type-simple"},"acf":[],"_links":{"self":[{"href":"https:\/\/azurefilm.com\/hu\/wp-json\/wp\/v2\/product\/76954","targetHints":{"allow":["GET"]}}],"collection":[{"href":"https:\/\/azurefilm.com\/hu\/wp-json\/wp\/v2\/product"}],"about":[{"href":"https:\/\/azurefilm.com\/hu\/wp-json\/wp\/v2\/types\/product"}],"replies":[{"embeddable":true,"href":"https:\/\/azurefilm.com\/hu\/wp-json\/wp\/v2\/comments?post=76954"}],"wp:featuredmedia":[{"embeddable":true,"href":"https:\/\/azurefilm.com\/hu\/wp-json\/wp\/v2\/media\/77816"}],"wp:attachment":[{"href":"https:\/\/azurefilm.com\/hu\/wp-json\/wp\/v2\/media?parent=76954"}],"wp:term":[{"taxonomy":"product_brand","embeddable":true,"href":"https:\/\/azurefilm.com\/hu\/wp-json\/wp\/v2\/product_brand?post=76954"},{"taxonomy":"product_cat","embeddable":true,"href":"https:\/\/azurefilm.com\/hu\/wp-json\/wp\/v2\/product_cat?post=76954"},{"taxonomy":"product_tag","embeddable":true,"href":"https:\/\/azurefilm.com\/hu\/wp-json\/wp\/v2\/product_tag?post=76954"},{"taxonomy":"brand","embeddable":true,"href":"https:\/\/azurefilm.com\/hu\/wp-json\/wp\/v2\/brand?post=76954"}],"curies":[{"name":"wp","href":"https:\/\/api.w.org\/{rel}","templated":true}]}}