
{"id":76960,"date":"2025-05-15T10:26:31","date_gmt":"2025-05-15T10:26:31","guid":{"rendered":"https:\/\/azurefilm.com\/?post_type=product&#038;p=76960"},"modified":"2025-05-15T10:26:32","modified_gmt":"2025-05-15T10:26:32","slug":"cmyk-litofan-led-panel","status":"publish","type":"product","link":"https:\/\/azurefilm.com\/hu\/termek\/cmyk-litofan-led-panel\/","title":{"rendered":"CMYK litof\u00e1n LED panel"},"content":{"rendered":"","protected":false},"excerpt":{"rendered":"<p><span style=\"font-weight: 400;\">F\u00e9nyes \u00e9s hat\u00e9kony LED panel a CMYK litof\u00e1nok megvil\u00e1g\u00edt\u00e1s\u00e1hoz, \u00e9l\u00e9nk kontraszttal kiemelve a 3D nyomtatott k\u00e9peket.<br \/>\n<\/span><\/p>\n","protected":false},"featured_media":77738,"comment_status":"closed","ping_status":"closed","template":"","meta":{"_acf_changed":false},"product_brand":[],"product_cat":[2221,2238,1679,2224],"product_tag":[],"brand":[],"class_list":{"0":"post-76960","1":"product","2":"type-product","3":"status-publish","4":"has-post-thumbnail","6":"product_cat-potalkatreszek","7":"product_cat-egyeb-tetelek","8":"product_cat-elado","9":"product_cat-minden-potalkatresz","11":"first","12":"instock","13":"sale","14":"taxable","15":"shipping-taxable","16":"purchasable","17":"product-type-simple"},"acf":[],"_links":{"self":[{"href":"https:\/\/azurefilm.com\/hu\/wp-json\/wp\/v2\/product\/76960","targetHints":{"allow":["GET"]}}],"collection":[{"href":"https:\/\/azurefilm.com\/hu\/wp-json\/wp\/v2\/product"}],"about":[{"href":"https:\/\/azurefilm.com\/hu\/wp-json\/wp\/v2\/types\/product"}],"replies":[{"embeddable":true,"href":"https:\/\/azurefilm.com\/hu\/wp-json\/wp\/v2\/comments?post=76960"}],"wp:featuredmedia":[{"embeddable":true,"href":"https:\/\/azurefilm.com\/hu\/wp-json\/wp\/v2\/media\/77738"}],"wp:attachment":[{"href":"https:\/\/azurefilm.com\/hu\/wp-json\/wp\/v2\/media?parent=76960"}],"wp:term":[{"taxonomy":"product_brand","embeddable":true,"href":"https:\/\/azurefilm.com\/hu\/wp-json\/wp\/v2\/product_brand?post=76960"},{"taxonomy":"product_cat","embeddable":true,"href":"https:\/\/azurefilm.com\/hu\/wp-json\/wp\/v2\/product_cat?post=76960"},{"taxonomy":"product_tag","embeddable":true,"href":"https:\/\/azurefilm.com\/hu\/wp-json\/wp\/v2\/product_tag?post=76960"},{"taxonomy":"brand","embeddable":true,"href":"https:\/\/azurefilm.com\/hu\/wp-json\/wp\/v2\/brand?post=76960"}],"curies":[{"name":"wp","href":"https:\/\/api.w.org\/{rel}","templated":true}]}}