
{"id":76966,"date":"2025-05-15T10:14:53","date_gmt":"2025-05-15T10:14:53","guid":{"rendered":"https:\/\/azurefilm.com\/?post_type=product&#038;p=76966"},"modified":"2025-05-15T10:14:54","modified_gmt":"2025-05-15T10:14:54","slug":"magnesgomb-10-mm-es-neodimium-magnesek-n52-1pz","status":"publish","type":"product","link":"https:\/\/azurefilm.com\/hu\/termek\/magnesgomb-10-mm-es-neodimium-magnesek-n52-1pz\/","title":{"rendered":"M\u00e1gnesg\u00f6mb 10 mm-es neod\u00edmium m\u00e1gnesek n52 1PZ"},"content":{"rendered":"","protected":false},"excerpt":{"rendered":"<p><span style=\"font-weight: 400;\">10 mm-es neod\u00edmium m\u00e1gnesg\u00f6mb (N52) er\u0151s m\u00e1gneses csatlakoz\u00e1sokhoz mechanikus vagy dekorat\u00edv 3D nyomtat\u00e1si projektekben.<\/span><\/p>\n","protected":false},"featured_media":77594,"comment_status":"closed","ping_status":"closed","template":"","meta":{"_acf_changed":false},"product_brand":[],"product_cat":[2221,2238,1679,2224],"product_tag":[],"brand":[],"class_list":{"0":"post-76966","1":"product","2":"type-product","3":"status-publish","4":"has-post-thumbnail","6":"product_cat-potalkatreszek","7":"product_cat-egyeb-tetelek","8":"product_cat-elado","9":"product_cat-minden-potalkatresz","11":"first","12":"instock","13":"sale","14":"taxable","15":"shipping-taxable","16":"purchasable","17":"product-type-simple"},"acf":[],"_links":{"self":[{"href":"https:\/\/azurefilm.com\/hu\/wp-json\/wp\/v2\/product\/76966","targetHints":{"allow":["GET"]}}],"collection":[{"href":"https:\/\/azurefilm.com\/hu\/wp-json\/wp\/v2\/product"}],"about":[{"href":"https:\/\/azurefilm.com\/hu\/wp-json\/wp\/v2\/types\/product"}],"replies":[{"embeddable":true,"href":"https:\/\/azurefilm.com\/hu\/wp-json\/wp\/v2\/comments?post=76966"}],"wp:featuredmedia":[{"embeddable":true,"href":"https:\/\/azurefilm.com\/hu\/wp-json\/wp\/v2\/media\/77594"}],"wp:attachment":[{"href":"https:\/\/azurefilm.com\/hu\/wp-json\/wp\/v2\/media?parent=76966"}],"wp:term":[{"taxonomy":"product_brand","embeddable":true,"href":"https:\/\/azurefilm.com\/hu\/wp-json\/wp\/v2\/product_brand?post=76966"},{"taxonomy":"product_cat","embeddable":true,"href":"https:\/\/azurefilm.com\/hu\/wp-json\/wp\/v2\/product_cat?post=76966"},{"taxonomy":"product_tag","embeddable":true,"href":"https:\/\/azurefilm.com\/hu\/wp-json\/wp\/v2\/product_tag?post=76966"},{"taxonomy":"brand","embeddable":true,"href":"https:\/\/azurefilm.com\/hu\/wp-json\/wp\/v2\/brand?post=76966"}],"curies":[{"name":"wp","href":"https:\/\/api.w.org\/{rel}","templated":true}]}}