
{"id":76972,"date":"2025-05-15T10:24:02","date_gmt":"2025-05-15T10:24:02","guid":{"rendered":"https:\/\/azurefilm.com\/?post_type=product&#038;p=76972"},"modified":"2025-05-15T10:24:03","modified_gmt":"2025-05-15T10:24:03","slug":"lapos-magnes-30x15x5mm-m5-kettos-lyuku-neodimium-magnesek-n52-1pz","status":"publish","type":"product","link":"https:\/\/azurefilm.com\/hu\/termek\/lapos-magnes-30x15x5mm-m5-kettos-lyuku-neodimium-magnesek-n52-1pz\/","title":{"rendered":"Lapos m\u00e1gnes 30x15x5mm-M5 kett\u0151s lyuk\u00fa neod\u00edmium m\u00e1gnesek n52 1PZ"},"content":{"rendered":"","protected":false},"excerpt":{"rendered":"<p><span style=\"font-weight: 400;\">Nagy szil\u00e1rds\u00e1g\u00fa, lapos neod\u00edmium m\u00e1gnes M5 kett\u0151s furatokkal, ide\u00e1lis 3D nyomtatott alkatr\u00e9szek biztons\u00e1gos \u00f6sszeszerel\u00e9s\u00e9hez.<br \/>\n<\/span><\/p>\n","protected":false},"featured_media":77732,"comment_status":"closed","ping_status":"closed","template":"","meta":{"_acf_changed":false},"product_brand":[],"product_cat":[2221,2238,1679,2224],"product_tag":[],"brand":[],"class_list":{"0":"post-76972","1":"product","2":"type-product","3":"status-publish","4":"has-post-thumbnail","6":"product_cat-potalkatreszek","7":"product_cat-egyeb-tetelek","8":"product_cat-elado","9":"product_cat-minden-potalkatresz","11":"first","12":"instock","13":"sale","14":"taxable","15":"shipping-taxable","16":"purchasable","17":"product-type-simple"},"acf":[],"_links":{"self":[{"href":"https:\/\/azurefilm.com\/hu\/wp-json\/wp\/v2\/product\/76972","targetHints":{"allow":["GET"]}}],"collection":[{"href":"https:\/\/azurefilm.com\/hu\/wp-json\/wp\/v2\/product"}],"about":[{"href":"https:\/\/azurefilm.com\/hu\/wp-json\/wp\/v2\/types\/product"}],"replies":[{"embeddable":true,"href":"https:\/\/azurefilm.com\/hu\/wp-json\/wp\/v2\/comments?post=76972"}],"wp:featuredmedia":[{"embeddable":true,"href":"https:\/\/azurefilm.com\/hu\/wp-json\/wp\/v2\/media\/77732"}],"wp:attachment":[{"href":"https:\/\/azurefilm.com\/hu\/wp-json\/wp\/v2\/media?parent=76972"}],"wp:term":[{"taxonomy":"product_brand","embeddable":true,"href":"https:\/\/azurefilm.com\/hu\/wp-json\/wp\/v2\/product_brand?post=76972"},{"taxonomy":"product_cat","embeddable":true,"href":"https:\/\/azurefilm.com\/hu\/wp-json\/wp\/v2\/product_cat?post=76972"},{"taxonomy":"product_tag","embeddable":true,"href":"https:\/\/azurefilm.com\/hu\/wp-json\/wp\/v2\/product_tag?post=76972"},{"taxonomy":"brand","embeddable":true,"href":"https:\/\/azurefilm.com\/hu\/wp-json\/wp\/v2\/brand?post=76972"}],"curies":[{"name":"wp","href":"https:\/\/api.w.org\/{rel}","templated":true}]}}