
{"id":76987,"date":"2025-05-15T10:22:40","date_gmt":"2025-05-15T10:22:40","guid":{"rendered":"https:\/\/azurefilm.com\/?post_type=product&#038;p=76987"},"modified":"2025-05-15T10:22:41","modified_gmt":"2025-05-15T10:22:41","slug":"lapos-neodimium-magnes-furattal-m-sorozat-n52","status":"publish","type":"product","link":"https:\/\/azurefilm.com\/hu\/termek\/lapos-neodimium-magnes-furattal-m-sorozat-n52\/","title":{"rendered":"Lapos neod\u00edmium m\u00e1gnes furattal \u2013 M sorozat (N52)"},"content":{"rendered":"","protected":false},"excerpt":{"rendered":"<p><span style=\"font-weight: 400;\">Nagy szil\u00e1rds\u00e1g\u00fa, lapos N52 neod\u00edmium m\u00e1gnesek k\u00f6z\u00e9ps\u0151 furattal csavaroknak, t\u00f6k\u00e9letesek m\u00e1gneses tart\u00f3khoz, ajt\u00f3khoz \u00e9s szersz\u00e1mtart\u00f3khoz.<br \/>\n<\/span><\/p>\n<p><b>Vari\u00e1ci\u00f3k:<\/b><\/p>\n<ul>\n<li style=\"font-weight: 400;\" aria-level=\"1\"><span style=\"font-weight: 400;\">10&#215;3 M3 1PZ<\/span><span style=\"font-weight: 400;\"><br \/>\n<\/span><\/li>\n<li style=\"font-weight: 400;\" aria-level=\"1\"><span style=\"font-weight: 400;\">15&#215;3 M4 1PZ<\/span><span style=\"font-weight: 400;\"><br \/>\n<\/span><\/li>\n<li style=\"font-weight: 400;\" aria-level=\"1\"><span style=\"font-weight: 400;\">20&#215;3 M4 1PZ<\/span><\/li>\n<\/ul>\n","protected":false},"featured_media":77714,"comment_status":"closed","ping_status":"closed","template":"","meta":{"_acf_changed":false},"product_brand":[],"product_cat":[2221,2238,1679,2224],"product_tag":[],"brand":[],"class_list":{"0":"post-76987","1":"product","2":"type-product","3":"status-publish","4":"has-post-thumbnail","6":"product_cat-potalkatreszek","7":"product_cat-egyeb-tetelek","8":"product_cat-elado","9":"product_cat-minden-potalkatresz","11":"first","12":"instock","13":"sale","14":"taxable","15":"shipping-taxable","16":"purchasable","17":"product-type-variable"},"acf":[],"_links":{"self":[{"href":"https:\/\/azurefilm.com\/hu\/wp-json\/wp\/v2\/product\/76987","targetHints":{"allow":["GET"]}}],"collection":[{"href":"https:\/\/azurefilm.com\/hu\/wp-json\/wp\/v2\/product"}],"about":[{"href":"https:\/\/azurefilm.com\/hu\/wp-json\/wp\/v2\/types\/product"}],"replies":[{"embeddable":true,"href":"https:\/\/azurefilm.com\/hu\/wp-json\/wp\/v2\/comments?post=76987"}],"wp:featuredmedia":[{"embeddable":true,"href":"https:\/\/azurefilm.com\/hu\/wp-json\/wp\/v2\/media\/77714"}],"wp:attachment":[{"href":"https:\/\/azurefilm.com\/hu\/wp-json\/wp\/v2\/media?parent=76987"}],"wp:term":[{"taxonomy":"product_brand","embeddable":true,"href":"https:\/\/azurefilm.com\/hu\/wp-json\/wp\/v2\/product_brand?post=76987"},{"taxonomy":"product_cat","embeddable":true,"href":"https:\/\/azurefilm.com\/hu\/wp-json\/wp\/v2\/product_cat?post=76987"},{"taxonomy":"product_tag","embeddable":true,"href":"https:\/\/azurefilm.com\/hu\/wp-json\/wp\/v2\/product_tag?post=76987"},{"taxonomy":"brand","embeddable":true,"href":"https:\/\/azurefilm.com\/hu\/wp-json\/wp\/v2\/brand?post=76987"}],"curies":[{"name":"wp","href":"https:\/\/api.w.org\/{rel}","templated":true}]}}