
{"id":77003,"date":"2025-05-15T10:20:07","date_gmt":"2025-05-15T10:20:07","guid":{"rendered":"https:\/\/azurefilm.com\/?post_type=product&#038;p=77003"},"modified":"2025-05-15T10:20:08","modified_gmt":"2025-05-15T10:20:08","slug":"kerek-neodimium-magnes-fi-sorozat-n52-50-db","status":"publish","type":"product","link":"https:\/\/azurefilm.com\/hu\/termek\/kerek-neodimium-magnes-fi-sorozat-n52-50-db\/","title":{"rendered":"Kerek neod\u00edmium m\u00e1gnes fi sorozat (N52, 50 db)"},"content":{"rendered":"","protected":false},"excerpt":{"rendered":"<p><span style=\"font-weight: 400;\">Nagy teljes\u00edtm\u00e9ny\u0171 N52 kerek neod\u00edmium m\u00e1gnesek t\u00f6bbf\u00e9le m\u00e9retben, ide\u00e1lisak m\u00e1gneses k\u00f6t\u00e9sekhez, lez\u00e1r\u00e1sokhoz \u00e9s 3D nyomatokba val\u00f3 r\u00f6gz\u00edt\u00e9shez. 50 darabos csomagban kaphat\u00f3 (kiv\u00e9ve fi30x2mm).<br \/>\n<\/span><\/p>\n","protected":false},"featured_media":77600,"comment_status":"closed","ping_status":"closed","template":"","meta":{"_acf_changed":false},"product_brand":[],"product_cat":[2238,1679,2224,2173,2221],"product_tag":[],"brand":[],"class_list":{"0":"post-77003","1":"product","2":"type-product","3":"status-publish","4":"has-post-thumbnail","6":"product_cat-egyeb-tetelek","7":"product_cat-elado","8":"product_cat-minden-potalkatresz","9":"product_cat-nincs-kategorizalva","10":"product_cat-potalkatreszek","12":"first","13":"instock","14":"sale","15":"taxable","16":"shipping-taxable","17":"purchasable","18":"product-type-variable"},"acf":[],"_links":{"self":[{"href":"https:\/\/azurefilm.com\/hu\/wp-json\/wp\/v2\/product\/77003","targetHints":{"allow":["GET"]}}],"collection":[{"href":"https:\/\/azurefilm.com\/hu\/wp-json\/wp\/v2\/product"}],"about":[{"href":"https:\/\/azurefilm.com\/hu\/wp-json\/wp\/v2\/types\/product"}],"replies":[{"embeddable":true,"href":"https:\/\/azurefilm.com\/hu\/wp-json\/wp\/v2\/comments?post=77003"}],"wp:featuredmedia":[{"embeddable":true,"href":"https:\/\/azurefilm.com\/hu\/wp-json\/wp\/v2\/media\/77600"}],"wp:attachment":[{"href":"https:\/\/azurefilm.com\/hu\/wp-json\/wp\/v2\/media?parent=77003"}],"wp:term":[{"taxonomy":"product_brand","embeddable":true,"href":"https:\/\/azurefilm.com\/hu\/wp-json\/wp\/v2\/product_brand?post=77003"},{"taxonomy":"product_cat","embeddable":true,"href":"https:\/\/azurefilm.com\/hu\/wp-json\/wp\/v2\/product_cat?post=77003"},{"taxonomy":"product_tag","embeddable":true,"href":"https:\/\/azurefilm.com\/hu\/wp-json\/wp\/v2\/product_tag?post=77003"},{"taxonomy":"brand","embeddable":true,"href":"https:\/\/azurefilm.com\/hu\/wp-json\/wp\/v2\/brand?post=77003"}],"curies":[{"name":"wp","href":"https:\/\/api.w.org\/{rel}","templated":true}]}}