
{"id":78774,"date":"2025-05-27T07:37:21","date_gmt":"2025-05-27T07:37:21","guid":{"rendered":"https:\/\/azurefilm.com\/?post_type=product&#038;p=78774"},"modified":"2025-09-01T14:12:16","modified_gmt":"2025-09-01T14:12:16","slug":"super-pack-petg-orange","status":"publish","type":"product","link":"https:\/\/azurefilm.com\/hu\/termek\/super-pack-petg-orange\/","title":{"rendered":"SUPER PACK PETG Orange"},"content":{"rendered":"\t<div id=\"text-1011900063\" class=\"text pb-0\">\n\t\t\n<h2><b>PETG Original HS ut\u00e1nt\u00f6lt\u0151 \u2013 Hipergyors, Nagy Teljes\u00edtm\u00e9ny\u0171<\/b><\/h2>\n<p><b>Gyors, megb\u00edzhat\u00f3 \u00e9s kiv\u00e1l\u00f3 min\u0151s\u00e9g\u0171 3D nyomtat\u00e1shoz <\/b><span style=\"font-weight: 400;\">k\u00e9sz\u00fclt. Hipersebess\u00e9g\u0171 teljes\u00edtm\u00e9nyre tervezve kiv\u00e9teles r\u00e9tegtapad\u00e1st, tart\u00f3ss\u00e1got \u00e9s sima fel\u00fcleti min\u0151s\u00e9get biztos\u00edt ak\u00e1r <\/span><b>1000 mm\/s-os nyomtat\u00e1si sebess\u00e9g eset\u00e9n is<\/b><span style=\"font-weight: 400;\">.<\/span><\/p>\n<p><img loading=\"lazy\" decoding=\"async\" class=\"aligncenter wp-image-78735 size-full\" src=\"https:\/\/azurefilm.com\/wp-content\/uploads\/HU-Product-Page-P\u2026-scaled.png\" alt=\"\" width=\"2560\" height=\"962\" title=\"\" srcset=\"https:\/\/azurefilm.com\/wp-content\/uploads\/HU-Product-Page-P\u2026-scaled.png 2560w, https:\/\/azurefilm.com\/wp-content\/uploads\/HU-Product-Page-P\u2026-scaled-510x192.png 510w, https:\/\/azurefilm.com\/wp-content\/uploads\/HU-Product-Page-P\u2026-300x113.png 300w, https:\/\/azurefilm.com\/wp-content\/uploads\/HU-Product-Page-P\u2026-1024x385.png 1024w, https:\/\/azurefilm.com\/wp-content\/uploads\/HU-Product-Page-P\u2026-768x289.png 768w, https:\/\/azurefilm.com\/wp-content\/uploads\/HU-Product-Page-P\u2026-1536x577.png 1536w, https:\/\/azurefilm.com\/wp-content\/uploads\/HU-Product-Page-P\u2026-2048x769.png 2048w\" sizes=\"auto, (max-width: 2560px) 100vw, 2560px\" \/><\/p>\n<p><img loading=\"lazy\" decoding=\"async\" class=\"aligncenter wp-image-78717 size-full\" src=\"https:\/\/azurefilm.com\/wp-content\/uploads\/HU-Product-Page-P\u2026-2-scaled.png\" alt=\"\" width=\"2560\" height=\"962\" title=\"\" srcset=\"https:\/\/azurefilm.com\/wp-content\/uploads\/HU-Product-Page-P\u2026-2-scaled.png 2560w, https:\/\/azurefilm.com\/wp-content\/uploads\/HU-Product-Page-P\u2026-2-scaled-510x192.png 510w, https:\/\/azurefilm.com\/wp-content\/uploads\/HU-Product-Page-P\u2026-2-300x113.png 300w, https:\/\/azurefilm.com\/wp-content\/uploads\/HU-Product-Page-P\u2026-2-1024x385.png 1024w, https:\/\/azurefilm.com\/wp-content\/uploads\/HU-Product-Page-P\u2026-2-768x289.png 768w, https:\/\/azurefilm.com\/wp-content\/uploads\/HU-Product-Page-P\u2026-2-1536x577.png 1536w, https:\/\/azurefilm.com\/wp-content\/uploads\/HU-Product-Page-P\u2026-2-2048x769.png 2048w\" sizes=\"auto, (max-width: 2560px) 100vw, 2560px\" \/><\/p>\n<h3><b>PETG Hyper Speed alkalmaz\u00e1sok<\/b><\/h3>\n<p><span style=\"font-weight: 400;\">Nagy szil\u00e1rds\u00e1g\u00e1val \u00e9s \u00fct\u00e9s\u00e1ll\u00f3s\u00e1g\u00e1val a PETG Hyper Speed <\/span><b>sz\u00edv\u00f3sabb, mint a PLA<\/b><span style=\"font-weight: 400;\">, \u00edgy t\u00f6k\u00e9letes funkcion\u00e1lis \u00e9s mechanikus alkatr\u00e9szekhez. <\/span><b>Vegyi \u00e9s nedvess\u00e9g\u00e1ll\u00f3s\u00e1ga <\/b><span style=\"font-weight: 400;\">biztos\u00edtja a hossz\u00fa \u00e9lettartamot, m\u00edg enyhe rugalmass\u00e1ga megakad\u00e1lyozza a rideg meghib\u00e1sod\u00e1sokat. Ezenk\u00edv\u00fcl <\/span><b>a kiv\u00e1l\u00f3 h\u0151m\u00e9rs\u00e9klet-t\u0171r\u00e9s <\/b><span style=\"font-weight: 400;\">lehet\u0151v\u00e9 teszi a m\u00e9rs\u00e9kelt h\u0151m\u00e9rs\u00e9kleti k\u00f6rnyezetben val\u00f3 haszn\u00e1latot.<\/span><\/p>\n<p><img loading=\"lazy\" decoding=\"async\" class=\"aligncenter wp-image-78723 size-full\" src=\"https:\/\/azurefilm.com\/wp-content\/uploads\/HU-Product-Page-P\u2026-3-scaled.png\" alt=\"\" width=\"2560\" height=\"962\" title=\"\" srcset=\"https:\/\/azurefilm.com\/wp-content\/uploads\/HU-Product-Page-P\u2026-3-scaled.png 2560w, https:\/\/azurefilm.com\/wp-content\/uploads\/HU-Product-Page-P\u2026-3-scaled-510x192.png 510w, https:\/\/azurefilm.com\/wp-content\/uploads\/HU-Product-Page-P\u2026-3-300x113.png 300w, https:\/\/azurefilm.com\/wp-content\/uploads\/HU-Product-Page-P\u2026-3-1024x385.png 1024w, https:\/\/azurefilm.com\/wp-content\/uploads\/HU-Product-Page-P\u2026-3-768x289.png 768w, https:\/\/azurefilm.com\/wp-content\/uploads\/HU-Product-Page-P\u2026-3-1536x577.png 1536w, https:\/\/azurefilm.com\/wp-content\/uploads\/HU-Product-Page-P\u2026-3-2048x769.png 2048w\" sizes=\"auto, (max-width: 2560px) 100vw, 2560px\" \/><\/p>\n<h2><b>Nyomtat\u00e1s az AzureFilm Master Spool seg\u00edts\u00e9g\u00e9vel<\/b><\/h2>\n<p><span style=\"font-weight: 400;\">Ut\u00e1nt\u00f6lthet\u0151 PETG Hyper Speed Filamentjeink t\u00f6k\u00e9letesen kompatibilisek az <\/span><a href=\"https:\/\/azurefilm.com\/hu\/termek\/azurefilm-master-spool-11-ingyenes\/\" target=\"_blank\" rel=\"noopener\"><b>AzureFilm Master Spool tekercssel <\/b><\/a><b>\u2013 az egyetlen tekercssel, amire valaha is sz\u00fcks\u00e9ge lesz<\/b><span style=\"font-weight: 400;\">. Ennek az \u00fajrafelhaszn\u00e1lhat\u00f3 tekercsnek a haszn\u00e1lat\u00e1val \u00d6n is csatlakozhat hozz\u00e1nk a hullad\u00e9k cs\u00f6kkent\u00e9s\u00e9ben \u00e9s a k\u00f6rnyezeti terhel\u00e9s minimaliz\u00e1l\u00e1s\u00e1ban.<\/span><\/p>\n<p><img loading=\"lazy\" decoding=\"async\" class=\"aligncenter wp-image-78729 size-full\" src=\"https:\/\/azurefilm.com\/wp-content\/uploads\/HU-Product-Page-P\u2026-4-scaled.png\" alt=\"\" width=\"2560\" height=\"962\" title=\"\" srcset=\"https:\/\/azurefilm.com\/wp-content\/uploads\/HU-Product-Page-P\u2026-4-scaled.png 2560w, https:\/\/azurefilm.com\/wp-content\/uploads\/HU-Product-Page-P\u2026-4-scaled-510x192.png 510w, https:\/\/azurefilm.com\/wp-content\/uploads\/HU-Product-Page-P\u2026-4-300x113.png 300w, https:\/\/azurefilm.com\/wp-content\/uploads\/HU-Product-Page-P\u2026-4-1024x385.png 1024w, https:\/\/azurefilm.com\/wp-content\/uploads\/HU-Product-Page-P\u2026-4-768x289.png 768w, https:\/\/azurefilm.com\/wp-content\/uploads\/HU-Product-Page-P\u2026-4-1536x577.png 1536w, https:\/\/azurefilm.com\/wp-content\/uploads\/HU-Product-Page-P\u2026-4-2048x769.png 2048w\" sizes=\"auto, (max-width: 2560px) 100vw, 2560px\" \/><\/p>\n<p><span style=\"font-weight: 400;\">Az AzureFilm Master Spool az <\/span><b>\u00fajrafelhaszn\u00e1lhat\u00f3 ors\u00f3nk, amely fenntarthat\u00f3 \u00e9s k\u00f6lts\u00e9ghat\u00e9kony megold\u00e1st <\/b><span style=\"font-weight: 400;\">k\u00edn\u00e1l a 3D nyomtat\u00e1shoz. Az ors\u00f3 <\/span><b>k\u00e9t \u00fajrafelhaszn\u00e1lhat\u00f3, fr\u00f6ccs\u00f6nt\u00f6tt t\u00e1rcs\u00e1b\u00f3l \u00e1ll <\/b><span style=\"font-weight: 400;\">. Ez biztos\u00edtja az ors\u00f3 nagyfok\u00fa tart\u00f3ss\u00e1g\u00e1t \u00e9s pontoss\u00e1g\u00e1t.<\/span><\/p>\n\t\t\t<\/div>\n\t\n<div class=\"video video-fit mb\" style=\"padding-top:56.25%;\"><p><iframe loading=\"lazy\" title=\"AzureFilm Master Spool assembly\" width=\"1020\" height=\"574\" src=\"https:\/\/www.youtube.com\/embed\/u2F_58YfvbM?feature=oembed\" frameborder=\"0\" allow=\"accelerometer; autoplay; clipboard-write; encrypted-media; gyroscope; picture-in-picture; web-share\" referrerpolicy=\"strict-origin-when-cross-origin\" allowfullscreen><\/iframe><\/p>\n<\/div>\n","protected":false},"excerpt":{"rendered":"<p><span style=\"font-weight: 400;\">Szerezd meg exkluz\u00edv, Ut\u00e1nt\u00f6lt\u0151 PETG Hyper Speed Orange 10-pack csomagunkat <\/span><b>2 INGYENES Master Spoollal <\/b><span style=\"font-weight: 400;\">\u2013 korl\u00e1tozott mennyis\u00e9gben, a legjobb \u00e1ron, <\/span><b>30 napos kock\u00e1zatmentes garanci\u00e1val<\/b><span style=\"font-weight: 400;\">!<\/span><\/p>\n<p><span style=\"font-weight: 400;\">Nyomtasson okosabban \u00e9s gyorsabban a tart\u00f3ss\u00e1g \u00e9s a min\u0151s\u00e9g fel\u00e1ldoz\u00e1sa n\u00e9lk\u00fcl \u2013 tapasztalja meg a PETG k\u00f6vetkez\u0151 szintj\u00e9t!<\/span><\/p>\n","protected":false},"featured_media":78855,"comment_status":"closed","ping_status":"closed","template":"","meta":{"_acf_changed":false},"product_brand":[],"product_cat":[2769,1686,1679,1688,2181,2182,2177],"product_tag":[1691,2212],"brand":[],"class_list":{"0":"post-78774","1":"product","2":"type-product","3":"status-publish","4":"has-post-thumbnail","6":"product_cat-petg-szuper-csomagok","7":"product_cat-3d-filmek","8":"product_cat-elado","9":"product_cat-minden-film","10":"product_cat-packs-hu","11":"product_cat-petg-eredeti","12":"product_cat-petg-szalak","13":"product_tag-high-speed","14":"product_tag-oko-hu","15":"pa_colour-orange","16":"pa_filament-diameter-1-75mm","17":"pa_filament-weight-10000g","18":"pa_filament-weight-1000g","20":"first","21":"instock","22":"sale","23":"featured","24":"taxable","25":"shipping-taxable","26":"purchasable","27":"product-type-simple"},"acf":[],"_links":{"self":[{"href":"https:\/\/azurefilm.com\/hu\/wp-json\/wp\/v2\/product\/78774","targetHints":{"allow":["GET"]}}],"collection":[{"href":"https:\/\/azurefilm.com\/hu\/wp-json\/wp\/v2\/product"}],"about":[{"href":"https:\/\/azurefilm.com\/hu\/wp-json\/wp\/v2\/types\/product"}],"replies":[{"embeddable":true,"href":"https:\/\/azurefilm.com\/hu\/wp-json\/wp\/v2\/comments?post=78774"}],"wp:featuredmedia":[{"embeddable":true,"href":"https:\/\/azurefilm.com\/hu\/wp-json\/wp\/v2\/media\/78855"}],"wp:attachment":[{"href":"https:\/\/azurefilm.com\/hu\/wp-json\/wp\/v2\/media?parent=78774"}],"wp:term":[{"taxonomy":"product_brand","embeddable":true,"href":"https:\/\/azurefilm.com\/hu\/wp-json\/wp\/v2\/product_brand?post=78774"},{"taxonomy":"product_cat","embeddable":true,"href":"https:\/\/azurefilm.com\/hu\/wp-json\/wp\/v2\/product_cat?post=78774"},{"taxonomy":"product_tag","embeddable":true,"href":"https:\/\/azurefilm.com\/hu\/wp-json\/wp\/v2\/product_tag?post=78774"},{"taxonomy":"brand","embeddable":true,"href":"https:\/\/azurefilm.com\/hu\/wp-json\/wp\/v2\/brand?post=78774"}],"curies":[{"name":"wp","href":"https:\/\/api.w.org\/{rel}","templated":true}]}}