
{"id":84361,"date":"2025-07-30T09:11:56","date_gmt":"2025-07-30T09:11:56","guid":{"rendered":"https:\/\/azurefilm.com\/?post_type=product&#038;p=84361"},"modified":"2025-07-30T09:11:58","modified_gmt":"2025-07-30T09:11:58","slug":"unicorn-k2-plus-gyorsan-cserelheto-fuvoka","status":"publish","type":"product","link":"https:\/\/azurefilm.com\/hu\/termek\/unicorn-k2-plus-gyorsan-cserelheto-fuvoka\/","title":{"rendered":"Unicorn K2 Plus gyorsan cser\u00e9lhet\u0151 f\u00fav\u00f3ka"},"content":{"rendered":"<p><span style=\"font-weight: 400;\">Optimaliz\u00e1lja 3D nyomtat\u00e1si munkafolyamat\u00e1t az Unicorn K2 Plus Quick-Swap f\u00fav\u00f3k\u00e1val, amelyet a gyors \u00e9s egyszer\u0171 f\u00fav\u00f3kacser\u00e9hez terveztek. A kifejezetten a K2 Plus 3D nyomtat\u00f3hoz tervezett prec\u00edzi\u00f3s megmunk\u00e1l\u00e1s\u00fa f\u00fav\u00f3k\u00e1k egyenletes extrud\u00e1l\u00e1st \u00e9s kiv\u00e1l\u00f3 min\u0151s\u00e9g\u0171 eredm\u00e9nyeket biztos\u00edtanak sz\u00e1mos alkalmaz\u00e1si ter\u00fcleten.<\/span><\/p>\n<p><span style=\"font-weight: 400;\">A szersz\u00e1m n\u00e9lk\u00fcli gyorscsere mechanizmusnak k\u00f6sz\u00f6nhet\u0151en m\u00e1sodpercek alatt v\u00e1lthat a f\u00fav\u00f3k\u00e1k k\u00f6z\u00f6tt \u2013 t\u00f6k\u00e9letes azoknak a felhaszn\u00e1l\u00f3knak, akiknek a r\u00e9szletorient\u00e1lt nyomtat\u00e1s \u00e9s a nagy sebess\u00e9g\u0171 protot\u00edpus-k\u00e9sz\u00edt\u00e9s k\u00f6z\u00f6tt kell v\u00e1ltaniuk.<\/span><\/p>\n<p><span style=\"font-weight: 400;\">El\u00e9rhet\u0151 m\u00e9retek:<\/span><\/p>\n<ul>\n<li style=\"font-weight: 400;\" aria-level=\"1\"><span style=\"font-weight: 400;\">0,2 mm \u2013 Ultrafinom r\u00e9szletekhez \u00e9s tiszta fel\u00fcletekhez<\/span><\/li>\n<li style=\"font-weight: 400;\" aria-level=\"1\"><span style=\"font-weight: 400;\">0,4 mm \u2013 Standard m\u00e9ret a megb\u00edzhat\u00f3, mindennapi nyomtat\u00e1shoz<\/span><\/li>\n<li style=\"font-weight: 400;\" aria-level=\"1\"><span style=\"font-weight: 400;\">0,6 mm \u2013 Gyorsabb nyomtat\u00e1shoz \u00e9s er\u0151sebb r\u00e9tegekhez<\/span><\/li>\n<li style=\"font-weight: 400;\" aria-level=\"1\"><span style=\"font-weight: 400;\">0,8 mm \u2013 Ide\u00e1lis nagy sebess\u00e9g\u0171, vastag r\u00e9teg\u0171 nyomtat\u00e1shoz<\/span><\/li>\n<\/ul>\n","protected":false},"excerpt":{"rendered":"<p><span style=\"font-weight: 400;\">K\u00f6nnyen friss\u00edtheti K2 Plus k\u00e9sz\u00fcl\u00e9k\u00e9t a gyorsan cser\u00e9lhet\u0151 f\u00fav\u00f3k\u00e1kkal a prec\u00edz \u00e9s probl\u00e9mamentes nyomtat\u00e1s \u00e9rdek\u00e9ben. 0,2 mm, 0,4 mm, 0,6 mm \u00e9s 0,8 mm m\u00e9retekben kaphat\u00f3.<\/span><\/p>\n","protected":false},"featured_media":84528,"comment_status":"closed","ping_status":"closed","template":"","meta":{"_acf_changed":false},"product_brand":[],"product_cat":[2221,2226,2224,2227],"product_tag":[],"brand":[2216],"class_list":{"0":"post-84361","1":"product","2":"type-product","3":"status-publish","4":"has-post-thumbnail","6":"product_cat-potalkatreszek","7":"product_cat-fuvoszarnyak","8":"product_cat-minden-potalkatresz","9":"product_cat-rendszeres-fuvokak","10":"pa_compatible-with-creality-fdm-3d-nyomtatok","11":"pa_fits-printer-creality-k2-plus-hu","12":"pa_nozzle-diameter-0-2mm-hu","13":"pa_nozzle-diameter-0-4mm-hu","14":"pa_nozzle-diameter-0-6mm-hu","15":"pa_nozzle-diameter-0-8mm-hu","16":"brand-creality-hu","18":"first","19":"instock","20":"taxable","21":"shipping-taxable","22":"purchasable","23":"product-type-variable"},"acf":[],"_links":{"self":[{"href":"https:\/\/azurefilm.com\/hu\/wp-json\/wp\/v2\/product\/84361","targetHints":{"allow":["GET"]}}],"collection":[{"href":"https:\/\/azurefilm.com\/hu\/wp-json\/wp\/v2\/product"}],"about":[{"href":"https:\/\/azurefilm.com\/hu\/wp-json\/wp\/v2\/types\/product"}],"replies":[{"embeddable":true,"href":"https:\/\/azurefilm.com\/hu\/wp-json\/wp\/v2\/comments?post=84361"}],"wp:featuredmedia":[{"embeddable":true,"href":"https:\/\/azurefilm.com\/hu\/wp-json\/wp\/v2\/media\/84528"}],"wp:attachment":[{"href":"https:\/\/azurefilm.com\/hu\/wp-json\/wp\/v2\/media?parent=84361"}],"wp:term":[{"taxonomy":"product_brand","embeddable":true,"href":"https:\/\/azurefilm.com\/hu\/wp-json\/wp\/v2\/product_brand?post=84361"},{"taxonomy":"product_cat","embeddable":true,"href":"https:\/\/azurefilm.com\/hu\/wp-json\/wp\/v2\/product_cat?post=84361"},{"taxonomy":"product_tag","embeddable":true,"href":"https:\/\/azurefilm.com\/hu\/wp-json\/wp\/v2\/product_tag?post=84361"},{"taxonomy":"brand","embeddable":true,"href":"https:\/\/azurefilm.com\/hu\/wp-json\/wp\/v2\/brand?post=84361"}],"curies":[{"name":"wp","href":"https:\/\/api.w.org\/{rel}","templated":true}]}}