
{"id":84379,"date":"2025-07-30T09:13:28","date_gmt":"2025-07-30T09:13:28","guid":{"rendered":"https:\/\/azurefilm.com\/?post_type=product&#038;p=84379"},"modified":"2025-07-30T09:13:30","modified_gmt":"2025-07-30T09:13:30","slug":"unicorn-k2-plus-gyorscserelheto-fuvokakeszlet","status":"publish","type":"product","link":"https:\/\/azurefilm.com\/hu\/termek\/unicorn-k2-plus-gyorscserelheto-fuvokakeszlet\/","title":{"rendered":"Unicorn K2 Plus gyorscser\u00e9lhet\u0151 f\u00fav\u00f3kak\u00e9szlet"},"content":{"rendered":"<p><span style=\"font-weight: 400;\">Az Unicorn K2 Plus Quick-Swap f\u00fav\u00f3kak\u00e9szlet egy eredeti Creality kieg\u00e9sz\u00edt\u0151, amelyet a K2 Plus 3D nyomtat\u00f3hoz terveztek. Ez a k\u00e9szlet n\u00e9gy k\u00fcl\u00f6nb\u00f6z\u0151 f\u00fav\u00f3kam\u00e9retet tartalmaz, hogy a nyomtat\u00e1si ig\u00e9nyek sz\u00e9les sk\u00e1l\u00e1j\u00e1t kiel\u00e9g\u00edtse \u2013 a nagy r\u00e9szletess\u00e9g\u0171 nyomtat\u00e1st\u00f3l a nagy sebess\u00e9g\u0171 nyomtat\u00e1sig.<\/span><\/p>\n<p><span style=\"font-weight: 400;\">Mell\u00e9kelt f\u00fav\u00f3ka m\u00e9retek:<\/span><\/p>\n<ul>\n<li style=\"font-weight: 400;\" aria-level=\"1\"><span style=\"font-weight: 400;\">0,2 mm<\/span><\/li>\n<li style=\"font-weight: 400;\" aria-level=\"1\"><span style=\"font-weight: 400;\">0,4 mm<\/span><\/li>\n<li style=\"font-weight: 400;\" aria-level=\"1\"><span style=\"font-weight: 400;\">0,6 mm<\/span><\/li>\n<li style=\"font-weight: 400;\" aria-level=\"1\"><span style=\"font-weight: 400;\">0,8 mm<\/span><\/li>\n<\/ul>\n<p><span style=\"font-weight: 400;\">F\u0151bb jellemz\u0151k:<\/span><\/p>\n<ul>\n<li style=\"font-weight: 400;\" aria-level=\"1\"><span style=\"font-weight: 400;\">Gyorscsere rendszer: a f\u00fav\u00f3kacser\u00e9hez nincs sz\u00fcks\u00e9g szersz\u00e1mra<\/span><\/li>\n<li style=\"font-weight: 400;\" aria-level=\"1\"><span style=\"font-weight: 400;\">Prec\u00edzi\u00f3san megmunk\u00e1lt s\u00e1rgar\u00e9z f\u00fav\u00f3k\u00e1k<\/span><\/li>\n<li style=\"font-weight: 400;\" aria-level=\"1\"><span style=\"font-weight: 400;\">Sz\u00e9lesk\u00f6r\u0171 Filament t\u00edpusokhoz alkalmas<\/span><\/li>\n<\/ul>\n","protected":false},"excerpt":{"rendered":"<p><span style=\"font-weight: 400;\">Komplett, gyorsan cser\u00e9lhet\u0151 f\u00fav\u00f3kak\u00e9szlet a Creality K2 Plushoz. 4 f\u00fav\u00f3kam\u00e9retet tartalmaz: 0,2 mm, 0,4 mm, 0,6 mm \u00e9s 0,8 mm.<\/span><\/p>\n","protected":false},"featured_media":84540,"comment_status":"closed","ping_status":"closed","template":"","meta":{"_acf_changed":false},"product_brand":[],"product_cat":[2221,2226,2224,2227],"product_tag":[],"brand":[],"class_list":{"0":"post-84379","1":"product","2":"type-product","3":"status-publish","4":"has-post-thumbnail","6":"product_cat-potalkatreszek","7":"product_cat-fuvoszarnyak","8":"product_cat-minden-potalkatresz","9":"product_cat-rendszeres-fuvokak","10":"pa_compatible-with-creality-fdm-3d-printers","11":"pa_fits-printer-creality-k2-plus","13":"first","14":"outofstock","15":"taxable","16":"shipping-taxable","17":"purchasable","18":"product-type-simple"},"acf":[],"_links":{"self":[{"href":"https:\/\/azurefilm.com\/hu\/wp-json\/wp\/v2\/product\/84379","targetHints":{"allow":["GET"]}}],"collection":[{"href":"https:\/\/azurefilm.com\/hu\/wp-json\/wp\/v2\/product"}],"about":[{"href":"https:\/\/azurefilm.com\/hu\/wp-json\/wp\/v2\/types\/product"}],"replies":[{"embeddable":true,"href":"https:\/\/azurefilm.com\/hu\/wp-json\/wp\/v2\/comments?post=84379"}],"wp:featuredmedia":[{"embeddable":true,"href":"https:\/\/azurefilm.com\/hu\/wp-json\/wp\/v2\/media\/84540"}],"wp:attachment":[{"href":"https:\/\/azurefilm.com\/hu\/wp-json\/wp\/v2\/media?parent=84379"}],"wp:term":[{"taxonomy":"product_brand","embeddable":true,"href":"https:\/\/azurefilm.com\/hu\/wp-json\/wp\/v2\/product_brand?post=84379"},{"taxonomy":"product_cat","embeddable":true,"href":"https:\/\/azurefilm.com\/hu\/wp-json\/wp\/v2\/product_cat?post=84379"},{"taxonomy":"product_tag","embeddable":true,"href":"https:\/\/azurefilm.com\/hu\/wp-json\/wp\/v2\/product_tag?post=84379"},{"taxonomy":"brand","embeddable":true,"href":"https:\/\/azurefilm.com\/hu\/wp-json\/wp\/v2\/brand?post=84379"}],"curies":[{"name":"wp","href":"https:\/\/api.w.org\/{rel}","templated":true}]}}