
{"id":84385,"date":"2025-07-30T09:15:41","date_gmt":"2025-07-30T09:15:41","guid":{"rendered":"https:\/\/azurefilm.com\/?post_type=product&#038;p=84385"},"modified":"2025-07-30T09:15:43","modified_gmt":"2025-07-30T09:15:43","slug":"k2-plus-keramia-futoblokk-keszlet","status":"publish","type":"product","link":"https:\/\/azurefilm.com\/hu\/termek\/k2-plus-keramia-futoblokk-keszlet\/","title":{"rendered":"K2 Plus ker\u00e1mia f\u0171t\u0151blokk k\u00e9szlet"},"content":{"rendered":"<p><span style=\"font-weight: 400;\">A K2 Plus ker\u00e1mia f\u0171t\u0151blokk k\u00e9szlet eredeti cserealkatr\u00e9sz a K2 Plus 3D nyomtat\u00f3hoz, amelyet a gyors \u00e9s stabil meleg\u00edt\u00e9s biztos\u00edt\u00e1s\u00e1ra terveztek nyomtat\u00e1s k\u00f6zben.<\/span><\/p>\n<p><span style=\"font-weight: 400;\">A k\u00e9szlet tartalma:<\/span><\/p>\n<ul>\n<li style=\"font-weight: 400;\" aria-level=\"1\"><span style=\"font-weight: 400;\">Ker\u00e1mia f\u0171t\u0151blokk<\/span><\/li>\n<li style=\"font-weight: 400;\" aria-level=\"1\"><span style=\"font-weight: 400;\">Termisztor<\/span><\/li>\n<li style=\"font-weight: 400;\" aria-level=\"1\"><span style=\"font-weight: 400;\">F\u0171t\u0151elem (ker\u00e1mia mag)<\/span><\/li>\n<li style=\"font-weight: 400;\" aria-level=\"1\"><span style=\"font-weight: 400;\">El\u0151re szerelt vezet\u00e9kek \u00e9s csatlakoz\u00f3k<\/span><\/li>\n<\/ul>\n<p><span style=\"font-weight: 400;\">Specifik\u00e1ci\u00f3k:<\/span><\/p>\n<ul>\n<li style=\"font-weight: 400;\" aria-level=\"1\"><span style=\"font-weight: 400;\">Fesz\u00fclts\u00e9g: 24V<\/span><span style=\"font-weight: 400;\"><br \/>\n<\/span><\/li>\n<li style=\"font-weight: 400;\" aria-level=\"1\"><span style=\"font-weight: 400;\">Max. h\u0151m\u00e9rs\u00e9klet: ak\u00e1r 300\u00b0C<\/span><\/li>\n<li style=\"font-weight: 400;\" aria-level=\"1\"><span style=\"font-weight: 400;\">El\u0151re \u00f6sszeszerelt a gyors telep\u00edt\u00e9s \u00e9rdek\u00e9ben<\/span><\/li>\n<\/ul>\n","protected":false},"excerpt":{"rendered":"<p><span style=\"font-weight: 400;\">Eredeti ker\u00e1mia f\u0171t\u0151blokk k\u00e9szlet a Creality K2 Plus-hoz. Tartalmazza a f\u0171t\u0151blokkot, a ker\u00e1mia magot, a termisztort \u00e9s a k\u00e1belez\u00e9st.<\/span><\/p>\n","protected":false},"featured_media":84850,"comment_status":"closed","ping_status":"closed","template":"","meta":{"_acf_changed":false},"product_brand":[],"product_cat":[2221,2376,2224],"product_tag":[],"brand":[],"class_list":{"0":"post-84385","1":"product","2":"type-product","3":"status-publish","4":"has-post-thumbnail","6":"product_cat-potalkatreszek","7":"product_cat-hotelekek","8":"product_cat-minden-potalkatresz","9":"pa_compatible-with-creality-fdm-3d-printers","10":"pa_fits-printer-creality-k2-plus","12":"first","13":"outofstock","14":"taxable","15":"shipping-taxable","16":"purchasable","17":"product-type-simple"},"acf":[],"_links":{"self":[{"href":"https:\/\/azurefilm.com\/hu\/wp-json\/wp\/v2\/product\/84385","targetHints":{"allow":["GET"]}}],"collection":[{"href":"https:\/\/azurefilm.com\/hu\/wp-json\/wp\/v2\/product"}],"about":[{"href":"https:\/\/azurefilm.com\/hu\/wp-json\/wp\/v2\/types\/product"}],"replies":[{"embeddable":true,"href":"https:\/\/azurefilm.com\/hu\/wp-json\/wp\/v2\/comments?post=84385"}],"wp:featuredmedia":[{"embeddable":true,"href":"https:\/\/azurefilm.com\/hu\/wp-json\/wp\/v2\/media\/84850"}],"wp:attachment":[{"href":"https:\/\/azurefilm.com\/hu\/wp-json\/wp\/v2\/media?parent=84385"}],"wp:term":[{"taxonomy":"product_brand","embeddable":true,"href":"https:\/\/azurefilm.com\/hu\/wp-json\/wp\/v2\/product_brand?post=84385"},{"taxonomy":"product_cat","embeddable":true,"href":"https:\/\/azurefilm.com\/hu\/wp-json\/wp\/v2\/product_cat?post=84385"},{"taxonomy":"product_tag","embeddable":true,"href":"https:\/\/azurefilm.com\/hu\/wp-json\/wp\/v2\/product_tag?post=84385"},{"taxonomy":"brand","embeddable":true,"href":"https:\/\/azurefilm.com\/hu\/wp-json\/wp\/v2\/brand?post=84385"}],"curies":[{"name":"wp","href":"https:\/\/api.w.org\/{rel}","templated":true}]}}