
{"id":84391,"date":"2025-07-30T09:16:59","date_gmt":"2025-07-30T09:16:59","guid":{"rendered":"https:\/\/azurefilm.com\/?post_type=product&#038;p=84391"},"modified":"2025-07-30T09:17:01","modified_gmt":"2025-07-30T09:17:01","slug":"k2-plus-extruder-keszlet","status":"publish","type":"product","link":"https:\/\/azurefilm.com\/hu\/termek\/k2-plus-extruder-keszlet\/","title":{"rendered":"K2 Plus extruder k\u00e9szlet"},"content":{"rendered":"<p><span style=\"font-weight: 400;\">A K2 Plus Extruder Kit egy prec\u00edzi\u00f3san megtervezett fejleszt\u00e9s, amelyet kifejezetten a Creality K2 Plus 3D nyomtat\u00f3hoz terveztek. Ez az extruder k\u00e9szlet egy massz\u00edv \u00e9s megb\u00edzhat\u00f3 mechanizmussal rendelkezik, amely biztos\u00edtja a filament sima \u00e9s egyenletes adagol\u00e1s\u00e1t, minimaliz\u00e1lva a nyomtat\u00e1si probl\u00e9m\u00e1kat, p\u00e9ld\u00e1ul az elt\u00f6m\u0151d\u00e9st, a cs\u00fasz\u00e1st vagy az egyenetlen extrud\u00e1l\u00e1st.<\/span><\/p>\n<p><span style=\"font-weight: 400;\">F\u0151bb jellemz\u0151k:<\/span><\/p>\n<ul>\n<li style=\"font-weight: 400;\" aria-level=\"1\"><span style=\"font-weight: 400;\">Tov\u00e1bbfejlesztett filamentadagol\u00f3 mechanizmus a sima extrud\u00e1l\u00e1shoz<\/span><\/li>\n<li style=\"font-weight: 400;\" aria-level=\"1\"><span style=\"font-weight: 400;\">Tart\u00f3s konstrukci\u00f3 a hossz\u00fa t\u00e1v\u00fa teljes\u00edtm\u00e9ny\u00e9rt<\/span><\/li>\n<li style=\"font-weight: 400;\" aria-level=\"1\"><span style=\"font-weight: 400;\">K\u00f6nny\u0171 telep\u00edt\u00e9s l\u00e9p\u00e9sr\u0151l l\u00e9p\u00e9sre \u00fatmutat\u00f3val<\/span><\/li>\n<li style=\"font-weight: 400;\" aria-level=\"1\"><span style=\"font-weight: 400;\">Kifejezetten a Creality K2 Plus-hoz tervezve<\/span><\/li>\n<li style=\"font-weight: 400;\" aria-level=\"1\"><span style=\"font-weight: 400;\">Kompatibilis PLA, ABS, TPU \u00e9s m\u00e1s elterjedt filamentekkel<\/span><\/li>\n<\/ul>\n","protected":false},"excerpt":{"rendered":"<p><span style=\"font-weight: 400;\">Friss\u00edtse Creality K2 Plus 3D nyomtat\u00f3j\u00e1t a K2 Plus Extruder Kittel a jobb Filamentadagol\u00e1s, a jobb nyomtat\u00e1si min\u0151s\u00e9g \u00e9s a megb\u00edzhat\u00f3 extrud\u00e1l\u00e1si teljes\u00edtm\u00e9ny \u00e9rdek\u00e9ben.<\/span><\/p>\n","protected":false},"featured_media":84577,"comment_status":"closed","ping_status":"closed","template":"","meta":{"_acf_changed":false},"product_brand":[],"product_cat":[2221,2223,2232,2247,2222,2224],"product_tag":[],"brand":[],"class_list":{"0":"post-84391","1":"product","2":"type-product","3":"status-publish","4":"has-post-thumbnail","6":"product_cat-potalkatreszek","7":"product_cat-extruder-hu","8":"product_cat-extruder-alkatreszek","9":"product_cat-extruder-frissitesek","10":"product_cat-extruders-hu","11":"product_cat-minden-potalkatresz","12":"pa_compatible-with-creality-fdm-3d-printers","13":"pa_fits-printer-creality-k2-plus","15":"first","16":"outofstock","17":"taxable","18":"shipping-taxable","19":"purchasable","20":"product-type-simple"},"acf":[],"_links":{"self":[{"href":"https:\/\/azurefilm.com\/hu\/wp-json\/wp\/v2\/product\/84391","targetHints":{"allow":["GET"]}}],"collection":[{"href":"https:\/\/azurefilm.com\/hu\/wp-json\/wp\/v2\/product"}],"about":[{"href":"https:\/\/azurefilm.com\/hu\/wp-json\/wp\/v2\/types\/product"}],"replies":[{"embeddable":true,"href":"https:\/\/azurefilm.com\/hu\/wp-json\/wp\/v2\/comments?post=84391"}],"wp:featuredmedia":[{"embeddable":true,"href":"https:\/\/azurefilm.com\/hu\/wp-json\/wp\/v2\/media\/84577"}],"wp:attachment":[{"href":"https:\/\/azurefilm.com\/hu\/wp-json\/wp\/v2\/media?parent=84391"}],"wp:term":[{"taxonomy":"product_brand","embeddable":true,"href":"https:\/\/azurefilm.com\/hu\/wp-json\/wp\/v2\/product_brand?post=84391"},{"taxonomy":"product_cat","embeddable":true,"href":"https:\/\/azurefilm.com\/hu\/wp-json\/wp\/v2\/product_cat?post=84391"},{"taxonomy":"product_tag","embeddable":true,"href":"https:\/\/azurefilm.com\/hu\/wp-json\/wp\/v2\/product_tag?post=84391"},{"taxonomy":"brand","embeddable":true,"href":"https:\/\/azurefilm.com\/hu\/wp-json\/wp\/v2\/brand?post=84391"}],"curies":[{"name":"wp","href":"https:\/\/api.w.org\/{rel}","templated":true}]}}