
{"id":84397,"date":"2025-07-30T09:19:30","date_gmt":"2025-07-30T09:19:30","guid":{"rendered":"https:\/\/azurefilm.com\/?post_type=product&#038;p=84397"},"modified":"2025-07-30T09:19:32","modified_gmt":"2025-07-30T09:19:32","slug":"k2-plus-hoszigetelo-ventilator","status":"publish","type":"product","link":"https:\/\/azurefilm.com\/hu\/termek\/k2-plus-hoszigetelo-ventilator\/","title":{"rendered":"K2 Plus h\u0151szigetel\u0151 ventil\u00e1tor"},"content":{"rendered":"<p><span style=\"font-weight: 400;\">A <\/span><b>K2 Plus h\u0151t\u00f6r\u0151 ventil\u00e1tor <\/b><span style=\"font-weight: 400;\">egy l\u00e9tfontoss\u00e1g\u00fa h\u0171t\u00e9si fejleszt\u00e9s, amelyet a Creality K2 Plus 3D nyomtat\u00f3 h\u0151kezel\u00e9s\u00e9nek optimaliz\u00e1l\u00e1s\u00e1ra terveztek. Ez a nagy teljes\u00edtm\u00e9ny\u0171 ventil\u00e1tor hat\u00e9konyan h\u0171ti a hotend h\u0151t\u00f6r\u0151 r\u00e9sz\u00e9t, megakad\u00e1lyozva a h\u0151 k\u00fasz\u00e1s\u00e1t \u00e9s biztos\u00edtva a stabil extrud\u00e1l\u00e1st nyomtat\u00e1s k\u00f6zben.<\/span><\/p>\n<p><span style=\"font-weight: 400;\">A h\u0151lead\u00e1sn\u00e1l az ide\u00e1lis h\u0151m\u00e9rs\u00e9klet fenntart\u00e1s\u00e1val a ventil\u00e1tor cs\u00f6kkenti a filament elakad\u00e1s\u00e1nak kock\u00e1zat\u00e1t \u00e9s jav\u00edtja a nyomtat\u00e1s \u00e1ltal\u00e1nos megb\u00edzhat\u00f3s\u00e1g\u00e1t, k\u00fcl\u00f6n\u00f6sen h\u0151m\u00e9rs\u00e9klet-\u00e9rz\u00e9keny anyagok, p\u00e9ld\u00e1ul PLA, TPU vagy rugalmas filamentek haszn\u00e1lata eset\u00e9n. Kompakt kialak\u00edt\u00e1sa z\u00f6kken\u0151mentesen illeszkedik a K2 Plus rendszerbe, lehet\u0151v\u00e9 t\u00e9ve a k\u00f6nny\u0171 cser\u00e9t vagy friss\u00edt\u00e9st bonyolult be\u00e1ll\u00edt\u00e1sok n\u00e9lk\u00fcl.<\/span><\/p>\n<p><span style=\"font-weight: 400;\">F\u0151bb jellemz\u0151k:<\/span><\/p>\n<ul>\n<li style=\"font-weight: 400;\" aria-level=\"1\"><span style=\"font-weight: 400;\">Hat\u00e9kony h\u0171t\u00e9s a h\u0151t\u00f6r\u00e9s \u00e9s a hotend stabilit\u00e1sa \u00e9rdek\u00e9ben<\/span><\/li>\n<li style=\"font-weight: 400;\" aria-level=\"1\"><span style=\"font-weight: 400;\">Cs\u00f6kkenti a h\u0151k\u00fasz\u00e1s okozta Filament-elakad\u00e1st<\/span><\/li>\n<li style=\"font-weight: 400;\" aria-level=\"1\"><span style=\"font-weight: 400;\">Kiz\u00e1r\u00f3lag a Creality K2 Plus-hoz tervezve<\/span><\/li>\n<li style=\"font-weight: 400;\" aria-level=\"1\"><span style=\"font-weight: 400;\">K\u00f6nny\u0171 telep\u00edt\u00e9s plug-and-play kialak\u00edt\u00e1ssal<\/span><\/li>\n<li style=\"font-weight: 400;\" aria-level=\"1\"><span style=\"font-weight: 400;\">Sz\u00e9lesk\u00f6r\u0171 Filamentt\u00edpus-v\u00e1laszt\u00e9kkal t\u00e1mogatja a nyomtat\u00e1st<\/span><\/li>\n<\/ul>\n","protected":false},"excerpt":{"rendered":"<p><span style=\"font-weight: 400;\">Jav\u00edtsa Creality K2 Plus 3D nyomtat\u00f3ja h\u0171t\u00e9si hat\u00e9konys\u00e1g\u00e1t a K2 Plus h\u0151elvezet\u0151 ventil\u00e1torral a jobb h\u0151elvezet\u00e9s \u00e9s a fokozott nyomtat\u00e1si min\u0151s\u00e9g \u00e9rdek\u00e9ben.<\/span><\/p>\n","protected":false},"featured_media":84583,"comment_status":"closed","ping_status":"closed","template":"","meta":{"_acf_changed":false},"product_brand":[],"product_cat":[2221,2229,2224],"product_tag":[],"brand":[],"class_list":{"0":"post-84397","1":"product","2":"type-product","3":"status-publish","4":"has-post-thumbnail","6":"product_cat-potalkatreszek","7":"product_cat-fans-hu","8":"product_cat-minden-potalkatresz","9":"pa_compatible-with-creality-fdm-3d-printers","10":"pa_fits-printer-creality-k2-plus","12":"first","13":"instock","14":"taxable","15":"shipping-taxable","16":"purchasable","17":"product-type-simple"},"acf":[],"_links":{"self":[{"href":"https:\/\/azurefilm.com\/hu\/wp-json\/wp\/v2\/product\/84397","targetHints":{"allow":["GET"]}}],"collection":[{"href":"https:\/\/azurefilm.com\/hu\/wp-json\/wp\/v2\/product"}],"about":[{"href":"https:\/\/azurefilm.com\/hu\/wp-json\/wp\/v2\/types\/product"}],"replies":[{"embeddable":true,"href":"https:\/\/azurefilm.com\/hu\/wp-json\/wp\/v2\/comments?post=84397"}],"wp:featuredmedia":[{"embeddable":true,"href":"https:\/\/azurefilm.com\/hu\/wp-json\/wp\/v2\/media\/84583"}],"wp:attachment":[{"href":"https:\/\/azurefilm.com\/hu\/wp-json\/wp\/v2\/media?parent=84397"}],"wp:term":[{"taxonomy":"product_brand","embeddable":true,"href":"https:\/\/azurefilm.com\/hu\/wp-json\/wp\/v2\/product_brand?post=84397"},{"taxonomy":"product_cat","embeddable":true,"href":"https:\/\/azurefilm.com\/hu\/wp-json\/wp\/v2\/product_cat?post=84397"},{"taxonomy":"product_tag","embeddable":true,"href":"https:\/\/azurefilm.com\/hu\/wp-json\/wp\/v2\/product_tag?post=84397"},{"taxonomy":"brand","embeddable":true,"href":"https:\/\/azurefilm.com\/hu\/wp-json\/wp\/v2\/brand?post=84397"}],"curies":[{"name":"wp","href":"https:\/\/api.w.org\/{rel}","templated":true}]}}