
{"id":84437,"date":"2025-07-30T09:21:08","date_gmt":"2025-07-30T09:21:08","guid":{"rendered":"https:\/\/azurefilm.com\/?post_type=product&#038;p=84437"},"modified":"2025-07-30T09:21:10","modified_gmt":"2025-07-30T09:21:10","slug":"k2-plus-axialtechnologias-ventilatorkeszlet","status":"publish","type":"product","link":"https:\/\/azurefilm.com\/hu\/termek\/k2-plus-axialtechnologias-ventilatorkeszlet\/","title":{"rendered":"K2 Plus axi\u00e1ltechnol\u00f3gi\u00e1s ventil\u00e1tork\u00e9szlet"},"content":{"rendered":"<p><span style=\"font-weight: 400;\">A K2 Plus Axial-tech ventil\u00e1tork\u00e9szlet kifejezetten a Creality K2 Plus 3D nyomtat\u00f3hoz tervezett, nagy teljes\u00edtm\u00e9ny\u0171 \u00e9s hat\u00e9kony h\u0171t\u00e9st biztos\u00edt. Ez a k\u00e9szlet jav\u00edtja a l\u00e9g\u00e1raml\u00e1st a hotend k\u00f6r\u00fcl, seg\u00edtve az optim\u00e1lis h\u0151m\u00e9rs\u00e9klet fenntart\u00e1s\u00e1t \u00e9s a t\u00falmeleged\u00e9s megakad\u00e1lyoz\u00e1s\u00e1t nyomtat\u00e1s k\u00f6zben. Kompakt kialak\u00edt\u00e1sa t\u00f6k\u00e9letesen illeszkedik a K2 Plushoz, biztos\u00edtva a k\u00f6nny\u0171 telep\u00edt\u00e9st \u00e9s a megb\u00edzhat\u00f3 teljes\u00edtm\u00e9nyt. Ide\u00e1lis azoknak a felhaszn\u00e1l\u00f3knak, akik jobb nyomtat\u00e1si min\u0151s\u00e9get \u00e9s konzisztens extrud\u00e1l\u00e1st szeretn\u00e9nek a k\u00fcl\u00f6nb\u00f6z\u0151 Filamentt\u00edpusokkal.<\/span><\/p>\n<p><span style=\"font-weight: 400;\">F\u0151bb jellemz\u0151k:<\/span><\/p>\n<ul>\n<li style=\"font-weight: 400;\" aria-level=\"1\"><span style=\"font-weight: 400;\">Fokozott h\u0171t\u00e9s a stabil nyomtat\u00e1s\u00e9rt<\/span><\/li>\n<li style=\"font-weight: 400;\" aria-level=\"1\"><span style=\"font-weight: 400;\">Kompakt, k\u00f6nnyen telep\u00edthet\u0151 kialak\u00edt\u00e1s<\/span><\/li>\n<li style=\"font-weight: 400;\" aria-level=\"1\"><span style=\"font-weight: 400;\">Creality K2 Plus-hoz tervezve<\/span><\/li>\n<li style=\"font-weight: 400;\" aria-level=\"1\"><span style=\"font-weight: 400;\">T\u00f6bbf\u00e9le filament anyagot t\u00e1mogat<\/span><\/li>\n<\/ul>\n","protected":false},"excerpt":{"rendered":"<p><span style=\"font-weight: 400;\">Friss\u00edtse Creality K2 Plus nyomtat\u00f3j\u00e1t az Axial-tech ventil\u00e1tork\u00e9szlettel a jobb h\u0171t\u00e9s \u00e9s a jobb nyomtat\u00e1si min\u0151s\u00e9g \u00e9rdek\u00e9ben.<\/span><\/p>\n","protected":false},"featured_media":84619,"comment_status":"closed","ping_status":"closed","template":"","meta":{"_acf_changed":false},"product_brand":[],"product_cat":[2221,2229,2224],"product_tag":[],"brand":[],"class_list":{"0":"post-84437","1":"product","2":"type-product","3":"status-publish","4":"has-post-thumbnail","6":"product_cat-potalkatreszek","7":"product_cat-fans-hu","8":"product_cat-minden-potalkatresz","9":"pa_compatible-with-creality-fdm-3d-printers","10":"pa_fits-printer-creality-k2-plus","12":"first","13":"instock","14":"taxable","15":"shipping-taxable","16":"purchasable","17":"product-type-simple"},"acf":[],"_links":{"self":[{"href":"https:\/\/azurefilm.com\/hu\/wp-json\/wp\/v2\/product\/84437","targetHints":{"allow":["GET"]}}],"collection":[{"href":"https:\/\/azurefilm.com\/hu\/wp-json\/wp\/v2\/product"}],"about":[{"href":"https:\/\/azurefilm.com\/hu\/wp-json\/wp\/v2\/types\/product"}],"replies":[{"embeddable":true,"href":"https:\/\/azurefilm.com\/hu\/wp-json\/wp\/v2\/comments?post=84437"}],"wp:featuredmedia":[{"embeddable":true,"href":"https:\/\/azurefilm.com\/hu\/wp-json\/wp\/v2\/media\/84619"}],"wp:attachment":[{"href":"https:\/\/azurefilm.com\/hu\/wp-json\/wp\/v2\/media?parent=84437"}],"wp:term":[{"taxonomy":"product_brand","embeddable":true,"href":"https:\/\/azurefilm.com\/hu\/wp-json\/wp\/v2\/product_brand?post=84437"},{"taxonomy":"product_cat","embeddable":true,"href":"https:\/\/azurefilm.com\/hu\/wp-json\/wp\/v2\/product_cat?post=84437"},{"taxonomy":"product_tag","embeddable":true,"href":"https:\/\/azurefilm.com\/hu\/wp-json\/wp\/v2\/product_tag?post=84437"},{"taxonomy":"brand","embeddable":true,"href":"https:\/\/azurefilm.com\/hu\/wp-json\/wp\/v2\/brand?post=84437"}],"curies":[{"name":"wp","href":"https:\/\/api.w.org\/{rel}","templated":true}]}}