
{"id":84443,"date":"2025-07-30T09:23:02","date_gmt":"2025-07-30T09:23:02","guid":{"rendered":"https:\/\/azurefilm.com\/?post_type=product&#038;p=84443"},"modified":"2025-07-30T09:23:03","modified_gmt":"2025-07-30T09:23:03","slug":"k2-plus-pei-matt-epitolap","status":"publish","type":"product","link":"https:\/\/azurefilm.com\/hu\/termek\/k2-plus-pei-matt-epitolap\/","title":{"rendered":"K2 Plus PEI matt \u00e9p\u00edt\u0151lap"},"content":{"rendered":"<p><span style=\"font-weight: 400;\">A K2 Plus PEI matt \u00e9p\u00edt\u0151lap megb\u00edzhat\u00f3 nyomtat\u00e1si fel\u00fcletet k\u00edn\u00e1l, amelyet a Creality K2 Plus sz\u00e1m\u00e1ra terveztek. PEI bevonata kiv\u00e1l\u00f3 tapad\u00e1st biztos\u00edt a Filamentek sz\u00e9les sk\u00e1l\u00e1j\u00e1hoz, \u00edgy a nyomatok szil\u00e1rdan tapadnak nyomtat\u00e1s k\u00f6zben, \u00e9s leh\u0171l\u00e9s ut\u00e1n k\u00f6nnyen elt\u00e1vol\u00edthat\u00f3k. A matt text\u00fara jav\u00edtja az els\u0151 r\u00e9teg tapad\u00e1s\u00e1t \u00e9s cs\u00f6kkenti a vetemed\u00e9st, \u00edgy sim\u00e1bb \u00e9s k\u00f6vetkezetesebb eredm\u00e9nyeket biztos\u00edt. Tart\u00f3s \u00e9s k\u00f6nnyen tiszt\u00edthat\u00f3, ez a \u00e9p\u00edt\u0151lap egy egyszer\u0171 fejleszt\u00e9s, amely minim\u00e1lis er\u0151fesz\u00edt\u00e9ssel fokozza a nyomtat\u00e1si \u00e9lm\u00e9nyt.<\/span><\/p>\n<p><span style=\"font-weight: 400;\">F\u0151bb jellemz\u0151k:<\/span><\/p>\n<ul>\n<li style=\"font-weight: 400;\" aria-level=\"1\"><span style=\"font-weight: 400;\">Er\u0151s tapad\u00e1s PEI matt fel\u00fclettel<\/span><\/li>\n<li style=\"font-weight: 400;\" aria-level=\"1\"><span style=\"font-weight: 400;\">K\u00f6nny\u0171 nyomat elt\u00e1vol\u00edt\u00e1s leh\u0171l\u00e9s ut\u00e1n<\/span><\/li>\n<li style=\"font-weight: 400;\" aria-level=\"1\"><span style=\"font-weight: 400;\">Kompatibilis a Creality K2 Plus-szal<\/span><\/li>\n<li style=\"font-weight: 400;\" aria-level=\"1\"><span style=\"font-weight: 400;\">T\u00e1mogatja a PLA, ABS, PETG, TPU \u00e9s egyebeket<\/span><\/li>\n<li style=\"font-weight: 400;\" aria-level=\"1\"><span style=\"font-weight: 400;\">Tart\u00f3s \u00e9s k\u00f6nnyen karbantarthat\u00f3<\/span><\/li>\n<\/ul>\n","protected":false},"excerpt":{"rendered":"<p><span style=\"font-weight: 400;\">V\u00e1s\u00e1rolja meg a K2 Plus PEI matt \u00e9p\u00edt\u0151lemezt a kiv\u00e1l\u00f3 tapad\u00e1s \u00e9s a k\u00f6nny\u0171 nyomatlev\u00e9tel \u00e9rdek\u00e9ben.<\/span><\/p>\n","protected":false},"featured_media":84667,"comment_status":"closed","ping_status":"closed","template":"","meta":{"_acf_changed":false},"product_brand":[],"product_cat":[2221,2280,2224,2281],"product_tag":[],"brand":[],"class_list":{"0":"post-84443","1":"product","2":"type-product","3":"status-publish","4":"has-post-thumbnail","6":"product_cat-potalkatreszek","7":"product_cat-epitesi-feluletek","8":"product_cat-minden-potalkatresz","9":"product_cat-pei-lemezek","10":"pa_compatible-with-creality-fdm-3d-printers","11":"pa_fits-printer-creality-k2-plus","13":"first","14":"outofstock","15":"taxable","16":"shipping-taxable","17":"purchasable","18":"product-type-simple"},"acf":[],"_links":{"self":[{"href":"https:\/\/azurefilm.com\/hu\/wp-json\/wp\/v2\/product\/84443","targetHints":{"allow":["GET"]}}],"collection":[{"href":"https:\/\/azurefilm.com\/hu\/wp-json\/wp\/v2\/product"}],"about":[{"href":"https:\/\/azurefilm.com\/hu\/wp-json\/wp\/v2\/types\/product"}],"replies":[{"embeddable":true,"href":"https:\/\/azurefilm.com\/hu\/wp-json\/wp\/v2\/comments?post=84443"}],"wp:featuredmedia":[{"embeddable":true,"href":"https:\/\/azurefilm.com\/hu\/wp-json\/wp\/v2\/media\/84667"}],"wp:attachment":[{"href":"https:\/\/azurefilm.com\/hu\/wp-json\/wp\/v2\/media?parent=84443"}],"wp:term":[{"taxonomy":"product_brand","embeddable":true,"href":"https:\/\/azurefilm.com\/hu\/wp-json\/wp\/v2\/product_brand?post=84443"},{"taxonomy":"product_cat","embeddable":true,"href":"https:\/\/azurefilm.com\/hu\/wp-json\/wp\/v2\/product_cat?post=84443"},{"taxonomy":"product_tag","embeddable":true,"href":"https:\/\/azurefilm.com\/hu\/wp-json\/wp\/v2\/product_tag?post=84443"},{"taxonomy":"brand","embeddable":true,"href":"https:\/\/azurefilm.com\/hu\/wp-json\/wp\/v2\/brand?post=84443"}],"curies":[{"name":"wp","href":"https:\/\/api.w.org\/{rel}","templated":true}]}}