
{"id":84449,"date":"2025-07-30T09:24:47","date_gmt":"2025-07-30T09:24:47","guid":{"rendered":"https:\/\/azurefilm.com\/?post_type=product&#038;p=84449"},"modified":"2025-07-30T09:24:49","modified_gmt":"2025-07-30T09:24:49","slug":"k2-plus-epoxigyanta-epitolap","status":"publish","type":"product","link":"https:\/\/azurefilm.com\/hu\/termek\/k2-plus-epoxigyanta-epitolap\/","title":{"rendered":"K2 Plus epoxigyanta \u00e9p\u00edt\u0151lap"},"content":{"rendered":"<p><span style=\"font-weight: 400;\">A K2 Plus epoxigyanta \u00e9p\u00edt\u0151lap a Creality K2 Plus nyomtat\u00f3n fokozott nyomtat\u00e1si teljes\u00edtm\u00e9nyre lett tervezve. A kiv\u00e1l\u00f3 min\u0151s\u00e9g\u0171 epoxigyanta bevonattal ell\u00e1tott \u00e9p\u00edt\u0151lap kiv\u00e1l\u00f3 tapad\u00e1st biztos\u00edt a k\u00fcl\u00f6nf\u00e9le Filamentekhez, mik\u00f6zben biztos\u00edtja a k\u00e9sz nyomatok k\u00f6nny\u0171 elt\u00e1vol\u00edt\u00e1s\u00e1t. Tart\u00f3s fel\u00fclete ellen\u00e1ll a karcol\u00e1soknak \u00e9s a kop\u00e1snak, stabil \u00e9s megb\u00edzhat\u00f3 nyomtat\u00e1si alapot biztos\u00edtva az \u00e1lland\u00f3 eredm\u00e9nyek \u00e9rdek\u00e9ben. T\u00f6k\u00e9letes azoknak a felhaszn\u00e1l\u00f3knak, akik robusztus \u00e9s tart\u00f3s fejleszt\u00e9st keresnek a nyomtat\u00e1si min\u0151s\u00e9g \u00e9s az \u00e1gy tapad\u00e1s\u00e1nak jav\u00edt\u00e1sa \u00e9rdek\u00e9ben.<\/span><\/p>\n<p><span style=\"font-weight: 400;\">F\u0151bb jellemz\u0151k:<\/span><\/p>\n<ul>\n<li style=\"font-weight: 400;\" aria-level=\"1\"><span style=\"font-weight: 400;\">Tart\u00f3s epoxigyanta fel\u00fclet az er\u0151s tapad\u00e1s\u00e9rt<\/span><\/li>\n<li style=\"font-weight: 400;\" aria-level=\"1\"><span style=\"font-weight: 400;\">K\u00f6nny\u0171 nyomat elt\u00e1vol\u00edt\u00e1s s\u00e9r\u00fcl\u00e9s n\u00e9lk\u00fcl<\/span><\/li>\n<li style=\"font-weight: 400;\" aria-level=\"1\"><span style=\"font-weight: 400;\">Kompatibilis a Creality K2 Plus-szal<\/span><\/li>\n<li style=\"font-weight: 400;\" aria-level=\"1\"><span style=\"font-weight: 400;\">T\u00f6bbf\u00e9le filamentt\u00edpust t\u00e1mogat, bele\u00e9rtve a PLA-t, ABS-t \u00e9s PETG-t<\/span><\/li>\n<li style=\"font-weight: 400;\" aria-level=\"1\"><span style=\"font-weight: 400;\">Karc\u00e1ll\u00f3 \u00e9s tart\u00f3s<\/span><\/li>\n<\/ul>\n","protected":false},"excerpt":{"rendered":"<p><span style=\"font-weight: 400;\">Friss\u00edtsd a Creality K2 Plus k\u00e9sz\u00fcl\u00e9ked epoxi gyanta \u00e9p\u00edt\u0151lappal a kiv\u00e1l\u00f3 tapad\u00e1s \u00e9s a tart\u00f3ss\u00e1g \u00e9rdek\u00e9ben.<\/span><\/p>\n","protected":false},"featured_media":84727,"comment_status":"closed","ping_status":"closed","template":"","meta":{"_acf_changed":false},"product_brand":[],"product_cat":[2221,2280,2224],"product_tag":[],"brand":[],"class_list":{"0":"post-84449","1":"product","2":"type-product","3":"status-publish","4":"has-post-thumbnail","6":"product_cat-potalkatreszek","7":"product_cat-epitesi-feluletek","8":"product_cat-minden-potalkatresz","9":"pa_compatible-with-creality-fdm-3d-printers","10":"pa_fits-printer-creality-k2-plus","12":"first","13":"outofstock","14":"taxable","15":"shipping-taxable","16":"purchasable","17":"product-type-simple"},"acf":[],"_links":{"self":[{"href":"https:\/\/azurefilm.com\/hu\/wp-json\/wp\/v2\/product\/84449","targetHints":{"allow":["GET"]}}],"collection":[{"href":"https:\/\/azurefilm.com\/hu\/wp-json\/wp\/v2\/product"}],"about":[{"href":"https:\/\/azurefilm.com\/hu\/wp-json\/wp\/v2\/types\/product"}],"replies":[{"embeddable":true,"href":"https:\/\/azurefilm.com\/hu\/wp-json\/wp\/v2\/comments?post=84449"}],"wp:featuredmedia":[{"embeddable":true,"href":"https:\/\/azurefilm.com\/hu\/wp-json\/wp\/v2\/media\/84727"}],"wp:attachment":[{"href":"https:\/\/azurefilm.com\/hu\/wp-json\/wp\/v2\/media?parent=84449"}],"wp:term":[{"taxonomy":"product_brand","embeddable":true,"href":"https:\/\/azurefilm.com\/hu\/wp-json\/wp\/v2\/product_brand?post=84449"},{"taxonomy":"product_cat","embeddable":true,"href":"https:\/\/azurefilm.com\/hu\/wp-json\/wp\/v2\/product_cat?post=84449"},{"taxonomy":"product_tag","embeddable":true,"href":"https:\/\/azurefilm.com\/hu\/wp-json\/wp\/v2\/product_tag?post=84449"},{"taxonomy":"brand","embeddable":true,"href":"https:\/\/azurefilm.com\/hu\/wp-json\/wp\/v2\/brand?post=84449"}],"curies":[{"name":"wp","href":"https:\/\/api.w.org\/{rel}","templated":true}]}}