
{"id":84455,"date":"2025-07-30T09:28:21","date_gmt":"2025-07-30T09:28:21","guid":{"rendered":"https:\/\/azurefilm.com\/?post_type=product&#038;p=84455"},"modified":"2025-07-30T09:28:23","modified_gmt":"2025-07-30T09:28:23","slug":"k2-plus-alaplap-hutoventilator","status":"publish","type":"product","link":"https:\/\/azurefilm.com\/hu\/termek\/k2-plus-alaplap-hutoventilator\/","title":{"rendered":"K2 Plus alaplap h\u0171t\u0151ventil\u00e1tor"},"content":{"rendered":"<p><span style=\"font-weight: 400;\">A K2 Plus alaplapi h\u0171t\u0151ventil\u00e1tort \u00fagy tervezt\u00e9k, hogy hat\u00e9kony h\u0171t\u00e9st biztos\u00edtson a Creality K2 Plus 3D nyomtat\u00f3 alaplapj\u00e1nak. Az optim\u00e1lis h\u0151m\u00e9rs\u00e9klet fenntart\u00e1s\u00e1val ez a ventil\u00e1tor seg\u00edt megel\u0151zni a t\u00falmeleged\u00e9st, \u00e9s stabil m\u0171k\u00f6d\u00e9st biztos\u00edt hossz\u00fa nyomtat\u00e1si feladatok sor\u00e1n. K\u00f6nnyen telep\u00edthet\u0151 \u00e9s tart\u00f3s, n\u00e9lk\u00fcl\u00f6zhetetlen csere- vagy friss\u00edt\u00e9si alkatr\u00e9sz a nyomtat\u00f3 z\u00f6kken\u0151mentes \u00e9s megb\u00edzhat\u00f3 m\u0171k\u00f6d\u00e9s\u00e9hez.<\/span><\/p>\n<p><span style=\"font-weight: 400;\">F\u0151bb jellemz\u0151k:<\/span><\/p>\n<ul>\n<li style=\"font-weight: 400;\" aria-level=\"1\"><span style=\"font-weight: 400;\">Hat\u00e9kony h\u0171t\u00e9s az alaplapnak<\/span><\/li>\n<li style=\"font-weight: 400;\" aria-level=\"1\"><span style=\"font-weight: 400;\">Megakad\u00e1lyozza a t\u00falmeleged\u00e9st \u00e9s jav\u00edtja a stabilit\u00e1st<\/span><\/li>\n<li style=\"font-weight: 400;\" aria-level=\"1\"><span style=\"font-weight: 400;\">K\u00f6nny\u0171 telep\u00edt\u00e9s, kompatibilis a Creality K2 Plus k\u00e9sz\u00fcl\u00e9kkel<\/span><\/li>\n<li style=\"font-weight: 400;\" aria-level=\"1\"><span style=\"font-weight: 400;\">Tart\u00f3s \u00e9s csendes m\u0171k\u00f6d\u00e9s<\/span><\/li>\n<\/ul>\n","protected":false},"excerpt":{"rendered":"<p><span style=\"font-weight: 400;\">Tartsa a Creality K2 Plus k\u00e9sz\u00fcl\u00e9k\u00e9t h\u0171v\u00f6sen \u00e9s stabilan a hat\u00e9kony h\u0151elvezet\u00e9st biztos\u00edt\u00f3 alaplapi h\u0171t\u0151ventil\u00e1torral.<\/span><\/p>\n","protected":false},"featured_media":84733,"comment_status":"closed","ping_status":"closed","template":"","meta":{"_acf_changed":false},"product_brand":[],"product_cat":[2221,2229,2224],"product_tag":[],"brand":[],"class_list":{"0":"post-84455","1":"product","2":"type-product","3":"status-publish","4":"has-post-thumbnail","6":"product_cat-potalkatreszek","7":"product_cat-fans-hu","8":"product_cat-minden-potalkatresz","9":"pa_compatible-with-creality-fdm-3d-printers","10":"pa_fits-printer-creality-k2-plus","12":"first","13":"instock","14":"taxable","15":"shipping-taxable","16":"purchasable","17":"product-type-simple"},"acf":[],"_links":{"self":[{"href":"https:\/\/azurefilm.com\/hu\/wp-json\/wp\/v2\/product\/84455","targetHints":{"allow":["GET"]}}],"collection":[{"href":"https:\/\/azurefilm.com\/hu\/wp-json\/wp\/v2\/product"}],"about":[{"href":"https:\/\/azurefilm.com\/hu\/wp-json\/wp\/v2\/types\/product"}],"replies":[{"embeddable":true,"href":"https:\/\/azurefilm.com\/hu\/wp-json\/wp\/v2\/comments?post=84455"}],"wp:featuredmedia":[{"embeddable":true,"href":"https:\/\/azurefilm.com\/hu\/wp-json\/wp\/v2\/media\/84733"}],"wp:attachment":[{"href":"https:\/\/azurefilm.com\/hu\/wp-json\/wp\/v2\/media?parent=84455"}],"wp:term":[{"taxonomy":"product_brand","embeddable":true,"href":"https:\/\/azurefilm.com\/hu\/wp-json\/wp\/v2\/product_brand?post=84455"},{"taxonomy":"product_cat","embeddable":true,"href":"https:\/\/azurefilm.com\/hu\/wp-json\/wp\/v2\/product_cat?post=84455"},{"taxonomy":"product_tag","embeddable":true,"href":"https:\/\/azurefilm.com\/hu\/wp-json\/wp\/v2\/product_tag?post=84455"},{"taxonomy":"brand","embeddable":true,"href":"https:\/\/azurefilm.com\/hu\/wp-json\/wp\/v2\/brand?post=84455"}],"curies":[{"name":"wp","href":"https:\/\/api.w.org\/{rel}","templated":true}]}}