
{"id":84463,"date":"2025-07-30T09:30:20","date_gmt":"2025-07-30T09:30:20","guid":{"rendered":"https:\/\/azurefilm.com\/?post_type=product&#038;p=84463"},"modified":"2025-07-30T09:30:22","modified_gmt":"2025-07-30T09:30:22","slug":"k2-plus-extruder-elolap","status":"publish","type":"product","link":"https:\/\/azurefilm.com\/hu\/termek\/k2-plus-extruder-elolap\/","title":{"rendered":"K2 Plus Extruder El\u0151lap"},"content":{"rendered":"<p><span style=\"font-weight: 400;\">A K2 Plus Extruder el\u0151lap egy strapab\u00edr\u00f3 cserealkatr\u00e9sz, amelyet a Creality K2 Plus 3D nyomtat\u00f3 extruder szerelv\u00e9ny\u00e9nek v\u00e9delm\u00e9re terveztek. Megv\u00e9di a kritikus alkatr\u00e9szeket a port\u00f3l \u00e9s a t\u00f6rmel\u00e9kt\u0151l, el\u0151seg\u00edtve a filament z\u00f6kken\u0151mentes adagol\u00e1s\u00e1t \u00e9s meghosszabb\u00edtva az extruder \u00e9lettartam\u00e1t. K\u00f6nnyen felszerelhet\u0151 \u00e9s t\u00f6k\u00e9letesen illeszked\u0151 el\u0151lap, ide\u00e1lis friss\u00edt\u00e9s vagy csere a nyomtat\u00f3 megb\u00edzhat\u00f3s\u00e1g\u00e1nak \u00e9s megjelen\u00e9s\u00e9nek meg\u0151rz\u00e9se \u00e9rdek\u00e9ben.<\/span><\/p>\n<p><span style=\"font-weight: 400;\">F\u0151bb jellemz\u0151k:<\/span><\/p>\n<ul>\n<li style=\"font-weight: 400;\" aria-level=\"1\"><span style=\"font-weight: 400;\">V\u00e9di az extruder alkatr\u00e9szeit a port\u00f3l \u00e9s a t\u00f6rmel\u00e9kt\u0151l<\/span><\/li>\n<li style=\"font-weight: 400;\" aria-level=\"1\"><span style=\"font-weight: 400;\">Tart\u00f3s, prec\u00edzi\u00f3s illeszked\u00e9s\u0171 kialak\u00edt\u00e1s a Creality K2 Plus k\u00e9sz\u00fcl\u00e9khez<\/span><\/li>\n<li style=\"font-weight: 400;\" aria-level=\"1\"><span style=\"font-weight: 400;\">K\u00f6nnyen telep\u00edthet\u0151<\/span><\/li>\n<li style=\"font-weight: 400;\" aria-level=\"1\"><span style=\"font-weight: 400;\">Seg\u00edt a filament z\u00f6kken\u0151mentes adagol\u00e1s\u00e1ban<\/span><\/li>\n<\/ul>\n","protected":false},"excerpt":{"rendered":"<p><span style=\"font-weight: 400;\">V\u00e9dje \u00e9s fejlessze Creality K2 Plus extruder\u00e9t a tart\u00f3s K2 Plus extruder el\u0151lappal.<\/span><\/p>\n","protected":false},"featured_media":84758,"comment_status":"closed","ping_status":"closed","template":"","meta":{"_acf_changed":false},"product_brand":[],"product_cat":[2221,2232,2247,2222,2224],"product_tag":[],"brand":[],"class_list":{"0":"post-84463","1":"product","2":"type-product","3":"status-publish","4":"has-post-thumbnail","6":"product_cat-potalkatreszek","7":"product_cat-extruder-alkatreszek","8":"product_cat-extruder-frissitesek","9":"product_cat-extruders-hu","10":"product_cat-minden-potalkatresz","11":"pa_compatible-with-creality-fdm-3d-printers","12":"pa_fits-printer-creality-k2-plus","14":"first","15":"instock","16":"taxable","17":"shipping-taxable","18":"purchasable","19":"product-type-simple"},"acf":[],"_links":{"self":[{"href":"https:\/\/azurefilm.com\/hu\/wp-json\/wp\/v2\/product\/84463","targetHints":{"allow":["GET"]}}],"collection":[{"href":"https:\/\/azurefilm.com\/hu\/wp-json\/wp\/v2\/product"}],"about":[{"href":"https:\/\/azurefilm.com\/hu\/wp-json\/wp\/v2\/types\/product"}],"replies":[{"embeddable":true,"href":"https:\/\/azurefilm.com\/hu\/wp-json\/wp\/v2\/comments?post=84463"}],"wp:featuredmedia":[{"embeddable":true,"href":"https:\/\/azurefilm.com\/hu\/wp-json\/wp\/v2\/media\/84758"}],"wp:attachment":[{"href":"https:\/\/azurefilm.com\/hu\/wp-json\/wp\/v2\/media?parent=84463"}],"wp:term":[{"taxonomy":"product_brand","embeddable":true,"href":"https:\/\/azurefilm.com\/hu\/wp-json\/wp\/v2\/product_brand?post=84463"},{"taxonomy":"product_cat","embeddable":true,"href":"https:\/\/azurefilm.com\/hu\/wp-json\/wp\/v2\/product_cat?post=84463"},{"taxonomy":"product_tag","embeddable":true,"href":"https:\/\/azurefilm.com\/hu\/wp-json\/wp\/v2\/product_tag?post=84463"},{"taxonomy":"brand","embeddable":true,"href":"https:\/\/azurefilm.com\/hu\/wp-json\/wp\/v2\/brand?post=84463"}],"curies":[{"name":"wp","href":"https:\/\/api.w.org\/{rel}","templated":true}]}}