
{"id":84488,"date":"2025-07-30T09:33:54","date_gmt":"2025-07-30T09:33:54","guid":{"rendered":"https:\/\/azurefilm.com\/?post_type=product&#038;p=84488"},"modified":"2025-07-30T09:33:56","modified_gmt":"2025-07-30T09:33:56","slug":"k1-max-unicorn-gyorscserelheto-fuvoka-hosszu-valtozat","status":"publish","type":"product","link":"https:\/\/azurefilm.com\/hu\/termek\/k1-max-unicorn-gyorscserelheto-fuvoka-hosszu-valtozat\/","title":{"rendered":"K1 Max Unicorn gyorscser\u00e9lhet\u0151 f\u00fav\u00f3ka hossz\u00fa v\u00e1ltozat"},"content":{"rendered":"<p><span style=\"font-weight: 400;\">A K1 Max Unicorn gyorscser\u00e9l\u0151s f\u00fav\u00f3ka (hossz\u00fa v\u00e1ltozat) egy nagy teljes\u00edtm\u00e9ny\u0171, k\u00f6nnyen cser\u00e9lhet\u0151 f\u00fav\u00f3ka, amelyet kifejezetten a Creality K1 Max 3D nyomtat\u00f3hoz terveztek. Gyorscser\u00e9l\u0151 mechanizmus\u00e1nak k\u00f6sz\u00f6nhet\u0151en m\u00e1sodpercek alatt cser\u00e9lheti a f\u00fav\u00f3k\u00e1kat \u2013 szersz\u00e1mok vagy teljes sz\u00e9tszerel\u00e9s n\u00e9lk\u00fcl \u2013, \u00edgy t\u00f6k\u00e9letes v\u00e1laszt\u00e1s azoknak a felhaszn\u00e1l\u00f3knak, akik nagyra \u00e9rt\u00e9kelik a hat\u00e9konys\u00e1got \u00e9s a rugalmass\u00e1got.<\/span><\/p>\n<p><span style=\"font-weight: 400;\">Ez a hossz\u00fa v\u00e1ltozat stabil illeszked\u00e9st \u00e9s megb\u00edzhat\u00f3 teljes\u00edtm\u00e9nyt biztos\u00edt, \u00e9s h\u00e1rom m\u00e9retben kaphat\u00f3, hogy megfeleljen a k\u00fcl\u00f6nb\u00f6z\u0151 nyomtat\u00e1si ig\u00e9nyeknek:<\/span><\/p>\n<ul>\n<li style=\"font-weight: 400;\" aria-level=\"1\"><span style=\"font-weight: 400;\">0,4 mm \u2013 Ide\u00e1lis nagy r\u00e9szletess\u00e9g\u0171 nyomatokhoz \u00e9s finom fel\u00fcletkezel\u00e9sekhez<\/span><\/li>\n<li style=\"font-weight: 400;\" aria-level=\"1\"><span style=\"font-weight: 400;\">0,6 mm \u2013 Nagyszer\u0171 egyens\u00faly a sebess\u00e9g \u00e9s a r\u00e9szletess\u00e9g k\u00f6z\u00f6tt<\/span><\/li>\n<li style=\"font-weight: 400;\" aria-level=\"1\"><span style=\"font-weight: 400;\">0,8 mm \u2013 Gyorsabb nyomtat\u00e1shoz \u00e9s er\u0151sebb r\u00e9tegk\u00f6t\u00e9shez a legjobb<\/span><span style=\"font-weight: 400;\">\n<p><\/span><\/li>\n<\/ul>\n<p><span style=\"font-weight: 400;\">F\u0151bb jellemz\u0151k:<\/span><\/p>\n<ul>\n<li style=\"font-weight: 400;\" aria-level=\"1\"><span style=\"font-weight: 400;\">Gyorsan cser\u00e9lhet\u0151 kialak\u00edt\u00e1s a szersz\u00e1m n\u00e9lk\u00fcli f\u00fav\u00f3kacser\u00e9hez<\/span><\/li>\n<li style=\"font-weight: 400;\" aria-level=\"1\"><span style=\"font-weight: 400;\">A hossz\u00fa v\u00e1ltozat biztons\u00e1gos illeszked\u00e9st \u00e9s stabil kih\u00faz\u00e1st biztos\u00edt<\/span><\/li>\n<li style=\"font-weight: 400;\" aria-level=\"1\"><span style=\"font-weight: 400;\">Kaphat\u00f3 0,4 mm, 0,6 mm \u00e9s 0,8 mm m\u00e9retekben<\/span><\/li>\n<li style=\"font-weight: 400;\" aria-level=\"1\"><span style=\"font-weight: 400;\">Kompatibilis a Creality K1 Max k\u00e9sz\u00fcl\u00e9kkel<\/span><\/li>\n<li style=\"font-weight: 400;\" aria-level=\"1\"><span style=\"font-weight: 400;\">Tart\u00f3s konstrukci\u00f3 hossz\u00fa t\u00e1v\u00fa haszn\u00e1latra<\/span><\/li>\n<li style=\"font-weight: 400;\" aria-level=\"1\"><span style=\"font-weight: 400;\">K\u00fcl\u00f6nb\u00f6z\u0151 filamentekhez \u00e9s nyomtat\u00e1si st\u00edlusokhoz alkalmas<\/span><\/li>\n<\/ul>\n","protected":false},"excerpt":{"rendered":"<p><span style=\"font-weight: 400;\">V\u00e1lasszon 0,4 mm-es, 0,6 mm-es vagy 0,8 mm-es Unicorn gyorscser\u00e9l\u0151s f\u00fav\u00f3k\u00e1k (hossz\u00fa v\u00e1ltozat) k\u00f6z\u00fcl a Creality K1 Max k\u00e9sz\u00fcl\u00e9k\u00e9hez, \u00e9s \u00e9lvezze a gyors cser\u00e9t prec\u00edz eredm\u00e9nyekkel.<\/span><\/p>\n","protected":false},"featured_media":84788,"comment_status":"closed","ping_status":"closed","template":"","meta":{"_acf_changed":false},"product_brand":[],"product_cat":[2221,2226,2224,2227],"product_tag":[],"brand":[2216],"class_list":{"0":"post-84488","1":"product","2":"type-product","3":"status-publish","4":"has-post-thumbnail","6":"product_cat-potalkatreszek","7":"product_cat-fuvoszarnyak","8":"product_cat-minden-potalkatresz","9":"product_cat-rendszeres-fuvokak","10":"pa_compatible-with-creality-fdm-3d-nyomtatok","11":"pa_fits-printer-creality-k1-max-hu","12":"pa_nozzle-diameter-0-4mm-hu","13":"pa_nozzle-diameter-0-6mm-hu","14":"pa_nozzle-diameter-0-8mm-hu","15":"brand-creality-hu","17":"first","18":"instock","19":"taxable","20":"shipping-taxable","21":"purchasable","22":"product-type-variable"},"acf":[],"_links":{"self":[{"href":"https:\/\/azurefilm.com\/hu\/wp-json\/wp\/v2\/product\/84488","targetHints":{"allow":["GET"]}}],"collection":[{"href":"https:\/\/azurefilm.com\/hu\/wp-json\/wp\/v2\/product"}],"about":[{"href":"https:\/\/azurefilm.com\/hu\/wp-json\/wp\/v2\/types\/product"}],"replies":[{"embeddable":true,"href":"https:\/\/azurefilm.com\/hu\/wp-json\/wp\/v2\/comments?post=84488"}],"wp:featuredmedia":[{"embeddable":true,"href":"https:\/\/azurefilm.com\/hu\/wp-json\/wp\/v2\/media\/84788"}],"wp:attachment":[{"href":"https:\/\/azurefilm.com\/hu\/wp-json\/wp\/v2\/media?parent=84488"}],"wp:term":[{"taxonomy":"product_brand","embeddable":true,"href":"https:\/\/azurefilm.com\/hu\/wp-json\/wp\/v2\/product_brand?post=84488"},{"taxonomy":"product_cat","embeddable":true,"href":"https:\/\/azurefilm.com\/hu\/wp-json\/wp\/v2\/product_cat?post=84488"},{"taxonomy":"product_tag","embeddable":true,"href":"https:\/\/azurefilm.com\/hu\/wp-json\/wp\/v2\/product_tag?post=84488"},{"taxonomy":"brand","embeddable":true,"href":"https:\/\/azurefilm.com\/hu\/wp-json\/wp\/v2\/brand?post=84488"}],"curies":[{"name":"wp","href":"https:\/\/api.w.org\/{rel}","templated":true}]}}