
{"id":84504,"date":"2025-07-30T09:58:00","date_gmt":"2025-07-30T09:58:00","guid":{"rendered":"https:\/\/azurefilm.com\/?post_type=product&#038;p=84504"},"modified":"2025-07-30T09:58:02","modified_gmt":"2025-07-30T09:58:02","slug":"k2-plus-tapegyseg","status":"publish","type":"product","link":"https:\/\/azurefilm.com\/hu\/termek\/k2-plus-tapegyseg\/","title":{"rendered":"K2 Plus t\u00e1pegys\u00e9g"},"content":{"rendered":"<p><span style=\"font-weight: 400;\">A K2 Plus t\u00e1pegys\u00e9g egy eredeti cserealkatr\u00e9sz, amelyet kifejezetten a Creality K2 Plus 3D nyomtat\u00f3hoz terveztek. Stabil \u00e9s hat\u00e9kony t\u00e1pell\u00e1t\u00e1sra tervezt\u00e9k, \u00edgy biztos\u00edtja a nyomtat\u00f3 megb\u00edzhat\u00f3 m\u0171k\u00f6d\u00e9s\u00e9t hossz\u00fa \u00e9s ig\u00e9nyes nyomtat\u00e1si feladatok sor\u00e1n is. A be\u00e9p\u00edtett v\u00e9delmi funkci\u00f3knak k\u00f6sz\u00f6nhet\u0151en a t\u00e1pegys\u00e9g megv\u00e9di a nyomtat\u00f3t \u00e9s a nyomatokat a t\u00falfesz\u00fclts\u00e9gt\u0151l, a t\u00falmeleged\u00e9st\u0151l \u00e9s a r\u00f6vidz\u00e1rlatt\u00f3l.<\/span><\/p>\n<p><span style=\"font-weight: 400;\">Kompakt \u00e9s tart\u00f3s kialak\u00edt\u00e1s\u00e1nak k\u00f6sz\u00f6nhet\u0151en k\u00f6nnyen telep\u00edthet\u0151, \u00e9s ide\u00e1lis azoknak a felhaszn\u00e1l\u00f3knak, akiknek megb\u00edzhat\u00f3 \u00e1ramforr\u00e1sra vagy a megl\u00e9v\u0151 egys\u00e9g\u00fck k\u00f6zvetlen helyettes\u00edt\u00e9s\u00e9re van sz\u00fcks\u00e9g\u00fck.<\/span><\/p>\n<p><span style=\"font-weight: 400;\">F\u0151bb jellemz\u0151k:<\/span><\/p>\n<ul>\n<li style=\"font-weight: 400;\" aria-level=\"1\"><span style=\"font-weight: 400;\">Hivatalos t\u00e1pegys\u00e9g a Creality K2 Plushoz<\/span><\/li>\n<li style=\"font-weight: 400;\" aria-level=\"1\"><span style=\"font-weight: 400;\">\u00c1lland\u00f3 \u00e9s stabil teljes\u00edtm\u00e9nyt ny\u00fajt<\/span><\/li>\n<li style=\"font-weight: 400;\" aria-level=\"1\"><span style=\"font-weight: 400;\">Be\u00e9p\u00edtett biztons\u00e1gi funkci\u00f3k (t\u00falfesz\u00fclts\u00e9g, t\u00falmeleged\u00e9s, r\u00f6vidz\u00e1rlat elleni v\u00e9delem)<\/span><\/li>\n<li style=\"font-weight: 400;\" aria-level=\"1\"><span style=\"font-weight: 400;\">Kompakt, tart\u00f3s \u00e9s k\u00f6nnyen telep\u00edthet\u0151<\/span><\/li>\n<li style=\"font-weight: 400;\" aria-level=\"1\"><span style=\"font-weight: 400;\">Megb\u00edzhat\u00f3 m\u0171k\u00f6d\u00e9st biztos\u00edt hossz\u00fa nyomtat\u00e1si munkamenetek sor\u00e1n<\/span><\/li>\n<\/ul>\n","protected":false},"excerpt":{"rendered":"<p><span style=\"font-weight: 400;\">Megb\u00edzhat\u00f3 \u00e9s hat\u00e9kony t\u00e1pegys\u00e9g a Creality K2 Plus nyomtat\u00f3hoz \u2013 stabil teljes\u00edtm\u00e9nyt \u00e9s \u00e1lland\u00f3 nyomtat\u00e1si min\u0151s\u00e9get biztos\u00edt.<\/span><\/p>\n","protected":false},"featured_media":84898,"comment_status":"closed","ping_status":"closed","template":"","meta":{"_acf_changed":false},"product_brand":[],"product_cat":[2221,2291,2224],"product_tag":[],"brand":[],"class_list":{"0":"post-84504","1":"product","2":"type-product","3":"status-publish","4":"has-post-thumbnail","6":"product_cat-potalkatreszek","7":"product_cat-elektronika-hu","8":"product_cat-minden-potalkatresz","9":"pa_compatible-with-creality-fdm-3d-printers","10":"pa_fits-printer-creality-k2-plus","12":"first","13":"instock","14":"taxable","15":"shipping-taxable","16":"purchasable","17":"product-type-simple"},"acf":[],"_links":{"self":[{"href":"https:\/\/azurefilm.com\/hu\/wp-json\/wp\/v2\/product\/84504","targetHints":{"allow":["GET"]}}],"collection":[{"href":"https:\/\/azurefilm.com\/hu\/wp-json\/wp\/v2\/product"}],"about":[{"href":"https:\/\/azurefilm.com\/hu\/wp-json\/wp\/v2\/types\/product"}],"replies":[{"embeddable":true,"href":"https:\/\/azurefilm.com\/hu\/wp-json\/wp\/v2\/comments?post=84504"}],"wp:featuredmedia":[{"embeddable":true,"href":"https:\/\/azurefilm.com\/hu\/wp-json\/wp\/v2\/media\/84898"}],"wp:attachment":[{"href":"https:\/\/azurefilm.com\/hu\/wp-json\/wp\/v2\/media?parent=84504"}],"wp:term":[{"taxonomy":"product_brand","embeddable":true,"href":"https:\/\/azurefilm.com\/hu\/wp-json\/wp\/v2\/product_brand?post=84504"},{"taxonomy":"product_cat","embeddable":true,"href":"https:\/\/azurefilm.com\/hu\/wp-json\/wp\/v2\/product_cat?post=84504"},{"taxonomy":"product_tag","embeddable":true,"href":"https:\/\/azurefilm.com\/hu\/wp-json\/wp\/v2\/product_tag?post=84504"},{"taxonomy":"brand","embeddable":true,"href":"https:\/\/azurefilm.com\/hu\/wp-json\/wp\/v2\/brand?post=84504"}],"curies":[{"name":"wp","href":"https:\/\/api.w.org\/{rel}","templated":true}]}}