
{"id":89697,"date":"2025-08-18T09:33:50","date_gmt":"2025-08-18T09:33:50","guid":{"rendered":"https:\/\/azurefilm.com\/?post_type=product&#038;p=89697"},"modified":"2025-08-22T11:32:58","modified_gmt":"2025-08-22T11:32:58","slug":"pla-silk-tri-color-peacock-bloom","status":"publish","type":"product","link":"https:\/\/azurefilm.com\/hu\/termek\/pla-silk-tri-color-peacock-bloom\/","title":{"rendered":"PLA Silk Tri Color Peacock Bloom"},"content":{"rendered":"<h2><b>PLA selyem<\/b><\/h2>\n<p><span style=\"font-weight: 400;\">Ismerje meg a PLA Silk sz\u00e1lakat, a PLA Original term\u00e9kcsal\u00e1d k\u00fcl\u00f6nleges kiad\u00e1s\u00e1t. A PLA Silk sz\u00e1lak a klasszikus PLA sz\u00e1lakhoz k\u00e9pest k\u00fcl\u00f6nleges kieg\u00e9sz\u00edt\u00e9seket tartalmaznak, amelyek a megjelen\u00e9s\u00fcket <\/span><b>f\u00e9nyes, enyh\u00e9n \u00e1ttetsz\u0151 \u00e9s selymes fel\u00fclet\u0171<\/b><span style=\"font-weight: 400;\">. Moreover, this material <\/span><b>seg\u00edt elrejteni a r\u00e9tegek k\u00f6z\u00f6tti \u00e1tmeneteket<\/b><span style=\"font-weight: 400;\"> nyomtat\u00e1skor. A PLA Silk sz\u00e1lak minden hagyom\u00e1nyos PLA tulajdons\u00e1ggal rendelkeznek, \u00e9s a k\u00f6vetkez\u0151kkel rendelkeznek <\/span><b>k\u00f6vetkezetes eredm\u00e9nyek<\/b><span style=\"font-weight: 400;\">. They are the best choice for 3D printing of decorative elements like vases, figurines, accessories, home gadgets and much more.<\/span><\/p>\n<h2><strong>PLA Silk Multicolor<\/strong><\/h2>\n<p><span style=\"font-weight: 400;\">A <\/span><b>PLA Silk Multicolor<\/b><span style=\"font-weight: 400;\"> filamentek \u00f6tv\u00f6zik a PLA egyszer\u0171 nyomtathat\u00f3s\u00e1g\u00e1t a kifinomult, selymesen f\u00e9nyes fel\u00fclettel. A fejlett <\/span><b>ko-extrud\u00e1l\u00e1si technol\u00f3gi\u00e1nak<\/b><span style=\"font-weight: 400;\"> k\u00f6sz\u00f6nhet\u0151en el\u00e9rhet\u0151k <\/span><b>k\u00e9t- \u00e9s h\u00e1romsz\u00edn\u0171 v\u00e1ltozatokban<\/b><span style=\"font-weight: 400;\">, ahol k\u00e9t vagy h\u00e1rom \u00e1rnyalat egyetlen sz\u00e1lba olvad. Az eredm\u00e9ny sima sz\u00edn\u00e1tmenetek \u00e9s egyedi vizu\u00e1lis hat\u00e1sok, amelyek a n\u00e9z\u0151pontt\u00f3l f\u00fcgg\u0151en v\u00e1ltoznak.<\/span><\/p>\n<p><span style=\"font-weight: 400;\">F\u00e9nyes fel\u00fclet\u00fcknek \u00e9s dinamikus megjelen\u00e9s\u00fcknek k\u00f6sz\u00f6nhet\u0151en a PLA Silk Multicolor filamentek ide\u00e1lisak dekor\u00e1ci\u00f3s t\u00e1rgyakhoz, m\u0171v\u00e9szeti projektekhez, protot\u00edpusokhoz \u00e9s bemutat\u00f3 darabokhoz, ahol mind a megb\u00edzhat\u00f3 nyomtat\u00e1si min\u0151s\u00e9g, mind a figyelemfelkelt\u0151 megjelen\u00e9s fontos.<\/span><\/p>\n<h3><strong>Nyomtat\u00e1si aj\u00e1nl\u00e1sok:<\/strong><\/h3>\n<ul>\n<li style=\"font-weight: 400;\" aria-level=\"1\"><span style=\"font-weight: 400;\">A legjobb eredm\u00e9ny \u00e9rdek\u00e9ben 220-240\u00b0C-on nyomtasson. <\/span><\/li>\n<li style=\"font-weight: 400;\" aria-level=\"1\"><span style=\"font-weight: 400;\">A nyomtat\u00f3asztal aj\u00e1nlott h\u0151m\u00e9rs\u00e9klete 80\u00b0C.<\/span><\/li>\n<li style=\"font-weight: 400;\" aria-level=\"1\"><span style=\"font-weight: 400;\">Haszn\u00e1ljon \u00fcveg\u00e1gyat, PEI lapot, Kapton vagy k\u00e9k szalagot az \u00e9p\u00edt\u00e9si platformhoz 3Dlac spray-vel.<\/span><\/li>\n<\/ul>\n<p><i><span style=\"font-weight: 400;\">*A k\u00fcl\u00f6nb\u00f6z\u0151 nyomtat\u00f3k haszn\u00e1lata eset\u00e9n az ide\u00e1lis h\u0151m\u00e9rs\u00e9klet elt\u00e9r\u0151 lehet.<\/span><\/i><\/p>\n<p><span style=\"font-weight: 400;\">Ha t\u00f6bbet szeretne megtudni a PLA sz\u00e1lakr\u00f3l, olvassa el <a href=\"https:\/\/azurefilm.com\/hu\/2023\/07\/04\/pla-szalak-minden-amit-tudnia-kell\/\" target=\"_blank\" rel=\"noopener\">blogunkat<\/a>. <\/span><\/p>\n<p><span style=\"font-weight: 400;\">Hozz\u00e1f\u00e9rhet a <\/span><b>M\u0171szaki adatlap<\/b><span style=\"font-weight: 400;\"><a href=\"https:\/\/azurefilm.com\/hu\/technical-data-sheets\/\" target=\"_blank\" rel=\"noopener\"> itt<\/a>.<\/span><\/p>\n","protected":false},"excerpt":{"rendered":"<p>V\u00e1s\u00e1roljon PLA Silk Tri Color Peacock Bloom filamentet f\u00e9nyes fel\u00fclettel \u00e9s sima sz\u00edn\u00e1tmenetekkel dekorat\u00edv \u00e9s bemutat\u00f3 nyomatokhoz.<\/p>\n","protected":false},"featured_media":91555,"comment_status":"closed","ping_status":"closed","template":"","meta":{"_acf_changed":false},"product_brand":[],"product_cat":[2797,1686,1688,1687],"product_tag":[],"brand":[1682],"class_list":{"0":"post-89697","1":"product","2":"type-product","3":"status-publish","4":"has-post-thumbnail","6":"product_cat-pla-silk-multicolor-hu","7":"product_cat-3d-filmek","8":"product_cat-minden-film","9":"product_cat-pla-szalak","10":"pa_colour-arany","11":"pa_colour-kek","12":"pa_colour-tobbszinu","13":"pa_colour-zold","14":"pa_filament-diameter-1-75mm-hu","15":"pa_filament-weight-1000g-hu","16":"brand-azurefilm-hu","18":"first","19":"instock","20":"taxable","21":"shipping-taxable","22":"purchasable","23":"product-type-variable","24":"has-default-attributes"},"acf":[],"_links":{"self":[{"href":"https:\/\/azurefilm.com\/hu\/wp-json\/wp\/v2\/product\/89697","targetHints":{"allow":["GET"]}}],"collection":[{"href":"https:\/\/azurefilm.com\/hu\/wp-json\/wp\/v2\/product"}],"about":[{"href":"https:\/\/azurefilm.com\/hu\/wp-json\/wp\/v2\/types\/product"}],"replies":[{"embeddable":true,"href":"https:\/\/azurefilm.com\/hu\/wp-json\/wp\/v2\/comments?post=89697"}],"wp:featuredmedia":[{"embeddable":true,"href":"https:\/\/azurefilm.com\/hu\/wp-json\/wp\/v2\/media\/91555"}],"wp:attachment":[{"href":"https:\/\/azurefilm.com\/hu\/wp-json\/wp\/v2\/media?parent=89697"}],"wp:term":[{"taxonomy":"product_brand","embeddable":true,"href":"https:\/\/azurefilm.com\/hu\/wp-json\/wp\/v2\/product_brand?post=89697"},{"taxonomy":"product_cat","embeddable":true,"href":"https:\/\/azurefilm.com\/hu\/wp-json\/wp\/v2\/product_cat?post=89697"},{"taxonomy":"product_tag","embeddable":true,"href":"https:\/\/azurefilm.com\/hu\/wp-json\/wp\/v2\/product_tag?post=89697"},{"taxonomy":"brand","embeddable":true,"href":"https:\/\/azurefilm.com\/hu\/wp-json\/wp\/v2\/brand?post=89697"}],"curies":[{"name":"wp","href":"https:\/\/api.w.org\/{rel}","templated":true}]}}