
{"id":90410,"date":"2025-08-22T07:36:33","date_gmt":"2025-08-22T07:36:33","guid":{"rendered":"https:\/\/azurefilm.com\/?post_type=product&#038;p=90410"},"modified":"2025-09-02T10:57:23","modified_gmt":"2025-09-02T10:57:23","slug":"asa-filament-light-grey","status":"publish","type":"product","link":"https:\/\/azurefilm.com\/hu\/termek\/asa-filament-light-grey\/","title":{"rendered":"ASA Filament Light Grey"},"content":{"rendered":"<h2><b>ASA sz\u00e1lak<\/b><\/h2>\n<p><span style=\"font-weight: 400\">Az ASA sz\u00e1lak az egyik legn\u00e9pszer\u0171bb technikai sz\u00e1lak a piacon, mert a k\u00f6vetkez\u0151ket k\u00edn\u00e1lj\u00e1k <\/span><b>magas UV-, v\u00edz- \u00e9s vegyszer\u00e1ll\u00f3s\u00e1g<\/b><span style=\"font-weight: 400\">. Due to its <\/span><b>optim\u00e1lis teljes\u00edtm\u00e9ny<\/b><span style=\"font-weight: 400\"> \u00e9s <\/span><b>hossz\u00fa \u00e9lettartam ig\u00e9nyes k\u00f6rnyezetben<\/b><span style=\"font-weight: 400\">, ez az anyag t\u00f6k\u00e9letes elektromos h\u00e1zakhoz, szersz\u00e1mokhoz, k\u00fclt\u00e9ri k\u00e9sz\u00fcl\u00e9kekhez, sporteszk\u00f6z\u00f6kh\u00f6z, \u00f6nt\u00f6tt alkatr\u00e9szekhez \u00e9s m\u00e1s hasonl\u00f3 alkalmaz\u00e1sokhoz. Ezenk\u00edv\u00fcl az AzureFilm gy\u00e1rt\u00f3soron n\u00e9h\u00e1ny kulcsfontoss\u00e1g\u00fa alkatr\u00e9sz ASA-sz\u00e1lakb\u00f3l nyomtatott. <\/span><\/p>\n<p><span style=\"font-weight: 400\">Ez az anyag nyomtathat\u00f3 mell\u00e9kelt nyomtat\u00f3 n\u00e9lk\u00fcl is, de mi <\/span><b>er\u0151sen javasoljuk, hogy haszn\u00e1ljunk burkolatot vagy z\u00e1rt 3D nyomtat\u00f3t.<\/b><span style=\"font-weight: 400\">.<\/span><\/p>\n<p><span style=\"font-weight: 400\">Ha t\u00f6bbet szeretne megtudni az ASA sz\u00e1lakr\u00f3l, olvassa el <a href=\"https:\/\/azurefilm.com\/hu\/2023\/07\/10\/asa-szalak-minden-amit-tudnia-kell\/\" target=\"_blank\" rel=\"noopener\">blogunkat<\/a>. <\/span><\/p>\n<p><span style=\"font-weight: 400\">Hozz\u00e1f\u00e9rhet a <\/span><b>M\u0171szaki adatlap<\/b><span style=\"font-weight: 400\"><a href=\"https:\/\/azurefilm.com\/hu\/technical-data-sheets\/\" target=\"_blank\" rel=\"noopener\"> itt<\/a>.<\/span><\/p>\n<h3><strong>Nyomtat\u00e1si aj\u00e1nl\u00e1sok:<\/strong><\/h3>\n<ul>\n<li style=\"font-weight: 400\"><span style=\"font-weight: 400\">A legjobb eredm\u00e9nyt 240-260\u00b0C-on nyomtatva \u00e9rheti el. <\/span><\/li>\n<li style=\"font-weight: 400\"><span style=\"font-weight: 400\">A nyomtat\u00f3asztal aj\u00e1nlott h\u0151m\u00e9rs\u00e9klete 90-120\u00b0C. Javasoljuk, hogy haszn\u00e1ljon z\u00e1rt vagy z\u00e1rt 3D nyomtat\u00f3t. <\/span><\/li>\n<li style=\"font-weight: 400\"><span style=\"font-weight: 400\">Haszn\u00e1ljon \u00fcveg\u00e1gyat, PEI lapot, Kapton vagy k\u00e9k szalagot az \u00e9p\u00edt\u00e9si platformhoz 3Dlac spray-vel.<\/span><\/li>\n<\/ul>\n<p><i><span style=\"font-weight: 400\">*A k\u00fcl\u00f6nb\u00f6z\u0151 nyomtat\u00f3k haszn\u00e1lata eset\u00e9n az ide\u00e1lis h\u0151m\u00e9rs\u00e9klet elt\u00e9r\u0151 lehet.<\/span><\/i><\/p>\n","protected":false},"excerpt":{"rendered":"<p>V\u00e1lassza az ASA Filament Light Grey st\u00edlusos, sima fel\u00fclet\u0171 diz\u00e1jn\u00e9rt.<\/p>\n","protected":false},"featured_media":91236,"comment_status":"closed","ping_status":"closed","template":"","meta":{"_acf_changed":false},"product_brand":[],"product_cat":[2174,1686,2390,2798,1688],"product_tag":[1691],"brand":[1682],"class_list":{"0":"post-90410","1":"product","2":"type-product","3":"status-publish","4":"has-post-thumbnail","6":"product_cat-asa-szalak","7":"product_cat-3d-filmek","8":"product_cat-asa-eredeti","9":"product_cat-back-to-school","10":"product_cat-minden-film","11":"product_tag-high-speed","12":"pa_colour-szurke","13":"pa_filament-diameter-1-75mm-hu","14":"pa_filament-weight-1000g-hu","15":"brand-azurefilm-hu","17":"first","18":"instock","19":"taxable","20":"shipping-taxable","21":"purchasable","22":"product-type-variable","23":"has-default-attributes"},"acf":[],"_links":{"self":[{"href":"https:\/\/azurefilm.com\/hu\/wp-json\/wp\/v2\/product\/90410","targetHints":{"allow":["GET"]}}],"collection":[{"href":"https:\/\/azurefilm.com\/hu\/wp-json\/wp\/v2\/product"}],"about":[{"href":"https:\/\/azurefilm.com\/hu\/wp-json\/wp\/v2\/types\/product"}],"replies":[{"embeddable":true,"href":"https:\/\/azurefilm.com\/hu\/wp-json\/wp\/v2\/comments?post=90410"}],"wp:featuredmedia":[{"embeddable":true,"href":"https:\/\/azurefilm.com\/hu\/wp-json\/wp\/v2\/media\/91236"}],"wp:attachment":[{"href":"https:\/\/azurefilm.com\/hu\/wp-json\/wp\/v2\/media?parent=90410"}],"wp:term":[{"taxonomy":"product_brand","embeddable":true,"href":"https:\/\/azurefilm.com\/hu\/wp-json\/wp\/v2\/product_brand?post=90410"},{"taxonomy":"product_cat","embeddable":true,"href":"https:\/\/azurefilm.com\/hu\/wp-json\/wp\/v2\/product_cat?post=90410"},{"taxonomy":"product_tag","embeddable":true,"href":"https:\/\/azurefilm.com\/hu\/wp-json\/wp\/v2\/product_tag?post=90410"},{"taxonomy":"brand","embeddable":true,"href":"https:\/\/azurefilm.com\/hu\/wp-json\/wp\/v2\/brand?post=90410"}],"curies":[{"name":"wp","href":"https:\/\/api.w.org\/{rel}","templated":true}]}}