
{"id":91890,"date":"2025-09-09T06:44:58","date_gmt":"2025-09-09T06:44:58","guid":{"rendered":"https:\/\/azurefilm.com\/?post_type=product&#038;p=91890"},"modified":"2026-03-13T01:09:02","modified_gmt":"2026-03-13T01:09:02","slug":"bambu-lab-h2s-combo-pro-pack","status":"publish","type":"product","link":"https:\/\/azurefilm.com\/hu\/termek\/bambu-lab-h2s-combo-pro-pack\/","title":{"rendered":"Bambu Lab H2S Combo BUNDLE"},"content":{"rendered":"<h2><strong>Bambu Lab H2S \u2013 Az \u00d6n szem\u00e9lyes gy\u00e1rt\u00e1si k\u00f6zpontja<\/strong><\/h2>\n<p><b>Tapasztalja meg a p\u00e9ld\u00e1tlan m\u00e9retet \u00e9s pontoss\u00e1got. <\/b><span style=\"font-weight: 400;\">A <\/span><b>Bambu Lab H2S <\/b><span style=\"font-weight: 400;\">egy nagy teljes\u00edtm\u00e9ny\u0171, egyf\u00fav\u00f3k\u00e1s 3D nyomtat\u00f3, amelyet az asztali gy\u00e1rt\u00e1s \u00fajra\u00e9rtelmez\u00e9s\u00e9re terveztek. A <\/span><b>hatalmas, 340\u00d7320\u00d7340 mm\u00b3 nyomtat\u00e1si t\u00e9rfogattal b\u00fcszk\u00e9lkedhet <\/b><span style=\"font-weight: 400;\">, a H2S 120%-kal nagyobb nyomtat\u00e1si ter\u00fcletet biztos\u00edt, mint a n\u00e9pszer\u0171 X1 Carbon, \u00edgy teljes m\u00e9ret\u0171 modelleket nyomtathat egyetlen menetben, felsk\u00e1l\u00e1z\u00e1s vagy \u00f6sszeszerel\u00e9si gond n\u00e9lk\u00fcl.<\/span><\/p>\n<h2><strong>Ultragyors \u00e9s ipari min\u0151s\u00e9g\u0171 teljes\u00edtm\u00e9ny<\/strong><\/h2>\n<p><span style=\"font-weight: 400;\">Bambu saj\u00e1t fejleszt\u00e9s\u0171 <\/span><b>PMSM szervo extrud\u00e1l\u00f3 rendszer\u00e9vel felszerelt <\/b><span style=\"font-weight: 400;\">H2S <\/span><b>67%-kal nagyobb extrud\u00e1l\u00f3 er\u0151t biztos\u00edt, mint a hagyom\u00e1nyos konstrukci\u00f3k. Az ak\u00e1r 1000 mm\/s <\/b><span style=\"font-weight: 400;\">szersz\u00e1mfej-sebess\u00e9ggel \u00e9s a <\/span><b>20 000 mm\/s\u00b2 <\/b><span style=\"font-weight: 400;\">gyorsul\u00e1ssal p\u00e1ros\u00edtva ak\u00e1r 30%-kal is cs\u00f6kkentheti a nyomtat\u00e1si id\u0151t a r\u00e9gebbi modellekhez k\u00e9pest \u2013 a min\u0151s\u00e9g fel\u00e1ldoz\u00e1sa n\u00e9lk\u00fcl.<\/span><\/p>\n<h2><strong>Rendk\u00edv\u00fcli pontoss\u00e1g, amely tart\u00f3s<\/strong><\/h2>\n<p><span style=\"font-weight: 400;\">A fejlett mechanikus korrekci\u00f3s technol\u00f3gi\u00e1nak k\u00f6sz\u00f6nhet\u0151en a <\/span><b>Vision Encoder 50 \u03bcm alatti pontoss\u00e1got <\/b><span style=\"font-weight: 400;\">biztos\u00edt , automatikusan kompenz\u00e1lja a kalibr\u00e1ci\u00f3s elt\u00e9r\u00e9st, \u00edgy nyomatr\u00f3l nyomatra fenntartja az ipari szint\u0171 t\u0171r\u00e9shat\u00e1rokat. Az <\/span><b>automatikus furat-\/kont\u00farkompenz\u00e1ci\u00f3 <\/b><span style=\"font-weight: 400;\">megmunk\u00e1l\u00e1si szint\u0171 pontoss\u00e1got biztos\u00edt, ami t\u00f6k\u00e9letes a pontos illeszked\u00e9st ig\u00e9nyl\u0151 alkatr\u00e9szekhez.<\/span><\/p>\n<h2><strong>M\u00e9rn\u00f6ki anyagok? Nem probl\u00e9ma!<\/strong><\/h2>\n<p><span style=\"font-weight: 400;\">A l\u00e1ngol\u00f3 , <\/span><b>350 \u00b0C-os hotenddel <\/b><span style=\"font-weight: 400;\">, az <\/span><b>ak\u00e1r 120 \u00b0C-ig meleg\u00edthet\u0151 \u00e1ggyal <\/b><span style=\"font-weight: 400;\">\u00e9s a <\/span><b>65 \u00b0C-os akt\u00edvan f\u0171t\u00f6tt kamr\u00e1val <\/b><span style=\"font-weight: 400;\">a H2S-t fejlett anyagokhoz tervezt\u00e9k \u2013 a PLA-t\u00f3l \u00e9s PETG-t\u0151l kezdve az ABS-en, ASA-n, nejlonon \u00e9s sz\u00e9nsz\u00e1las kever\u00e9keken \u00e1t eg\u00e9szen a sok m\u00e1sig.<\/span><\/p>\n<h2><strong>Okosabb, biztons\u00e1gosabb \u00e9s megb\u00edzhat\u00f3bb nyomtat\u00e1s<\/strong><\/h2>\n<p><span style=\"font-weight: 400;\">Vigyen cs\u00facstechnol\u00f3gi\u00e1s megb\u00edzhat\u00f3s\u00e1got minden nyomtat\u00e1sba. <\/span><b>23 \u00e9rz\u00e9kel\u0151j\u00e9vel \u00e9s 3 be\u00e9p\u00edtett kamer\u00e1j\u00e1val <\/b><span style=\"font-weight: 400;\">a H2S folyamatosan figyeli a munka minden pillanat\u00e1t, \u00e9szleli a hib\u00e1kat, \u00e9s azonnal le\u00e1ll\u00edtja a folyamatot az anyag \u00e9s az id\u0151 v\u00e9delme \u00e9rdek\u00e9ben. A mesters\u00e9ges intelligencia \u00e1ltal t\u00e1mogatott \u00e9rz\u00e9kel\u00e9s maximaliz\u00e1lja a nyomtat\u00e1si sikert \u2013 m\u00e9g neh\u00e9z k\u00f6r\u00fclm\u00e9nyek k\u00f6z\u00f6tt is.<\/span><\/p>\n<h2><strong>T\u00e1g\u00edtsd kreat\u00edv l\u00e1t\u00f3k\u00f6r\u00f6det<\/strong><\/h2>\n<p><span style=\"font-weight: 400;\">A H2S t\u00f6bb mint egy 3D nyomtat\u00f3 \u2013 ez egy igazi gy\u00e1rt\u00e1si er\u0151m\u0171. Az olyan opcion\u00e1lis kieg\u00e9sz\u00edt\u0151kkel, mint a <\/span><b>10 W-os l\u00e9zer <\/b><span style=\"font-weight: 400;\">, a v\u00e1g\u00f3 \u00e9s a rajzol\u00f3 modulok, ugyanazon a platformon kereszt\u00fcl <\/span><b>grav\u00edrozhat, v\u00e1ghat \u00e9s rajzolhat . R\u00e1ad\u00e1sul a Flap Switch l\u00e9g\u00e1raml\u00e1si \u00e9s sz\u0171r\u0151rendszer <\/b><span style=\"font-weight: 400;\">h\u00e1rom k\u00fcl\u00f6nb\u00f6z\u0151 \u00fczemm\u00f3dot t\u00e1mogat \u2013 magas h\u0151m\u00e9rs\u00e9klet\u0171, alacsony h\u0151m\u00e9rs\u00e9klet\u0171 \u00e9s l\u00e9zeres. Ez tiszta leveg\u0151t \u00e9s stabil h\u0151m\u00e9rs\u00e9kleti viszonyokat biztos\u00edt a feladatt\u00f3l f\u00fcggetlen\u00fcl.<\/span><\/p>\n<p><span style=\"font-weight: 400;\">A funkci\u00f3kban gazdag <\/span><b>AMS 2 Pro rendszer z\u00f6kken\u0151mentes t\u00f6bbsz\u00edn\u0171 \u00e9s t\u00f6bbanyagos nyomtat\u00e1st <\/b><span style=\"font-weight: 400;\">tesz lehet\u0151v\u00e9 , integr\u00e1lt <\/span><b>Filamentsz\u00e1r\u00edt\u00f3val <\/b><span style=\"font-weight: 400;\">a megb\u00edzhat\u00f3s\u00e1g n\u00f6vel\u00e9se \u00e9rdek\u00e9ben \u2013 m\u00e9g nedvess\u00e9gre \u00e9rz\u00e9keny Filamentek eset\u00e9n is.<\/span><\/p>\n<h2><strong>Vizu\u00e1lisan intuit\u00edv \u00e9s tart\u00f3sra tervezve<\/strong><\/h2>\n<p><b>alum\u00ednium\u00f6tv\u00f6zetb\u0151l k\u00e9sz\u00fclt h\u00e1zban <\/b><span style=\"font-weight: 400;\">elhelyezett H2S k\u0151kem\u00e9ny stabilit\u00e1st k\u00edn\u00e1l a nagy sebess\u00e9g\u0171, nagym\u00e9ret\u0171 nyomtat\u00e1shoz. Eleg\u00e1ns \u00e9rint\u0151k\u00e9perny\u0151s kezel\u0151fel\u00fclete reszponz\u00edv \u00e9s felhaszn\u00e1l\u00f3bar\u00e1t, \u00edgy g\u00f6rd\u00fcl\u00e9keny vez\u00e9rl\u00e9st biztos\u00edt a nyomtat\u00e1si feladat minden aspektusa felett.<\/span><\/p>\n<h2><strong>Mi\u00e9rt t\u0171nik ki a H2S?<\/strong><\/h2>\n<ul>\n<li style=\"font-weight: 400;\" aria-level=\"1\"><b>Gigantikus nyomtat\u00e1si volumen <\/b><span style=\"font-weight: 400;\">\u2013 Teljes m\u00e9ret\u0171 alkot\u00e1sok nyomtat\u00e1sa szegment\u00e1l\u00e1s n\u00e9lk\u00fcl<\/span><\/li>\n<li style=\"font-weight: 400;\" aria-level=\"1\"><b>Nagy sebess\u00e9g\u0171 kimenet <\/b><span style=\"font-weight: 400;\">\u2013 Ak\u00e1r 1000 mm\/s; a nyomatok 30%-kal gyorsabban elk\u00e9sz\u00fclnek<\/span><\/li>\n<li style=\"font-weight: 400;\" aria-level=\"1\"><b>Ipari prec\u00edzi\u00f3 <\/b><span style=\"font-weight: 400;\">\u2013 A k\u00e9pfeldolgoz\u00f3 \u00fatm\u00e9r\u0151 50 \u03bcm alatti pontoss\u00e1got biztos\u00edt<\/span><\/li>\n<li style=\"font-weight: 400;\" aria-level=\"1\"><b>Anyagsokoldal\u00fas\u00e1g <\/b><span style=\"font-weight: 400;\">\u2013 H\u0151m\u00e9rs\u00e9klet-\u00e9rz\u00e9keny \u00e9s fejlett Filamenteket is kezel<\/span><\/li>\n<li style=\"font-weight: 400;\" aria-level=\"1\"><b>Intelligens monitoroz\u00e1s <\/b><span style=\"font-weight: 400;\">\u2013 A mesters\u00e9ges intelligencia \u00e1ltal vez\u00e9relt biztons\u00e1gi rendszerek nyomon k\u00f6vetik a nyomatokat<\/span><\/li>\n<li style=\"font-weight: 400;\" aria-level=\"1\"><b>T\u00f6bbfunkci\u00f3s k\u00e9pess\u00e9g <\/b><span style=\"font-weight: 400;\">\u2013 3D nyomtat\u00e1st\u00f3l a l\u00e9zergrav\u00edroz\u00e1son \u00e9s v\u00e1g\u00e1son \u00e1t<\/span><\/li>\n<li aria-level=\"1\"><strong>Massz\u00edv \u00e9s eleg\u00e1ns kialak\u00edt\u00e1s<\/strong> \u2013 Tart\u00f3s fel\u00e9p\u00edt\u00e9s \u00e9s k\u00f6nnyen haszn\u00e1lhat\u00f3 fel\u00fclet<\/li>\n<\/ul>\n","protected":false},"excerpt":{"rendered":"<p>Bambu Lab H2S Combo 4 kilogramm AzureFilm Refill filamenttel \u00e9s egy Master Spool 4 darabos csomaggal kombin\u00e1lva.<\/p>\n<p><span style=\"color: #ed1c24;\"><b>Fontos: A 10 W-os l\u00e9zer- \u00e9s v\u00e1g\u00f3modul opcion\u00e1lis. Az aj\u00e1nlatunkban szerepl\u0151 H2S nem tartalmazza a l\u00e9zert.<\/b><\/span><\/p>\n","protected":false},"featured_media":91930,"comment_status":"closed","ping_status":"closed","template":"","meta":{"_acf_changed":false},"product_brand":[],"product_cat":[1677,1681,1679,1678,1680,2250],"product_tag":[],"brand":[1676],"class_list":{"0":"post-91890","1":"product","2":"type-product","3":"status-publish","4":"has-post-thumbnail","6":"product_cat-3d-nyomtato","7":"product_cat-bambu-lab-hu","8":"product_cat-elado","9":"product_cat-fdm-nyomtato","10":"product_cat-minden-3d-nyomtato","11":"product_cat-special-packs-hu","12":"brand-bambu-lab-hu","14":"first","15":"instock","16":"sale","17":"taxable","18":"shipping-taxable","19":"purchasable","20":"product-type-variable"},"acf":[],"_links":{"self":[{"href":"https:\/\/azurefilm.com\/hu\/wp-json\/wp\/v2\/product\/91890","targetHints":{"allow":["GET"]}}],"collection":[{"href":"https:\/\/azurefilm.com\/hu\/wp-json\/wp\/v2\/product"}],"about":[{"href":"https:\/\/azurefilm.com\/hu\/wp-json\/wp\/v2\/types\/product"}],"replies":[{"embeddable":true,"href":"https:\/\/azurefilm.com\/hu\/wp-json\/wp\/v2\/comments?post=91890"}],"wp:featuredmedia":[{"embeddable":true,"href":"https:\/\/azurefilm.com\/hu\/wp-json\/wp\/v2\/media\/91930"}],"wp:attachment":[{"href":"https:\/\/azurefilm.com\/hu\/wp-json\/wp\/v2\/media?parent=91890"}],"wp:term":[{"taxonomy":"product_brand","embeddable":true,"href":"https:\/\/azurefilm.com\/hu\/wp-json\/wp\/v2\/product_brand?post=91890"},{"taxonomy":"product_cat","embeddable":true,"href":"https:\/\/azurefilm.com\/hu\/wp-json\/wp\/v2\/product_cat?post=91890"},{"taxonomy":"product_tag","embeddable":true,"href":"https:\/\/azurefilm.com\/hu\/wp-json\/wp\/v2\/product_tag?post=91890"},{"taxonomy":"brand","embeddable":true,"href":"https:\/\/azurefilm.com\/hu\/wp-json\/wp\/v2\/brand?post=91890"}],"curies":[{"name":"wp","href":"https:\/\/api.w.org\/{rel}","templated":true}]}}