
{"id":91979,"date":"2025-09-09T07:50:26","date_gmt":"2025-09-09T07:50:26","guid":{"rendered":"https:\/\/azurefilm.com\/?post_type=product&#038;p=91979"},"modified":"2025-09-09T07:50:28","modified_gmt":"2025-09-09T07:50:28","slug":"creality-space-pi-filament-dryer-plus","status":"publish","type":"product","link":"https:\/\/azurefilm.com\/hu\/termek\/creality-space-pi-filament-dryer-plus\/","title":{"rendered":"Creality Space Pi Filament Dryer Plus"},"content":{"rendered":"<h2><strong>Creality Space Pi Filament Dryer Plus<\/strong><span style=\"font-weight: 400;\"><br \/>\n<\/span><\/h2>\n<p><span style=\"font-weight: 400;\">Emeld \u00faj szintre a 3D nyomtat\u00e1st a Creality Space Pi Filament Dryer Plus seg\u00edts\u00e9g\u00e9vel, amely biztos\u00edtja, hogy a filamentjeid mindig sz\u00e1razak \u00e9s azonnal nyomtathat\u00f3ak legyenek.<\/span><\/p>\n<h3><b>F\u0151 jellemz\u0151k<\/b><\/h3>\n<ul>\n<li style=\"font-weight: 400;\" aria-level=\"1\"><b>Dupla sz\u00e1r\u00edt\u00e1si kapacit\u00e1s<\/b><b><br \/>\n<\/b><span style=\"font-weight: 400;\">K\u00e9t darab 1 kg-os tekercset sz\u00e1r\u00edt egyszerre, n\u00e9gy filament kivezet\u00e9sen \u00e9s PTFE cs\u00f6v\u00f6n kereszt\u00fcl \u2013 t\u00f6k\u00e9letes k\u00e9t nyomtat\u00f3hoz vagy t\u00f6bb tekercs el\u0151k\u00e9sz\u00edt\u00e9s\u00e9hez.<\/span><\/li>\n<li style=\"font-weight: 400;\" aria-level=\"1\"><b>360\u00b0 PTC forr\u00f3leveg\u0151 keringet\u00e9s<\/b><b><br \/>\n<\/b><span style=\"font-weight: 400;\">Nagy hat\u00e9konys\u00e1g\u00fa PTC f\u0171t\u0151egys\u00e9g be\u00e9p\u00edtett ventil\u00e1torral, amely egyenletesen osztja el a h\u0151t a gyors \u00e9s megb\u00edzhat\u00f3 sz\u00e1r\u00edt\u00e1s\u00e9rt.<\/span><\/li>\n<li style=\"font-weight: 400;\" aria-level=\"1\"><b>Prec\u00edz vez\u00e9rl\u00e9s \u00e9s val\u00f3s idej\u0171 monitoroz\u00e1s<\/b><b><br \/>\n<\/b><span style=\"font-weight: 400;\">Egyszer\u0171en \u00e1ll\u00edthat\u00f3 h\u0151m\u00e9rs\u00e9klet (45 \u00b0C\u201370 \u00b0C) \u00e9s sz\u00e1r\u00edt\u00e1si id\u0151 (0\u201348 \u00f3ra) a 4\u2033 \u00e9rint\u0151kijelz\u0151n. Val\u00f3s id\u0151ben figyelhet\u0151 a h\u0151m\u00e9rs\u00e9klet \u00e9s a p\u00e1ratartalom.<\/span><\/li>\n<li style=\"font-weight: 400;\" aria-level=\"1\"><b>Okos egy\u00e9rint\u00e9ses el\u0151be\u00e1ll\u00edt\u00e1sok<\/b><b><br \/>\n<\/b><span style=\"font-weight: 400;\">Ak\u00e1r 12 f\u00e9le filamenthez v\u00e1laszthat\u00f3 program \u2013 PLA, ABS, PETG, TPU, ASA, PC, Nylon \u00e9s sz\u00e9nsz\u00e1las v\u00e1ltozataik.<\/span><\/li>\n<li style=\"font-weight: 400;\" aria-level=\"1\"><b>Felhaszn\u00e1l\u00f3bar\u00e1t kialak\u00edt\u00e1s mem\u00f3riafunkci\u00f3val<\/b><b><br \/>\n<\/b><span style=\"font-weight: 400;\">\u00c1ramkimarad\u00e1s ut\u00e1n automatikusan vissza\u00e1ll\u00edtja az utols\u00f3 be\u00e1ll\u00edt\u00e1sokat.<\/span><span style=\"font-weight: 400;\"><br \/>\n<\/span><\/li>\n<\/ul>\n<h3><b>El\u0151ny\u00f6k r\u00f6viden<\/b><\/h3>\n<ul>\n<li style=\"font-weight: 400;\" aria-level=\"1\"><span style=\"font-weight: 400;\">Megsz\u00fcnteti a gyakori hib\u00e1kat, mint a stringing, elt\u00f6m\u0151d\u00e9s vagy a rossz r\u00e9tegletapad\u00e1s.<\/span><\/li>\n<li style=\"font-weight: 400;\" aria-level=\"1\"><span style=\"font-weight: 400;\">Kompakt, modern kialak\u00edt\u00e1s b\u00e1rmely munkater\u00fcletre.<\/span><\/li>\n<li style=\"font-weight: 400;\" aria-level=\"1\"><span style=\"font-weight: 400;\">A felhaszn\u00e1l\u00f3k jelent\u0151s javul\u00e1st tapasztalnak a nyomtat\u00e1si min\u0151s\u00e9gben, k\u00fcl\u00f6n\u00f6sen a nedvess\u00e9gre \u00e9rz\u00e9keny anyagokn\u00e1l, mint a TPU.<\/span><span style=\"font-weight: 400;\"><br \/>\n<\/span><\/li>\n<\/ul>\n<h2><b>M\u0171szaki adatok<\/b><\/h2>\n<ul>\n<li style=\"font-weight: 400;\" aria-level=\"1\"><span style=\"font-weight: 400;\">Tekercskapacit\u00e1s: 2\u00d7 1 kg<\/span><\/li>\n<li style=\"font-weight: 400;\" aria-level=\"1\"><span style=\"font-weight: 400;\">F\u0171t\u00e9si technol\u00f3gia: PTC forr\u00f3leveg\u0151, 360\u00b0 keringet\u00e9s<\/span><\/li>\n<li style=\"font-weight: 400;\" aria-level=\"1\"><span style=\"font-weight: 400;\">H\u0151m\u00e9rs\u00e9klet-tartom\u00e1ny: 45 \u00b0C \u2013 70 \u00b0C<\/span><\/li>\n<li style=\"font-weight: 400;\" aria-level=\"1\"><span style=\"font-weight: 400;\">Id\u0151z\u00edt\u0151: 0 \u2013 48 \u00f3ra<\/span><\/li>\n<li style=\"font-weight: 400;\" aria-level=\"1\"><span style=\"font-weight: 400;\">Kezel\u0151fel\u00fclet: 4\u2033 \u00e9rint\u0151kijelz\u0151<\/span><\/li>\n<li style=\"font-weight: 400;\" aria-level=\"1\"><span style=\"font-weight: 400;\">Kompatibilis anyagok: PLA, ABS, PETG, TPU, ASA, PC, PA, PET, sz\u00e9nsz\u00e1las v\u00e1ltozatok<\/span><\/li>\n<li style=\"font-weight: 400;\" aria-level=\"1\"><span style=\"font-weight: 400;\">Extra funkci\u00f3k: mem\u00f3ria az utols\u00f3 be\u00e1ll\u00edt\u00e1sokhoz, val\u00f3s idej\u0171 p\u00e1ratartalom- \u00e9s h\u0151m\u00e9rs\u00e9kletm\u00e9r\u00e9s, egy\u00e9rint\u00e9ses el\u0151be\u00e1ll\u00edt\u00e1sok<\/span><span style=\"font-weight: 400;\"><br \/>\n<\/span><\/li>\n<\/ul>\n<h2><b>Mi\u00e9rt fontos<\/b><b><br \/>\n<\/b><\/h2>\n<p><span style=\"font-weight: 400;\">A sz\u00e1raz filament a kiv\u00e1l\u00f3 3D nyomatok alapja. A nedvess\u00e9g egyenetlen extrud\u00e1l\u00e1st \u00e9s gyenge alkatr\u00e9szeket okoz, k\u00fcl\u00f6n\u00f6sen a higroszk\u00f3pos anyagokn\u00e1l. A Space Pi Plus egyszer\u0171s\u00edti a t\u00f6bb tekercs el\u0151k\u00e9sz\u00edt\u00e9s\u00e9t, id\u0151t takar\u00edt meg \u00e9s megb\u00edzhat\u00f3s\u00e1got ny\u00fajt.<\/span><\/p>\n","protected":false},"excerpt":{"rendered":"<p><span style=\"font-weight: 400;\">Creality Space Pi Filament Dryer Plus \u2013 K\u00e9t tekercs kapacit\u00e1s kett\u0151s PTC 360\u00b0 forr\u00f3leveg\u0151s sz\u00e1r\u00edt\u00e1ssal a t\u00f6k\u00e9letes, nedvess\u00e9gmentes nyomatok\u00e9rt.<\/span><\/p>\n","protected":false},"featured_media":91986,"comment_status":"closed","ping_status":"closed","template":"","meta":{"_acf_changed":false},"product_brand":[],"product_cat":[2221,2238,2224],"product_tag":[],"brand":[],"class_list":{"0":"post-91979","1":"product","2":"type-product","3":"status-publish","4":"has-post-thumbnail","6":"product_cat-potalkatreszek","7":"product_cat-egyeb-tetelek","8":"product_cat-minden-potalkatresz","10":"first","11":"instock","12":"taxable","13":"shipping-taxable","14":"purchasable","15":"product-type-simple"},"acf":[],"_links":{"self":[{"href":"https:\/\/azurefilm.com\/hu\/wp-json\/wp\/v2\/product\/91979","targetHints":{"allow":["GET"]}}],"collection":[{"href":"https:\/\/azurefilm.com\/hu\/wp-json\/wp\/v2\/product"}],"about":[{"href":"https:\/\/azurefilm.com\/hu\/wp-json\/wp\/v2\/types\/product"}],"replies":[{"embeddable":true,"href":"https:\/\/azurefilm.com\/hu\/wp-json\/wp\/v2\/comments?post=91979"}],"wp:featuredmedia":[{"embeddable":true,"href":"https:\/\/azurefilm.com\/hu\/wp-json\/wp\/v2\/media\/91986"}],"wp:attachment":[{"href":"https:\/\/azurefilm.com\/hu\/wp-json\/wp\/v2\/media?parent=91979"}],"wp:term":[{"taxonomy":"product_brand","embeddable":true,"href":"https:\/\/azurefilm.com\/hu\/wp-json\/wp\/v2\/product_brand?post=91979"},{"taxonomy":"product_cat","embeddable":true,"href":"https:\/\/azurefilm.com\/hu\/wp-json\/wp\/v2\/product_cat?post=91979"},{"taxonomy":"product_tag","embeddable":true,"href":"https:\/\/azurefilm.com\/hu\/wp-json\/wp\/v2\/product_tag?post=91979"},{"taxonomy":"brand","embeddable":true,"href":"https:\/\/azurefilm.com\/hu\/wp-json\/wp\/v2\/brand?post=91979"}],"curies":[{"name":"wp","href":"https:\/\/api.w.org\/{rel}","templated":true}]}}