
{"id":92081,"date":"2025-09-10T07:56:29","date_gmt":"2025-09-10T07:56:29","guid":{"rendered":"https:\/\/azurefilm.com\/?post_type=product&#038;p=92081"},"modified":"2025-09-10T07:56:31","modified_gmt":"2025-09-10T07:56:31","slug":"bambu-lab-h2d-pro-combo","status":"publish","type":"product","link":"https:\/\/azurefilm.com\/hu\/termek\/bambu-lab-h2d-pro-combo\/","title":{"rendered":"Bambu Lab H2D Pro Combo"},"content":{"rendered":"<p><span style=\"font-weight: 400;\">A <\/span><b>Bambu Lab H2D Pro Combo <\/b><span style=\"font-weight: 400;\">egy professzion\u00e1lis min\u0151s\u00e9g\u0171 3D nyomtat\u00f3, amelyet ig\u00e9nyes k\u00f6rnyezetekre terveztek, ahol a pontoss\u00e1g, a megb\u00edzhat\u00f3s\u00e1g \u00e9s a biztons\u00e1g elengedhetetlen. Akt\u00edvan f\u0171t\u00f6tt kamr\u00e1j\u00e1nak, magas h\u0151m\u00e9rs\u00e9klet\u0171 kett\u0151s f\u00fav\u00f3k\u00e1inak \u00e9s v\u00e1llalati csatlakoztat\u00e1si lehet\u0151s\u00e9geinek k\u00f6sz\u00f6nhet\u0151en ide\u00e1lis ipari alkalmaz\u00e1sokhoz \u00e9s fejlett protot\u00edpus-k\u00e9sz\u00edt\u00e9shez.<\/span><\/p>\n<h2><strong>F\u0151bb jellemz\u0151k:<\/strong><\/h2>\n<ul>\n<li style=\"font-weight: 400;\" aria-level=\"1\"><b>Nagy nyomtat\u00e1si t\u00e9rfogat <\/b><span style=\"font-weight: 400;\">: 325\u00d7320\u00d7325 mm (egyetlen extrud\u00e1l\u00e1s) \/ ak\u00e1r 350\u00d7320\u00d7325 mm (kett\u0151s extrud\u00e1l\u00e1s) nagy alkatr\u00e9szek vagy t\u00f6bb komponens egyetlen futtat\u00e1sban t\u00f6rt\u00e9n\u0151 nyomtat\u00e1s\u00e1hoz.<\/span><span style=\"font-weight: 400;\"><br \/>\n<\/span><\/li>\n<li style=\"font-weight: 400;\" aria-level=\"1\"><b>Magas h\u0151m\u00e9rs\u00e9klet\u0171 nyomtat\u00e1s <\/b><span style=\"font-weight: 400;\">: Kett\u0151s f\u00fav\u00f3k\u00e1k, amelyek k\u00e9pesek el\u00e9rni <\/span><b>a 350\u00b0C-ot <\/b><span style=\"font-weight: 400;\">, optimaliz\u00e1lva a m\u0171szaki filamentekhez \u00e9s a sz\u00e1ler\u0151s\u00edt\u00e9s\u0171 anyagokhoz.<\/span><span style=\"font-weight: 400;\"><br \/>\n<\/span><\/li>\n<li style=\"font-weight: 400;\" aria-level=\"1\"><b>Akt\u00edvan f\u0171t\u00f6tt kamra <\/b><span style=\"font-weight: 400;\">: Ak\u00e1r <\/span><b>65\u00b0C- on is tarthat\u00f3 a h\u0151m\u00e9rs\u00e9klet <\/b><span style=\"font-weight: 400;\">, \u00edgy biztos\u00edtva a stabil, vetemed\u00e9smentes eredm\u00e9nyeket m\u0171szaki anyagokkal.<\/span><span style=\"font-weight: 400;\"><br \/>\n<\/span><\/li>\n<li style=\"font-weight: 400;\" aria-level=\"1\"><b>Tart\u00f3s f\u00fav\u00f3karendszer : Volfr\u00e1m-karbid f\u00fav\u00f3k\u00e1val (HRA 90) <\/b><span style=\"font-weight: 400;\">felszerelve , amely hossz\u00fa \u00e9lettartamot \u00e9s kop\u00e1s\u00e1ll\u00f3s\u00e1got biztos\u00edt abraz\u00edv filamentekkel t\u00f6rt\u00e9n\u0151 nyomtat\u00e1s sor\u00e1n.<\/span><span style=\"font-weight: 400;\"><br \/>\n<\/span><\/li>\n<li style=\"font-weight: 400;\" aria-level=\"1\"><b>Pontoss\u00e1g \u00e9s precizit\u00e1s <\/b><span style=\"font-weight: 400;\">: Ak\u00e1r <\/span><b>50 \u00b5m-es mozg\u00e1spontoss\u00e1g <\/b><span style=\"font-weight: 400;\">, amelyet egy Vision Encoder rendszer t\u00e1mogat az \u00e1lland\u00f3 r\u00e9tegpontoss\u00e1g \u00e9rdek\u00e9ben.<\/span><span style=\"font-weight: 400;\"><br \/>\n<\/span><\/li>\n<li style=\"font-weight: 400;\" aria-level=\"1\"><b>V\u00e1llalati szint\u0171 kapcsolat <\/b><span style=\"font-weight: 400;\">: T\u00e1mogatja <\/span><b>a WPA2-Enterprise Wi-Fi <\/b><span style=\"font-weight: 400;\">(EAP-PEAP, EAP-TLS, EAP-TTLS) \u00e9s Ethernet szabv\u00e1nyt, valamint <\/span><b>fizikai h\u00e1l\u00f3zati v\u00e9szle\u00e1ll\u00edt\u00f3 kapcsol\u00f3val rendelkezik <\/b><span style=\"font-weight: 400;\">a biztons\u00e1gos m\u0171k\u00f6d\u00e9s \u00e9rdek\u00e9ben.<\/span><span style=\"font-weight: 400;\"><br \/>\n<\/span><\/li>\n<li style=\"font-weight: 400;\" aria-level=\"1\"><b>Nagy teljes\u00edtm\u00e9ny\u0171 hardver <\/b><span style=\"font-weight: 400;\">: A fejlett, t\u00f6bbmagos processzorok dedik\u00e1lt mesters\u00e9ges intelligencia \u00e1ltal vez\u00e9relt gyors\u00edt\u00e1ssal biztos\u00edtj\u00e1k az \u00f6sszetett nyomtat\u00e1si feladatok z\u00f6kken\u0151mentes kezel\u00e9s\u00e9t.<\/span><span style=\"font-weight: 400;\"><br \/>\n<\/span><\/li>\n<li style=\"font-weight: 400;\" aria-level=\"1\"><b>Teljes csomag <\/b><span style=\"font-weight: 400;\">: Tartalmazza az AMS 2 Pro \u00e9s az AMS HT eszk\u00f6z\u00f6ket a rugalmas Filament-kezel\u00e9shez.<\/span><span style=\"font-weight: 400;\"><br \/>\n<\/span><\/li>\n<\/ul>\n<h2><strong>Mi\u00e9rt v\u00e1lassza a H2D Pro-t?<\/strong><\/h2>\n<p><span style=\"font-weight: 400;\">A H2D Pro professzion\u00e1lis felhaszn\u00e1l\u00f3k sz\u00e1m\u00e1ra k\u00e9sz\u00fclt, akiknek a sebess\u00e9gn\u00e9l \u00e9s a min\u0151s\u00e9gn\u00e9l t\u00f6bbre van sz\u00fcks\u00e9g\u00fck \u2013 <\/span><b>ipari megb\u00edzhat\u00f3s\u00e1got, fokozott biztons\u00e1got \u00e9s fejlett h\u0151szab\u00e1lyoz\u00e1st biztos\u00edt <\/b><span style=\"font-weight: 400;\">a termel\u00e9si vagy kutat\u00e1s-fejleszt\u00e9si k\u00f6rnyezetben egyar\u00e1nt el\u00e9rhet\u0151 konzisztens eredm\u00e9nyek \u00e9rdek\u00e9ben.<\/span><\/p>\n","protected":false},"excerpt":{"rendered":"<p><span style=\"font-weight: 400;\">A <\/span><b>Bambu Lab H2D Pro Combo ipari megb\u00edzhat\u00f3s\u00e1got <\/b><span style=\"font-weight: 400;\">biztos\u00edt <\/span><b>ak\u00e1r 350 \u00b0C-ig terjed\u0151 kett\u0151s f\u00fav\u00f3k\u00e1val<\/b><span style=\"font-weight: 400;\">, egy <\/span><b>65 \u00b0C-os akt\u00edvan f\u0171t\u00f6tt kamr\u00e1val <\/b><span style=\"font-weight: 400;\">\u00e9s egy abraz\u00edv, sz\u00e1lakkal t\u00f6lt\u00f6tt anyagoknak ellen\u00e1ll\u00f3 <\/span><b>volfr\u00e1m-karbid f\u00fav\u00f3k\u00e1val.<\/b><\/p>\n<p><span style=\"font-weight: 400;\">A <\/span><b>325\u00d7320\u00d7325 mm-es gy\u00e1rt\u00e1si t\u00e9rfogattal<\/b><span style=\"font-weight: 400;\">, <\/span><b>a \u00b150 \u00b5m-es mozg\u00e1spontoss\u00e1ggal <\/b><span style=\"font-weight: 400;\">\u00e9s <\/span><b>a Vision Encoder kalibr\u00e1l\u00e1s\u00e1val minden alkalommal prec\u00edz, vetemed\u00e9smentes alkatr\u00e9szeket <\/b><span style=\"font-weight: 400;\">garant\u00e1l .<\/span><\/p>\n<p><b>WPA2-Enterprise Wi-Fi-t <\/b><span style=\"font-weight: 400;\">, <\/span><b>Ethernet-kapcsolatot <\/b><span style=\"font-weight: 400;\">\u00e9s <\/span><b>fizikai h\u00e1l\u00f3zati v\u00e9szle\u00e1ll\u00edt\u00f3 kapcsol\u00f3t <\/b><span style=\"font-weight: 400;\">k\u00edn\u00e1l a maxim\u00e1lis biztons\u00e1g \u00e9rdek\u00e9ben, m\u00edg az <\/span><b>AMS 2 Pro <\/b><span style=\"font-weight: 400;\">\u00e9s <\/span><b>az AMS HT <\/b><span style=\"font-weight: 400;\">z\u00f6kken\u0151mentes, t\u00f6bb anyaggal kompatibilis munkafolyamatokat biztos\u00edt.<\/span><\/p>\n","protected":false},"featured_media":92083,"comment_status":"closed","ping_status":"closed","template":"","meta":{"_acf_changed":false},"product_brand":[],"product_cat":[1677,1681,1679,1678,1680],"product_tag":[],"brand":[],"class_list":{"0":"post-92081","1":"product","2":"type-product","3":"status-publish","4":"has-post-thumbnail","6":"product_cat-3d-nyomtato","7":"product_cat-bambu-lab-hu","8":"product_cat-elado","9":"product_cat-fdm-nyomtato","10":"product_cat-minden-3d-nyomtato","12":"first","13":"instock","14":"sale","15":"featured","16":"taxable","17":"shipping-taxable","18":"purchasable","19":"product-type-simple"},"acf":[],"_links":{"self":[{"href":"https:\/\/azurefilm.com\/hu\/wp-json\/wp\/v2\/product\/92081","targetHints":{"allow":["GET"]}}],"collection":[{"href":"https:\/\/azurefilm.com\/hu\/wp-json\/wp\/v2\/product"}],"about":[{"href":"https:\/\/azurefilm.com\/hu\/wp-json\/wp\/v2\/types\/product"}],"replies":[{"embeddable":true,"href":"https:\/\/azurefilm.com\/hu\/wp-json\/wp\/v2\/comments?post=92081"}],"wp:featuredmedia":[{"embeddable":true,"href":"https:\/\/azurefilm.com\/hu\/wp-json\/wp\/v2\/media\/92083"}],"wp:attachment":[{"href":"https:\/\/azurefilm.com\/hu\/wp-json\/wp\/v2\/media?parent=92081"}],"wp:term":[{"taxonomy":"product_brand","embeddable":true,"href":"https:\/\/azurefilm.com\/hu\/wp-json\/wp\/v2\/product_brand?post=92081"},{"taxonomy":"product_cat","embeddable":true,"href":"https:\/\/azurefilm.com\/hu\/wp-json\/wp\/v2\/product_cat?post=92081"},{"taxonomy":"product_tag","embeddable":true,"href":"https:\/\/azurefilm.com\/hu\/wp-json\/wp\/v2\/product_tag?post=92081"},{"taxonomy":"brand","embeddable":true,"href":"https:\/\/azurefilm.com\/hu\/wp-json\/wp\/v2\/brand?post=92081"}],"curies":[{"name":"wp","href":"https:\/\/api.w.org\/{rel}","templated":true}]}}