
{"id":92168,"date":"2025-09-10T07:58:52","date_gmt":"2025-09-10T07:58:52","guid":{"rendered":"https:\/\/azurefilm.com\/?post_type=product&#038;p=92168"},"modified":"2025-09-10T07:58:55","modified_gmt":"2025-09-10T07:58:55","slug":"bambu-lab-h2d-es-h2s-edzett-acel-fuvoka","status":"publish","type":"product","link":"https:\/\/azurefilm.com\/hu\/termek\/bambu-lab-h2d-es-h2s-edzett-acel-fuvoka\/","title":{"rendered":"Bambu Lab H2D \u00e9s H2S edzett ac\u00e9l f\u00fav\u00f3ka"},"content":{"rendered":"<p><span style=\"font-weight: 400;\">A <\/span><b>Bambu Lab edzett ac\u00e9l f\u00fav\u00f3ka <\/b><span style=\"font-weight: 400;\">kompatibilis <\/span><b>a H2D, H2S \u00e9s H2D Pro <\/b><span style=\"font-weight: 400;\">3D nyomtat\u00f3kkal, \u00e9s tart\u00f3ss\u00e1gra, valamint abraz\u00edv \u00e9s sz\u00e1lt\u00f6lt\u00e9s\u0171 Filamentek egyenletes teljes\u00edtm\u00e9ny\u00e9re tervezt\u00e9k.<\/span><\/p>\n<h3><strong>F\u0151bb jellemz\u0151k:<\/strong><\/h3>\n<ul>\n<li style=\"font-weight: 400;\" aria-level=\"1\"><b>Anyag: <\/b><span style=\"font-weight: 400;\">Edzett ac\u00e9l a hosszabb \u00e9lettartam \u00e9s kop\u00e1s\u00e1ll\u00f3s\u00e1g \u00e9rdek\u00e9ben<\/span><\/li>\n<li style=\"font-weight: 400;\" aria-level=\"1\"><b>F\u00fav\u00f3kam\u00e9retek: <\/b><span style=\"font-weight: 400;\">0,2 mm, 0,4 mm, 0,6 mm, 0,8 mm \u2013 a r\u00e9tegmagass\u00e1g \u00e9s a nyomtat\u00e1si sebess\u00e9g pontos szab\u00e1lyoz\u00e1s\u00e1hoz<\/span><\/li>\n<li style=\"font-weight: 400;\" aria-level=\"1\"><b>Kompatibilit\u00e1s: <\/b><span style=\"font-weight: 400;\">Z\u00f6kken\u0151mentesen m\u0171k\u00f6dik <\/span><b>a Bambu Lab H2D, H2S \u00e9s H2D Pro k\u00e9sz\u00fcl\u00e9kekkel<\/b><\/li>\n<li style=\"font-weight: 400;\" aria-level=\"1\"><b>Haszn\u00e1lati eset: Ide\u00e1lis m\u0171szaki filamentek <\/b><span style=\"font-weight: 400;\">, kompozitok \u00e9s m\u00e1s abraz\u00edv anyagok nyomtat\u00e1s\u00e1hoz a f\u00fav\u00f3ka integrit\u00e1s\u00e1nak vesz\u00e9lyeztet\u00e9se n\u00e9lk\u00fcl<\/span><\/li>\n<\/ul>\n<p><span style=\"font-weight: 400;\">Friss\u00edtse nyomtat\u00f3j\u00e1t ezekkel a f\u00fav\u00f3k\u00e1kkal, hogy biztos\u00edtsa <\/span><b>az egyenletes extrud\u00e1l\u00e1st, a tart\u00f3s teljes\u00edtm\u00e9nyt \u00e9s a kiv\u00e1l\u00f3 min\u0151s\u00e9g\u0171 eredm\u00e9nyeket <\/b><span style=\"font-weight: 400;\">sz\u00e1mos anyagon.<\/span><\/p>\n","protected":false},"excerpt":{"rendered":"<p><span style=\"font-weight: 400;\">A Bambu Lab edzett ac\u00e9l f\u00fav\u00f3ka tart\u00f3s \u00e9s prec\u00edz nyomtat\u00e1st biztos\u00edt abraz\u00edv \u00e9s sz\u00e1lakkal t\u00f6lt\u00f6tt filamentekkel.<\/span><\/p>\n<p><b>0,2 mm, 0,4 mm, 0,6 mm \u00e9s 0,8 mm-es <\/b><span style=\"font-weight: 400;\">m\u00e9retekben kaphat\u00f3 , \u00e9s z\u00f6kken\u0151mentesen m\u0171k\u00f6dik <\/span><b>a H2D, H2S \u00e9s H2D Pro k\u00e9sz\u00fcl\u00e9kekkel, \u00edgy minden alkalommal megb\u00edzhat\u00f3, kiv\u00e1l\u00f3 min\u0151s\u00e9g\u0171 eredm\u00e9nyeket <\/b><span style=\"font-weight: 400;\">biztos\u00edt.<\/span><\/p>\n","protected":false},"featured_media":92205,"comment_status":"closed","ping_status":"closed","template":"","meta":{"_acf_changed":false},"product_brand":[],"product_cat":[2221,2243,2226,2224],"product_tag":[],"brand":[1676],"class_list":{"0":"post-92168","1":"product","2":"type-product","3":"status-publish","4":"has-post-thumbnail","6":"product_cat-potalkatreszek","7":"product_cat-edzett-es-kopasallo-fuvokak","8":"product_cat-fuvoszarnyak","9":"product_cat-minden-potalkatresz","10":"pa_compatible-with-bambulab-fdm-3d-nyomtatok","11":"pa_fits-printer-bambu-lab-h2d-h2d-pro-h2s","12":"pa_nozzle-diameter-0-2mm-hu","13":"pa_nozzle-diameter-0-4mm-hu","14":"pa_nozzle-diameter-0-6mm-hu","15":"pa_nozzle-diameter-0-8mm-hu","16":"brand-bambu-lab-hu","18":"first","19":"outofstock","20":"taxable","21":"shipping-taxable","22":"purchasable","23":"product-type-variable"},"acf":[],"_links":{"self":[{"href":"https:\/\/azurefilm.com\/hu\/wp-json\/wp\/v2\/product\/92168","targetHints":{"allow":["GET"]}}],"collection":[{"href":"https:\/\/azurefilm.com\/hu\/wp-json\/wp\/v2\/product"}],"about":[{"href":"https:\/\/azurefilm.com\/hu\/wp-json\/wp\/v2\/types\/product"}],"replies":[{"embeddable":true,"href":"https:\/\/azurefilm.com\/hu\/wp-json\/wp\/v2\/comments?post=92168"}],"wp:featuredmedia":[{"embeddable":true,"href":"https:\/\/azurefilm.com\/hu\/wp-json\/wp\/v2\/media\/92205"}],"wp:attachment":[{"href":"https:\/\/azurefilm.com\/hu\/wp-json\/wp\/v2\/media?parent=92168"}],"wp:term":[{"taxonomy":"product_brand","embeddable":true,"href":"https:\/\/azurefilm.com\/hu\/wp-json\/wp\/v2\/product_brand?post=92168"},{"taxonomy":"product_cat","embeddable":true,"href":"https:\/\/azurefilm.com\/hu\/wp-json\/wp\/v2\/product_cat?post=92168"},{"taxonomy":"product_tag","embeddable":true,"href":"https:\/\/azurefilm.com\/hu\/wp-json\/wp\/v2\/product_tag?post=92168"},{"taxonomy":"brand","embeddable":true,"href":"https:\/\/azurefilm.com\/hu\/wp-json\/wp\/v2\/brand?post=92168"}],"curies":[{"name":"wp","href":"https:\/\/api.w.org\/{rel}","templated":true}]}}