
{"id":92187,"date":"2025-09-10T07:59:52","date_gmt":"2025-09-10T07:59:52","guid":{"rendered":"https:\/\/azurefilm.com\/?post_type=product&#038;p=92187"},"modified":"2025-09-10T07:59:55","modified_gmt":"2025-09-10T07:59:55","slug":"bambu-lab-h2d-es-h2s-nagy-aramlasu-fuvoka-04-mm","status":"publish","type":"product","link":"https:\/\/azurefilm.com\/hu\/termek\/bambu-lab-h2d-es-h2s-nagy-aramlasu-fuvoka-04-mm\/","title":{"rendered":"Bambu Lab H2D \u00e9s H2S nagy \u00e1raml\u00e1s\u00fa f\u00fav\u00f3ka 0,4 mm"},"content":{"rendered":"<p><span style=\"font-weight: 400;\">A <\/span><b>Bambu Lab Hi Flow f\u00fav\u00f3ka H2D, H2S \u00e9s H2D Pro 3D nyomtat\u00f3khoz <\/b><span style=\"font-weight: 400;\">k\u00e9sz\u00fclt , <\/span><b>nagy sebess\u00e9g\u0171 nyomtat\u00e1sra <\/b><span style=\"font-weight: 400;\">\u00e9s <\/span><b>nagy volumen\u0171 extrud\u00e1l\u00e1sra <\/b><span style=\"font-weight: 400;\">optimaliz\u00e1lva . T\u00f6k\u00e9letes azoknak a felhaszn\u00e1l\u00f3knak, akik gyorsabb nyomtat\u00e1st szeretn\u00e9nek a min\u0151s\u00e9g fel\u00e1ldoz\u00e1sa n\u00e9lk\u00fcl.<\/span><\/p>\n<h3><strong>F\u0151bb jellemz\u0151k:<\/strong><\/h3>\n<ul>\n<li style=\"font-weight: 400;\" aria-level=\"1\"><b>F\u00fav\u00f3kam\u00e9ret: <\/b><span style=\"font-weight: 400;\">0,4 mm a kiegyens\u00falyozott pontoss\u00e1g \u00e9s a nagy \u00e1raml\u00e1s\u00fa nyomtat\u00e1s \u00e9rdek\u00e9ben<\/span><\/li>\n<li style=\"font-weight: 400;\" aria-level=\"1\"><b>Nagy \u00e1raml\u00e1s\u00fa kialak\u00edt\u00e1s: <\/b><span style=\"font-weight: 400;\">T\u00e1mogatja a megn\u00f6velt extrud\u00e1l\u00e1si sebess\u00e9get a gyorsabb r\u00e9teglerak\u00f3d\u00e1s \u00e9rdek\u00e9ben<\/span><\/li>\n<li style=\"font-weight: 400;\" aria-level=\"1\"><b>Kompatibilit\u00e1s: <\/b><span style=\"font-weight: 400;\">M\u0171k\u00f6dik <\/span><b>a Bambu Lab H2D, H2S \u00e9s H2D Pro k\u00e9sz\u00fcl\u00e9kekkel<\/b><\/li>\n<li style=\"font-weight: 400;\" aria-level=\"1\"><b>Haszn\u00e1lati eset: Ide\u00e1lis nagym\u00e9ret\u0171 alkatr\u00e9szek <\/b><span style=\"font-weight: 400;\">nyomtat\u00e1s\u00e1hoz vagy <\/span><b>nagy sebess\u00e9g\u0171 gy\u00e1rt\u00e1st ig\u00e9nyl\u0151 projektekhez<\/b><\/li>\n<\/ul>\n<p><span style=\"font-weight: 400;\">V\u00e1ltson <\/span><b>Hi Flow f\u00fav\u00f3k\u00e1ra a megb\u00edzhat\u00f3, nagy sebess\u00e9g\u0171 nyomtat\u00e1s\u00e9rt, <\/b><span style=\"font-weight: 400;\">konzisztens eredm\u00e9nyekkel \u00e9s cs\u00f6kkentett nyomtat\u00e1si id\u0151vel.<\/span><\/p>\n","protected":false},"excerpt":{"rendered":"<p><span style=\"font-weight: 400;\">A Bambu Lab Hi Flow 0,4 mm-es f\u00fav\u00f3ka <\/span><b>nagy sebess\u00e9g\u0171, nagy volumen\u0171 nyomtat\u00e1st biztos\u00edt <\/b><span style=\"font-weight: 400;\">a min\u0151s\u00e9g fel\u00e1ldoz\u00e1sa n\u00e9lk\u00fcl.<\/span><\/p>\n<p><span style=\"font-weight: 400;\">Kompatibilis <\/span><b>a H2D, H2S \u00e9s H2D Pro rendszerekkel <\/b><span style=\"font-weight: 400;\">, \u00e9s biztos\u00edtja a nagy alkatr\u00e9szek <\/span><b>egyenletes extrud\u00e1l\u00e1s\u00e1t \u00e9s a gyors gy\u00e1rt\u00e1st<\/b><span style=\"font-weight: 400;\">.<\/span><\/p>\n","protected":false},"featured_media":92230,"comment_status":"closed","ping_status":"closed","template":"","meta":{"_acf_changed":false},"product_brand":[],"product_cat":[2221,2243,2226,2224],"product_tag":[],"brand":[],"class_list":{"0":"post-92187","1":"product","2":"type-product","3":"status-publish","4":"has-post-thumbnail","6":"product_cat-potalkatreszek","7":"product_cat-edzett-es-kopasallo-fuvokak","8":"product_cat-fuvoszarnyak","9":"product_cat-minden-potalkatresz","10":"pa_compatible-with-bambulab-fdm-3d-printers","11":"pa_fits-printer-bambu-lab-h2d-h2d-pro-h2s","13":"first","14":"outofstock","15":"taxable","16":"shipping-taxable","17":"purchasable","18":"product-type-simple"},"acf":[],"_links":{"self":[{"href":"https:\/\/azurefilm.com\/hu\/wp-json\/wp\/v2\/product\/92187","targetHints":{"allow":["GET"]}}],"collection":[{"href":"https:\/\/azurefilm.com\/hu\/wp-json\/wp\/v2\/product"}],"about":[{"href":"https:\/\/azurefilm.com\/hu\/wp-json\/wp\/v2\/types\/product"}],"replies":[{"embeddable":true,"href":"https:\/\/azurefilm.com\/hu\/wp-json\/wp\/v2\/comments?post=92187"}],"wp:featuredmedia":[{"embeddable":true,"href":"https:\/\/azurefilm.com\/hu\/wp-json\/wp\/v2\/media\/92230"}],"wp:attachment":[{"href":"https:\/\/azurefilm.com\/hu\/wp-json\/wp\/v2\/media?parent=92187"}],"wp:term":[{"taxonomy":"product_brand","embeddable":true,"href":"https:\/\/azurefilm.com\/hu\/wp-json\/wp\/v2\/product_brand?post=92187"},{"taxonomy":"product_cat","embeddable":true,"href":"https:\/\/azurefilm.com\/hu\/wp-json\/wp\/v2\/product_cat?post=92187"},{"taxonomy":"product_tag","embeddable":true,"href":"https:\/\/azurefilm.com\/hu\/wp-json\/wp\/v2\/product_tag?post=92187"},{"taxonomy":"brand","embeddable":true,"href":"https:\/\/azurefilm.com\/hu\/wp-json\/wp\/v2\/brand?post=92187"}],"curies":[{"name":"wp","href":"https:\/\/api.w.org\/{rel}","templated":true}]}}