
{"id":92714,"date":"2025-09-19T06:28:33","date_gmt":"2025-09-19T06:28:33","guid":{"rendered":"https:\/\/azurefilm.com\/?post_type=product&#038;p=92714"},"modified":"2025-09-19T06:28:35","modified_gmt":"2025-09-19T06:28:35","slug":"creality-k2-combo","status":"publish","type":"product","link":"https:\/\/azurefilm.com\/hu\/termek\/creality-k2-combo\/","title":{"rendered":"Creality K2 Combo"},"content":{"rendered":"<h2><strong>Creality K2 Combo \u2013 gyors, t\u00f6bb\u00adsz\u00edn\u0171 CoreXY, mindenki sz\u00e1m\u00e1ra el\u00e9rhet\u0151<\/strong><\/h2>\n<p><span style=\"font-weight: 400;\">Emelje magasabb szintre a 3D nyomtat\u00e1st a <\/span><b>Creality K2 Combo<\/b><span style=\"font-weight: 400;\"> seg\u00edts\u00e9g\u00e9vel \u2013 egy intelligens, gyors \u00e9s t\u00f6bb\u00adsz\u00edn\u0171 3D nyomtat\u00f3val, amelyet azoknak terveztek, akik kiv\u00e1l\u00f3 teljes\u00edtm\u00e9nyt szeretn\u00e9nek hatalmas g\u00e9p n\u00e9lk\u00fcl. A m\u00e9ret, a sebess\u00e9g \u00e9s az okos funkci\u00f3k kiegyens\u00falyozott kombin\u00e1ci\u00f3j\u00e1val a K2 Combo professzion\u00e1lis eredm\u00e9nyeket ny\u00fajt kompakt kivitelben.<\/span><\/p>\n<h2><strong>Mi\u00e9rt j\u00f3 v\u00e1laszt\u00e1s a K2 Combo?<\/strong><\/h2>\n<h3><b>T\u00f6k\u00e9letes m\u00e9ret minden m\u0171helybe<\/b><b><br \/>\n<\/b><\/h3>\n<p><span style=\"font-weight: 400;\">A <\/span><b>260\u00d7260\u00d7260 mm<\/b><span style=\"font-weight: 400;\"> nyomtat\u00e1si t\u00e9rfogattal a K2 Combo el\u00e9g helyet k\u00edn\u00e1l nagyobb protot\u00edpusokhoz, cosplay darabokhoz vagy t\u00f6bb kisebb modellhez egyszerre \u2013 an\u00e9lk\u00fcl, hogy a f\u00e1jlokat darabolni kellene.<\/span><\/p>\n<h3><b>Sebess\u00e9g kompromisszumok n\u00e9lk\u00fcl<\/b><b><br \/>\n<\/b><\/h3>\n<p><span style=\"font-weight: 400;\">Ak\u00e1r <\/span><b>600 mm\/s sebess\u00e9g<\/b><span style=\"font-weight: 400;\"> \u00e9s <\/span><b>20.000 mm\/s\u00b2 gyorsul\u00e1s<\/b><span style=\"font-weight: 400;\">, FOC step-servo motorokkal az X\/Y tengelyeken \u00e9s az extruderen, a gyors \u00e9s pontos nyomtat\u00e1s \u00e9rdek\u00e9ben.<\/span><\/p>\n<h3><b>T\u00f6bb\u00adsz\u00edn\u0171 nyomtat\u00e1s<\/b><b><br \/>\n<\/b><\/h3>\n<p><span style=\"font-weight: 400;\">A <\/span><i><span style=\"font-weight: 400;\">Combo<\/span><\/i><span style=\"font-weight: 400;\"> verzi\u00f3 tartalmaz egy <\/span><b>CFS (Creality Filament System)<\/b><span style=\"font-weight: 400;\"> egys\u00e9get, amely automatikus filamentv\u00e1lt\u00e1st \u00e9s ak\u00e1r <\/span><b>16 sz\u00ednt<\/b><span style=\"font-weight: 400;\"> tesz lehet\u0151v\u00e9 (4 CFS egys\u00e9ggel). Az intelligens szeletel\u00e9s \u00e9s filament-kezel\u00e9s egyszer\u0171v\u00e9 \u00e9s megb\u00edzhat\u00f3v\u00e1 teszi a haszn\u00e1latot.<\/span><\/p>\n<h3><b>Massz\u00edv fel\u00e9p\u00edt\u00e9s \u00e9s halk m\u0171k\u00f6d\u00e9s<\/b><b><br \/>\n<\/b><\/h3>\n<p><span style=\"font-weight: 400;\">A rep\u00fcl\u0151g\u00e9pipari min\u0151s\u00e9g\u0171 alum\u00ednium v\u00e1z stabilit\u00e1st biztos\u00edt m\u00e9g nagy sebess\u00e9gn\u00e9l is. A kiegyens\u00falyozott ventil\u00e1torokkal \u00e9s servo motorokkal a nyomtat\u00f3 csendesen \u00e9s megb\u00edzhat\u00f3an m\u0171k\u00f6dik.<\/span><\/p>\n<h3><b>Okos funkci\u00f3k a sikeres nyomtat\u00e1sok\u00e9rt<\/b><\/h3>\n<ul>\n<li style=\"font-weight: 400;\" aria-level=\"1\"><span style=\"font-weight: 400;\">Helyi automatikus szintez\u00e9s csak ott, ahol sz\u00fcks\u00e9ges \u2013 id\u0151t takar\u00edt meg \u00e9s n\u00f6veli a pontoss\u00e1got.<\/span><\/li>\n<li style=\"font-weight: 400;\" aria-level=\"1\"><span style=\"font-weight: 400;\">Filament\u00e9rz\u00e9kel\u0151 \u00e9s <\/span><b>m\u00e1gneses v\u00e1g\u00f3<\/b><span style=\"font-weight: 400;\"> a tiszta v\u00e1lt\u00e1sokhoz.<\/span><\/li>\n<li style=\"font-weight: 400;\" aria-level=\"1\"><span style=\"font-weight: 400;\">Nyomtat\u00e1si hib\u00e1k felismer\u00e9se, hogy elker\u00fclje az id\u0151- \u00e9s anyagvesztes\u00e9get a <\/span><i><span style=\"font-weight: 400;\">spaghetti<\/span><\/i><span style=\"font-weight: 400;\"> nyomatokn\u00e1l.<\/span><\/li>\n<\/ul>\n<h3><b>Sz\u00e9les anyagt\u00e1mogat\u00e1s<\/b><b><br \/>\n<\/b><\/h3>\n<p><span style=\"font-weight: 400;\">Ak\u00e1r <\/span><b>300 \u00b0C-ig<\/b><span style=\"font-weight: 400;\"> felf\u0171thet\u0151 hotenddel \u00e9s rugalmas PEI lappal k\u00f6nnyed\u00e9n dolgozhat sz\u00e1mos anyaggal, p\u00e9ld\u00e1ul PLA, PETG, PET, ABS, PLA-CF \u00e9s sok m\u00e1s filamenttel.<\/span><\/p>\n<h2><strong>M\u0171szaki adatok<\/strong><\/h2>\n<ul>\n<li style=\"font-weight: 400;\" aria-level=\"1\"><b>Nyomtat\u00e1si t\u00e9rfogat:<\/b><span style=\"font-weight: 400;\"> 260\u00d7260\u00d7260 mm<\/span><\/li>\n<li style=\"font-weight: 400;\" aria-level=\"1\"><b>Max. sebess\u00e9g \/ gyorsul\u00e1s:<\/b><span style=\"font-weight: 400;\"> 600 mm\/s, 20.000 mm\/s\u00b2<\/span><\/li>\n<li style=\"font-weight: 400;\" aria-level=\"1\"><b>Max. f\u00fav\u00f3ka h\u0151m\u00e9rs\u00e9klet:<\/b><span style=\"font-weight: 400;\"> 300 \u00b0C<\/span><\/li>\n<li style=\"font-weight: 400;\" aria-level=\"1\"><b>Max. f\u0171t\u00f6tt \u00e1gy h\u0151m\u00e9rs\u00e9klet:<\/b><span style=\"font-weight: 400;\"> ~100 \u00b0C<\/span><\/li>\n<li style=\"font-weight: 400;\" aria-level=\"1\"><b>Extruder:<\/b><span style=\"font-weight: 400;\"> Direct-drive, edzett f\u00fav\u00f3ka (ac\u00e9l\/tri-metal hegy), filament\u00e9rz\u00e9kel\u0151vel \u00e9s m\u00e1gneses v\u00e1g\u00f3val<\/span><\/li>\n<li style=\"font-weight: 400;\" aria-level=\"1\"><b>Szintez\u00e9s:<\/b><span style=\"font-weight: 400;\"> Intelligens automatikus szintez\u00e9s (csak a sz\u00fcks\u00e9ges ter\u00fcleten)<\/span><\/li>\n<li style=\"font-weight: 400;\" aria-level=\"1\"><b>Mozg\u00e1si rendszer:<\/b><span style=\"font-weight: 400;\"> CoreXY step-servo motorokkal az XY tengelyeken \u00e9s az extruderen<\/span><\/li>\n<li style=\"font-weight: 400;\" aria-level=\"1\"><b>Kijelz\u0151:<\/b><span style=\"font-weight: 400;\"> 4 h\u00fcvelykes sz\u00ednes \u00e9rint\u0151k\u00e9perny\u0151<\/span><\/li>\n<li style=\"font-weight: 400;\" aria-level=\"1\"><b>Filament System (CFS):<\/b><span style=\"font-weight: 400;\"> 4 slot egys\u00e9genk\u00e9nt; a <\/span><i><span style=\"font-weight: 400;\">Combo<\/span><\/i><span style=\"font-weight: 400;\"> verzi\u00f3 1 CFS egys\u00e9get tartalmaz. Ak\u00e1r 16 sz\u00ednhez b\u0151v\u00edthet\u0151 tov\u00e1bbi egys\u00e9gekkel<\/span><\/li>\n<\/ul>\n","protected":false},"excerpt":{"rendered":"<p><span style=\"font-weight: 400;\">Ismerje meg a Creality K2 Combo-t: egy <\/span><b>kompakt CoreXY 3D nyomtat\u00f3<\/b><span style=\"font-weight: 400;\">, ak\u00e1r <\/span><b>600 mm\/s<\/b><span style=\"font-weight: 400;\"> sebess\u00e9ggel, <\/span><b>260\u00d7260\u00d7260 mm<\/b><span style=\"font-weight: 400;\"> nyomtat\u00e1si t\u00e9rfogattal \u00e9s <\/span><b>CFS t\u00f6bb\u00adsz\u00edn\u0171 rendszerrel<\/b><span style=\"font-weight: 400;\"> ak\u00e1r 16 sz\u00ednhez. AI-alap\u00fa funkci\u00f3kkal, intelligens automatikus szintez\u00e9ssel \u00e9s fejlett anyagt\u00e1mogat\u00e1ssal professzion\u00e1lis eredm\u00e9nyeket k\u00edn\u00e1l minden munkater\u00fclethez ill\u0151 m\u00e9retben.<\/span><\/p>\n","protected":false},"featured_media":93090,"comment_status":"closed","ping_status":"closed","template":"","meta":{"_acf_changed":false},"product_brand":[],"product_cat":[1677,2251,1679,1678,1680],"product_tag":[],"brand":[],"class_list":{"0":"post-92714","1":"product","2":"type-product","3":"status-publish","4":"has-post-thumbnail","6":"product_cat-3d-nyomtato","7":"product_cat-creality-hu","8":"product_cat-elado","9":"product_cat-fdm-nyomtato","10":"product_cat-minden-3d-nyomtato","12":"first","13":"instock","14":"sale","15":"featured","16":"taxable","17":"shipping-taxable","18":"purchasable","19":"product-type-simple"},"acf":[],"_links":{"self":[{"href":"https:\/\/azurefilm.com\/hu\/wp-json\/wp\/v2\/product\/92714","targetHints":{"allow":["GET"]}}],"collection":[{"href":"https:\/\/azurefilm.com\/hu\/wp-json\/wp\/v2\/product"}],"about":[{"href":"https:\/\/azurefilm.com\/hu\/wp-json\/wp\/v2\/types\/product"}],"replies":[{"embeddable":true,"href":"https:\/\/azurefilm.com\/hu\/wp-json\/wp\/v2\/comments?post=92714"}],"wp:featuredmedia":[{"embeddable":true,"href":"https:\/\/azurefilm.com\/hu\/wp-json\/wp\/v2\/media\/93090"}],"wp:attachment":[{"href":"https:\/\/azurefilm.com\/hu\/wp-json\/wp\/v2\/media?parent=92714"}],"wp:term":[{"taxonomy":"product_brand","embeddable":true,"href":"https:\/\/azurefilm.com\/hu\/wp-json\/wp\/v2\/product_brand?post=92714"},{"taxonomy":"product_cat","embeddable":true,"href":"https:\/\/azurefilm.com\/hu\/wp-json\/wp\/v2\/product_cat?post=92714"},{"taxonomy":"product_tag","embeddable":true,"href":"https:\/\/azurefilm.com\/hu\/wp-json\/wp\/v2\/product_tag?post=92714"},{"taxonomy":"brand","embeddable":true,"href":"https:\/\/azurefilm.com\/hu\/wp-json\/wp\/v2\/brand?post=92714"}],"curies":[{"name":"wp","href":"https:\/\/api.w.org\/{rel}","templated":true}]}}