
{"id":92763,"date":"2025-09-18T07:37:39","date_gmt":"2025-09-18T07:37:39","guid":{"rendered":"https:\/\/azurefilm.com\/?post_type=product&#038;p=92763"},"modified":"2026-03-13T01:16:11","modified_gmt":"2026-03-13T01:16:11","slug":"creality-k2-pro-combo-pro-pack","status":"publish","type":"product","link":"https:\/\/azurefilm.com\/hu\/termek\/creality-k2-pro-combo-pro-pack\/","title":{"rendered":"Creality K2 Pro Combo BUNDLE"},"content":{"rendered":"<h2><strong>Creality K2 Pro Combo \u2013 \u00faj szint a t\u00f6bb\u00adsz\u00edn\u0171 nyomtat\u00e1sban \u00e9s ipari teljes\u00edtm\u00e9nyben<\/strong><\/h2>\n<p><span style=\"font-weight: 400;\">L\u00e9pjen be az asztali gy\u00e1rt\u00e1s j\u00f6v\u0151j\u00e9be a <\/span><b>Creality K2 Pro Combo<\/b><span style=\"font-weight: 400;\"> seg\u00edts\u00e9g\u00e9vel: egy intelligens, t\u00f6bb\u00adsz\u00edn\u0171 CoreXY 3D nyomtat\u00f3val, amelyet ig\u00e9nyes felhaszn\u00e1l\u00f3knak terveztek. Nagy projektekhez \u00e9s cs\u00facsteljes\u00edtm\u00e9nyhez k\u00e9sz\u00fclt, precizit\u00e1st, sebess\u00e9get \u00e9s okos funkci\u00f3kat \u00f6tv\u00f6z egy massz\u00edv, z\u00e1rt kamr\u00e1ban \u2013 ide\u00e1lis a m\u0171szaki anyagokhoz.<\/span><\/p>\n<h2><strong>Mi teszi k\u00fcl\u00f6nlegess\u00e9 a K2 Pro Combo-t?<\/strong><\/h2>\n<h2><b>Nagy nyomtat\u00e1si t\u00e9rfogat<\/b><b><br \/>\n<\/b><\/h2>\n<p><span style=\"font-weight: 400;\">A <\/span><b>300\u00d7300\u00d7300 mm<\/b><span style=\"font-weight: 400;\"> nyomtat\u00e1si t\u00e9rfogattal nagy projekteket k\u00e9sz\u00edthet \u2013 teljes sisakokat vagy t\u00f6bb kisebb modellt \u2013 v\u00e1g\u00e1s \u00e9s \u00e1tm\u00e9retez\u00e9s n\u00e9lk\u00fcl.<\/span><\/p>\n<h3><b>Kiemelked\u0151 sebess\u00e9g \u00e9s sima mozg\u00e1s<\/b><\/h3>\n<ul>\n<li style=\"font-weight: 400;\" aria-level=\"1\"><span style=\"font-weight: 400;\">Nyomtat\u00e1si sebess\u00e9g ak\u00e1r <\/span><b>600 mm\/s<\/b><\/li>\n<li style=\"font-weight: 400;\" aria-level=\"1\"><span style=\"font-weight: 400;\">Gyorsul\u00e1s ak\u00e1r <\/span><b>20.000 mm\/s\u00b2<\/b><\/li>\n<\/ul>\n<p><span style=\"font-weight: 400;\">Olyan teljes\u00edtm\u00e9ny, amely kitolja az FDM nyomtat\u00e1s hat\u00e1rait, gyors \u00e9s r\u00e9szletgazdag eredm\u00e9nyeket k\u00edn\u00e1lva.<\/span><\/p>\n<h3><b>Stabil, z\u00e1rt kamra<\/b><b><br \/>\n<\/b><\/h3>\n<p><span style=\"font-weight: 400;\">Az akt\u00edvan f\u0171t\u00f6tt kamra ak\u00e1r <\/span><b>60 \u00b0C-ig<\/b><span style=\"font-weight: 400;\"> cs\u00f6kkenti a vetemed\u00e9st olyan anyagokn\u00e1l, mint az ASA, ABS vagy PPA-CF. A stabil k\u00f6rnyezet megb\u00edzhat\u00f3bb nyomatokat biztos\u00edt.<\/span><\/p>\n<h3><b>AI fel\u00fcgyelet \u00e9s okos funkci\u00f3k<\/b><b><br \/>\n<\/b><\/h3>\n<p><span style=\"font-weight: 400;\">K\u00e9t AI kamera figyeli a nyomtat\u00e1st val\u00f3s id\u0151ben \u2013 automatikusan be\u00e1ll\u00edtja az anyag\u00e1raml\u00e1st \u00e9s jelzi a hib\u00e1kat. Az intelligens auto-szintez\u00e9s csak a sz\u00fcks\u00e9ges ter\u00fcleteken korrig\u00e1l, \u00edgy pontosabb \u00e9s gyorsabb az el\u0151k\u00e9sz\u00edt\u00e9s.<\/span><\/p>\n<h3><b>T\u00f6bb\u00adsz\u00edn\u0171 \/ t\u00f6bb\u00adanyag\u00fa rendszer (CFS)<\/b><b><br \/>\n<\/b><\/h3>\n<p><span style=\"font-weight: 400;\">A <\/span><i><span style=\"font-weight: 400;\">Combo<\/span><\/i><span style=\"font-weight: 400;\"> verzi\u00f3 tartalmaz egy <\/span><b>CFS egys\u00e9get<\/b><span style=\"font-weight: 400;\">, amely ak\u00e1r 4 tekercset kezel, b\u0151v\u00edthet\u0151 16-ig. Automatikus adagol\u00e1s, RFID anyagfelismer\u00e9s \u00e9s integr\u00e1lt sz\u00e1r\u00edt\u00f3 rendszer biztos\u00edtja a z\u00f6kken\u0151mentes m\u0171k\u00f6d\u00e9st.<\/span><\/p>\n<h3><b>Er\u0151s \u00e9s prec\u00edz komponensek<\/b><\/h3>\n<ul>\n<li style=\"font-weight: 400;\" aria-level=\"1\"><span style=\"font-weight: 400;\">Kett\u0151s direct-drive extruder az egyenletes anyag\u00e1raml\u00e1s\u00e9rt.<\/span><\/li>\n<li style=\"font-weight: 400;\" aria-level=\"1\"><span style=\"font-weight: 400;\">Rugalmas PEI lap a kiv\u00e1l\u00f3 tapad\u00e1s\u00e9rt \u00e9s a modellek egyszer\u0171 elt\u00e1vol\u00edt\u00e1s\u00e1\u00e9rt.<\/span><\/li>\n<li style=\"font-weight: 400;\" aria-level=\"1\"><span style=\"font-weight: 400;\">Ac\u00e9l tri-metal f\u00fav\u00f3ka, kop\u00e1s\u00e1ll\u00f3 az abraz\u00edv kompozitokhoz.<\/span><\/li>\n<\/ul>\n<h3><b>Felhaszn\u00e1l\u00f3bar\u00e1t funkci\u00f3k<\/b><b><br \/>\n<\/b><\/h3>\n<p><span style=\"font-weight: 400;\">Nyomtat\u00e1s folytat\u00e1sa \u00e1ramsz\u00fcnet ut\u00e1n, filament\u00e9rz\u00e9kel\u0151, gubancfelismer\u00e9s, f\u00e1jl\u00e1tvitel USB, WiFi vagy Ethernet seg\u00edts\u00e9g\u00e9vel, valamint halk m\u0171k\u00f6d\u00e9s a step-servo motoroknak \u00e9s optimaliz\u00e1lt h\u0171t\u00e9snek k\u00f6sz\u00f6nhet\u0151en.<\/span><\/p>\n<h2><strong>M\u0171szaki adatok<\/strong><\/h2>\n<ul>\n<li style=\"font-weight: 400;\" aria-level=\"1\"><b>Nyomtat\u00e1si t\u00e9rfogat:<\/b><span style=\"font-weight: 400;\"> 300\u00d7300\u00d7300 mm<\/span><\/li>\n<li style=\"font-weight: 400;\" aria-level=\"1\"><b>Nyomtat\u00f3 t\u00edpusa:<\/b><span style=\"font-weight: 400;\"> CoreXY z\u00e1rt rendszer<\/span><\/li>\n<li style=\"font-weight: 400;\" aria-level=\"1\"><b>Max. nyomtat\u00e1si sebess\u00e9g:<\/b><span style=\"font-weight: 400;\"> ak\u00e1r 600 mm\/s<\/span><\/li>\n<li style=\"font-weight: 400;\" aria-level=\"1\"><b>Max. gyorsul\u00e1s:<\/b><span style=\"font-weight: 400;\"> ak\u00e1r 20.000 mm\/s\u00b2<\/span><\/li>\n<li style=\"font-weight: 400;\" aria-level=\"1\"><b>R\u00e9tegvastags\u00e1g:<\/b><span style=\"font-weight: 400;\"> 0,05 \u2013 0,30 mm<\/span><\/li>\n<li style=\"font-weight: 400;\" aria-level=\"1\"><b>F\u00fav\u00f3ka h\u0151m\u00e9rs\u00e9klet:<\/b><span style=\"font-weight: 400;\"> max. 300 \u00b0C<\/span><\/li>\n<li style=\"font-weight: 400;\" aria-level=\"1\"><b>F\u00fav\u00f3ka t\u00edpusa:<\/b><span style=\"font-weight: 400;\"> 0,4 mm ac\u00e9l tri-metal (kop\u00e1s\u00e1ll\u00f3, kompozitokhoz alkalmas)<\/span><\/li>\n<li style=\"font-weight: 400;\" aria-level=\"1\"><b>Hotend rendszer:<\/b><span style=\"font-weight: 400;\"> Teljesen f\u00e9m, nagy \u00e1raml\u00e1s\u00fa<\/span><\/li>\n<li style=\"font-weight: 400;\" aria-level=\"1\"><b>Nyomtat\u00f3 lap:<\/b><span style=\"font-weight: 400;\"> Rugalmas, m\u00e1gneses PEI lap<\/span><\/li>\n<li style=\"font-weight: 400;\" aria-level=\"1\"><b>F\u0171t\u00f6tt \u00e1gy h\u0151m\u00e9rs\u00e9klet:<\/b><span style=\"font-weight: 400;\"> max. 110 \u00b0C<\/span><\/li>\n<li style=\"font-weight: 400;\" aria-level=\"1\"><b>Kamra h\u0151m\u00e9rs\u00e9klet:<\/b><span style=\"font-weight: 400;\"> akt\u00edvan f\u0171t\u00f6tt, max. 60 \u00b0C<\/span><\/li>\n<li style=\"font-weight: 400;\" aria-level=\"1\"><b>Filament System (CFS):<\/b>\n<ul>\n<li style=\"font-weight: 400;\" aria-level=\"2\"><span style=\"font-weight: 400;\">ak\u00e1r 4 tekercs egys\u00e9genk\u00e9nt (b\u0151v\u00edthet\u0151 16-ig)<\/span><\/li>\n<li style=\"font-weight: 400;\" aria-level=\"2\"><span style=\"font-weight: 400;\">automatikus adagol\u00e1s \u00e9s v\u00e1lt\u00e1s<\/span><\/li>\n<li style=\"font-weight: 400;\" aria-level=\"2\"><span style=\"font-weight: 400;\">RFID anyagfelismer\u00e9s<\/span><\/li>\n<li style=\"font-weight: 400;\" aria-level=\"2\"><span style=\"font-weight: 400;\">integr\u00e1lt sz\u00e1r\u00edt\u00f3 rendszer<\/span><\/li>\n<\/ul>\n<\/li>\n<li style=\"font-weight: 400;\" aria-level=\"1\"><b>T\u00e1mogatott anyagok:<\/b><span style=\"font-weight: 400;\"> PLA, PETG, TPU, ABS, ASA, PA, PC, PLA-CF, PA-CF, PPA-CF \u00e9s m\u00e1s kompozitok<\/span><\/li>\n<li style=\"font-weight: 400;\" aria-level=\"1\"><b>AI funkci\u00f3k:<\/b>\n<ul>\n<li style=\"font-weight: 400;\" aria-level=\"2\"><span style=\"font-weight: 400;\">2 AI kamera fel\u00fcgyelethez \u00e9s \u00e1raml\u00e1svez\u00e9rl\u00e9shez<\/span><\/li>\n<li style=\"font-weight: 400;\" aria-level=\"2\"><span style=\"font-weight: 400;\">Val\u00f3s idej\u0171 hibafelismer\u00e9s<\/span><\/li>\n<li style=\"font-weight: 400;\" aria-level=\"2\"><span style=\"font-weight: 400;\">Intelligens auto-szintez\u00e9s csak a sz\u00fcks\u00e9ges ter\u00fcleteken<\/span><\/li>\n<\/ul>\n<\/li>\n<li style=\"font-weight: 400;\" aria-level=\"1\"><b>Csatlakoz\u00e1s:<\/b><span style=\"font-weight: 400;\"> WiFi, Ethernet, USB<\/span><\/li>\n<li style=\"font-weight: 400;\" aria-level=\"1\"><b>Felhaszn\u00e1l\u00f3i fel\u00fclet:<\/b><span style=\"font-weight: 400;\"> 4,3 h\u00fcvelykes HD \u00e9rint\u0151k\u00e9perny\u0151<\/span><\/li>\n<li style=\"font-weight: 400;\" aria-level=\"1\"><b>Zajcs\u00f6kkent\u00e9s:<\/b><span style=\"font-weight: 400;\"> Step-servo motorok \u00e9s optimaliz\u00e1lt h\u0171t\u00e9s<\/span><\/li>\n<li style=\"font-weight: 400;\" aria-level=\"1\"><b>Recovery funkci\u00f3k:<\/b><span style=\"font-weight: 400;\"> Folytat\u00e1s \u00e1ramsz\u00fcnet ut\u00e1n, filament\u00e9rz\u00e9kel\u0151, gubancfelismer\u00e9s<\/span><\/li>\n<li style=\"font-weight: 400;\" aria-level=\"1\"><b>Nyomtat\u00f3 m\u00e9retei:<\/b><span style=\"font-weight: 400;\"> kb. 550\u00d7550\u00d7660 mm<\/span><\/li>\n<li style=\"font-weight: 400;\" aria-level=\"1\"><b style=\"color: #555555;\">S\u00faly:<\/b><span style=\"font-weight: 400;\"> ~35 kg<\/span><\/li>\n<\/ul>\n","protected":false},"excerpt":{"rendered":"<p>Creality K2 Pro Combo 4 kilogramm AzureFilm ut\u00e1nt\u00f6lt\u0151 filamenttel \u00e9s 4 darabos Master Spool tekercs-szel kombin\u00e1lva.<\/p>\n","protected":false},"featured_media":93056,"comment_status":"closed","ping_status":"closed","template":"","meta":{"_acf_changed":false},"product_brand":[],"product_cat":[1677,2251,1679,1678,1680,2250],"product_tag":[],"brand":[2216],"class_list":{"0":"post-92763","1":"product","2":"type-product","3":"status-publish","4":"has-post-thumbnail","6":"product_cat-3d-nyomtato","7":"product_cat-creality-hu","8":"product_cat-elado","9":"product_cat-fdm-nyomtato","10":"product_cat-minden-3d-nyomtato","11":"product_cat-special-packs-hu","12":"brand-creality-hu","14":"first","15":"instock","16":"sale","17":"taxable","18":"shipping-taxable","19":"purchasable","20":"product-type-variable"},"acf":[],"_links":{"self":[{"href":"https:\/\/azurefilm.com\/hu\/wp-json\/wp\/v2\/product\/92763","targetHints":{"allow":["GET"]}}],"collection":[{"href":"https:\/\/azurefilm.com\/hu\/wp-json\/wp\/v2\/product"}],"about":[{"href":"https:\/\/azurefilm.com\/hu\/wp-json\/wp\/v2\/types\/product"}],"replies":[{"embeddable":true,"href":"https:\/\/azurefilm.com\/hu\/wp-json\/wp\/v2\/comments?post=92763"}],"wp:featuredmedia":[{"embeddable":true,"href":"https:\/\/azurefilm.com\/hu\/wp-json\/wp\/v2\/media\/93056"}],"wp:attachment":[{"href":"https:\/\/azurefilm.com\/hu\/wp-json\/wp\/v2\/media?parent=92763"}],"wp:term":[{"taxonomy":"product_brand","embeddable":true,"href":"https:\/\/azurefilm.com\/hu\/wp-json\/wp\/v2\/product_brand?post=92763"},{"taxonomy":"product_cat","embeddable":true,"href":"https:\/\/azurefilm.com\/hu\/wp-json\/wp\/v2\/product_cat?post=92763"},{"taxonomy":"product_tag","embeddable":true,"href":"https:\/\/azurefilm.com\/hu\/wp-json\/wp\/v2\/product_tag?post=92763"},{"taxonomy":"brand","embeddable":true,"href":"https:\/\/azurefilm.com\/hu\/wp-json\/wp\/v2\/brand?post=92763"}],"curies":[{"name":"wp","href":"https:\/\/api.w.org\/{rel}","templated":true}]}}