
{"id":95239,"date":"2025-10-15T08:43:51","date_gmt":"2025-10-15T08:43:51","guid":{"rendered":"https:\/\/azurefilm.com\/?post_type=product&#038;p=95239"},"modified":"2025-11-26T15:45:14","modified_gmt":"2025-11-26T15:45:14","slug":"bambu-lab-p2s-combo","status":"publish","type":"product","link":"https:\/\/azurefilm.com\/hu\/termek\/bambu-lab-p2s-combo\/","title":{"rendered":"Bambu Lab P2S Combo"},"content":{"rendered":"<h2><strong>Bambu Lab P2S Combo \u2013 Okos, gyors \u00e9s megb\u00edzhat\u00f3<\/strong><\/h2>\n<h3><strong>Er\u0151 \u00e9s precizit\u00e1s<\/strong><\/h3>\n<p><span style=\"font-weight: 400;\">A Bambu Lab P2S Combo \u00fajra\u00e9rtelmezi, hogy mit is tud egy professzion\u00e1lis asztali 3D nyomtat\u00f3. A prec\u00edzi\u00f3t, a sebess\u00e9get \u00e9s az automatiz\u00e1l\u00e1st ig\u00e9nyl\u0151 alkot\u00f3k sz\u00e1m\u00e1ra tervezett P2S ipari szint\u0171 teljes\u00edtm\u00e9nyt ny\u00fajt kompakt form\u00e1ban. A t\u00f6bbsz\u00edn\u0171 tervekt\u0151l a m\u00e9rn\u00f6ki min\u0151s\u00e9g\u0171 anyagokig ez az \u00d6n all-in-one nyomtat\u00e1si er\u0151m\u0171ve.<\/span><\/p>\n<h3><strong>Okosabb nyomtat\u00e1si \u00e9lm\u00e9ny<\/strong><\/h3>\n<p><span style=\"font-weight: 400;\">Az \u00faj gener\u00e1ci\u00f3s, 5 h\u00fcvelykes \u00e9rint\u0151k\u00e9perny\u0151 \u00e9s a tov\u00e1bbfejlesztett felhaszn\u00e1l\u00f3i fel\u00fclet minden eddigin\u00e9l g\u00f6rd\u00fcl\u00e9kenyebb\u00e9 teszi a m\u0171k\u00f6d\u00e9st. Minden funkci\u00f3 egy pillant\u00e1ssal el\u00e9rhet\u0151, m\u00edg a be\u00e9p\u00edtett mesters\u00e9ges intelligencia seg\u00edti a munkafolyamat k\u00f6nnyeds\u00e9g\u00e9t \u00e9s intuit\u00edv jelleg\u00e9t.<\/span><\/p>\n<h3><strong>Er\u0151sebb, gyorsabb, jobb<\/strong><\/h3>\n<p><span style=\"font-weight: 400;\">Egy \u00faj gener\u00e1ci\u00f3s <\/span><b>PMSM szervomotorral hajtott <\/b><span style=\"font-weight: 400;\">P2S ak\u00e1r <\/span><b>8,5 kg extrud\u00e1l\u00e1si er\u0151t is biztos\u00edt <\/b><span style=\"font-weight: 400;\">\u2013 ez 70%-kal t\u00f6bb, mint a kor\u00e1bbi modellek\u00e9. Adapt\u00edv algoritmusai val\u00f3s id\u0151ben finomhangolj\u00e1k az extrud\u00e1l\u00e1si \u00e1raml\u00e1st, biztos\u00edtva a nagy sebess\u00e9gn\u00e9l is konzisztens, hib\u00e1tlan r\u00e9tegeket.<\/span><\/p>\n<h3><strong>Ellen\u0151rz\u00f6tt k\u00f6rnyezet minden anyaghoz<\/strong><\/h3>\n<p><b>Ak\u00e1r 50\u00b0C-ig f\u0171t\u00f6tt kamr\u00e1val <\/b><span style=\"font-weight: 400;\">\u00e9s a <\/span><b>sz\u0171rt l\u00e9g\u00e1raml\u00e1ssal <\/b><span style=\"font-weight: 400;\">a P2S stabil nyomtat\u00e1si felt\u00e9teleket biztos\u00edt a fejlett anyagokhoz. Az adapt\u00edv l\u00e9g\u00e1raml\u00e1si rendszer hideg leveg\u0151t t\u00e1pl\u00e1l a fokozott t\u00falny\u00fal\u00e1s \u00e9rdek\u00e9ben \u2013 m\u00e9g teljesen z\u00e1rt kamra eset\u00e9n is.<\/span><\/p>\n<h3><strong>Intelligens monitoroz\u00e1s \u00e9s hiba\u00e9szlel\u00e9s<\/strong><\/h3>\n<p><span style=\"font-weight: 400;\">A mesters\u00e9ges intelligencia \u00e1ltal vez\u00e9relt hiba\u00e9szlel\u00e9s folyamatosan figyeli a nyomtat\u00e1st, felismeri a spagetti hib\u00e1kat, a lev\u00e1l\u00e1st vagy a rossz min\u0151s\u00e9g\u0171 els\u0151 r\u00e9tegeket, miel\u0151tt azok anyagot vagy id\u0151t pazaroln\u00e1nak. A P2S seg\u00edts\u00e9g\u00e9vel minden egyes alkalommal nyugodtan nyomtathat.<\/span><\/p>\n<h3><strong>Gyors f\u00fav\u00f3kacsere \u00e9s fokozott tart\u00f3ss\u00e1g<\/strong><\/h3>\n<p><span style=\"font-weight: 400;\">Anyagv\u00e1lt\u00e1s vagy karbantart\u00e1s? A <\/span><b>gyorsan cser\u00e9lhet\u0151 hotend <\/b><span style=\"font-weight: 400;\">kialak\u00edt\u00e1snak k\u00f6sz\u00f6nhet\u0151en a f\u00fav\u00f3k\u00e1k azonnal cser\u00e9lhet\u0151k \u2013 nincsenek k\u00e1belek, nincs gond. A meger\u0151s\u00edtett ac\u00e9l fogaskerekek \u00e9s a kop\u00e1s\u00e1ll\u00f3 f\u00fav\u00f3k\u00e1k magabiztosan kezelik az abraz\u00edv anyagokat.<\/span><\/p>\n<h3><strong>T\u00f6bbsz\u00edn\u0171 var\u00e1zslat az AMS 2 Pro-val<\/strong><\/h3>\n<p><span style=\"font-weight: 400;\">A P2S Combo tartalmazza az <\/span><b>AMS 2 Pro-t <\/b><span style=\"font-weight: 400;\">\u2014 a Bambu fejlett t\u00f6bbanyagos rendszer\u00e9t. T\u00e1mogatja az automatikus sz\u00edn- \u00e9s anyagv\u00e1lt\u00e1st, mik\u00f6zben akt\u00edvan sz\u00e1r\u00edtja a filamenteket, hogy a nyomatok er\u0151sek \u00e9s konzisztensek maradjanak, m\u00e9g nedvess\u00e9gre \u00e9rz\u00e9keny anyagok eset\u00e9n is.<\/span><\/p>\n<h3><strong>Modern gy\u00e1rt\u00f3k sz\u00e1m\u00e1ra tervezve<\/strong><\/h3>\n<p><b>A 1080p timelapse felv\u00e9telt\u0151l <\/b><span style=\"font-weight: 400;\">a <\/span><b>Wi-Fi vez\u00e9rl\u00e9sen <\/b><span style=\"font-weight: 400;\">\u00e1t a <\/span><b>felh\u0151alap\u00fa fel\u00fcgyeletig <\/b><span style=\"font-weight: 400;\">a P2S Combo minden funkci\u00f3j\u00e1t \u00fagy tervezt\u00e9k, hogy a 3D nyomtat\u00e1st minden eddigin\u00e9l intelligensebb\u00e9, gyorsabb\u00e1 \u00e9s egyszer\u0171bb\u00e9 tegye.<\/span><\/p>\n<h2><strong>M\u0171szaki adatok<\/strong><\/h2>\n<ul>\n<li style=\"font-weight: 400;\" aria-level=\"1\"><b>Nyomtat\u00e1si technol\u00f3gia: <\/b><span style=\"font-weight: 400;\">FFF\/FDM AMS integr\u00e1ci\u00f3val<\/span><\/li>\n<li style=\"font-weight: 400;\" aria-level=\"1\"><b>\u00c9p\u00edt\u00e9si mennyis\u00e9g: <\/b><span style=\"font-weight: 400;\">(TBA \u2013 nem szerepel a hivatalos specifik\u00e1ci\u00f3kban)<\/span><\/li>\n<li style=\"font-weight: 400;\" aria-level=\"1\"><b>Kamra: <\/b><span style=\"font-weight: 400;\">50 \u00b0C-ra meleg\u00edtve sz\u0171rt l\u00e9g\u00e1raml\u00e1ssal<\/span><\/li>\n<li style=\"font-weight: 400;\" aria-level=\"1\"><b>Felhaszn\u00e1l\u00f3i fel\u00fclet: <\/b><span style=\"font-weight: 400;\">5 h\u00fcvelykes \u00e9rint\u0151k\u00e9perny\u0151, friss\u00edtett UI 2.0<\/span><\/li>\n<li style=\"font-weight: 400;\" aria-level=\"1\"><b>Extruder motor: <\/b><span style=\"font-weight: 400;\">PMSM szervomotor ak\u00e1r 8,5 kg extrud\u00e1l\u00f3er\u0151vel<\/span><\/li>\n<li style=\"font-weight: 400;\" aria-level=\"1\"><b>\u00c1raml\u00e1sszab\u00e1lyoz\u00e1s: <\/b><span style=\"font-weight: 400;\">\u00d6rv\u00e9ny\u00e1ram-\u00e9rz\u00e9kel\u0151 adapt\u00edv val\u00f3s idej\u0171 kompenz\u00e1ci\u00f3val<\/span><\/li>\n<li style=\"font-weight: 400;\" aria-level=\"1\"><b>H\u0171t\u0151rendszer: <\/b><span style=\"font-weight: 400;\">Adapt\u00edv l\u00e9g\u00e1raml\u00e1s k\u00fcls\u0151 hidegleveg\u0151-be\u00f6ml\u00e9ssel<\/span><\/li>\n<li style=\"font-weight: 400;\" aria-level=\"1\"><b>Hotend: <\/b><span style=\"font-weight: 400;\">Gyorsan cser\u00e9lhet\u0151 kialak\u00edt\u00e1s, k\u00e1bel- \u00e9s szersz\u00e1mmentes<\/span><\/li>\n<li style=\"font-weight: 400;\" aria-level=\"1\"><b>AI monitoroz\u00e1s: <\/b><span style=\"font-weight: 400;\">\u00c9szleli a spagetti hib\u00e1kat, a lev\u00e1l\u00e1st \u00e9s az els\u0151 r\u00e9tegbeli probl\u00e9m\u00e1kat<\/span><\/li>\n<li style=\"font-weight: 400;\" aria-level=\"1\"><b>Meger\u0151s\u00edtett alkatr\u00e9szek: <\/b><span style=\"font-weight: 400;\">Edzett f\u00fav\u00f3k\u00e1k \u00e9s fogaskerekek abraz\u00edv anyagokhoz<\/span><\/li>\n<li style=\"font-weight: 400;\" aria-level=\"1\"><b>AMS rendszer: <\/b><span style=\"font-weight: 400;\">AMS 2 Pro akt\u00edv Filament sz\u00e1r\u00edt\u00e1ssal \u00e9s t\u00f6bb anyag\u00fa t\u00e1mogat\u00e1ssal<\/span><\/li>\n<li style=\"font-weight: 400;\" aria-level=\"1\"><b>Kapcsol\u00f3d\u00e1s: <\/b><span style=\"font-weight: 400;\">Wi-Fi, felh\u0151alap\u00fa megfigyel\u00e9s \u00e9s 1080p timelapse kamera<\/span><\/li>\n<\/ul>\n","protected":false},"excerpt":{"rendered":"<p><span style=\"font-weight: 400;\">A <\/span><b>Bambu Lab P2S Combo <\/b><span style=\"font-weight: 400;\">\u00faj magass\u00e1gokba emeli az asztali 3D nyomtat\u00e1st intelligens PMSM szervomotorj\u00e1val, amely ak\u00e1r <\/span><b>8,5 kg extrud\u00e1l\u00e1si er\u0151t is biztos\u00edt <\/b><span style=\"font-weight: 400;\">, adapt\u00edv \u00e1raml\u00e1sszab\u00e1lyoz\u00e1ssal \u00e9s egy <\/span><b>50\u00b0C-ra f\u0171t\u00f6tt kamr\u00e1val <\/b><span style=\"font-weight: 400;\">a t\u00f6k\u00e9letes stabilit\u00e1s \u00e9rdek\u00e9ben.<\/span><\/p>\n<p><b>gyorsan cser\u00e9lhet\u0151 hotenddel<\/b><span style=\"font-weight: 400;\">, <\/span><b>a mesters\u00e9ges intelligenci\u00e1val vez\u00e9relt nyomtat\u00e1sfigyel\u00e9ssel <\/b><span style=\"font-weight: 400;\">\u00e9s az <\/span><b>AMS 2 Pro rendszerrel <\/b><span style=\"font-weight: 400;\">felszerelt P2S z\u00f6kken\u0151mentes t\u00f6bbsz\u00edn\u0171, t\u00f6bbanyagos nyomtat\u00e1st biztos\u00edt, \u00edgy minden nyomtat\u00e1s gyors, hib\u00e1tlan \u00e9s gondtalan lesz.<\/span><\/p>\n","protected":false},"featured_media":95242,"comment_status":"closed","ping_status":"closed","template":"","meta":{"_acf_changed":false},"product_brand":[],"product_cat":[1677,1681,1679,1678,1680],"product_tag":[],"brand":[],"class_list":{"0":"post-95239","1":"product","2":"type-product","3":"status-publish","4":"has-post-thumbnail","6":"product_cat-3d-nyomtato","7":"product_cat-bambu-lab-hu","8":"product_cat-elado","9":"product_cat-fdm-nyomtato","10":"product_cat-minden-3d-nyomtato","12":"first","13":"onbackorder","14":"sale","15":"featured","16":"taxable","17":"shipping-taxable","18":"purchasable","19":"product-type-simple"},"acf":[],"_links":{"self":[{"href":"https:\/\/azurefilm.com\/hu\/wp-json\/wp\/v2\/product\/95239","targetHints":{"allow":["GET"]}}],"collection":[{"href":"https:\/\/azurefilm.com\/hu\/wp-json\/wp\/v2\/product"}],"about":[{"href":"https:\/\/azurefilm.com\/hu\/wp-json\/wp\/v2\/types\/product"}],"replies":[{"embeddable":true,"href":"https:\/\/azurefilm.com\/hu\/wp-json\/wp\/v2\/comments?post=95239"}],"wp:featuredmedia":[{"embeddable":true,"href":"https:\/\/azurefilm.com\/hu\/wp-json\/wp\/v2\/media\/95242"}],"wp:attachment":[{"href":"https:\/\/azurefilm.com\/hu\/wp-json\/wp\/v2\/media?parent=95239"}],"wp:term":[{"taxonomy":"product_brand","embeddable":true,"href":"https:\/\/azurefilm.com\/hu\/wp-json\/wp\/v2\/product_brand?post=95239"},{"taxonomy":"product_cat","embeddable":true,"href":"https:\/\/azurefilm.com\/hu\/wp-json\/wp\/v2\/product_cat?post=95239"},{"taxonomy":"product_tag","embeddable":true,"href":"https:\/\/azurefilm.com\/hu\/wp-json\/wp\/v2\/product_tag?post=95239"},{"taxonomy":"brand","embeddable":true,"href":"https:\/\/azurefilm.com\/hu\/wp-json\/wp\/v2\/brand?post=95239"}],"curies":[{"name":"wp","href":"https:\/\/api.w.org\/{rel}","templated":true}]}}