
{"id":16363,"date":"2023-10-30T03:44:57","date_gmt":"2023-10-30T03:44:57","guid":{"rendered":"https:\/\/azurefilm.com\/shipping-and-returns\/"},"modified":"2026-01-08T05:48:55","modified_gmt":"2026-01-08T05:48:55","slug":"spedizioni-e-resi","status":"publish","type":"page","link":"https:\/\/azurefilm.com\/it\/spedizioni-e-resi\/","title":{"rendered":"Spedizioni e resi"},"content":{"rendered":"\n\t<section class=\"section pt-0\" id=\"section_1376057038\">\n\t\t<div class=\"section-bg fill\" >\n\t\t\t\t\t\t\t\t\t\n\t\t\t\n\n\t\t<\/div>\n\n\t\t\n\n\t\t<div class=\"section-content relative\">\n\t\t\t\n<div class=\"row\"  id=\"row-1298537349\">\n\n\t<div id=\"col-1042915412\" class=\"col small-12 large-12\"  >\n\t\t\t\t<div class=\"col-inner\"  >\n\t\t\t\n\t\t\t\n<h1>SPEDIZIONI E RESI<\/h1>\n<p>Noi di AzureFilm vogliamo offrirti un&#8217;esperienza di acquisto impeccabile dall&#8217;inizio alla fine. Grazie alla nostra vasta selezione di prodotti di stampa 3D di alta qualit\u00e0, al servizio clienti puntuale e all&#8217;efficiente elaborazione degli ordini, ci impegniamo al massimo per garantire la tua soddisfazione.<\/p>\n<p>Per rendere il processo trasparente al 100%, puoi consultare questa pagina per scoprire le nostre opzioni di spedizione e la procedura di reso.<\/p>\n<p>A questo punto, non ti resta che metterti comodo mentre noi ci occupiamo della logistica! \ud83d\ude42<\/p>\n<div class=\"row row-large align-equal off-bg-image-row\"  id=\"row-658994611\">\n\n\t<div id=\"col-1144543139\" class=\"col pb-0 off-bg-image-col shipping-link-anchor medium-5 small-12 large-5\"  >\n\t\t\t\t<div class=\"col-inner\" style=\"background-color:rgb(26, 28, 28);\" >\n\t\t\t\n\t\t\t\n<div class=\"row row-small align-middle align-center\"  id=\"row-1435745730\">\n\n\t<div id=\"col-1905891364\" class=\"col pb-0 medium-4 small-12 large-4\"  >\n\t\t\t\t<div class=\"col-inner text-center\"  >\n\t\t\t\n\t\t\t\n\t<div class=\"img has-hover shipping-link-anchor x md-x lg-x y md-y lg-y\" id=\"image_855985423\">\n\t\t\t\t\t\t\t\t<div class=\"img-inner dark\" >\n\t\t\t<img loading=\"lazy\" decoding=\"async\" width=\"1\" height=\"1\" src=\"https:\/\/azurefilm.com\/wp-content\/uploads\/2023\/10\/delivery-1.svg\" class=\"attachment-large size-large\" alt=\"\" title=\"\">\t\t\t\t\t\t\n\t\t\t\t\t<\/div>\n\t\t\t\t\t\t\t\t\n<style>\n#image_855985423 {\n  width: 60%;\n}\n@media (min-width:550px) {\n  #image_855985423 {\n    width: 100%;\n  }\n}\n<\/style>\n\t<\/div>\n\t\n\t\t<\/div>\n\t\t\t\t\n<style>\n#col-1905891364 > .col-inner {\n  margin: 0px 0px 0px 0px;\n}\n<\/style>\n\t<\/div>\n\n\t\n\n\t<div id=\"col-1078377100\" class=\"col pb-0 medium-8 small-12 large-8\"  >\n\t\t\t\t<div class=\"col-inner dark\"  >\n\t\t\t\n\t\t\t\n\t\t<div class=\"off-bg-image-text\">\n\t\t\t\t\n<h3>Spredizioni<\/h3>\n<p>Offriamo spedizioni veloci e affidabili in tutta Europa. Le tariffe e i tempi di consegna variano da paese a paese. Il nostro team dedicato si assicurer\u00e0 che i tuoi ordini siano imballati con cura e spediti il pi\u00f9 velocemente possibile. Puoi seguire la tua spedizione per rimanere aggiornato sui suoi progressi qui.<br \/>\n\t\t<\/div>\n\t\n\t\t<\/div>\n\t\t\t\t\n<style>\n#col-1078377100 > .col-inner {\n  padding: 1em 1em 1em 1em;\n}\n<\/style>\n\t<\/div>\n\n\t\n<\/div>\n\t\t<\/div>\n\t\t\t\t\n<style>\n#col-1144543139 > .col-inner {\n  padding: 1em 0px 1em 0px;\n}\n@media (min-width:550px) {\n  #col-1144543139 > .col-inner {\n    padding: 2em 0px 2em 0px;\n  }\n}\n<\/style>\n\t<\/div>\n\n\t\n\n\t<div id=\"col-1589507229\" class=\"col pb-0 off-bg-image-col returns-link-anchor medium-5 small-12 large-5\"  >\n\t\t\t\t<div class=\"col-inner\" style=\"background-color:rgb(12, 40, 75);\" >\n\t\t\t\n\t\t\t\n<div class=\"row row-small align-middle align-center\"  id=\"row-1439902130\">\n\n\t<div id=\"col-1246787485\" class=\"col pb-0 medium-4 small-12 large-4\"  >\n\t\t\t\t<div class=\"col-inner text-center\"  >\n\t\t\t\n\t\t\t\n\t<div class=\"img has-hover returns-link-anchor x md-x lg-x y md-y lg-y\" id=\"image_1630216530\">\n\t\t\t\t\t\t\t\t<div class=\"img-inner dark\" >\n\t\t\t<img loading=\"lazy\" decoding=\"async\" width=\"1\" height=\"1\" src=\"https:\/\/azurefilm.com\/wp-content\/uploads\/2023\/10\/returns-1.svg\" class=\"attachment-large size-large\" alt=\"\" title=\"\">\t\t\t\t\t\t\n\t\t\t\t\t<\/div>\n\t\t\t\t\t\t\t\t\n<style>\n#image_1630216530 {\n  width: 60%;\n}\n@media (min-width:550px) {\n  #image_1630216530 {\n    width: 100%;\n  }\n}\n<\/style>\n\t<\/div>\n\t\n\t\t<\/div>\n\t\t\t\t\n<style>\n#col-1246787485 > .col-inner {\n  margin: 0px 0px 0px 0px;\n}\n<\/style>\n\t<\/div>\n\n\t\n\n\t<div id=\"col-1633432145\" class=\"col pb-0 medium-8 small-12 large-8\"  >\n\t\t\t\t<div class=\"col-inner dark\"  >\n\t\t\t\n\t\t\t\n\t\t<div class=\"off-bg-image-text\">\n\t\t\t\t\n<h3>Resi<\/h3>\n<p>Vogliamo che tu sia pienamente soddisfatto del tuo acquisto. Se, per qualsiasi motivo, non fossi soddisfatto del tuo ordine, nessun problema! Puoi effettuare il reso dei prodotti ordinati entro 14 giorni dalla consegna.<br \/>\n\t\t<\/div>\n\t\n\t\t<\/div>\n\t\t\t\t\n<style>\n#col-1633432145 > .col-inner {\n  padding: 1em 1em 1em 1em;\n}\n<\/style>\n\t<\/div>\n\n\t\n<\/div>\n\t\t<\/div>\n\t\t\t\t\n<style>\n#col-1589507229 > .col-inner {\n  padding: 1em 0px 1em 0px;\n}\n@media (min-width:550px) {\n  #col-1589507229 > .col-inner {\n    padding: 2em 0px 2em 0px;\n  }\n}\n<\/style>\n\t<\/div>\n\n\t\n<\/div>\n\t\t<\/div>\n\t\t\t\t\t<\/div>\n\n\t\n<\/div>\n\t\t<\/div>\n\n\t\t\n<style>\n#section_1376057038 {\n  padding-top: 0px;\n  padding-bottom: 0px;\n}\n<\/style>\n\t<\/section>\n\t\n\n\t<section class=\"section\" id=\"section_1700738642\">\n\t\t<div class=\"section-bg fill\" >\n\t\t\t\t\t\t\t\t\t\n\t\t\t\n\n\t\t<\/div>\n\n\t\t\n\n\t\t<div class=\"section-content relative\">\n\t\t\t\n<div class=\"row\"  id=\"row-1057293313\">\n\n\t<div id=\"col-1939946122\" class=\"col small-12 large-12 small-col-first\"  >\n\t\t\t\t<div class=\"col-inner\"  >\n\t\t\t\n\t\t\t\n\n<div id=\"shipping\">\n<h2 class=\"uppercase\">Tariffe di spedizione<\/h2>\n<div class=\"shipping-rates-table\">\n<div class=\"shipping-rates-row hide-for-small row row-collapse hide-for-small\">\n<div class=\"shipping-rates-header-country col medium-8 small-12 large-8\">\n<div class=\"col-inner\">\n<h3>Paese<\/h3>\n<\/div>\n<\/div>\n<div class=\"shipping-rates-header-shipping-rates col medium-2 small-12 large-2\">\n<div class=\"col-inner\">\n<h3>Tariffe di spedizione<\/h3>\n<\/div>\n<\/div>\n<div class=\"shipping-rates-header-free-over col medium-2 small-12 large-2\">\n<div class=\"col-inner\">\n<h3>Gratuito oltre<\/h3>\n<\/div>\n<\/div>\n<\/div>\n<div class=\"shipping-rates-row row row-collapse\">\n<div class=\"shipping-rates-country col medium-8 small-12 large-8\">\n<div class=\"col-inner\">Italy &#8211; GLS delivery (2-3 days)<\/div>\n<\/div>\n<div class=\"shipping-rates-shipping-rates col medium-2 small-12 large-2\">\n<div class=\"col-inner\"><span data-attribute=\"Shipping rates:\">5,90 EUR<\/span><\/div>\n<\/div>\n<div class=\"shipping-rates-free-over col medium-2 small-12 large-2\">\n<div class=\"col-inner\"><span data-attribute=\"Free over:\">50,00 EUR<\/span><\/div>\n<\/div>\n<\/div>\n<div class=\"shipping-rates-row row row-collapse\">\n<div class=\"shipping-rates-country col medium-8 small-12 large-8\">\n<div class=\"col-inner\">Slovenia &#8211; DPD dostava (2-3 delovne dni)<\/div>\n<\/div>\n<div class=\"shipping-rates-shipping-rates col medium-2 small-12 large-2\">\n<div class=\"col-inner\"><span data-attribute=\"Shipping rates:\">3,90 EUR<\/span><\/div>\n<\/div>\n<div class=\"shipping-rates-free-over col medium-2 small-12 large-2\">\n<div class=\"col-inner\"><span data-attribute=\"Free over:\">50,00 EUR<\/span><\/div>\n<\/div>\n<\/div>\n<div class=\"shipping-rates-row row row-collapse\">\n<div class=\"shipping-rates-country col medium-8 small-12 large-8\">\n<div class=\"col-inner\">Croatia &#8211; GLS delivery (2-3 days)<\/div>\n<\/div>\n<div class=\"shipping-rates-shipping-rates col medium-2 small-12 large-2\">\n<div class=\"col-inner\"><span data-attribute=\"Shipping rates:\">5,90 EUR<\/span><\/div>\n<\/div>\n<div class=\"shipping-rates-free-over col medium-2 small-12 large-2\">\n<div class=\"col-inner\"><span data-attribute=\"Free over:\">50,00 EUR<\/span><\/div>\n<\/div>\n<\/div>\n<div class=\"shipping-rates-row row row-collapse\">\n<div class=\"shipping-rates-country col medium-8 small-12 large-8\">\n<div class=\"col-inner\">Austria &#8211; DPD AT shipping (3-5 working days)<\/div>\n<\/div>\n<div class=\"shipping-rates-shipping-rates col medium-2 small-12 large-2\">\n<div class=\"col-inner\"><span data-attribute=\"Shipping rates:\">6,90 EUR<\/span><\/div>\n<\/div>\n<div class=\"shipping-rates-free-over col medium-2 small-12 large-2\">\n<div class=\"col-inner\"><span data-attribute=\"Free over:\">80,00 EUR<\/span><\/div>\n<\/div>\n<\/div>\n<div class=\"shipping-rates-row row row-collapse\">\n<div class=\"shipping-rates-country col medium-8 small-12 large-8\">\n<div class=\"col-inner\">Germany &#8211; DPD DE shipping (3-5 working days)<\/div>\n<\/div>\n<div class=\"shipping-rates-shipping-rates col medium-2 small-12 large-2\">\n<div class=\"col-inner\"><span data-attribute=\"Shipping rates:\">6,90 EUR<\/span><\/div>\n<\/div>\n<div class=\"shipping-rates-free-over col medium-2 small-12 large-2\">\n<div class=\"col-inner\"><span data-attribute=\"Free over:\">80,00 EUR<\/span><\/div>\n<\/div>\n<\/div>\n<div class=\"shipping-rates-row row row-collapse\">\n<div class=\"shipping-rates-country col medium-8 small-12 large-8\">\n<div class=\"col-inner\">Belgium &#8211; DPD BG NL shipping (3-5 working days)<\/div>\n<\/div>\n<div class=\"shipping-rates-shipping-rates col medium-2 small-12 large-2\">\n<div class=\"col-inner\"><span data-attribute=\"Shipping rates:\">7,90 EUR<\/span><\/div>\n<\/div>\n<div class=\"shipping-rates-free-over col medium-2 small-12 large-2\">\n<div class=\"col-inner\"><span data-attribute=\"Free over:\">80,00 EUR<\/span><\/div>\n<\/div>\n<\/div>\n<div class=\"shipping-rates-row row row-collapse\">\n<div class=\"shipping-rates-country col medium-8 small-12 large-8\">\n<div class=\"col-inner\">Netherlands &#8211; DPD NL shipping (3-5 working days)<\/div>\n<\/div>\n<div class=\"shipping-rates-shipping-rates col medium-2 small-12 large-2\">\n<div class=\"col-inner\"><span data-attribute=\"Shipping rates:\">7,90 EUR<\/span><\/div>\n<\/div>\n<div class=\"shipping-rates-free-over col medium-2 small-12 large-2\">\n<div class=\"col-inner\"><span data-attribute=\"Free over:\">80,00 EUR<\/span><\/div>\n<\/div>\n<\/div>\n<div class=\"shipping-rates-row row row-collapse\">\n<div class=\"shipping-rates-country col medium-8 small-12 large-8\">\n<div class=\"col-inner\">Luxembourg &#8211; DPD LU shipping (3-5 working days)<\/div>\n<\/div>\n<div class=\"shipping-rates-shipping-rates col medium-2 small-12 large-2\">\n<div class=\"col-inner\"><span data-attribute=\"Shipping rates:\">7,90 EUR<\/span><\/div>\n<\/div>\n<div class=\"shipping-rates-free-over col medium-2 small-12 large-2\">\n<div class=\"col-inner\"><span data-attribute=\"Free over:\">80,00 EUR<\/span><\/div>\n<\/div>\n<\/div>\n<div class=\"shipping-rates-row row row-collapse\">\n<div class=\"shipping-rates-country col medium-8 small-12 large-8\">\n<div class=\"col-inner\">Bulgaria &#8211; Sameday BG shipping (4-7 working days)<\/div>\n<\/div>\n<div class=\"shipping-rates-shipping-rates col medium-2 small-12 large-2\">\n<div class=\"col-inner\"><span data-attribute=\"Shipping rates:\">7,90 EUR<\/span><\/div>\n<\/div>\n<div class=\"shipping-rates-free-over col medium-2 small-12 large-2\">\n<div class=\"col-inner\"><span data-attribute=\"Free over:\">80,00 EUR<\/span><\/div>\n<\/div>\n<\/div>\n<div class=\"shipping-rates-row row row-collapse\">\n<div class=\"shipping-rates-country col medium-8 small-12 large-8\">\n<div class=\"col-inner\">Czech Republic &#8211; WEDO CZ shipping (3-5 working days)<\/div>\n<\/div>\n<div class=\"shipping-rates-shipping-rates col medium-2 small-12 large-2\">\n<div class=\"col-inner\"><span data-attribute=\"Shipping rates:\">5,90 EUR<\/span><\/div>\n<\/div>\n<div class=\"shipping-rates-free-over col medium-2 small-12 large-2\">\n<div class=\"col-inner\"><span data-attribute=\"Free over:\">80,00 EUR<\/span><\/div>\n<\/div>\n<\/div>\n<div class=\"shipping-rates-row row row-collapse\">\n<div class=\"shipping-rates-country col medium-8 small-12 large-8\">\n<div class=\"col-inner\">Denmark &#8211; DPD DNK shipping (4-7 working days)<\/div>\n<\/div>\n<div class=\"shipping-rates-shipping-rates col medium-2 small-12 large-2\">\n<div class=\"col-inner\"><span data-attribute=\"Shipping rates:\">9,90 EUR<\/span><\/div>\n<\/div>\n<div class=\"shipping-rates-free-over col medium-2 small-12 large-2\">\n<div class=\"col-inner\"><span data-attribute=\"Free over:\">80,00 EUR<\/span><\/div>\n<\/div>\n<\/div>\n<div class=\"shipping-rates-row row row-collapse\">\n<div class=\"shipping-rates-country col medium-8 small-12 large-8\">\n<div class=\"col-inner\">Estonia &#8211; DPD EST shipping (4-7 working days)<\/div>\n<\/div>\n<div class=\"shipping-rates-shipping-rates col medium-2 small-12 large-2\">\n<div class=\"col-inner\"><span data-attribute=\"Shipping rates:\">11,90 EUR<\/span><\/div>\n<\/div>\n<div class=\"shipping-rates-free-over col medium-2 small-12 large-2\">\n<div class=\"col-inner\"><span data-attribute=\"Free over:\">80,00 EUR<\/span><\/div>\n<\/div>\n<\/div>\n<div class=\"shipping-rates-row row row-collapse\">\n<div class=\"shipping-rates-country col medium-8 small-12 large-8\">\n<div class=\"col-inner\">France &#8211; DPD FRA shipping (4-7 working days)<\/div>\n<\/div>\n<div class=\"shipping-rates-shipping-rates col medium-2 small-12 large-2\">\n<div class=\"col-inner\"><span data-attribute=\"Shipping rates:\">9,90 EUR<\/span><\/div>\n<\/div>\n<div class=\"shipping-rates-free-over col medium-2 small-12 large-2\">\n<div class=\"col-inner\"><span data-attribute=\"Free over:\">80,00 EUR<\/span><\/div>\n<\/div>\n<\/div>\n<div class=\"shipping-rates-row row row-collapse\">\n<div class=\"shipping-rates-country col medium-8 small-12 large-8\">\n<div class=\"col-inner\">Greece &#8211; DPD GR shipping (4-7 working days)<\/div>\n<\/div>\n<div class=\"shipping-rates-shipping-rates col medium-2 small-12 large-2\">\n<div class=\"col-inner\"><span data-attribute=\"Shipping rates:\">14,90 EUR<\/span><\/div>\n<\/div>\n<div class=\"shipping-rates-free-over col medium-2 small-12 large-2\">\n<div class=\"col-inner\"><span data-attribute=\"Free over:\">80,00 EUR<\/span><\/div>\n<\/div>\n<\/div>\n<div class=\"shipping-rates-row row row-collapse\">\n<div class=\"shipping-rates-country col medium-8 small-12 large-8\">\n<div class=\"col-inner\">Hungary &#8211; GLS HU shipping (4-7 working days)<\/div>\n<\/div>\n<div class=\"shipping-rates-shipping-rates col medium-2 small-12 large-2\">\n<div class=\"col-inner\"><span data-attribute=\"Shipping rates:\">5,90 EUR<\/span><\/div>\n<\/div>\n<div class=\"shipping-rates-free-over col medium-2 small-12 large-2\">\n<div class=\"col-inner\"><span data-attribute=\"Free over:\">80,00 EUR<\/span><\/div>\n<\/div>\n<\/div>\n<div class=\"shipping-rates-row row row-collapse\">\n<div class=\"shipping-rates-country col medium-8 small-12 large-8\">\n<div class=\"col-inner\">Ireland &#8211; DPD IRL shipping (4-7 working days)<\/div>\n<\/div>\n<div class=\"shipping-rates-shipping-rates col medium-2 small-12 large-2\">\n<div class=\"col-inner\"><span data-attribute=\"Shipping rates:\">11,90 EUR<\/span><\/div>\n<\/div>\n<div class=\"shipping-rates-free-over col medium-2 small-12 large-2\">\n<div class=\"col-inner\"><span data-attribute=\"Free over:\">80,00 EUR<\/span><\/div>\n<\/div>\n<\/div>\n<div class=\"shipping-rates-row row row-collapse\">\n<div class=\"shipping-rates-country col medium-8 small-12 large-8\">\n<div class=\"col-inner\">Lithuania &#8211; DPD LT shipping (4-7 working days)<\/div>\n<\/div>\n<div class=\"shipping-rates-shipping-rates col medium-2 small-12 large-2\">\n<div class=\"col-inner\"><span data-attribute=\"Shipping rates:\">9,90 EUR<\/span><\/div>\n<\/div>\n<div class=\"shipping-rates-free-over col medium-2 small-12 large-2\">\n<div class=\"col-inner\"><span data-attribute=\"Free over:\">80,00 EUR<\/span><\/div>\n<\/div>\n<\/div>\n<div class=\"shipping-rates-row row row-collapse\">\n<div class=\"shipping-rates-country col medium-8 small-12 large-8\">\n<div class=\"col-inner\">Latvia &#8211; DPD LT shipping (4-7 working days)<\/div>\n<\/div>\n<div class=\"shipping-rates-shipping-rates col medium-2 small-12 large-2\">\n<div class=\"col-inner\"><span data-attribute=\"Shipping rates:\">9,90 EUR<\/span><\/div>\n<\/div>\n<div class=\"shipping-rates-free-over col medium-2 small-12 large-2\">\n<div class=\"col-inner\"><span data-attribute=\"Free over:\">80,00 EUR<\/span><\/div>\n<\/div>\n<\/div>\n<div class=\"shipping-rates-row row row-collapse\">\n<div class=\"shipping-rates-country col medium-8 small-12 large-8\">\n<div class=\"col-inner\">Poland &#8211; InPost POL shipping (3-5 working days)<\/div>\n<\/div>\n<div class=\"shipping-rates-shipping-rates col medium-2 small-12 large-2\">\n<div class=\"col-inner\"><span data-attribute=\"Shipping rates:\">5,90 EUR<\/span><\/div>\n<\/div>\n<div class=\"shipping-rates-free-over col medium-2 small-12 large-2\">\n<div class=\"col-inner\"><span data-attribute=\"Free over:\">80,00 EUR<\/span><\/div>\n<\/div>\n<\/div>\n<div class=\"shipping-rates-row row row-collapse\">\n<div class=\"shipping-rates-country col medium-8 small-12 large-8\">\n<div class=\"col-inner\">Portugal &#8211; DPD PT shipping (4-7 working days)<\/div>\n<\/div>\n<div class=\"shipping-rates-shipping-rates col medium-2 small-12 large-2\">\n<div class=\"col-inner\"><span data-attribute=\"Shipping rates:\">9,90 EUR<\/span><\/div>\n<\/div>\n<div class=\"shipping-rates-free-over col medium-2 small-12 large-2\">\n<div class=\"col-inner\"><span data-attribute=\"Free over:\">80,00 EUR<\/span><\/div>\n<\/div>\n<\/div>\n<div class=\"shipping-rates-row row row-collapse\">\n<div class=\"shipping-rates-country col medium-8 small-12 large-8\">\n<div class=\"col-inner\">Slovakia &#8211; GLS SK shipping (3-5 working days)<\/div>\n<\/div>\n<div class=\"shipping-rates-shipping-rates col medium-2 small-12 large-2\">\n<div class=\"col-inner\"><span data-attribute=\"Shipping rates:\">5,90 EUR<\/span><\/div>\n<\/div>\n<div class=\"shipping-rates-free-over col medium-2 small-12 large-2\">\n<div class=\"col-inner\"><span data-attribute=\"Free over:\">80,00 EUR<\/span><\/div>\n<\/div>\n<\/div>\n<div class=\"shipping-rates-row row row-collapse\">\n<div class=\"shipping-rates-country col medium-8 small-12 large-8\">\n<div class=\"col-inner\">Spain &#8211; DPD ESP shipping (4-7 working days)<\/div>\n<\/div>\n<div class=\"shipping-rates-shipping-rates col medium-2 small-12 large-2\">\n<div class=\"col-inner\"><span data-attribute=\"Shipping rates:\">11,90 EUR<\/span><\/div>\n<\/div>\n<div class=\"shipping-rates-free-over col medium-2 small-12 large-2\">\n<div class=\"col-inner\"><span data-attribute=\"Free over:\">80,00 EUR<\/span><\/div>\n<\/div>\n<\/div>\n<div class=\"shipping-rates-row row row-collapse\">\n<div class=\"shipping-rates-country col medium-8 small-12 large-8\">\n<div class=\"col-inner\">Sweden &#8211; DPD SWE shipping (4-7 working days)<\/div>\n<\/div>\n<div class=\"shipping-rates-shipping-rates col medium-2 small-12 large-2\">\n<div class=\"col-inner\"><span data-attribute=\"Shipping rates:\">14,90 EUR<\/span><\/div>\n<\/div>\n<div class=\"shipping-rates-free-over col medium-2 small-12 large-2\">\n<div class=\"col-inner\"><span data-attribute=\"Free over:\">80,00 EUR<\/span><\/div>\n<\/div>\n<\/div>\n<div class=\"shipping-rates-row row row-collapse\">\n<div class=\"shipping-rates-country col medium-8 small-12 large-8\">\n<div class=\"col-inner\">Romania &#8211; DPD RO shipping (4-7 working days)<\/div>\n<\/div>\n<div class=\"shipping-rates-shipping-rates col medium-2 small-12 large-2\">\n<div class=\"col-inner\"><span data-attribute=\"Shipping rates:\">7,90 EUR<\/span><\/div>\n<\/div>\n<div class=\"shipping-rates-free-over col medium-2 small-12 large-2\">\n<div class=\"col-inner\"><span data-attribute=\"Free over:\">80,00 EUR<\/span><\/div>\n<\/div>\n<\/div>\n<\/div>\n<\/div>\n\n\t\t<\/div>\n\t\t\t\t\t<\/div>\n\n\t\n<\/div>\n\t\t<\/div>\n\n\t\t\n<style>\n#section_1700738642 {\n  padding-top: 0px;\n  padding-bottom: 0px;\n}\n<\/style>\n\t<\/section>\n\t\n\n\t<section class=\"section\" id=\"section_1330991798\">\n\t\t<div class=\"section-bg fill\" >\n\t\t\t\t\t\t\t\t\t\n\t\t\t\n\n\t\t<\/div>\n\n\t\t\n\n\t\t<div class=\"section-content relative\">\n\t\t\t\n<div class=\"row\"  id=\"row-953187297\">\n\n\t<div id=\"col-342144318\" class=\"col small-12 large-12 small-col-first\"  >\n\t\t\t\t<div class=\"col-inner\"  >\n\t\t\t\n\t\t\t\n<h2 id=\"returns\">RESI<\/h2>\n<p>A volte pu\u00f2 capitare che i prodotti scelti non soddisfino appieno le nostre aspettative o che cambino idea. Nessun problema, puoi sempre effettuare il reso del prodotto ordinato entro 14 giorni dalla consegna.<\/p>\n<p>Ecco i 3 semplici passaggi da seguire per effettuare il reso del prodotto.<\/p>\n<p><strong>1. Comunicaci il reso\u00a0<\/strong><br \/>\nSe il tuo pacco \u00e8 stato consegnato ma non sei pienamente soddisfatto del tuo ordine e desideri effettuare un reso, contattaci entro 14 giorni dalla consegna. Puoi comunicarcelo tramite l&#8217;indirizzo e-mail <a href=\"mailto:info@azurefilm.com\">info@azurefilm.com.<\/a><\/p>\n<p><strong>2. Compila il modulo e prepara il pacco<\/strong><br \/>\nCompila tutti i campi del <a href=\"\/wp-content\/uploads\/2023\/11\/return-form-fillable-it.pdf\">modulo di Reso (link)<\/a> e prepara il pacco in modo sicuro. I prodotti devono essere restituiti nella confezione originale.<\/p>\n<p>I prodotti devono essere racchiusi in un imballaggio protettivo aggiuntivo per proteggere l&#8217;imballaggio originale del prodotto (ad esempio, una scatola di cartone). Spedisci o porta il pacco ad <a href=\"https:\/\/www.google.com\/maps?sca_esv=580046813&amp;output=search&amp;q=AzureFilm+d.o.o.,+Orle%C5%A1ka+16,+6210+Se%C5%BEana,+Slovenia&amp;source=lnms&amp;entry=mc&amp;sa=X&amp;ved=2ahUKEwiiybibpLGCAxW8_rsIHUF1BpwQ0pQJegQIDBAB\" target=\"_blank\" rel=\"noopener\">AzureFilm d.o.o., Orle\u0161ka 16, 6210 Se\u017eana, Slovenia.<\/a><\/p>\n<p>I prodotti resi devono essere consegnati entro 30 giorni dal ricevimento del pacco.<\/p>\n<p><strong>3. Rimborso\u00a0<\/strong><\/p>\n<p>Quando il pacco verr\u00e0 consegnato ad AzureFilm, il prodotto sar\u00e0 esaminato per accertare che non vi siano danni o difetti. Se i prodotti restituiti sono tutti a posto, verrai rimborsato entro un massimo di 14 giorni dal momento in cui avremo ricevuto tutti i documenti necessari e il prodotto.<\/p>\n<p><strong>4. Effetti della cancellazione<\/strong><\/p>\n<p>Se recedete dal presente contratto, vi rimborseremo tutti i pagamenti da voi ricevuti, compresi i costi di consegna (ad eccezione dei costi supplementari derivanti dal fatto che abbiate scelto un tipo di consegna diverso dal tipo meno costoso di consegna standard da noi offerto), senza indebito ritardo e in ogni caso non oltre 14 giorni dal giorno in cui siamo informati della vostra decisione di recedere dal presente contratto.<\/p>\n<p>Effettueremo il rimborso utilizzando lo stesso mezzo di pagamento utilizzato per la transazione iniziale, a meno che non abbiate espressamente concordato diversamente; in ogni caso, non dovrete sostenere alcuna spesa a seguito di tale rimborso. Potremo trattenere il rimborso finch\u00e9 non avremo ricevuto la merce o finch\u00e9 il consumatore non avr\u00e0 fornito la prova di averla rispedita, a seconda di quale delle due condizioni si verifichi per prima.<\/p>\n<p>Dovrete rispedire i beni o consegnarli a noi, senza indebiti ritardi e in ogni caso non oltre 14 giorni dal giorno in cui ci avete comunicato il vostro recesso dal presente contratto. Il termine \u00e8 rispettato se la merce viene rispedita prima della scadenza del periodo di 14 giorni.<\/p>\n<p>Il cliente dovr\u00e0 sostenere il costo diretto della restituzione della merce. Il cliente \u00e8 responsabile solo dell&#8217;eventuale diminuzione del valore dei beni risultante da una manipolazione diversa da quella necessaria per stabilire la natura, le caratteristiche e il funzionamento dei beni.<\/p>\n<p>Le spese per la restituzione dei beni a seguito del recesso saranno a suo carico.<\/p>\n<p>Puoi trovare il modulo di reso <a href=\"\/wp-content\/uploads\/2023\/11\/return-form-fillable-it.pdf\">QUI<\/a>.<\/p>\n\t\t<\/div>\n\t\t\t\t\t<\/div>\n\n\t\n<\/div>\n\t\t<\/div>\n\n\t\t\n<style>\n#section_1330991798 {\n  padding-top: 0px;\n  padding-bottom: 0px;\n}\n<\/style>\n\t<\/section>\n\t\n","protected":false},"excerpt":{"rendered":"","protected":false},"author":1,"featured_media":0,"parent":0,"menu_order":0,"comment_status":"closed","ping_status":"closed","template":"page-blank.php","meta":{"_acf_changed":false,"footnotes":""},"class_list":["post-16363","page","type-page","status-publish","hentry"],"acf":[],"_links":{"self":[{"href":"https:\/\/azurefilm.com\/it\/wp-json\/wp\/v2\/pages\/16363","targetHints":{"allow":["GET"]}}],"collection":[{"href":"https:\/\/azurefilm.com\/it\/wp-json\/wp\/v2\/pages"}],"about":[{"href":"https:\/\/azurefilm.com\/it\/wp-json\/wp\/v2\/types\/page"}],"author":[{"embeddable":true,"href":"https:\/\/azurefilm.com\/it\/wp-json\/wp\/v2\/users\/1"}],"replies":[{"embeddable":true,"href":"https:\/\/azurefilm.com\/it\/wp-json\/wp\/v2\/comments?post=16363"}],"version-history":[{"count":3,"href":"https:\/\/azurefilm.com\/it\/wp-json\/wp\/v2\/pages\/16363\/revisions"}],"predecessor-version":[{"id":104649,"href":"https:\/\/azurefilm.com\/it\/wp-json\/wp\/v2\/pages\/16363\/revisions\/104649"}],"wp:attachment":[{"href":"https:\/\/azurefilm.com\/it\/wp-json\/wp\/v2\/media?parent=16363"}],"curies":[{"name":"wp","href":"https:\/\/api.w.org\/{rel}","templated":true}]}}