
{"id":23433,"date":"2023-12-06T07:27:23","date_gmt":"2023-12-06T07:27:23","guid":{"rendered":"https:\/\/azurefilm.com\/print-happiness\/"},"modified":"2023-12-07T07:36:21","modified_gmt":"2023-12-07T07:36:21","slug":"print-happiness","status":"publish","type":"page","link":"https:\/\/azurefilm.com\/it\/print-happiness\/","title":{"rendered":"Print Happiness"},"content":{"rendered":"\n\t<section class=\"section\" id=\"section_1738068017\">\n\t\t<div class=\"section-bg fill\" >\n\t\t\t\t\t\t\t\t\t\n\t\t\t\n\n\t\t<\/div>\n\n\t\t\n\n\t\t<div class=\"section-content relative\">\n\t\t\t\n<div class=\"row row-collapse row-full-width\"  id=\"row-1086821572\">\n\n\t<div id=\"col-1942141900\" class=\"col small-12 large-12\"  >\n\t\t\t\t<div class=\"col-inner\"  >\n\t\t\t\n\t\t\t\n\n  <div class=\"banner has-hover\" id=\"banner-342480695\">\n          <div class=\"banner-inner fill\">\n        <div class=\"banner-bg fill\" >\n            <img loading=\"lazy\" decoding=\"async\" width=\"2000\" height=\"780\" src=\"https:\/\/azurefilm.com\/wp-content\/uploads\/2023\/12\/it_XMAS-video-banner-desktop-2060-x-780px.jpg\" class=\"bg attachment-original size-original\" alt=\"AzureFilm Stampa Felicita\" title=\"\">                                    \n                    <\/div>\n\t\t\n        <div class=\"banner-layers container\">\n            <div class=\"fill banner-link\"><\/div>            \n   <div id=\"text-box-741174114\" class=\"text-box banner-layer x50 md-x50 lg-x50 y50 md-y50 lg-y50 res-text\">\n                                <div class=\"text-box-content text dark\">\n              \n              <div class=\"text-inner text-center\">\n                  \n              <\/div>\n           <\/div>\n                            \n<style>\n#text-box-741174114 {\n  width: 60%;\n}\n#text-box-741174114 .text-box-content {\n  font-size: 100%;\n}\n@media (min-width:550px) {\n  #text-box-741174114 {\n    width: 60%;\n  }\n}\n<\/style>\n    <\/div>\n \n        <\/div>\n      <\/div>\n\n            \n<style>\n#banner-342480695 {\n  padding-top: 200px;\n}\n#banner-342480695 .banner-bg img {\n  object-position: 50% 23%;\n}\n@media (min-width:550px) {\n  #banner-342480695 {\n    padding-top: 500px;\n  }\n}\n<\/style>\n  <\/div>\n\n\n\t\t<\/div>\n\t\t\t\t\t<\/div>\n\n\t\n<\/div>\n\t\t<\/div>\n\n\t\t\n<style>\n#section_1738068017 {\n  padding-top: 0px;\n  padding-bottom: 0px;\n}\n<\/style>\n\t<\/section>\n\t\n\n\t<section class=\"section pb-0\" id=\"section_1605823701\">\n\t\t<div class=\"section-bg fill\" >\n\t\t\t\t\t\t\t\t\t\n\t\t\t\n\n\t\t<\/div>\n\n\t\t\n\n\t\t<div class=\"section-content relative\">\n\t\t\t\n<div class=\"row\"  id=\"row-1337715235\">\n\n\t<div id=\"col-1502319422\" class=\"col small-12 large-12\"  >\n\t\t\t\t<div class=\"col-inner\"  >\n\t\t\t\n\t\t\t\n<h1>Unisciti alle nostre iniziative di dicembre e contribuisci a diffondere la gioia! Ogni giorno \u00e8 un&#8217;opportunit\u00e0 per rendere felici noi stessi e gli altri!<\/h1>\n\t<div id=\"gap-576534909\" class=\"gap-element clearfix\" style=\"display:block; height:auto;\">\n\t\t\n<style>\n#gap-576534909 {\n  padding-top: 50px;\n}\n<\/style>\n\t<\/div>\n\t\n<h2>\u00c8 il momento di Stampare Felicit\u00e0!<\/h2>\n<p>Dicembre \u00e8 qui e la magia delle feste riempie l&#8217;aria di emozione, gioia e un tocco di creativit\u00e0. Per celebrare questo stupendo periodo dell&#8217;anno, abbiamo pensato a due iniziative per trasmettere felicit\u00e0 e positivit\u00e0.<\/p>\n<h2>Condividi la gioia con il movimento Print Happiness!<\/h2>\n<p>In questo periodo di feste, mettiamo da parte i regali anonimi e creiamo qualcosa di speciale con il potere della stampa 3D. <strong>Stampiamo regali che faranno sorridere i tuoi cari, i tuoi amici e anche le persone che non conosci.<\/strong><\/p>\n<p>Come partecipare:<\/p>\n<ul>\n<li>Registra il regalo, pubblicalo sulla tua storia di Instagram, tagga @azurefilm3d e usa l&#8217;hashtag #PrintHappiness.<\/li>\n<li>Dopo averci taggato ti risponderemo con un codice sconto.<\/li>\n<li>Hai tempo fino al 20 dicembre per partecipare.<\/li>\n<\/ul>\n<p>Il premio: tutti i partecipanti riceveranno un codice speciale con uno sconto del 20% su filamenti da utilizzare per il prossimo ordine di gennaio.<\/p>\n\t\t<\/div>\n\t\t\t\t\n<style>\n#col-1502319422 > .col-inner {\n  padding: 1rem 0px 0px 0px;\n}\n<\/style>\n\t<\/div>\n\n\t\n<\/div>\n\t\t<\/div>\n\n\t\t\n<style>\n#section_1605823701 {\n  padding-top: 30px;\n  padding-bottom: 30px;\n}\n<\/style>\n\t<\/section>\n\t\n\n\t<section class=\"section pt-0\" id=\"section_79496781\">\n\t\t<div class=\"section-bg fill\" >\n\t\t\t\t\t\t\t\t\t\n\t\t\t\n\n\t\t<\/div>\n\n\t\t\n\n\t\t<div class=\"section-content relative\">\n\t\t\t\n<div class=\"row\"  id=\"row-1599049595\">\n\n\t<div id=\"col-376303134\" class=\"col small-12 large-12\"  >\n\t\t\t\t<div class=\"col-inner\"  >\n\t\t\t\n\t\t\t\n<h2>Scatena la tua creativit\u00e0 con il concorso Print Xmas!<\/h2>\n<p>Ti sfidiamo a realizzare il tuo addobbo natalizio utilizzando il nostro filamento PLA Wood. Libera la tua immaginazione e crea qualcosa che esprima il tuo spirito natalizio.<\/p>\n<p>Come partecipare:<\/p>\n<ul>\n<li>Compila il modulo di domanda qui sotto.<\/li>\n<li>Una volta effettuata la richiesta, ti invieremo tre campioni di filamento PLA Wood (3x50g).<\/li>\n<li>Realizza un addobbo natalizio e stampalo. Filma il video dell&#8217;intero processo.<\/li>\n<li>Condividi il tuo video su Instagram, taggando @azurefilm3d e usando l&#8217;hashtag #PrintXmas.<\/li>\n<\/ul>\n<p>Tra tutti i partecipanti sorteggeremo un fortunato vincitore che ricever\u00e0 in <strong>premio 3x750g di PLA Wood a sua scelta.<\/strong><\/p>\n\t\t<\/div>\n\t\t\t\t\t<\/div>\n\n\t\n\n\t<div id=\"col-1748708306\" class=\"col small-12 large-12\"  >\n\t\t\t\t<div class=\"col-inner\"  >\n\t\t\t\n\t\t\t\n\n<div class=\"wpcf7 no-js\" id=\"wpcf7-f23446-o1\" lang=\"it-IT\" dir=\"ltr\" data-wpcf7-id=\"23446\">\n<div class=\"screen-reader-response\"><p role=\"status\" aria-live=\"polite\" aria-atomic=\"true\"><\/p> <ul><\/ul><\/div>\n<form action=\"\/it\/wp-json\/wp\/v2\/pages\/23433#wpcf7-f23446-o1\" method=\"post\" class=\"wpcf7-form init\" aria-label=\"Modulo di contatto\" novalidate=\"novalidate\" data-status=\"init\">\n<fieldset class=\"hidden-fields-container\"><input type=\"hidden\" name=\"_wpcf7\" value=\"23446\" \/><input type=\"hidden\" name=\"_wpcf7_version\" value=\"6.1.5\" \/><input type=\"hidden\" name=\"_wpcf7_locale\" value=\"it_IT\" \/><input type=\"hidden\" name=\"_wpcf7_unit_tag\" value=\"wpcf7-f23446-o1\" \/><input type=\"hidden\" name=\"_wpcf7_container_post\" value=\"0\" \/><input type=\"hidden\" name=\"_wpcf7_posted_data_hash\" value=\"\" \/>\n<\/fieldset>\n<div class=\"wpcf7-turnstile cf-turnstile\" data-sitekey=\"0x4AAAAAAB5R05neHM8iS1aG\" data-response-field-name=\"_wpcf7_turnstile_response\"><\/div>\n\n<div class=\"contact-us-form\">\n\t<h2>Modulo di registrazione per il concorso Print Xmas\n\t<\/h2>\n\t<div class=\"contact-content\">\n\t\t<p><label><br \/>\n<span class=\"wpcf7-form-control-wrap\" data-name=\"text-300\"><input size=\"40\" maxlength=\"400\" class=\"wpcf7-form-control wpcf7-text wpcf7-validates-as-required\" aria-required=\"true\" aria-invalid=\"false\" placeholder=\"Nome\" value=\"\" type=\"text\" name=\"text-300\" \/><\/span> <\/label>\n\t\t<\/p>\n\t\t<p><label><br \/>\n<span class=\"wpcf7-form-control-wrap\" data-name=\"text-301\"><input size=\"40\" maxlength=\"400\" class=\"wpcf7-form-control wpcf7-text wpcf7-validates-as-required\" aria-required=\"true\" aria-invalid=\"false\" placeholder=\"Cognome\" value=\"\" type=\"text\" name=\"text-301\" \/><\/span> <\/label>\n\t\t<\/p>\n\t\t<p><label><br \/>\n<span class=\"wpcf7-form-control-wrap\" data-name=\"text-302\"><input size=\"40\" maxlength=\"400\" class=\"wpcf7-form-control wpcf7-text wpcf7-validates-as-required\" aria-required=\"true\" aria-invalid=\"false\" placeholder=\"Indirizzo\" value=\"\" type=\"text\" name=\"text-302\" \/><\/span> <\/label>\n\t\t<\/p>\n\t\t<p><label><br \/>\n<span class=\"wpcf7-form-control-wrap\" data-name=\"text-303\"><input size=\"40\" maxlength=\"400\" class=\"wpcf7-form-control wpcf7-text wpcf7-validates-as-required\" aria-required=\"true\" aria-invalid=\"false\" placeholder=\"Numero civico\" value=\"\" type=\"text\" name=\"text-303\" \/><\/span> <\/label>\n\t\t<\/p>\n\t\t<p><label><br \/>\n<span class=\"wpcf7-form-control-wrap\" data-name=\"text-304\"><input size=\"40\" maxlength=\"400\" class=\"wpcf7-form-control wpcf7-text wpcf7-validates-as-required\" aria-required=\"true\" aria-invalid=\"false\" placeholder=\"CAP\" value=\"\" type=\"text\" name=\"text-304\" \/><\/span> <\/label>\n\t\t<\/p>\n\t\t<p><label><br \/>\n<span class=\"wpcf7-form-control-wrap\" data-name=\"text-305\"><input size=\"40\" maxlength=\"400\" class=\"wpcf7-form-control wpcf7-text wpcf7-validates-as-required\" aria-required=\"true\" aria-invalid=\"false\" placeholder=\"Citt\u00e0\" value=\"\" type=\"text\" name=\"text-305\" \/><\/span> <\/label>\n\t\t<\/p>\n\t\t<p><label><br \/>\n<span class=\"wpcf7-form-control-wrap\" data-name=\"text-306\"><input size=\"40\" maxlength=\"400\" class=\"wpcf7-form-control wpcf7-text wpcf7-validates-as-required\" aria-required=\"true\" aria-invalid=\"false\" placeholder=\"Paese\" value=\"\" type=\"text\" name=\"text-306\" \/><\/span> <\/label>\n\t\t<\/p>\n\t\t<p><label><br \/>\n<span class=\"wpcf7-form-control-wrap\" data-name=\"email-224\"><input size=\"40\" maxlength=\"400\" class=\"wpcf7-form-control wpcf7-email wpcf7-validates-as-required wpcf7-text wpcf7-validates-as-email\" aria-required=\"true\" aria-invalid=\"false\" placeholder=\"E-mail\" value=\"\" type=\"email\" name=\"email-224\" \/><\/span> <\/label>\n\t\t<\/p>\n\t\t<p><label><br \/>\n<span class=\"wpcf7-form-control-wrap\" data-name=\"tel-15\"><input size=\"40\" maxlength=\"400\" class=\"wpcf7-form-control wpcf7-tel wpcf7-validates-as-required wpcf7-text wpcf7-validates-as-tel\" aria-required=\"true\" aria-invalid=\"false\" placeholder=\"Cellulare\" value=\"\" type=\"tel\" name=\"tel-15\" \/><\/span> <\/label>\n\t\t<\/p>\n\t<\/div>\n\t<p class=\"contact-form-notice\"><span class=\"wpcf7-form-control-wrap\" data-name=\"accept-this-1\"><span class=\"wpcf7-form-control wpcf7-acceptance\"><span class=\"wpcf7-list-item\"><label><input type=\"checkbox\" name=\"accept-this-1\" value=\"1\" aria-invalid=\"false\" \/><span class=\"wpcf7-list-item-label\">Partecipando al concorso Print Xmas, dichiari di aver letto e accettato questi Termini e condizioni.<\/span><\/label><\/span><\/span><\/span>\n\t<\/p>\n<\/div>\n<div class=\"contact-us-button-container\">\n\t<p><input class=\"wpcf7-form-control wpcf7-submit has-spinner\" type=\"submit\" value=\"INVIA\" \/>\n\t<\/p>\n<\/div><div class=\"wpcf7-response-output\" aria-hidden=\"true\"><\/div>\n<\/form>\n<\/div>\n\n\t\t<\/div>\n\t\t\t\t\t<\/div>\n\n\t\n\n\t<div id=\"col-96771229\" class=\"col small-12 large-12\"  >\n\t\t\t\t<div class=\"col-inner\"  >\n\t\t\t\n\t\t\t\n<h2>Termini e condizioni per il concorso Print Xmas<\/h2>\n<p>I partecipanti devono compilare integralmente il modulo di registrazione per partecipare. Moduli incompleti o inesatti possono comportare la squalifica.<\/p>\n<p>Dopo una registrazione riuscita, i partecipanti riceveranno tre campioni di filamento PLA Wood (3x50g). I campioni saranno inviati all&#8217;indirizzo fornito nel modulo di registrazione.<\/p>\n<p>I partecipanti sono tenuti a progettare un ornamento natalizio utilizzando il filamento PLA Wood fornito. Solo i design creati con il filamento fornito sono ammissibili al concorso.<\/p>\n<p>I partecipanti devono filmare l&#8217;intero processo di progettazione e stampa del loro ornamento natalizio. I video devono essere condivisi su Instagram, taggando @azurefilm3d e utilizzando l&#8217;hashtag #PrintXmas.<\/p>\n<p>La scadenza per la presentazione dei video \u00e8 il 19 dicembre. Le presentazioni tardive non saranno prese in considerazione.<\/p>\n<p>Un vincitore sar\u00e0 estratto a caso tra tutti i partecipanti il 20 dicembre.<br \/>\nIl vincitore ricever\u00e0 un premio di 3x750g di filamento PLA Wood a sua scelta.<\/p>\n<p>Il vincitore verr\u00e0 informato tramite le informazioni di contatto fornite nel modulo di registrazione. Se il vincitore non risponde entro 5 giorni, potrebbe essere selezionato un nuovo vincitore.<\/p>\n<p>Partecipando, i concorrenti concedono ad AzureFilm il diritto di utilizzare il loro video e design a scopi promozionali.<\/p>\n<p>AzureFilm si riserva il diritto di modificare o annullare il concorso in qualsiasi momento.<\/p>\n<p>Per qualsiasi domanda riguardante il concorso, contattare <a href=\"mailto:info@azurefilm.com\">info@azurefilm.com<\/a><\/p>\n\t\t<\/div>\n\t\t\t\t\t<\/div>\n\n\t\n<\/div>\n\t\t<\/div>\n\n\t\t\n<style>\n#section_79496781 {\n  padding-top: 30px;\n  padding-bottom: 30px;\n}\n<\/style>\n\t<\/section>\n\t\n","protected":false},"excerpt":{"rendered":"","protected":false},"author":1,"featured_media":0,"parent":0,"menu_order":0,"comment_status":"closed","ping_status":"closed","template":"page-blank.php","meta":{"_acf_changed":false,"footnotes":""},"class_list":["post-23433","page","type-page","status-publish","hentry"],"acf":[],"_links":{"self":[{"href":"https:\/\/azurefilm.com\/it\/wp-json\/wp\/v2\/pages\/23433","targetHints":{"allow":["GET"]}}],"collection":[{"href":"https:\/\/azurefilm.com\/it\/wp-json\/wp\/v2\/pages"}],"about":[{"href":"https:\/\/azurefilm.com\/it\/wp-json\/wp\/v2\/types\/page"}],"author":[{"embeddable":true,"href":"https:\/\/azurefilm.com\/it\/wp-json\/wp\/v2\/users\/1"}],"replies":[{"embeddable":true,"href":"https:\/\/azurefilm.com\/it\/wp-json\/wp\/v2\/comments?post=23433"}],"version-history":[{"count":0,"href":"https:\/\/azurefilm.com\/it\/wp-json\/wp\/v2\/pages\/23433\/revisions"}],"wp:attachment":[{"href":"https:\/\/azurefilm.com\/it\/wp-json\/wp\/v2\/media?parent=23433"}],"curies":[{"name":"wp","href":"https:\/\/api.w.org\/{rel}","templated":true}]}}