
{"id":30641,"date":"2024-03-28T05:12:51","date_gmt":"2024-03-28T05:12:51","guid":{"rendered":"https:\/\/azurefilm.com\/?page_id=30641"},"modified":"2024-03-28T05:17:54","modified_gmt":"2024-03-28T05:17:54","slug":"reclami","status":"publish","type":"page","link":"https:\/\/azurefilm.com\/it\/reclami\/","title":{"rendered":"Reclami"},"content":{"rendered":"\n\t<section class=\"section\" id=\"section_1479815390\">\n\t\t<div class=\"section-bg fill\" >\n\t\t\t\t\t\t\t\t\t\n\t\t\t\n\n\t\t<\/div>\n\n\t\t\n\n\t\t<div class=\"section-content relative\">\n\t\t\t\n<div class=\"row\"  id=\"row-42437015\">\n\n\t<div id=\"col-1703959365\" class=\"col small-12 large-12\"  >\n\t\t\t\t<div class=\"col-inner\"  >\n\t\t\t\n\t\t\t\n<h1>RECLAMI<br \/>\n<\/h1>\n<p>Essendo un&#8217;azienda a conduzione familiare e produttrice di filamenti 3D di alta qualit\u00e0, prepariamo attentamente ogni pacco con amore e orgoglio, assicurandoci che tutti gli ordini siano gestiti con la massima attenzione. Prima di procedere alla spedizione, controlliamo tutti i prodotti e li imballiamo con cura negli scatoloni per assicurarci che arrivino a destinazione in perfette condizioni.<\/p>\n<p>Molto raramente pu\u00f2 capitare che alcuni prodotti vengano danneggiati durante il trasporto o che presentino un difetto di fabbrica. Risolveremo questi casi in modo rapido e in linea con le vostre aspettative.<\/p>\n<p><b>IMPORTANTE: In quanto produttore di filamenti 3D, possiamo solamente esaminare le vostre richieste di reclamo relative ai filamenti. Per le stampanti e altri prodotti che AzureFilm non produce, \u00e8 necessario richiedere la garanzia direttamente al costruttore del prodotto. In ogni caso, faremo tutto il possibile per evitare che dobbiate affrontare la procedura con il produttore e risolvere i problemi da soli (se possibile).<\/b><\/p>\n<p> Vi invitiamo a seguire i 3 passaggi principali: <\/p>\n<ol>\n<li>Inviate il modulo di Reclamo compilato all&#8217;indirizzo e-mail  <a href=\"mailto:info@azurefilm.com<\">info@azurefilm.com<\/a><\/li>\n<li>Se non possiamo risolvere il problema, dovrete inviarci il prodotto.<\/li>\n<li>La decisione in merito al reclamo viene respinta o approvata.<\/li>\n<\/ol>\n<p>Per saperne di pi\u00f9 sulla procedura di reclamo, leggete qui sotto:\n<\/p>\n<h2>Prima di inoltrare la richiesta di reclamo<br \/>\n<\/h2>\n<p>Prima di inviarci un reclamo su un prodotto, vi invitiamo a verificare alcune cose. Il reclamo verr\u00e0 respinto in automatico se:<\/p>\n<ul>\n<li>  inviate il prodotto richiesto senza una fattura emessa e\/o un modulo di richiesta di rimborso;<\/li>\n<li>non presentate il reclamo non appena scoprite un danno o un difetto del prodotto e continuate a utilizzarlo;<\/li>\n<li>   il danno \u00e8 dovuto a un uso improprio del prodotto (ad esempio, uso di un filamento sbagliato su una determinata stampante).<\/li>\n<\/ul>\n<h2>Compilate il modulo e inviatelo al nostro indirizzo e-mail<\/p>\n<\/h2>\n<p>Se ritenete comunque di dover presentare un reclamo, compilate il modulo di reclamo e inviatelo all&#8217;indirizzo  <a href=\"mailto:info@azurefilm.com\">info@azurefilm.com<\/a>.<\/p>\n<p>Il reclamo che riceviamo pi\u00f9 comunemente \u00e8 legato alle parti elettroniche delle stampanti 3D. Vi ricordiamo che effettueremo la sostituzione gratuita dei pezzi di ricambio entro 1 anno dall&#8217;acquisto. La condizione fondamentale \u00e8 che la stampante 3D sia stata utilizzata in modo corretto.<\/p>\n<h2>Inviateci il prodotto <br \/>\n<\/h2>\n<p>Nel caso in cui non riuscissimo a risolvere il problema da remoto, vi chiederemo di inviarci il prodotto. Il prodotto deve essere riposto in un involucro protettivo aggiuntivo che protegga l&#8217;imballaggio originale del prodotto (ad esempio, uno scatolone). <br \/>\nPortate o spedite il prodotto danneggiato o difettoso al nostro magazzino: <\/p>\n<p>AzureFilm d.o.o.<br \/>\nOrle\u0161ka 16<br \/>\n6210 Se\u017eana<br \/>\nSlovenia<\/p>\n<p><b>Le spese di spedizione e di reso del prodotto in caso di reclamo sono a carico dell&#8217;acquirente. <\/b><\/p>\n<h2>Ispezione del prodotto<br \/>\n<\/h2>\n<p>Il prodotto verr\u00e0 ispezionato adeguatamente e con dovizia, poich\u00e9 spesso i danni al prodotto si verificano a causa di disattenzione o di errori meccanici nella movimentazione e nell&#8217;utilizzo da parte del cliente.<\/p>\n<p><b>ATTENZIONE: Nell&#8217;eventualit\u00e0 in cui dovessimo scoprire che il prodotto non presenta alcun problema, vi verranno addebitati 30 \u20ac all&#8217;ora (IVA inclusa) per il tempo dedicato all&#8217;ispezione del prodotto.<\/b><\/p>\n<h2>Reclamo accettato o respinto <br \/>\n<\/h2>\n<p>We will let you know if the complaint is accepted or rejected no later than 30 days after receiving the complaint request. You can usually expect a decision on the complaint and an explanation for the decision within 7 days on your email address.<\/p>\n<p>In caso di approvazione del reclamo, il cliente pu\u00f2 scegliere un nuovo prodotto o ricevere un rimborso in denaro. Se il prezzo del nuovo prodotto \u00e8 superiore a quello del prodotto esistente, l&#8217;acquirente pagher\u00e0 la differenza. Le spese di spedizione sono a carico di AzureFilm.<\/p>\n<p>Nel caso in cui il reclamo venga respinto e l&#8217;acquirente voglia riavere i prodotti, le spese di spedizione sono a carico dell&#8217;acquirente. <\/p>\n<p>\u00c8 possibile trovare il modulo di reclamo <a href=\"\/wp-content\/uploads\/2024\/03\/complaint-form_it.pdf\">QUI<\/a>.<\/p>\n<p>In caso di ulteriori domande, contattateci all&#8217;indirizzo <a href=\"mailto:info@azurefilm.com\">info@azurefilm.com<\/a>.<\/p>\n\t\t<\/div>\n\t\t\t\t\t<\/div>\n\n\t\n<\/div>\n\t\t<\/div>\n\n\t\t\n<style>\n#section_1479815390 {\n  padding-top: 30px;\n  padding-bottom: 30px;\n}\n<\/style>\n\t<\/section>\n\t\n","protected":false},"excerpt":{"rendered":"","protected":false},"author":1,"featured_media":0,"parent":0,"menu_order":0,"comment_status":"closed","ping_status":"closed","template":"","meta":{"_acf_changed":false,"footnotes":""},"class_list":["post-30641","page","type-page","status-publish","hentry"],"acf":[],"_links":{"self":[{"href":"https:\/\/azurefilm.com\/it\/wp-json\/wp\/v2\/pages\/30641","targetHints":{"allow":["GET"]}}],"collection":[{"href":"https:\/\/azurefilm.com\/it\/wp-json\/wp\/v2\/pages"}],"about":[{"href":"https:\/\/azurefilm.com\/it\/wp-json\/wp\/v2\/types\/page"}],"author":[{"embeddable":true,"href":"https:\/\/azurefilm.com\/it\/wp-json\/wp\/v2\/users\/1"}],"replies":[{"embeddable":true,"href":"https:\/\/azurefilm.com\/it\/wp-json\/wp\/v2\/comments?post=30641"}],"version-history":[{"count":0,"href":"https:\/\/azurefilm.com\/it\/wp-json\/wp\/v2\/pages\/30641\/revisions"}],"wp:attachment":[{"href":"https:\/\/azurefilm.com\/it\/wp-json\/wp\/v2\/media?parent=30641"}],"curies":[{"name":"wp","href":"https:\/\/api.w.org\/{rel}","templated":true}]}}