
{"id":32145,"date":"2024-04-12T12:21:21","date_gmt":"2024-04-12T12:21:21","guid":{"rendered":"https:\/\/azurefilm.com\/frequently-asked-questions\/"},"modified":"2024-04-12T12:27:40","modified_gmt":"2024-04-12T12:27:40","slug":"frequently-asked-questions","status":"publish","type":"page","link":"https:\/\/azurefilm.com\/it\/frequently-asked-questions\/","title":{"rendered":"Domande frequenti"},"content":{"rendered":"<div class=\"row\"  id=\"row-1765430051\">\n\n\n\t<div id=\"col-1601536350\" class=\"col small-12 large-12\"  >\n\t\t\t\t<div class=\"col-inner\"  >\n\t\t\t\n\t\t\t\n\n\n\n<h2 class=\"uppercase text-center\">Domande frequenti<\/h2>\n\n\n\t\t<\/div>\n\t\t\t\t\t<\/div>\n\n\t\n\n<\/div>\n\n\t<section class=\"section faq-section\" id=\"section_823212252\">\n\t\t<div class=\"section-bg fill\" >\n\t\t\t\t\t\t\t\t\t\n\t\t\t\n\n\t\t<\/div>\n\n\t\t\n\n\t\t<div class=\"section-content relative\">\n\t\t\t\n\n<div class=\"row\"  id=\"row-1077828079\">\n\n\n\t<div id=\"col-1938317921\" class=\"col small-12 large-12\"  >\n\t\t\t\t<div class=\"col-inner\"  >\n\t\t\t\n\t\t\t\n\n<div class=\"accordion\">\n\n\t<div id=\"accordion-3171501276\" class=\"accordion-item\">\n\t\t<a id=\"accordion-3171501276-label\" class=\"accordion-title plain\" href=\"#accordion-item-cos\u2019\u00e8-la-stampa-3d?\" aria-expanded=\"false\" aria-controls=\"accordion-3171501276-content\">\n\t\t\t<button class=\"toggle\" aria-label=\"Attiva\/Disattiva\"><i class=\"icon-angle-down\" aria-hidden=\"true\"><\/i><\/button>\n\t\t\t<span>Cos\u2019\u00e8 la stampa 3D?<\/span>\n\t\t<\/a>\n\t\t<div id=\"accordion-3171501276-content\" class=\"accordion-inner\" aria-labelledby=\"accordion-3171501276-label\">\n\t\t\t\n\n<p>La stampa 3D, o produzione additiva, <b>consente di produrre oggetti tridimensionali a partire da modelli digitali aggiungendo materiale strato dopo strato<\/b>. Consente di realizzare forme complesse con un uso efficiente dei materiali. La precisione e la possibilit\u00e0 dei materiali sono migliorate, facendone una tecnologia industriale di primaria importanza.\u00a0<\/p>\n<p>Esistono diverse tecnologie di stampa 3D, ma le pi\u00f9 popolari sono la Fused Deposition Modeling (FDM) e la Stereolitografia (SLA).\u00a0\u00a0\u00a0<\/p>\n<p><b>La tecnologia FDM <\/b>\u00e8 quella pi\u00f9 conosciuta e accessibile. <b>Questa tecnologia sfrutta le stampanti 3D per creare oggetti con<a href=\"https:\/\/azurefilm.com\/it\/filamenti-3d\/\"> filamenti 3D<\/a><\/b>. Il filamento viene inserito in un tubo che lo spinge in un estrusore caldo. Il filamento esce poi da un ugello e viene stampato strato su strato sulla piattaforma di costruzione. Le. <a href=\"https:\/\/azurefilm.com\/it\/stampanti-3d\/\">stampanti FDM<\/a> sono perfette per i principianti ma consentono anche di realizzare progetti avanzati.<\/p>\n<p>Maggiori informazioni sulla stampa FDM <a href=\"https:\/\/azurefilm.com\/it\/2023\/10\/28\/stampa-fdm-cose-fdm\/\" target=\"_blank\" rel=\"noopener\">qui<\/a>.\u00a0\u00a0<\/p>\n<p><b>Le stampanti SLA impiegano materiali resinosi che si solidificano attraverso l'illuminazione UV. <\/b>Rispetto alle altre stampanti, la tecnologia SLA consente di ottenere oggetti pi\u00f9 minuziosi. La stampa richiede pi\u00f9 tempo e il volume di stampa \u00e8 sensibilmente inferiore. Queste stampanti solitamente vengono utilizzate nei settori della gioielleria e della medicina.<\/p>\n\n\t\t<\/div>\n\t<\/div>\n\t\n\t<div id=\"accordion-629350693\" class=\"accordion-item\">\n\t\t<a id=\"accordion-629350693-label\" class=\"accordion-title plain\" href=\"#accordion-item-quali-sono-i-tipi-di-stampanti-3d-disponibili?\" aria-expanded=\"false\" aria-controls=\"accordion-629350693-content\">\n\t\t\t<button class=\"toggle\" aria-label=\"Attiva\/Disattiva\"><i class=\"icon-angle-down\" aria-hidden=\"true\"><\/i><\/button>\n\t\t\t<span>Quali sono i tipi di stampanti 3D disponibili?<\/span>\n\t\t<\/a>\n\t\t<div id=\"accordion-629350693-content\" class=\"accordion-inner\" aria-labelledby=\"accordion-629350693-label\">\n\t\t\t\n\n<p>Scoprite la vasta collezione di stampanti 3D del nostro negozio online. Che voi preferiate le stampanti 3D FDM o a resina, scoprite la soluzione perfetta per le vostre esigenze. La nostra linea comprende:<\/p>\n<ul>\n<li><a href=\"https:\/\/azurefilm.com\/it\/stampanti-3d\/stampanti-3d-fdm\/\"><b>Stampanti 3D FDM<\/b><\/a><b>:<\/b> La tecnologia Fused Deposition Modeling (FDM) \u00e8 ideale sia per i principianti che per gli utenti pi\u00f9 esperti. Queste stampanti utilizzano filamenti 3D fusi attraverso un estrusore per fabbricare oggetti strato su strato.<\/li>\n<li><a href=\"https:\/\/azurefilm.com\/it\/stampanti-3d\/stampanti-3d-a-resina\/\"><b>Stampanti 3D SLA o a Resina<\/b><\/a>: Queste stampanti funzionano attraverso la stereolitografia, impiegando materiali resinosi polimerizzati dalla luce UV. Questa tecnologia \u00e8 perfetta per realizzare oggetti dettagliati e viene utilizzata soprattutto in settori come la gioielleria e la medicina.<\/li>\n<li><a href=\"https:\/\/azurefilm.com\/it\/stampanti-3d\/penna-3d\/\"><b>Penne<\/b><b> 3D<\/b><\/a><b>: <\/b>Create disegni a tre dimensioni nell'aria utilizzando filamenti di PLA, adatti a bambini, adolescenti e appassionati di creativit\u00e0.<\/li>\n<\/ul>\n\n\t\t<\/div>\n\t<\/div>\n\t\n\t<div id=\"accordion-3297200400\" class=\"accordion-item\">\n\t\t<a id=\"accordion-3297200400-label\" class=\"accordion-title plain\" href=\"#accordion-item-quali-materiali-si-possono-utilizzare-con-la-stampa-3d?\" aria-expanded=\"false\" aria-controls=\"accordion-3297200400-content\">\n\t\t\t<button class=\"toggle\" aria-label=\"Attiva\/Disattiva\"><i class=\"icon-angle-down\" aria-hidden=\"true\"><\/i><\/button>\n\t\t\t<span>Quali materiali si possono utilizzare con la stampa 3D?<\/span>\n\t\t<\/a>\n\t\t<div id=\"accordion-3297200400-content\" class=\"accordion-inner\" aria-labelledby=\"accordion-3297200400-label\">\n\t\t\t\n\n<p>Esistono diversi materiali per la stampa 3D sul mercato. Qui di seguito potete trovare tutti i materiali che offriamo.<\/p>\n<p><a href=\"https:\/\/azurefilm.com\/it\/filamenti-3d\/filamenti-pla\/\"><b>PLA<\/b><\/a>: Biodegradabile e semplice da stampare, ideale per i principianti. \u00c8 disponibile in diverse varianti, tra cui Silk, Wood, Neon e altre ancora. Per saperne di pi\u00f9 sui filamenti PLA, <a href=\"https:\/\/azurefilm.com\/it\/2023\/07\/04\/filamenti-pla-tutto-cio-che-ce-da-sapere\/\" target=\"_blank\" rel=\"noopener\">leggete il nostro blog<\/a>.<\/p>\n<p><a href=\"https:\/\/azurefilm.com\/it\/filamenti-3d\/filamenti-petg-it\/\"><b>PETG<\/b><\/a>: Unisce le propriet\u00e0 dell'ABS e del PLA, offrendo risultati robusti, resistenti al calore e durevoli. Approvato per uso alimentare. Per saperne di pi\u00f9 sui filamenti PETG, <a href=\"https:\/\/azurefilm.com\/it\/2023\/07\/10\/filamenti-petg-tutto-cio-che-ce-da-sapere\/\" target=\"_blank\" rel=\"noopener\">leggete il nostro blog<\/a>.<\/p>\n<p><a href=\"https:\/\/azurefilm.com\/it\/filamenti-3d\/filamenti-pctg\/\"><b>PCTG<\/b><\/a>: Un PETG migliorato con un restringimento minimo e una maggiore resistenza alla temperatura. Per saperne di pi\u00f9 sui filamenti PCTG, <a href=\"https:\/\/azurefilm.com\/it\/2023\/10\/12\/filamenti-pctg-tutto-cio-che-ce-da-sapere\/\" target=\"_blank\" rel=\"noopener\">leggete il nostro blog<\/a>.<\/p>\n<p><a href=\"https:\/\/azurefilm.com\/it\/filamenti-3d\/filamenti-asa\/\"><b>ASA<\/b><\/a>: Offre una resistenza superiore ai raggi UV, all'acqua e alle sostanze chimiche, ideale per applicazioni esterne e ambienti difficili. Per saperne di pi\u00f9 sui filamenti ASA, <a href=\"https:\/\/azurefilm.com\/it\/2023\/07\/10\/filamenti-asa-tutto-cio-che-ce-da-sapere\/\" target=\"_blank\" rel=\"noopener\">leggete il nostro blog<\/a>.<\/p>\n<p><a href=\"https:\/\/azurefilm.com\/it\/filamenti-3d\/filamenti-abs\/filamenti-abs-plus\/\"><b>ABS PLUS<\/b><\/a>: Rinomato per l'elevata tenacit\u00e0 agli impatti, la resistenza termica e l'economicit\u00e0. Ideale per le applicazioni che richiedono una maggiore durevolezza. Per saperne di pi\u00f9 sui filamenti ABS, <a href=\"https:\/\/azurefilm.com\/it\/2023\/07\/11\/filamenti-abs-tutto-cio-che-ce-da-sapere\/\" target=\"_blank\" rel=\"noopener\">leggete il nostro blog<\/a>.<\/p>\n<p><a href=\"https:\/\/azurefilm.com\/it\/filamenti-3d\/filamenti-abs\/filamenti-pc-abs\/\"><b>PC ABS<\/b><\/a>: Combina policarbonato e ABS, garantendo prestazioni meccaniche, resistenza alle temperature e agli agenti chimici eccezionali. Per saperne di pi\u00f9 sui filamenti ABS, <a href=\"https:\/\/azurefilm.com\/it\/2023\/07\/11\/filamenti-abs-tutto-cio-che-ce-da-sapere\/\" target=\"_blank\" rel=\"noopener\">leggete il nostro blog<\/a>.<\/p>\n<p><a href=\"https:\/\/azurefilm.com\/it\/filamenti-3d\/filamenti-carbon-fiber\/\"><b>Carbon Fiber<\/b><\/a>: Rinforzato con fibre di carbonio, offre straordinaria resistenza e leggerezza. Ideale per le applicazioni industriali. Per saperne di pi\u00f9 sui filamenti Carbon Fiber, <a href=\"https:\/\/azurefilm.com\/it\/2023\/07\/26\/filamenti-carbon-fiber-tutto-cio-che-ce-da-sapere\/\" target=\"_blank\" rel=\"noopener\"><span style=\"font-weight: 400;\">leggete il nostro blog<\/span><\/a>.\u00a0<\/p>\n<p><b>Nylon<\/b>: Noto per le sue propriet\u00e0 meccaniche, chimiche e flessibili, lo rendono versatile per diverse necessit\u00e0 ingegneristiche.<\/p>\n<p><a href=\"https:\/\/azurefilm.com\/it\/filamenti-3d\/filamenti-flexible\/\"><b>Flexible<\/b><\/a><span style=\"font-weight: 400;\">: Offre propriet\u00e0 simili alla gomma e viene utilizzato nelle industrie calzaturiere, aerospaziali e automobilistiche. Per saperne di pi\u00f9 sui filamenti Flexible, <\/span><a href=\"https:\/\/azurefilm.com\/it\/2023\/08\/09\/filamenti-flexible\/\" target=\"_blank\" rel=\"noopener\">leggete il nostro blog<\/a>.\u00a0<\/p>\n<p><b>PEEK<\/b>: Materiale ad elevate prestazioni con eccellenti propriet\u00e0 di resistenza chimica e leggerezza, spesso utilizzato nella tecnologia medica.<\/p>\n<p><a href=\"https:\/\/azurefilm.com\/it\/filamenti-3d\/filamenti-di-supporto\/\"><b>Support (PVA)<\/b><\/a><span style=\"font-weight: 400;\">: Materiale di supporto solubile che evita la formazione di sporgenze e si scioglie in acqua per lasciare intatto l'oggetto stampato. Per saperne di pi\u00f9 sui filamenti Support, <\/span><a href=\"https:\/\/azurefilm.com\/it\/2023\/10\/28\/filamenti-di-supporto-tutto-cio-che-ce-da-sapere\/\" target=\"_blank\" rel=\"noopener\">leggete il nostro blog<\/a>.\u00a0<\/p>\n<p>Qui potete trovare la nostra tabella comparativa dei filamenti per trovare subito quello pi\u00f9 adatto alle vostre esigenze.<\/p>\n<p><a href=\"https:\/\/azurefilm.com\/it\/filamenti-3d\/resine\/\"><b>Resina<\/b><\/a>: Usata per realizzare dettagli straordinari e finiture uniformi, soprattutto nell'industria odontoiatrica e della gioielleria.<\/p>\n<p><span style=\"font-weight: 400;\">Questi materiali sono ideali per numerose applicazioni e offrono propriet\u00e0 diverse per soddisfare esigenze specifiche di stampa 3D.<\/span><\/p>\n\n\t\t<\/div>\n\t<\/div>\n\t\n\t<div id=\"accordion-2281771311\" class=\"accordion-item\">\n\t\t<a id=\"accordion-2281771311-label\" class=\"accordion-title plain\" href=\"#accordion-item-come-posso-progettare-o-creare-oggetti-stampabili-in-3d?\" aria-expanded=\"false\" aria-controls=\"accordion-2281771311-content\">\n\t\t\t<button class=\"toggle\" aria-label=\"Attiva\/Disattiva\"><i class=\"icon-angle-down\" aria-hidden=\"true\"><\/i><\/button>\n\t\t\t<span>Come posso progettare o creare oggetti stampabili in 3D?<\/span>\n\t\t<\/a>\n\t\t<div id=\"accordion-2281771311-content\" class=\"accordion-inner\" aria-labelledby=\"accordion-2281771311-label\">\n\t\t\t\n\n<p><span>Tutte le stampe 3D cominciano con un modello 3D realizzato con un software di modellazione. Sono disponibili diversi programmi di modellazione facili da usare, alcuni gratuiti. Ecco qualche alternativa conosciuta:<\/span><\/p>\n<ul>\n<li><b>Tinkercad:<\/b><span> Grazie alla sua vasta libreria di file, Tinkercad consente agli utenti di scoprire le forme pi\u00f9 adatte e di personalizzarle. \u00c8 un'ottima piattaforma per imparare la modellazione 3D.<\/span><\/li>\n<li style=\"font-weight: 400;\" aria-level=\"1\"><b>SketchUp:<\/b><span> Conosciuto per il suo rapporto tra semplicit\u00e0 d'uso e funzionalit\u00e0, SketchUp \u00e8 perfetto per molti livelli di abilit\u00e0, il che lo rende una scelta ideale per molte persone.<\/span><\/li>\n<li><b>Blender:<\/b><span> Sebbene la sua curva di apprendimento sia piuttosto ripida, Blender, in quanto software open-source, \u00e8 perfetto per chi \u00e8 pronto a cimentarsi con modelli 3D complessi.<\/span><\/li>\n<\/ul>\n<p><span>In alternativa, potete <\/span><b>scegliere la strada pi\u00f9 semplice e scaricare modelli 3D gi\u00e0 pronti per i vostri progetti<\/b><span style=\"font-weight: 400;\">. Sono diversi i siti e gli archivi 3D che offrono modelli 3D gratuiti, come:<\/span><\/p>\n<ul>\n<li><b>Thingiverse: <\/b><span>Una comunit\u00e0 e una piattaforma di condivisione di progetti in cui potete cercare e distribuire progetti stampabili in 3D.<\/span><\/li>\n<li><b>Turbosquid:<\/b><span> Il punto di riferimento per i modelli 3D, che offre un'ampia scelta. Potete trovare ottimi modelli gratuiti eccellenti semplicemente cercando la parola \"free\".<\/span><\/li>\n<li style=\"font-weight: 400;\" aria-level=\"1\"><b>Free3d:<\/b><span> Una piattaforma dove potete condividere gratuitamente le vostre risorse 3D e scaricarne all'istante altre.<\/span><\/li>\n<\/ul>\n<p><span>Una volta ottenuto il modello 3D (creato con un software di modellazione o scaricato da un archivio), il passaggio successivo consiste nell'inserirlo nel software di slicing.\u00a0<\/span><\/p>\n<p><b>Che cos'\u00e8 uno \"slicer\" nella stampa 3D?<\/b><\/p>\n<p><span>Gli slicer semplificano il passaggio da modelli 3D a oggetti stampati, dividendo il modello CAD in strati e convertendolo in G-code.<\/span><\/p>\n<p><span>Il software Slicer inoltre comprende le impostazioni fondamentali della stampante 3D come la temperatura, l'altezza degli strati e la velocit\u00e0 di stampa, che vengono incorporate nel G-code. Una volta trasformato il modello in G-code, potete trasferirlo sulla vostra scheda Micro SD (8GB vanno pi\u00f9 che bene). Assicuratevi che il nome del file non sia composto da pi\u00f9 di sette caratteri.<\/span><\/p>\n<p><span>La stampante 3D interpreta il G-code e produce il modello strato per strato, seguendo le istruzioni contenute nel G-code.<\/span><\/p>\n<p><span>Tra i software di slicing consigliati per i principianti troviamo:<\/span><\/p>\n<ul>\n<li><b>Cura:<\/b><span> Uno slicer open-source compatibile con pressoch\u00e9 qualsiasi stampante 3D, rinomato per la sua facilit\u00e0 d'uso, velocit\u00e0 e versatilit\u00e0.<\/span><\/li>\n<li><b>Simplify3D: <\/b><span>Oltre allo slicing, Simplify3D corregge i problemi del modello, fornisce un'anteprima del risultato finale e aiuta ad individuare i potenziali problemi.<\/span><\/li>\n<\/ul>\n<p><b>Slic3r:<\/b><span style=\"font-weight: 400;\"> Un software open-source con funzioni di slicing incrementale in tempo reale, anteprima 3D e largamente utilizzato dalla comunit\u00e0 della stampa 3D.<\/span><\/p>\n\n\t\t<\/div>\n\t<\/div>\n\t\n\t<div id=\"accordion-2824251409\" class=\"accordion-item\">\n\t\t<a id=\"accordion-2824251409-label\" class=\"accordion-title plain\" href=\"#accordion-item-quali-sono-i-problemi-pi\u00f9-comuni-e-i-consigli-per-risolvere-i-problemi-relativi-alla-stampa-3d?\" aria-expanded=\"false\" aria-controls=\"accordion-2824251409-content\">\n\t\t\t<button class=\"toggle\" aria-label=\"Attiva\/Disattiva\"><i class=\"icon-angle-down\" aria-hidden=\"true\"><\/i><\/button>\n\t\t\t<span>Quali sono i problemi pi\u00f9 comuni e i consigli per risolvere i problemi relativi alla stampa 3D?<\/span>\n\t\t<\/a>\n\t\t<div id=\"accordion-2824251409-content\" class=\"accordion-inner\" aria-labelledby=\"accordion-2824251409-label\">\n\t\t\t\n\n<p><b>Cattive sporgenze<\/b>: Si formano delle brutte sporgenze quando le superfici angolari o orizzontali si afflosciano o si abbassano. Per risolvere questo problema, usate le strutture di supporto fornite dal software di slicing, diminuite la velocit\u00e0 di stampa per consentire agli strati di solidificarsi, ottimizzate il raffreddamento e valutate l'uso di profili o strutture per migliorare l'adesione e il supporto.<\/p>\n<p>\u00a0<\/p>\n<p><b>Ugello ostruito: <\/b>L'ugello si intasa a causa di residui di filamenti, impostazioni di retrazione non corrette, temperatura, detriti o polvere. Per liberare un ugello intasato, riscaldatelo alla temperatura consigliata per il filamento, estrudete il filamento, controllate che non ci siano residui con una torcia elettrica e usate la tecnica della trazione a freddo con un filamento di colore diverso finch\u00e9 non risulta pulito.<\/p>\n<p>\u00a0<\/p>\n<p><b>Adesione del primo strato:<\/b> Una corretta adesione del primo strato evita che la stampa non vada a buon fine, si scheggi e si deformi. Per ottenere questo risultato, livellate attentamente il piano di stampa, pulitelo, usate adesivi come la lacca per capelli o la colla stick, regolate l'altezza dell'ugello e incrementate la temperatura di stampa per ottenere una migliore adesione.<\/p>\n<p>\u00a0<\/p>\n<p><b>Incordatura: <\/b>L'incordatura \u00e8 causata da scarsa velocit\u00e0 di retrazione, raffreddamento inadeguato, distanza di retrazione eccessiva, impostazioni del diametro del filamento o errori dello slicer. Riducete l'incordatura regolando le impostazioni di retrazione e la temperatura dell'ugello, utilizzando pi\u00f9 ventole, calibrando lo slicer e il diametro del filamento e attivando le funzioni dello slicer per ridurre l'incordatura.<\/p>\n<p>\u00a0<\/p>\n<p><b>Distorsione:<\/b> Le deformazioni si manifestano con angoli di stampa sollevati o deformati a causa di una scarsa adesione del piano di stampa, della mancanza di supporto, di stress termici o di un raffreddamento inadeguato. Per evitare questo fenomeno, usate supporti adesivi, una copertura o un piano di stampa riscaldato con un livellamento adeguato, utilizzate profili o strutture per una maggiore la stabilit\u00e0, scegliete filamenti a bassa deformazione e regola velocit\u00e0 e temperatura di stampa.<\/p>\n<p>\u00a0<\/p>\n<p><span style=\"font-weight: 400;\">Se volete saperne di pi\u00f9 su come risolvere i problemi relativi alla stampa 3D, leggete il nostro blog sui <\/span><a href=\"https:\/\/azurefilm.com\/it\/2023\/10\/28\/5-problemi-con-la-stampa-3d-e-relative-soluzioni\/\" target=\"_blank\" rel=\"noopener\"><span style=\"font-weight: 400;\">5 problemi di stampa 3D pi\u00f9 comuni e le relative soluzioni<\/span><\/a>.<\/p>\n\n\t\t<\/div>\n\t<\/div>\n\t\n\n<\/div>\n<div class=\"accordion\">\n\n\t<div id=\"accordion-879903914\" class=\"accordion-item\">\n\t\t<a id=\"accordion-879903914-label\" class=\"accordion-title plain\" href=\"#accordion-item-quali-sono-i-diametri-delle-nostre-bobine?\" aria-expanded=\"false\" aria-controls=\"accordion-879903914-content\">\n\t\t\t<button class=\"toggle\" aria-label=\"Attiva\/Disattiva\"><i class=\"icon-angle-down\" aria-hidden=\"true\"><\/i><\/button>\n\t\t\t<span>Quali sono i diametri delle nostre bobine?<\/span>\n\t\t<\/a>\n\t\t<div id=\"accordion-879903914-content\" class=\"accordion-inner\" aria-labelledby=\"accordion-879903914-label\">\n\t\t\t\n\n<p><span style=\"font-weight: 400;\">Offriamo filamenti su bobine di diverse dimensioni con i seguenti diametri:<\/span><b><\/b><\/p>\n<ul>\n<li aria-level=\"1\"><b>bobina da 300g<\/b><\/li>\n<\/ul>\n<p><span style=\"font-weight: 400;\">49mm (larghezza) x 130mm (altezza) x 53mm (diametro foro interno)<\/span><b><\/b><\/p>\n<ul>\n<li aria-level=\"1\"><b>bobina da 1kg<\/b><\/li>\n<\/ul>\n<p><span style=\"font-weight: 400;\">63,40mm x 200mm x 60mm<\/span><b><\/b><\/p>\n<ul>\n<li aria-level=\"1\"><b>bobina da 2,1kg<\/b><\/li>\n<\/ul>\n<p><span style=\"font-weight: 400;\">110mm x 208mm x 55mm<\/span><b><\/b><\/p>\n<ul>\n<li aria-level=\"1\"><b>bobina da 5kg<\/b><\/li>\n<\/ul>\n<p><span style=\"font-weight: 400;\">150mm x 305mm x 50mm<\/span><b><\/b><\/p>\n<ul>\n<li aria-level=\"1\"><b>bobina da 10kg<\/b><\/li>\n<\/ul>\n<p><span style=\"font-weight: 400;\">230mm x 305mm x 50mm<\/span><\/p>\n\n\t\t<\/div>\n\t<\/div>\n\t\n\t<div id=\"accordion-1957245603\" class=\"accordion-item\">\n\t\t<a id=\"accordion-1957245603-label\" class=\"accordion-title plain\" href=\"#accordion-item-cos\u2019\u00e8-un-master-spool?\" aria-expanded=\"false\" aria-controls=\"accordion-1957245603-content\">\n\t\t\t<button class=\"toggle\" aria-label=\"Attiva\/Disattiva\"><i class=\"icon-angle-down\" aria-hidden=\"true\"><\/i><\/button>\n\t\t\t<span>Cos\u2019\u00e8 un master spool?<\/span>\n\t\t<\/a>\n\t\t<div id=\"accordion-1957245603-content\" class=\"accordion-inner\" aria-labelledby=\"accordion-1957245603-label\">\n\t\t\t\n\n<p><span style=\"font-weight: 400;\">La master spool \u00e8 <\/span><b>una bobina ricaricabile<\/b><span style=\"font-weight: 400;\"> studiata per contenere i filamenti refill. Anzich\u00e9 acquistare filamenti in bobine di plastica monouso, gli utenti possono acquistare filamenti di ricarica da inserire nella master spool. Questo riduce i rifiuti di plastica e pu\u00f2 essere pi\u00f9 conveniente.<\/span><\/p>\n<p><span style=\"font-weight: 400;\">Riteniamo che le ricariche siano il futuro nella stampa 3D e ne incentiviamo fortemente l\u2019uso. Vi invitiamo a fare scorta di <\/span><a href=\"https:\/\/azurefilm.com\/it\/prodotto\/azurefilm-master-spool-11-gratuito\/\" target=\"_blank\" rel=\"noopener\"><b>AzureFilm Master Spool<\/b><\/a><span style=\"font-weight: 400;\"> in base alle vostre esigenze e ad abbandonare le normali bobine. La nostra Master Spool \u00e8 perfettamente compatibile con i nostri <\/span><a href=\"https:\/\/azurefilm.com\/it\/filamenti-3d\/filamenti-refill\/\" target=\"_blank\" rel=\"noopener\"><b>filamenti Refill<\/b><\/a><span style=\"font-weight: 400;\">.<\/span><\/p>\n<p><span style=\"font-weight: 400;\">Diametri di AzureFilm Master Spool: 65mm x 200mm x 55mm<\/span><\/p>\n\n\t\t<\/div>\n\t<\/div>\n\t\n\n<\/div>\n\n\t\t<\/div>\n\t\t\t\t\t<\/div>\n\n\t\n\n<\/div>\n\n\t\t<\/div>\n\n\t\t\n<style>\n#section_823212252 {\n  padding-top: 30px;\n  padding-bottom: 30px;\n}\n<\/style>\n\t<\/section>\n\t\n","protected":false},"excerpt":{"rendered":"","protected":false},"author":1,"featured_media":0,"parent":0,"menu_order":0,"comment_status":"closed","ping_status":"closed","template":"","meta":{"_acf_changed":false,"footnotes":""},"class_list":["post-32145","page","type-page","status-publish","hentry"],"acf":[],"_links":{"self":[{"href":"https:\/\/azurefilm.com\/it\/wp-json\/wp\/v2\/pages\/32145","targetHints":{"allow":["GET"]}}],"collection":[{"href":"https:\/\/azurefilm.com\/it\/wp-json\/wp\/v2\/pages"}],"about":[{"href":"https:\/\/azurefilm.com\/it\/wp-json\/wp\/v2\/types\/page"}],"author":[{"embeddable":true,"href":"https:\/\/azurefilm.com\/it\/wp-json\/wp\/v2\/users\/1"}],"replies":[{"embeddable":true,"href":"https:\/\/azurefilm.com\/it\/wp-json\/wp\/v2\/comments?post=32145"}],"version-history":[{"count":0,"href":"https:\/\/azurefilm.com\/it\/wp-json\/wp\/v2\/pages\/32145\/revisions"}],"wp:attachment":[{"href":"https:\/\/azurefilm.com\/it\/wp-json\/wp\/v2\/media?parent=32145"}],"curies":[{"name":"wp","href":"https:\/\/api.w.org\/{rel}","templated":true}]}}