
{"id":47823,"date":"2024-10-16T10:40:20","date_gmt":"2024-10-16T10:40:20","guid":{"rendered":"https:\/\/azurefilm.com\/win-a-new-printer\/"},"modified":"2024-10-16T11:15:06","modified_gmt":"2024-10-16T11:15:06","slug":"vinci-una-stampante-3d","status":"publish","type":"page","link":"https:\/\/azurefilm.com\/it\/vinci-una-stampante-3d\/","title":{"rendered":"Vinci una stampante 3D"},"content":{"rendered":"<h1><strong>Regole per l&#8217;estrazione del premio &#8220;Completa l&#8217;indagine e vinci una nuova stampante&#8221;<\/strong><\/h1>\n<h4><strong>Organizzatore<\/strong><\/h4>\n<p>L&#8217;estrazione del premio \u00e8 organizzata da AzureFilm.<\/p>\n<h4><strong>Idoneit\u00e0<\/strong><\/h4>\n<p>L&#8217;estrazione del premio \u00e8 aperta agli individui residenti nell&#8217;Unione Europea (UE). Il premio pu\u00f2 essere spedito solo a indirizzi all&#8217;interno dell&#8217;UE.<\/p>\n<h4><strong>Periodo di partecipazione<\/strong><\/h4>\n<p>L&#8217;estrazione del premio inizia il <strong>16 ottobre 2024<\/strong> e termina il <strong>15 novembre 2024, alle 12:00 (mezzogiorno)<\/strong>. Le risposte ricevute dopo questo orario non saranno considerate.<\/p>\n<h4><strong>Come partecipare<\/strong><\/h4>\n<p>Per partecipare, completa l&#8217;indagine e fornisci un indirizzo email valido. Ogni partecipante verr\u00e0 automaticamente inserito nell&#8217;estrazione del premio al momento della sottomissione.<\/p>\n<h4><strong>Premio<\/strong><\/h4>\n<p>Un fortunato vincitore ricever\u00e0 una <strong>Creality Ender 3 V3 SE<\/strong> e un <strong>PETG 3-pack Basic<\/strong>.<\/p>\n<h4><strong>Selezione del vincitore<\/strong><\/h4>\n<p>Il vincitore sar\u00e0 selezionato casualmente tra tutte le iscrizioni idonee. L&#8217;estrazione avr\u00e0 luogo il <strong>15 novembre 2024, alle 12:00<\/strong>.<\/p>\n<h4><strong>Notifica del vincitore<\/strong><\/h4>\n<p>Il vincitore sar\u00e0 notificato via email entro <strong>3 giorni lavorativi<\/strong> dall&#8217;estrazione. Se il vincitore non risponde entro <strong>2 giorni lavorativi<\/strong>, verr\u00e0 selezionato un nuovo vincitore.<\/p>\n<h4><strong>Consegna del premio<\/strong><\/h4>\n<p>Il premio sar\u00e0 spedito al vincitore gratuitamente, ma solo a un indirizzo all&#8217;interno dell&#8217;Unione Europea. I dettagli della spedizione saranno coordinati via email dopo la conferma del vincitore.<\/p>\n<h4><strong>Privacy<\/strong><\/h4>\n<p>I partecipanti devono fornire un&#8217;email valida per partecipare all&#8217;estrazione del premio. I dati personali raccolti, comprese le email, saranno utilizzati esclusivamente per gestire l&#8217;estrazione e non saranno condivisi con terze parti. Inviando la tua email, acconsenti anche a ricevere contenuti promozionali da AzureFilm. Puoi disiscriverti in qualsiasi momento.<\/p>\n<h4><strong>Condizioni generali<\/strong><\/h4>\n<p>AzureFilm si riserva il diritto di cancellare o modificare l&#8217;estrazione del premio in qualsiasi momento senza preavviso. La decisione dell&#8217;organizzatore \u00e8 definitiva e vincolante.<\/p>\n<p><strong><a href=\"https:\/\/docs.google.com\/forms\/d\/e\/1FAIpQLScVCxpIL6GB7OL3PE8iMUJ4ZkExUVsbPtbB4AUZAfb7-sLILA\/viewform?usp=sf_link\" target=\"_blank\" rel=\"noopener\">Al sondaggio &gt;&gt;<\/a><\/strong><\/p>\n","protected":false},"excerpt":{"rendered":"<p>Regole per l&#8217;estrazione del premio &#8220;Completa l&#8217;indagine e vinci una nuova stampante&#8221; Organizzatore L&#8217;estrazione del premio \u00e8 organizzata da AzureFilm. Idoneit\u00e0 L&#8217;estrazione del premio \u00e8 aperta agli individui residenti nell&#8217;Unione Europea (UE). Il premio pu\u00f2 essere spedito solo a indirizzi all&#8217;interno dell&#8217;UE. Periodo di partecipazione L&#8217;estrazione del premio inizia il 16 ottobre 2024 e termina [&#8230;]\n","protected":false},"author":11,"featured_media":0,"parent":0,"menu_order":0,"comment_status":"closed","ping_status":"closed","template":"","meta":{"_acf_changed":false,"footnotes":""},"class_list":["post-47823","page","type-page","status-publish","hentry"],"acf":[],"_links":{"self":[{"href":"https:\/\/azurefilm.com\/it\/wp-json\/wp\/v2\/pages\/47823","targetHints":{"allow":["GET"]}}],"collection":[{"href":"https:\/\/azurefilm.com\/it\/wp-json\/wp\/v2\/pages"}],"about":[{"href":"https:\/\/azurefilm.com\/it\/wp-json\/wp\/v2\/types\/page"}],"author":[{"embeddable":true,"href":"https:\/\/azurefilm.com\/it\/wp-json\/wp\/v2\/users\/11"}],"replies":[{"embeddable":true,"href":"https:\/\/azurefilm.com\/it\/wp-json\/wp\/v2\/comments?post=47823"}],"version-history":[{"count":0,"href":"https:\/\/azurefilm.com\/it\/wp-json\/wp\/v2\/pages\/47823\/revisions"}],"wp:attachment":[{"href":"https:\/\/azurefilm.com\/it\/wp-json\/wp\/v2\/media?parent=47823"}],"curies":[{"name":"wp","href":"https:\/\/api.w.org\/{rel}","templated":true}]}}