
{"id":100818,"date":"2025-11-26T09:05:03","date_gmt":"2025-11-26T09:05:03","guid":{"rendered":"https:\/\/azurefilm.com\/?post_type=product&#038;p=100818"},"modified":"2026-01-02T20:38:51","modified_gmt":"2026-01-02T20:38:51","slug":"tpu-flexible-95a-blue","status":"publish","type":"product","link":"https:\/\/azurefilm.com\/it\/prodotto\/tpu-flexible-95a-blue\/","title":{"rendered":"TPU Flexible 95A Blue"},"content":{"rendered":"<h2><b>Flexible 95A<\/b><b><br \/>\n<\/b><\/h2>\n<p><span style=\"font-weight: 400;\">I filamenti Flexible 95A sono realizzati in <\/span><b>TPU <\/b><span style=\"font-weight: 400;\">(poliuretano termoplastico) e possiedono elevate propriet\u00e0 simili alla gomma. Rispetto ai gradi di TPU pi\u00f9 rigidi, il 95A \u00e8 <\/span><b>pi\u00f9 morbido, elastico e offre un\u2019eccellente flessibilit\u00e0<\/b><span style=\"font-weight: 400;\">. \u00c8 ideale per componenti che devono piegarsi, allungarsi, comprimersi o assorbire urti, mantenendo comunque durabilit\u00e0. Applicazioni comuni includono cover per smartphone, guarnizioni, paraurti, impugnature, protezioni, giocattoli e vari componenti domestici o automobilistici.<\/span><\/p>\n<p><span style=\"font-weight: 400;\">I filamenti flessibili sono classificati secondo la <\/span><b>scala di durezza Shore<\/b><span style=\"font-weight: 400;\">, che va da 0 a 100 e comprende categorie come Shore A e Shore D. Numeri pi\u00f9 bassi indicano materiali pi\u00f9 morbidi e flessibili. Il TPU con durezza Shore 95A \u00e8 simile a una gomma dura \u2014 flessibile e pieghevole, ma abbastanza resistente da mantenere la forma sotto carico.<\/span><\/p>\n<p><b>Disclaimer:<\/b><span style=\"font-weight: 400;\"> se durante la stampa senti scoppiettii o crepitii, il filamento ha assorbito umidit\u00e0. Asciugalo prima dell\u2019uso per ottenere i migliori risultati. Si consiglia l\u2019uso di una scatola asciugatrice per filamenti.<\/span><\/p>\n<h2 style=\"font-size: 23.04px;\"><b><img decoding=\"async\" class=\"size-medium wp-image-17898 alignnone\" src=\"https:\/\/azurefilm.com\/wp-content\/uploads\/2023\/10\/Flexible-filament-table.jpg\" alt=\" width=\" height=\"400\" title=\"\"><\/b><\/h2>\n<h3><b>Consigli per la stampa:<\/b><\/h3>\n<ul>\n<li style=\"font-weight: 400;\" aria-level=\"1\"><span style=\"font-weight: 400;\">Per risultati ottimali stampare a 220\u2013240 \u00b0C.<\/span><span style=\"font-weight: 400;\"><br \/>\n<\/span><\/li>\n<li style=\"font-weight: 400;\" aria-level=\"1\"><span style=\"font-weight: 400;\">Temperatura consigliata del piano: 40\u201360 \u00b0C.<\/span><span style=\"font-weight: 400;\"><br \/>\n<\/span><\/li>\n<li style=\"font-weight: 400;\" aria-level=\"1\"><span style=\"font-weight: 400;\">Stampare lentamente, a velocit\u00e0 di 10\u201330 mm\/s.<\/span><span style=\"font-weight: 400;\"><br \/>\n<\/span><\/li>\n<li style=\"font-weight: 400;\" aria-level=\"1\"><span style=\"font-weight: 400;\">Utilizzare piano in vetro, foglio PEI, Kapton o nastro blu con spray 3Dlac.<\/span><\/li>\n<\/ul>\n<p><i><span style=\"font-weight: 400;\">La temperatura ideale pu\u00f2 variare a seconda della stampante.<\/span><\/i><\/p>\n<p><span style=\"font-weight: 400;\">Puoi consultare la <\/span><b>Scheda Tecnica<\/b><span style=\"font-weight: 400;\"><a href=\"https:\/\/azurefilm.com\/it\/technical-data-sheets\/\" target=\"_blank\" rel=\"noopener\"> qui<\/a>.<\/span><\/p>\n","protected":false},"excerpt":{"rendered":"<p><span style=\"font-weight: 400;\">TPU Flexible 95A Blue: il perfetto equilibrio tra morbidezza e resistenza, con flessibilit\u00e0 simile alla gomma per parti che devono piegarsi, comprimersi e durare.<\/span><\/p>\n","protected":false},"featured_media":101954,"comment_status":"closed","ping_status":"closed","template":"","meta":{"_acf_changed":false},"product_brand":[],"product_cat":[2825,517,525,519],"product_tag":[],"brand":[822],"class_list":{"0":"post-100818","1":"product","2":"type-product","3":"status-publish","4":"has-post-thumbnail","6":"product_cat-tpu-95a","7":"product_cat-filamenti-3d","8":"product_cat-filamenti-flexible","9":"product_cat-tutti-filamenti","10":"pa_colour-blu","11":"pa_filament-diameter-1-75mm-it","12":"pa_filament-weight-1000g-it","13":"brand-azurefilm-it","15":"first","16":"outofstock","17":"taxable","18":"shipping-taxable","19":"purchasable","20":"product-type-variable","21":"has-default-attributes"},"acf":[],"_links":{"self":[{"href":"https:\/\/azurefilm.com\/it\/wp-json\/wp\/v2\/product\/100818","targetHints":{"allow":["GET"]}}],"collection":[{"href":"https:\/\/azurefilm.com\/it\/wp-json\/wp\/v2\/product"}],"about":[{"href":"https:\/\/azurefilm.com\/it\/wp-json\/wp\/v2\/types\/product"}],"replies":[{"embeddable":true,"href":"https:\/\/azurefilm.com\/it\/wp-json\/wp\/v2\/comments?post=100818"}],"wp:featuredmedia":[{"embeddable":true,"href":"https:\/\/azurefilm.com\/it\/wp-json\/wp\/v2\/media\/101954"}],"wp:attachment":[{"href":"https:\/\/azurefilm.com\/it\/wp-json\/wp\/v2\/media?parent=100818"}],"wp:term":[{"taxonomy":"product_brand","embeddable":true,"href":"https:\/\/azurefilm.com\/it\/wp-json\/wp\/v2\/product_brand?post=100818"},{"taxonomy":"product_cat","embeddable":true,"href":"https:\/\/azurefilm.com\/it\/wp-json\/wp\/v2\/product_cat?post=100818"},{"taxonomy":"product_tag","embeddable":true,"href":"https:\/\/azurefilm.com\/it\/wp-json\/wp\/v2\/product_tag?post=100818"},{"taxonomy":"brand","embeddable":true,"href":"https:\/\/azurefilm.com\/it\/wp-json\/wp\/v2\/brand?post=100818"}],"curies":[{"name":"wp","href":"https:\/\/api.w.org\/{rel}","templated":true}]}}