
{"id":104683,"date":"2026-01-08T08:59:37","date_gmt":"2026-01-08T08:59:37","guid":{"rendered":"https:\/\/azurefilm.com\/?post_type=product&#038;p=104683"},"modified":"2026-02-10T10:30:22","modified_gmt":"2026-02-10T10:30:22","slug":"bambu-lab-h2c-combo-pro-pack","status":"publish","type":"product","link":"https:\/\/azurefilm.com\/it\/prodotto\/bambu-lab-h2c-combo-pro-pack\/","title":{"rendered":"Bambu Lab H2C Combo BUNDLE"},"content":{"rendered":"<h2><b>Bambu Lab H2C Combo \u2013 Stampa 3D multi-materiale al livello successivo<\/b><\/h2>\n<p><span style=\"font-weight: 400;\">Bambu Lab H2C Combo migliora ci\u00f2 che gli utenti apprezzano della serie H \u2014 <\/span><b>stampa avanzata multi-materiale e multi-colore, precisione e automazione intelligente<\/b><span style=\"font-weight: 400;\"> per la stampa 3D professionale. Grazie al <\/span><b>Vortek Hotend Change System<\/b><span style=\"font-weight: 400;\"> innovativo, l\u2019H2C produce stampe pi\u00f9 pulite ed efficienti con sprechi minimi e massima flessibilit\u00e0 del workflow.<\/span><\/p>\n<h3><b>Vortek\u2122 Hotend Change System \u2013 Un nuovo standard per la stampa multi-materiale<\/b><\/h3>\n<p><span style=\"font-weight: 400;\">Al cuore del <\/span><b>Bambu Lab H2C Combo<\/b><span style=\"font-weight: 400;\"> troviamo il <\/span><b>Vortek\u2122 Hotend Change System<\/b><span style=\"font-weight: 400;\">, un approccio completamente nuovo alla stampa multi-materiale e multi-colore. Invece di far passare il filamento attraverso un unico ugello, l\u2019H2C <\/span><b>sostituisce fisicamente l\u2019hotend intero<\/b><span style=\"font-weight: 400;\"> \u2014 pi\u00f9 veloce, pi\u00f9 pulito e notevolmente pi\u00f9 efficiente.<\/span><\/p>\n<ul>\n<li style=\"font-weight: 400;\" aria-level=\"1\"><span style=\"font-weight: 400;\">Fino a <\/span><b>7 hotend<\/b><span style=\"font-weight: 400;\"> (1 fisso + fino a 6 intercambiabili) per workflow multi-materiale senza compromessi.<\/span><\/li>\n<li style=\"font-weight: 400;\" aria-level=\"1\"><b>Hotend riscaldati a induzione<\/b><span style=\"font-weight: 400;\"> per riscaldamento ultra-rapido, controllo preciso della temperatura e trasferimento di energia senza contatto.<\/span><\/li>\n<li style=\"font-weight: 400;\" aria-level=\"1\"><b>Spreco quasi nullo<\/b><span style=\"font-weight: 400;\"> rispetto ai sistemi multi-materiale tradizionali.<\/span><\/li>\n<li style=\"font-weight: 400;\" aria-level=\"1\"><b>Cambio hotend istantaneo<\/b><span style=\"font-weight: 400;\"> mantiene la qualit\u00e0 della stampa e riduce i tempi tra materiali.<\/span><\/li>\n<\/ul>\n<p><span style=\"font-weight: 400;\">Ogni hotend \u00e8 <\/span><b>calibrato singolarmente e allineato automaticamente<\/b><span style=\"font-weight: 400;\">, permettendo di cambiare materiale senza influire sulla precisione, sulla finitura superficiale o sulla dimensione. H2C \u00e8 ideale per stampe complesse che combinano <\/span><b>materiali rigidi e flessibili, filamenti di supporto o plastiche ingegneristiche<\/b><span style=\"font-weight: 400;\">.<\/span><\/p>\n<p><span style=\"font-weight: 400;\">Vortek non \u00e8 solo un upgrade \u2014 \u00e8 un cambiamento fondamentale nel modo di fare stampa multi-materiale.<\/span><\/p>\n<h3><b>Veloce, preciso e pronto per tutti i materiali<\/b><\/h3>\n<p><span style=\"font-weight: 400;\">La struttura <\/span><b>CoreXY ad alta rigidit\u00e0<\/b><span style=\"font-weight: 400;\"> e il <\/span><b>sistema di estrusione servo-controllato<\/b><span style=\"font-weight: 400;\"> garantiscono velocit\u00e0 senza compromettere la precisione.<\/span><\/p>\n<ul>\n<li style=\"font-weight: 400;\" aria-level=\"1\"><span style=\"font-weight: 400;\">Velocit\u00e0 di stampa fino a ~<\/span><b>1.000\u202fmm\/s<\/b><span style=\"font-weight: 400;\"> e accelerazione fino a <\/span><b>20.000\u202fmm\/s\u00b2<\/b><\/li>\n<li style=\"font-weight: 400;\" aria-level=\"1\"><span style=\"font-weight: 400;\">Camera attivamente riscaldata<\/span><b> (~65\u202f\u00b0C)<\/b><span style=\"font-weight: 400;\"> e temperatura massima dell\u2019hotend 350\u202f\u00b0C per gestire materiali ingegneristici<\/span><\/li>\n<li style=\"font-weight: 400;\" aria-level=\"1\"><span style=\"font-weight: 400;\">Compatibilit\u00e0 avanzata con materiali \u2014 da PLA\/PETG a compositi e polimeri tecnici<\/span><\/li>\n<\/ul>\n<h3><b>Workflow fluido e espandibilit\u00e0<\/b><\/h3>\n<p><span style=\"font-weight: 400;\">Il pacchetto \u201cCombo\u201d include <\/span><b>AMS 2 Pro<\/b><span style=\"font-weight: 400;\"> per la gestione automatizzata dei materiali, consentendo stampe multi-materiale lunghe con supporto per l\u2019asciugatura. Il sistema pu\u00f2 essere espanso fino a <\/span><b>24 filamenti<\/b><span style=\"font-weight: 400;\"> con ulteriori unit\u00e0 AMS*.<\/span><\/p>\n<p><span style=\"font-weight: 400;\">*Modulo laser e accessori per taglio opzionali, non inclusi in questo pacchetto.<\/span><\/p>\n<h2><b>Specifiche tecniche<\/b><\/h2>\n<ul>\n<li style=\"font-weight: 400;\" aria-level=\"1\"><span style=\"font-weight: 400;\">Tecnologia di stampa: FDM (Fused Deposition Modeling)<\/span><\/li>\n<li style=\"font-weight: 400;\" aria-level=\"1\"><span style=\"font-weight: 400;\">Sistema hotend: Vortek\u2122 Hotend Change System (fino a 7 hotend: 1 fisso + fino a 6 intercambiabili)<\/span><\/li>\n<li style=\"font-weight: 400;\" aria-level=\"1\"><span style=\"font-weight: 400;\">Volume di stampa:<\/span><span style=\"font-weight: 400;\"><br \/>\n<\/span><span style=\"font-weight: 400;\"> \u2013 Hotend singolo: 325\u00d7320\u00d7325 mm<\/span><span style=\"font-weight: 400;\"><br \/>\n<\/span><span style=\"font-weight: 400;\"> \u2013 Doppio hotend: 300\u00d7320\u00d7325 mm<\/span><span style=\"font-weight: 400;\"><br \/>\n<\/span><span style=\"font-weight: 400;\"> \u2013 Modalit\u00e0 combinata: 330\u00d7320\u00d7325 mm<\/span><\/li>\n<li style=\"font-weight: 400;\" aria-level=\"1\"><span style=\"font-weight: 400;\">Diametro ugello: 0,2 \/ 0,4 \/ 0,6 \/ 0,8 mm<\/span><\/li>\n<li style=\"font-weight: 400;\" aria-level=\"1\"><span style=\"font-weight: 400;\">Temperatura massima ugello: 350\u202f\u00b0C<\/span><\/li>\n<li style=\"font-weight: 400;\" aria-level=\"1\"><span style=\"font-weight: 400;\">Temperatura massima piano riscaldato: 120\u202f\u00b0C<\/span><\/li>\n<li style=\"font-weight: 400;\" aria-level=\"1\"><span style=\"font-weight: 400;\">Camera: completamente chiusa, attivamente riscaldata (fino a ~65\u202f\u00b0C)<\/span><\/li>\n<li style=\"font-weight: 400;\" aria-level=\"1\"><span style=\"font-weight: 400;\">Diametro filamento: 1,75 mm<\/span><\/li>\n<li style=\"font-weight: 400;\" aria-level=\"1\"><span style=\"font-weight: 400;\">Velocit\u00e0 massima di stampa: fino a 1.000 mm\/s<\/span><\/li>\n<li style=\"font-weight: 400;\" aria-level=\"1\"><span style=\"font-weight: 400;\">Accelerazione massima: fino a 20.000 mm\/s\u00b2<\/span><\/li>\n<li style=\"font-weight: 400;\" aria-level=\"1\"><span style=\"font-weight: 400;\">Compatibilit\u00e0 materiali: PLA, PETG, ABS, ASA, TPU, PA, PC, compositi e filamenti ingegneristici<\/span><\/li>\n<li style=\"font-weight: 400;\" aria-level=\"1\"><span style=\"font-weight: 400;\">Sistema di estrusione: Direct drive, servo-controllato<\/span><\/li>\n<li style=\"font-weight: 400;\" aria-level=\"1\"><span style=\"font-weight: 400;\">Gestione materiali: AMS 2 Pro incluso (asciugatura e cambio automatico filamento)<\/span><\/li>\n<li style=\"font-weight: 400;\" aria-level=\"1\"><span style=\"font-weight: 400;\">Espandibilit\u00e0 AMS: fino a 24 filamenti (con unit\u00e0 AMS aggiuntive)<\/span><\/li>\n<li style=\"font-weight: 400;\" aria-level=\"1\"><span style=\"font-weight: 400;\">Connettivit\u00e0: Wi-Fi, LAN, USB<\/span><\/li>\n<li style=\"font-weight: 400;\" aria-level=\"1\"><span style=\"font-weight: 400;\">Schermo: touchscreen<\/span><\/li>\n<li style=\"font-weight: 400;\" aria-level=\"1\"><span style=\"font-weight: 400;\">Struttura \/ telaio: CoreXY ad alta rigidit\u00e0<\/span><\/li>\n<li style=\"font-weight: 400;\" aria-level=\"1\"><span style=\"font-weight: 400;\">Dimensioni macchina: circa 492 \u00d7 514 \u00d7 626 mm<\/span><\/li>\n<li style=\"font-weight: 400;\" aria-level=\"1\"><span style=\"font-weight: 400;\">Peso: circa 32,5 kg<\/span><\/li>\n<li style=\"font-weight: 400;\" aria-level=\"1\"><span style=\"font-weight: 400;\">Modulo laser: non incluso<\/span><\/li>\n<\/ul>\n","protected":false},"excerpt":{"rendered":"<p><span style=\"font-weight: 400;\">Bambu Lab H2C Combo in combinazione con 4 kg di filamenti AzureFilm Refill e Master Spool 4-pack.<\/span><\/p>\n<p><span style=\"color: #ed1c24;\"><b>Importante: il Modulo Laser e Cutting sono opzionali. L\u2019H2C nella nostra offerta non include il laser.<\/b><\/span><\/p>\n","protected":false},"featured_media":104734,"comment_status":"closed","ping_status":"closed","template":"","meta":{"_acf_changed":false},"product_brand":[],"product_cat":[595,658,619,623,599,598],"product_tag":[],"brand":[827],"class_list":{"0":"post-104683","1":"product","2":"type-product","3":"status-publish","4":"has-post-thumbnail","6":"product_cat-stampante-3d","7":"product_cat-bambu-lab-it","8":"product_cat-pacchetti-speciali","9":"product_cat-saldi","10":"product_cat-stampante-3d-fdm","11":"product_cat-tutti-stampanti-3d","12":"brand-bambu-lab-it","14":"first","15":"instock","16":"sale","17":"featured","18":"taxable","19":"shipping-taxable","20":"purchasable","21":"product-type-variable"},"acf":[],"_links":{"self":[{"href":"https:\/\/azurefilm.com\/it\/wp-json\/wp\/v2\/product\/104683","targetHints":{"allow":["GET"]}}],"collection":[{"href":"https:\/\/azurefilm.com\/it\/wp-json\/wp\/v2\/product"}],"about":[{"href":"https:\/\/azurefilm.com\/it\/wp-json\/wp\/v2\/types\/product"}],"replies":[{"embeddable":true,"href":"https:\/\/azurefilm.com\/it\/wp-json\/wp\/v2\/comments?post=104683"}],"wp:featuredmedia":[{"embeddable":true,"href":"https:\/\/azurefilm.com\/it\/wp-json\/wp\/v2\/media\/104734"}],"wp:attachment":[{"href":"https:\/\/azurefilm.com\/it\/wp-json\/wp\/v2\/media?parent=104683"}],"wp:term":[{"taxonomy":"product_brand","embeddable":true,"href":"https:\/\/azurefilm.com\/it\/wp-json\/wp\/v2\/product_brand?post=104683"},{"taxonomy":"product_cat","embeddable":true,"href":"https:\/\/azurefilm.com\/it\/wp-json\/wp\/v2\/product_cat?post=104683"},{"taxonomy":"product_tag","embeddable":true,"href":"https:\/\/azurefilm.com\/it\/wp-json\/wp\/v2\/product_tag?post=104683"},{"taxonomy":"brand","embeddable":true,"href":"https:\/\/azurefilm.com\/it\/wp-json\/wp\/v2\/brand?post=104683"}],"curies":[{"name":"wp","href":"https:\/\/api.w.org\/{rel}","templated":true}]}}