
{"id":110879,"date":"2026-03-11T07:31:40","date_gmt":"2026-03-11T07:31:40","guid":{"rendered":"https:\/\/azurefilm.com\/?post_type=product&#038;p=110879"},"modified":"2026-03-15T19:47:58","modified_gmt":"2026-03-15T19:47:58","slug":"refill-petg-hyper-speed-pastel-mint-green","status":"publish","type":"product","link":"https:\/\/azurefilm.com\/it\/prodotto\/refill-petg-hyper-speed-pastel-mint-green\/","title":{"rendered":"Refill PETG Hyper Speed Pastel Mint Green"},"content":{"rendered":"\t<div id=\"text-4162927544\" class=\"text pb-0\">\n\t\t\n<h2><b>Refill PETG HS \u2013 Iper Velocit\u00e0, Alte Prestazioni<\/b><\/h2>\n<p><span style=\"font-weight: 400;\">Il filamento Refill PETG Hyper Speed \u00e8 progettato per <\/span><b>una stampa 3D veloce, affidabile e di alta qualit\u00e0<\/b><span style=\"font-weight: 400;\">. Progettato per prestazioni iperveloci, mantiene un&#8217;adesione eccezionale degli strati, una durata eccezionale e una qualit\u00e0 superficiale uniforme, anche a <\/span><b>velocit\u00e0 di stampa elevate fino a 1000 mm\/s<\/b><span style=\"font-weight: 400;\">.<\/span><\/p>\n<p><img loading=\"lazy\" decoding=\"async\" class=\"aligncenter wp-image-78687 size-full\" src=\"https:\/\/azurefilm.com\/wp-content\/uploads\/IT-Product-Page-PET\u2026-scaled.png\" alt=\"\" width=\"2560\" height=\"962\" title=\"\" srcset=\"https:\/\/azurefilm.com\/wp-content\/uploads\/IT-Product-Page-PET\u2026-scaled.png 2560w, https:\/\/azurefilm.com\/wp-content\/uploads\/IT-Product-Page-PET\u2026-scaled-510x192.png 510w, https:\/\/azurefilm.com\/wp-content\/uploads\/IT-Product-Page-PET\u2026-300x113.png 300w, https:\/\/azurefilm.com\/wp-content\/uploads\/IT-Product-Page-PET\u2026-1024x385.png 1024w, https:\/\/azurefilm.com\/wp-content\/uploads\/IT-Product-Page-PET\u2026-768x289.png 768w, https:\/\/azurefilm.com\/wp-content\/uploads\/IT-Product-Page-PET\u2026-1536x577.png 1536w, https:\/\/azurefilm.com\/wp-content\/uploads\/IT-Product-Page-PET\u2026-2048x769.png 2048w\" sizes=\"auto, (max-width: 2560px) 100vw, 2560px\" \/><\/p>\n<p><img loading=\"lazy\" decoding=\"async\" class=\"aligncenter wp-image-78681 size-full\" src=\"https:\/\/azurefilm.com\/wp-content\/uploads\/It-Product-Page-PET\u2026-3-scaled.png\" alt=\"\" width=\"2560\" height=\"962\" title=\"\" srcset=\"https:\/\/azurefilm.com\/wp-content\/uploads\/It-Product-Page-PET\u2026-3-scaled.png 2560w, https:\/\/azurefilm.com\/wp-content\/uploads\/It-Product-Page-PET\u2026-3-scaled-510x192.png 510w, https:\/\/azurefilm.com\/wp-content\/uploads\/It-Product-Page-PET\u2026-3-300x113.png 300w, https:\/\/azurefilm.com\/wp-content\/uploads\/It-Product-Page-PET\u2026-3-1024x385.png 1024w, https:\/\/azurefilm.com\/wp-content\/uploads\/It-Product-Page-PET\u2026-3-768x289.png 768w, https:\/\/azurefilm.com\/wp-content\/uploads\/It-Product-Page-PET\u2026-3-1536x577.png 1536w, https:\/\/azurefilm.com\/wp-content\/uploads\/It-Product-Page-PET\u2026-3-2048x769.png 2048w\" sizes=\"auto, (max-width: 2560px) 100vw, 2560px\" \/><\/p>\n<h3><b>Applicazioni PETG Hyper Speed<\/b><\/h3>\n<p><span style=\"font-weight: 400;\">Grazie alla sua elevata resistenza meccanica e agli urti, il PETG Hyper Speed \u00e8 <\/span><b>pi\u00f9 tenace del PLA<\/b><span style=\"font-weight: 400;\">, rendendolo perfetto per componenti funzionali e meccanici. La sua <\/span><b>resistenza chimica e all&#8217;umidit\u00e0 <\/b><span style=\"font-weight: 400;\">ne garantisce la longevit\u00e0, mentre la sua leggera flessibilit\u00e0 previene rotture e fragilit\u00e0. Inoltre, <\/span><b>l&#8217;elevata resistenza alle temperature <\/b><span style=\"font-weight: 400;\">ne consente l&#8217;utilizzo in ambienti con temperature moderate.<\/span><\/p>\n<p><img loading=\"lazy\" decoding=\"async\" class=\"aligncenter wp-image-78675 size-full\" src=\"https:\/\/azurefilm.com\/wp-content\/uploads\/Italian-EN-Product-Page-PET\u2026-scaled.png\" alt=\"\" width=\"2560\" height=\"962\" title=\"\" srcset=\"https:\/\/azurefilm.com\/wp-content\/uploads\/Italian-EN-Product-Page-PET\u2026-scaled.png 2560w, https:\/\/azurefilm.com\/wp-content\/uploads\/Italian-EN-Product-Page-PET\u2026-scaled-510x192.png 510w, https:\/\/azurefilm.com\/wp-content\/uploads\/Italian-EN-Product-Page-PET\u2026-300x113.png 300w, https:\/\/azurefilm.com\/wp-content\/uploads\/Italian-EN-Product-Page-PET\u2026-1024x385.png 1024w, https:\/\/azurefilm.com\/wp-content\/uploads\/Italian-EN-Product-Page-PET\u2026-768x289.png 768w, https:\/\/azurefilm.com\/wp-content\/uploads\/Italian-EN-Product-Page-PET\u2026-1536x577.png 1536w, https:\/\/azurefilm.com\/wp-content\/uploads\/Italian-EN-Product-Page-PET\u2026-2048x769.png 2048w\" sizes=\"auto, (max-width: 2560px) 100vw, 2560px\" \/><\/p>\n<h2><b>Stampa con AzureFilm Master Spool<\/b><\/h2>\n<p><span style=\"font-weight: 400;\">I nostri filamenti Refill PETG sono pienamente compatibili con<\/span><a href=\"https:\/\/azurefilm.com\/it\/prodotto\/azurefilm-master-spool-11-gratis\/\"> <b>AzureFilm Master Spool<\/b><\/a><b>, l\u2019unica bobina di cui avrete bisogno<\/b><span style=\"font-weight: 400;\">. Grazie a questa bobina riutilizzabile, potete unirvi a noi nella lotta agli sprechi e nel ridurre al minimo l\u2019impatto ambientale.<\/span><\/p>\n<p><img loading=\"lazy\" decoding=\"async\" class=\"aligncenter wp-image-78669 size-full\" src=\"https:\/\/azurefilm.com\/wp-content\/uploads\/Italian-EN-Product-Page-PET\u2026-2-scaled.png\" alt=\"\" width=\"2560\" height=\"962\" title=\"\" srcset=\"https:\/\/azurefilm.com\/wp-content\/uploads\/Italian-EN-Product-Page-PET\u2026-2-scaled.png 2560w, https:\/\/azurefilm.com\/wp-content\/uploads\/Italian-EN-Product-Page-PET\u2026-2-scaled-510x192.png 510w, https:\/\/azurefilm.com\/wp-content\/uploads\/Italian-EN-Product-Page-PET\u2026-2-300x113.png 300w, https:\/\/azurefilm.com\/wp-content\/uploads\/Italian-EN-Product-Page-PET\u2026-2-1024x385.png 1024w, https:\/\/azurefilm.com\/wp-content\/uploads\/Italian-EN-Product-Page-PET\u2026-2-768x289.png 768w, https:\/\/azurefilm.com\/wp-content\/uploads\/Italian-EN-Product-Page-PET\u2026-2-1536x577.png 1536w, https:\/\/azurefilm.com\/wp-content\/uploads\/Italian-EN-Product-Page-PET\u2026-2-2048x769.png 2048w\" sizes=\"auto, (max-width: 2560px) 100vw, 2560px\" \/><\/p>\n<p><span style=\"font-weight: 400;\">AzureFilm Master Spool \u00e8 la nostra <\/span><b>bobina riutilizzabile<\/b><span style=\"font-weight: 400;\">, che offre una soluzione <\/span><b>conveniente ed ecosostenibile<\/b><span style=\"font-weight: 400;\"> per la stampa 3D. La bobina consiste in un <\/span><b>set di due dischi riutilizzabili stampati a iniezione<\/b><span style=\"font-weight: 400;\">. Questo garantisce un\u2019elevata durata e precisione della bobina.<\/span><\/p>\n\t\t\t<\/div>\n\t\n<div class=\"video video-fit mb\" style=\"padding-top:56.25%;\"><p><iframe loading=\"lazy\" title=\"AzureFilm Master Spool assembly\" width=\"1020\" height=\"574\" src=\"https:\/\/www.youtube.com\/embed\/u2F_58YfvbM?feature=oembed\" frameborder=\"0\" allow=\"accelerometer; autoplay; clipboard-write; encrypted-media; gyroscope; picture-in-picture; web-share\" referrerpolicy=\"strict-origin-when-cross-origin\" allowfullscreen><\/iframe><\/p>\n<\/div>\n","protected":false},"excerpt":{"rendered":"<p>Dai vita alle tue visioni artistiche con il nostro filamento Refill PETG Hyper Speed Pastel Mint Green, progettato per realizzare stampe 3D di prima qualit\u00e0.<\/p>\n<p><b>Nota:\u00a0<\/b>Questa \u00e8 la stessa formulazione affidabile di PETG, ora rinominata in <b>PETG Hyper Speed<\/b>\u00a0per riflettere meglio le sue elevate prestazioni di stampa. Acquista e scopri il prossimo livello di PETG!<\/p>\n","protected":false},"featured_media":112343,"comment_status":"closed","ping_status":"closed","template":"","meta":{"_acf_changed":false},"product_brand":[],"product_cat":[557,517,538,1291,556,2789,519],"product_tag":[1526,1533],"brand":[],"class_list":{"0":"post-110879","1":"product","2":"type-product","3":"status-publish","4":"has-post-thumbnail","6":"product_cat-refill-petg-hyper-speed-it","7":"product_cat-filamenti-3d","8":"product_cat-filamenti-petg-it","9":"product_cat-petg-pastel-it","10":"product_cat-filamenti-refill","11":"product_cat-refill-petg-original-hs-it","12":"product_cat-tutti-filamenti","13":"product_tag-eco-it","14":"product_tag-high-speed","15":"pa_colour-green","16":"pa_filament-diameter-1-75mm","17":"pa_filament-weight-1000g","19":"first","20":"instock","21":"taxable","22":"shipping-taxable","23":"purchasable","24":"product-type-variable"},"acf":[],"_links":{"self":[{"href":"https:\/\/azurefilm.com\/it\/wp-json\/wp\/v2\/product\/110879","targetHints":{"allow":["GET"]}}],"collection":[{"href":"https:\/\/azurefilm.com\/it\/wp-json\/wp\/v2\/product"}],"about":[{"href":"https:\/\/azurefilm.com\/it\/wp-json\/wp\/v2\/types\/product"}],"replies":[{"embeddable":true,"href":"https:\/\/azurefilm.com\/it\/wp-json\/wp\/v2\/comments?post=110879"}],"wp:featuredmedia":[{"embeddable":true,"href":"https:\/\/azurefilm.com\/it\/wp-json\/wp\/v2\/media\/112343"}],"wp:attachment":[{"href":"https:\/\/azurefilm.com\/it\/wp-json\/wp\/v2\/media?parent=110879"}],"wp:term":[{"taxonomy":"product_brand","embeddable":true,"href":"https:\/\/azurefilm.com\/it\/wp-json\/wp\/v2\/product_brand?post=110879"},{"taxonomy":"product_cat","embeddable":true,"href":"https:\/\/azurefilm.com\/it\/wp-json\/wp\/v2\/product_cat?post=110879"},{"taxonomy":"product_tag","embeddable":true,"href":"https:\/\/azurefilm.com\/it\/wp-json\/wp\/v2\/product_tag?post=110879"},{"taxonomy":"brand","embeddable":true,"href":"https:\/\/azurefilm.com\/it\/wp-json\/wp\/v2\/brand?post=110879"}],"curies":[{"name":"wp","href":"https:\/\/api.w.org\/{rel}","templated":true}]}}