
{"id":112849,"date":"2026-03-30T09:23:43","date_gmt":"2026-03-30T09:23:43","guid":{"rendered":"https:\/\/azurefilm.com\/?post_type=product&#038;p=112849"},"modified":"2026-04-17T15:32:52","modified_gmt":"2026-04-17T15:32:52","slug":"pla-white","status":"publish","type":"product","link":"https:\/\/azurefilm.com\/it\/prodotto\/pla-white\/","title":{"rendered":"PLA+ White"},"content":{"rendered":"<h2><strong>PLA+ \u2013 pi\u00f9 resistente, pi\u00f9 intelligente, pi\u00f9 affidabile<\/strong><\/h2>\n<p><span style=\"font-weight: 400;\">Il <\/span><b>PLA+<\/b><span style=\"font-weight: 400;\"> \u00e8 un filamento migliorato a base di PLA, sviluppato per offrire stampe pi\u00f9 <\/span><b>resistenti, durevoli e di qualit\u00e0 superiore<\/b><span style=\"font-weight: 400;\">, senza rinunciare alla semplicit\u00e0 e all\u2019affidabilit\u00e0 che ci si aspetta dal PLA standard. Grazie alla sua formulazione ottimizzata, il PLA+ migliora l\u2019adesione tra i layer, riduce la fragilit\u00e0 e crea una superficie liscia, leggermente opaca, che dona ai vostri modelli 3D un aspetto raffinato e professionale.<\/span><\/p>\n<p><span style=\"font-weight: 400;\">Se cercate stampe che <\/span><b>durino pi\u00f9 a lungo, resistano meglio alle sollecitazioni e abbiano un aspetto professionale<\/b><span style=\"font-weight: 400;\">, il PLA+ \u00e8 una scelta eccellente per prototipi funzionali, componenti meccanici, figurine e oggetti di uso quotidiano.<\/span><\/p>\n\n\t<section class=\"section pb-0\" id=\"section_726679389\">\n\t\t<div class=\"section-bg fill\" >\n\t\t\t\t\t\t\t\t\t<div class=\"section-bg-overlay absolute fill\"><\/div>\n\t\t\t\n\n\t\t<\/div>\n\n\t\t\n\n\t\t<div class=\"section-content relative\">\n\t\t\t\n<div class=\"row row-large align-middle\"  id=\"row-413132420\">\n\n\t<div id=\"col-394439938\" class=\"col medium-6 small-12 large-6\"  >\n\t\t\t\t<div class=\"col-inner text-left\"  >\n\t\t\t\n\t\t\t\n<h3><strong>Caratteristiche principali<\/strong><\/h3>\n<ul>\n<li style=\"font-weight: 400;\" aria-level=\"1\"><b>Stampa high-speed <\/b><span style=\"font-weight: 400;\">\u2013 fino a 450 mm\/s<\/span><\/li>\n<li style=\"font-weight: 400;\" aria-level=\"1\"><b>Maggiore resistenza e durata<\/b><span style=\"font-weight: 400;\"> \u2013 sopporta meglio flessioni e sollecitazioni rispetto al PLA standard.<\/span><\/li>\n<li style=\"font-weight: 400;\" aria-level=\"1\"><b>Finitura liscia e opaca<\/b><span style=\"font-weight: 400;\"> \u2013 consente di ottenere layer puliti e un risultato finale professionale.<\/span><\/li>\n<li style=\"font-weight: 400;\" aria-level=\"1\"><b>Estrusione affidabile<\/b><span style=\"font-weight: 400;\"> \u2013 assicura una stampa costante con stringing o deformazioni minime.<\/span><\/li>\n<li style=\"font-weight: 400;\" aria-level=\"1\"><b>Funzionale e versatile<\/b><span style=\"font-weight: 400;\"> \u2013 adatto per componenti meccanici, prototipi, utensili e progetti creativi.<\/span><\/li>\n<li style=\"font-weight: 400;\" aria-level=\"1\"><b>Base PLA eco-friendly<\/b><span style=\"font-weight: 400;\"> \u2013 materiale biodegradabile ottenuto da risorse rinnovabili.<\/span><\/li>\n<\/ul>\n\t\t<\/div>\n\t\t\t\t\t<\/div>\n\n\t\n\n\t<div id=\"col-2073528772\" class=\"col medium-6 small-12 large-6\"  >\n\t\t\t\t<div class=\"col-inner\"  >\n\t\t\t\n\t\t\t\n\t<div class=\"img has-hover x md-x lg-x y md-y lg-y\" id=\"image_1714558375\">\n\t\t\t\t\t\t\t\t<div class=\"img-inner dark\" >\n\t\t\t<img loading=\"lazy\" decoding=\"async\" width=\"1920\" height=\"1080\" src=\"https:\/\/azurefilm.com\/wp-content\/uploads\/2026\/03\/Perfect-Accuracy-Stable-Printing-Print-Performance.jpg\" class=\"attachment-original size-original\" alt=\"\" srcset=\"https:\/\/azurefilm.com\/wp-content\/uploads\/2026\/03\/Perfect-Accuracy-Stable-Printing-Print-Performance.jpg 1920w, https:\/\/azurefilm.com\/wp-content\/uploads\/2026\/03\/Perfect-Accuracy-Stable-Printing-Print-Performance-300x169.jpg 300w, https:\/\/azurefilm.com\/wp-content\/uploads\/2026\/03\/Perfect-Accuracy-Stable-Printing-Print-Performance-1024x576.jpg 1024w, https:\/\/azurefilm.com\/wp-content\/uploads\/2026\/03\/Perfect-Accuracy-Stable-Printing-Print-Performance-768x432.jpg 768w, https:\/\/azurefilm.com\/wp-content\/uploads\/2026\/03\/Perfect-Accuracy-Stable-Printing-Print-Performance-1536x864.jpg 1536w, https:\/\/azurefilm.com\/wp-content\/uploads\/2026\/03\/Perfect-Accuracy-Stable-Printing-Print-Performance-510x287.jpg 510w\" sizes=\"auto, (max-width: 1920px) 100vw, 1920px\" title=\"\">\t\t\t\t\t\t\n\t\t\t\t\t<\/div>\n\t\t\t\t\t\t\t\t\n<style>\n#image_1714558375 {\n  width: 100%;\n}\n<\/style>\n\t<\/div>\n\t\n\t\t<\/div>\n\t\t\t\t\t<\/div>\n\n\t\n<\/div>\n\t\t<\/div>\n\n\t\t\n<style>\n#section_726679389 {\n  padding-top: 60px;\n  padding-bottom: 60px;\n  background-color: rgb(193, 193, 193);\n}\n#section_726679389 .section-bg-overlay {\n  background-color: rgba(255, 255, 255, 0.85);\n}\n<\/style>\n\t<\/section>\n\t\n\n\t<section class=\"section pb-0\" id=\"section_117091295\">\n\t\t<div class=\"section-bg fill\" >\n\t\t\t\t\t\t\t\t\t<div class=\"section-bg-overlay absolute fill\"><\/div>\n\t\t\t\n\n\t\t<\/div>\n\n\t\t\n\n\t\t<div class=\"section-content relative\">\n\t\t\t\n<div class=\"row row-large align-middle\"  id=\"row-718318016\">\n\n\t<div id=\"col-295275341\" class=\"col medium-6 small-12 large-6\"  >\n\t\t\t\t<div class=\"col-inner text-left\"  >\n\t\t\t\n\t\t\t\n<h3><strong>Consigli di stampa<\/strong><\/h3>\n<ul>\n<li style=\"font-weight: 400;\" aria-level=\"1\"><span style=\"font-weight: 400;\">Temperatura ugello: 200\u2013230 \u00b0C<\/span><\/li>\n<li style=\"font-weight: 400;\" aria-level=\"1\"><span style=\"font-weight: 400;\">Temperatura piano: 50\u201370 \u00b0C (si consiglia un piano riscaldato)<\/span><\/li>\n<li style=\"font-weight: 400;\" aria-level=\"1\"><span style=\"font-weight: 400;\">Velocit\u00e0 di stampa: 45\u2013120 mm\/s, a seconda della complessit\u00e0 del modello<\/span><\/li>\n<li style=\"font-weight: 400;\" aria-level=\"1\"><span style=\"font-weight: 400;\">Flusso del materiale: impostazioni standard per PLA<\/span><\/li>\n<\/ul>\n<p><b>Nota:<\/b><span style=\"font-weight: 400;\"> Anche se il PLA+ \u00e8 facile da stampare, in modo simile al PLA standard, per ottenere una precisione dimensionale elevata o modelli molto dettagliati potrebbero essere necessarie piccole regolazioni delle impostazioni.<\/span><\/p>\n\t\t<\/div>\n\t\t\t\t\t<\/div>\n\n\t\n\n\t<div id=\"col-1193525278\" class=\"col medium-6 small-12 large-6\"  >\n\t\t\t\t<div class=\"col-inner\"  >\n\t\t\t\n\t\t\t\n\t<div class=\"img has-hover x md-x lg-x y md-y lg-y\" id=\"image_692368212\">\n\t\t\t\t\t\t\t\t<div class=\"img-inner dark\" >\n\t\t\t<img loading=\"lazy\" decoding=\"async\" width=\"1920\" height=\"1080\" src=\"https:\/\/azurefilm.com\/wp-content\/uploads\/2026\/03\/Flexi-strength-aesthetic-reliable.jpg\" class=\"attachment-original size-original\" alt=\"\" srcset=\"https:\/\/azurefilm.com\/wp-content\/uploads\/2026\/03\/Flexi-strength-aesthetic-reliable.jpg 1920w, https:\/\/azurefilm.com\/wp-content\/uploads\/2026\/03\/Flexi-strength-aesthetic-reliable-300x169.jpg 300w, https:\/\/azurefilm.com\/wp-content\/uploads\/2026\/03\/Flexi-strength-aesthetic-reliable-1024x576.jpg 1024w, https:\/\/azurefilm.com\/wp-content\/uploads\/2026\/03\/Flexi-strength-aesthetic-reliable-768x432.jpg 768w, https:\/\/azurefilm.com\/wp-content\/uploads\/2026\/03\/Flexi-strength-aesthetic-reliable-1536x864.jpg 1536w, https:\/\/azurefilm.com\/wp-content\/uploads\/2026\/03\/Flexi-strength-aesthetic-reliable-510x287.jpg 510w\" sizes=\"auto, (max-width: 1920px) 100vw, 1920px\" title=\"\">\t\t\t\t\t\t\n\t\t\t\t\t<\/div>\n\t\t\t\t\t\t\t\t\n<style>\n#image_692368212 {\n  width: 100%;\n}\n<\/style>\n\t<\/div>\n\t\n\t\t<\/div>\n\t\t\t\t\t<\/div>\n\n\t\n<\/div>\n\t\t<\/div>\n\n\t\t\n<style>\n#section_117091295 {\n  padding-top: 60px;\n  padding-bottom: 60px;\n  background-color: rgb(193, 193, 193);\n}\n#section_117091295 .section-bg-overlay {\n  background-color: rgba(255, 255, 255, 0.85);\n}\n<\/style>\n\t<\/section>\n\t\n\n\t<section class=\"section pb-0\" id=\"section_721066896\">\n\t\t<div class=\"section-bg fill\" >\n\t\t\t\t\t\t\t\t\t<div class=\"section-bg-overlay absolute fill\"><\/div>\n\t\t\t\n\n\t\t<\/div>\n\n\t\t\n\n\t\t<div class=\"section-content relative\">\n\t\t\t\n<div class=\"row row-large align-middle\"  id=\"row-1959706587\">\n\n\t<div id=\"col-884403447\" class=\"col medium-6 small-12 large-6\"  >\n\t\t\t\t<div class=\"col-inner text-left\"  >\n\t\t\t\n\t\t\t\n<h3><strong>Applicazioni<\/strong><\/h3>\n<p><span style=\"font-weight: 400;\">Il PLA+ \u00e8 una scelta eccellente per progetti in cui <\/span><b>resistenza, affidabilit\u00e0 e aspetto curato sono fondamentali<\/b><span style=\"font-weight: 400;\">. La sua maggiore durevolezza lo rende ideale per prototipi funzionali, componenti meccanici e utensili di uso quotidiano, mentre la sua superficie liscia \u00e8 perfetta anche per stampe decorative, miniature e modelli da collezione.<\/span><\/p>\n<p><span style=\"font-weight: 400;\">Le applicazioni tipiche includono:<\/span><\/p>\n<ul>\n<li style=\"font-weight: 400;\" aria-level=\"1\"><span style=\"font-weight: 400;\">prototipi funzionali, componenti meccanici e utensili personalizzati<\/span><\/li>\n<li style=\"font-weight: 400;\" aria-level=\"1\"><span style=\"font-weight: 400;\">figurine, miniature e modelli da collezione ricchi di dettagli<\/span><\/li>\n<li style=\"font-weight: 400;\" aria-level=\"1\"><span style=\"font-weight: 400;\">manopole, involucri e altri oggetti pratici<\/span><\/li>\n<li style=\"font-weight: 400;\" aria-level=\"1\"><span style=\"font-weight: 400;\">accessori cosplay ed elementi decorativi<\/span><\/li>\n<li style=\"font-weight: 400;\" aria-level=\"1\"><span style=\"font-weight: 400;\">accessori per la casa e progetti creativi fai-da-te<\/span><\/li>\n<\/ul>\n\t\t<\/div>\n\t\t\t\t\t<\/div>\n\n\t\n\n\t<div id=\"col-863291363\" class=\"col medium-6 small-12 large-6\"  >\n\t\t\t\t<div class=\"col-inner\"  >\n\t\t\t\n\t\t\t\n\t<div class=\"img has-hover x md-x lg-x y md-y lg-y\" id=\"image_1359837219\">\n\t\t\t\t\t\t\t\t<div class=\"img-inner dark\" >\n\t\t\t<img loading=\"lazy\" decoding=\"async\" width=\"1920\" height=\"1080\" src=\"https:\/\/azurefilm.com\/wp-content\/uploads\/2026\/03\/Strength-PLA.jpg\" class=\"attachment-original size-original\" alt=\"\" srcset=\"https:\/\/azurefilm.com\/wp-content\/uploads\/2026\/03\/Strength-PLA.jpg 1920w, https:\/\/azurefilm.com\/wp-content\/uploads\/2026\/03\/Strength-PLA-300x169.jpg 300w, https:\/\/azurefilm.com\/wp-content\/uploads\/2026\/03\/Strength-PLA-1024x576.jpg 1024w, https:\/\/azurefilm.com\/wp-content\/uploads\/2026\/03\/Strength-PLA-768x432.jpg 768w, https:\/\/azurefilm.com\/wp-content\/uploads\/2026\/03\/Strength-PLA-1536x864.jpg 1536w, https:\/\/azurefilm.com\/wp-content\/uploads\/2026\/03\/Strength-PLA-510x287.jpg 510w\" sizes=\"auto, (max-width: 1920px) 100vw, 1920px\" title=\"\">\t\t\t\t\t\t\n\t\t\t\t\t<\/div>\n\t\t\t\t\t\t\t\t\n<style>\n#image_1359837219 {\n  width: 100%;\n}\n<\/style>\n\t<\/div>\n\t\n\t\t<\/div>\n\t\t\t\t\t<\/div>\n\n\t\n<\/div>\n\t\t<\/div>\n\n\t\t\n<style>\n#section_721066896 {\n  padding-top: 60px;\n  padding-bottom: 60px;\n  background-color: rgb(193, 193, 193);\n}\n#section_721066896 .section-bg-overlay {\n  background-color: rgba(255, 255, 255, 0.85);\n}\n<\/style>\n\t<\/section>\n\t\n","protected":false},"excerpt":{"rendered":"<p><span style=\"font-weight: 400;\">Acquista PLA+ White per stampe pi\u00f9 resistenti e durevoli con una superficie liscia, leggermente opaca. Perfetto per parti funzionali, prototipi, miniature e oggetti decorativi.<\/span><\/p>\n","protected":false},"featured_media":112861,"comment_status":"closed","ping_status":"closed","template":"","meta":{"_acf_changed":false},"product_brand":[],"product_cat":[2847,517,544,519],"product_tag":[],"brand":[],"class_list":{"0":"post-112849","1":"product","2":"type-product","3":"status-publish","4":"has-post-thumbnail","6":"product_cat-pla-plus","7":"product_cat-filamenti-3d","8":"product_cat-filamenti-pla","9":"product_cat-tutti-filamenti","10":"pa_colour-white","11":"pa_filament-diameter-1-75mm","12":"pa_filament-weight-1000g","14":"first","15":"instock","16":"taxable","17":"shipping-taxable","18":"purchasable","19":"product-type-simple"},"acf":[],"_links":{"self":[{"href":"https:\/\/azurefilm.com\/it\/wp-json\/wp\/v2\/product\/112849","targetHints":{"allow":["GET"]}}],"collection":[{"href":"https:\/\/azurefilm.com\/it\/wp-json\/wp\/v2\/product"}],"about":[{"href":"https:\/\/azurefilm.com\/it\/wp-json\/wp\/v2\/types\/product"}],"replies":[{"embeddable":true,"href":"https:\/\/azurefilm.com\/it\/wp-json\/wp\/v2\/comments?post=112849"}],"wp:featuredmedia":[{"embeddable":true,"href":"https:\/\/azurefilm.com\/it\/wp-json\/wp\/v2\/media\/112861"}],"wp:attachment":[{"href":"https:\/\/azurefilm.com\/it\/wp-json\/wp\/v2\/media?parent=112849"}],"wp:term":[{"taxonomy":"product_brand","embeddable":true,"href":"https:\/\/azurefilm.com\/it\/wp-json\/wp\/v2\/product_brand?post=112849"},{"taxonomy":"product_cat","embeddable":true,"href":"https:\/\/azurefilm.com\/it\/wp-json\/wp\/v2\/product_cat?post=112849"},{"taxonomy":"product_tag","embeddable":true,"href":"https:\/\/azurefilm.com\/it\/wp-json\/wp\/v2\/product_tag?post=112849"},{"taxonomy":"brand","embeddable":true,"href":"https:\/\/azurefilm.com\/it\/wp-json\/wp\/v2\/brand?post=112849"}],"curies":[{"name":"wp","href":"https:\/\/api.w.org\/{rel}","templated":true}]}}