
{"id":115805,"date":"2026-04-17T08:58:15","date_gmt":"2026-04-17T08:58:15","guid":{"rendered":"https:\/\/azurefilm.com\/?post_type=product&#038;p=115805"},"modified":"2026-04-17T08:56:40","modified_gmt":"2026-04-17T08:56:40","slug":"creality-sparkx-i7-color-combo-bundle","status":"publish","type":"product","link":"https:\/\/azurefilm.com\/it\/prodotto\/creality-sparkx-i7-color-combo-bundle\/","title":{"rendered":"Creality SPARKX i7 Color Combo BUNDLE"},"content":{"rendered":"<h2><strong>Intelligente, veloce e progettata per la stampa multicolore avanzata<\/strong><\/h2>\n<p><span style=\"font-weight: 400;\">La <\/span><b>SPARKX i7 Color Combo<\/b><span style=\"font-weight: 400;\"> combina velocit\u00e0, automazione intelligente e stampa multicolore in una macchina compatta ma estremamente potente. Con un volume di stampa di <\/span><b>260\u00d7260\u00d7255 mm<\/b><span style=\"font-weight: 400;\">, offre il perfetto equilibrio tra spazio operativo ed efficienza produttiva \u2014 ideale per parti funzionali, prototipi o la stampa simultanea di pi\u00f9 modelli.<\/span><\/p>\n<h2><strong>Cosa rende SPARKX i7 unica<\/strong><\/h2>\n<h3><strong>Stampa ad alta velocit\u00e0 con stabilit\u00e0<\/strong><\/h3>\n<p><span style=\"font-weight: 400;\">Con <\/span><b>velocit\u00e0 fino a 500 mm\/s<\/b><span style=\"font-weight: 400;\"> e un\u2019<\/span><b>accelerazione fino a 10.000 mm\/s\u00b2<\/b><span style=\"font-weight: 400;\">, la SPARKX i7 \u00e8 progettata per flussi di lavoro rapidi senza compromettere la precisione. Grazie alla tecnologia <\/span><b>input shaping<\/b><span style=\"font-weight: 400;\">, riduce le vibrazioni e mantiene superfici pulite anche a velocit\u00e0 elevate.<\/span><\/p>\n<h3><strong>Sistema multicolore avanzato<\/strong><\/h3>\n<p><span style=\"font-weight: 400;\">Il<\/span><b> sistema Color Combo<\/b><span style=\"font-weight: 400;\"> supporta il cambio automatico del filamento ed \u00e8 compatibile con <\/span><b>CFS Lite<\/b><span style=\"font-weight: 400;\"> e <\/span><b>CFS Mini<\/b><span style=\"font-weight: 400;\">, permettendoti di espandere facilmente il tuo setup multicolore in base alle tue esigenze.<\/span><\/p>\n<h3><strong>Monitoraggio AI e sicurezza di stampa<\/strong><\/h3>\n<p><span style=\"font-weight: 400;\">La <\/span><b>telecamera AI integrata (720p con illuminazione)<\/b><span style=\"font-weight: 400;\"> consente:<\/span><\/p>\n<ul>\n<li style=\"font-weight: 400;\" aria-level=\"1\"><span style=\"font-weight: 400;\">rilevamento degli errori \u201cspaghetti\u201d<\/span><\/li>\n<li style=\"font-weight: 400;\" aria-level=\"1\"><span style=\"font-weight: 400;\">rilevamento della stampa nel vuoto<\/span><\/li>\n<li style=\"font-weight: 400;\" aria-level=\"1\"><span style=\"font-weight: 400;\">monitoraggio in tempo reale<\/span><\/li>\n<\/ul>\n<p><span style=\"font-weight: 400;\">Questo riduce significativamente le stampe fallite e lo spreco di materiale.<\/span><\/p>\n<h3><strong>Stampa affidabile con funzioni di protezione intelligenti<\/strong><\/h3>\n<p><span style=\"font-weight: 400;\">La stampante include:<\/span><\/p>\n<ul>\n<li style=\"font-weight: 400;\" aria-level=\"1\"><span style=\"font-weight: 400;\">ripresa della stampa dopo interruzione di corrente<\/span><\/li>\n<li style=\"font-weight: 400;\" aria-level=\"1\"><span style=\"font-weight: 400;\">rilevamento fine filamento con ripresa automatica<\/span><\/li>\n<li style=\"font-weight: 400;\" aria-level=\"1\"><span style=\"font-weight: 400;\">rilevamento grovigli del filamento<\/span><\/li>\n<li style=\"font-weight: 400;\" aria-level=\"1\"><span style=\"font-weight: 400;\">monitoraggio dell\u2019usura del cutter<\/span><\/li>\n<\/ul>\n<p><span style=\"font-weight: 400;\">Tutto progettato per garantire una stampa continua e affidabile.<\/span><\/p>\n<h3><strong>Prestazioni ad alta temperatura e ampia compatibilit\u00e0 materiali<\/strong><\/h3>\n<p><span style=\"font-weight: 400;\">Con una <\/span><b>temperatura dell\u2019ugello fino a 300\u00b0C e un piano riscaldato fino a 100\u00b0C<\/b><span style=\"font-weight: 400;\">, la SPARKX i7 supporta una vasta gamma di materiali:<\/span><\/p>\n<ul>\n<li style=\"font-weight: 400;\" aria-level=\"1\"><span style=\"font-weight: 400;\">PLA \/ PLA-Silk<\/span><\/li>\n<li style=\"font-weight: 400;\" aria-level=\"1\"><span style=\"font-weight: 400;\">PETG<\/span><\/li>\n<li style=\"font-weight: 400;\" aria-level=\"1\"><span style=\"font-weight: 400;\">TPU<\/span><\/li>\n<li style=\"font-weight: 400;\" aria-level=\"1\"><span style=\"font-weight: 400;\">PLA-CF<\/span><\/li>\n<\/ul>\n<p><span style=\"font-weight: 400;\">La piastra PEI testurizzata su entrambi i lati garantisce un\u2019ottima adesione e una facile rimozione dei modelli.<\/span><\/p>\n<p><span style=\"font-weight: 400;\">Manutenzione rapida con hotend intercambiabile<\/span><\/p>\n<p><span style=\"font-weight: 400;\">L\u2019hotend a sostituzione rapida senza attrezzi consente di cambiare ugelli in pochi secondi, riducendo i tempi di fermo e semplificando la manutenzione.<\/span><\/p>\n<h3><strong>Estrusione precisa e qualit\u00e0 costante<\/strong><\/h3>\n<p><span style=\"font-weight: 400;\">L\u2019estrusore <\/span><b>direct drive<\/b><span style=\"font-weight: 400;\">, combinato con la funzione <\/span><b>pressure advance<\/b><span style=\"font-weight: 400;\">, garantisce un controllo preciso dell\u2019estrusione, soprattutto con filamenti flessibili o compositi.<\/span><\/p>\n<h3><strong>Connettivit\u00e0 moderna e integrazione nel workflow<\/strong><\/h3>\n<ul>\n<li style=\"font-weight: 400;\" aria-level=\"1\"><span style=\"font-weight: 400;\">Wi-Fi (2.4 GHz) e trasferimento tramite USB<\/span><\/li>\n<li style=\"font-weight: 400;\" aria-level=\"1\"><span style=\"font-weight: 400;\">supporto ai formati G-code \/ 3MF<\/span><\/li>\n<li style=\"font-weight: 400;\" aria-level=\"1\"><span style=\"font-weight: 400;\">compatibile con Creality Print 6.3+<\/span><\/li>\n<li style=\"font-weight: 400;\" aria-level=\"1\"><span style=\"font-weight: 400;\">memoria interna da 8GB eMMC<\/span><\/li>\n<\/ul>\n<p><span style=\"font-weight: 400;\">Questo garantisce un flusso di lavoro moderno, fluido ed efficiente.<\/span><\/p>\n<h3><strong>Design compatto e facilit\u00e0 d\u2019uso<\/strong><\/h3>\n<p><span style=\"font-weight: 400;\">Nonostante le prestazioni elevate, la stampante rimane compatta (<\/span><b>470\u00d7423\u00d7456 mm, 9.12 kg<\/b><span style=\"font-weight: 400;\">) e facile da utilizzare, grazie al display touchscreen a colori da 2.85&#8243; e all\u2019interfaccia Creality OS con supporto multilingua.<\/span><\/p>\n<h2><strong>Specifiche tecniche<\/strong><\/h2>\n<ul>\n<li><b>Volume di stampa:<\/b><span style=\"font-weight: 400;\"> 260\u00d7260\u00d7255 mm<\/span><span style=\"font-weight: 400;\"><br \/>\n<\/span><b><\/b><\/li>\n<li><b>Dimensioni della stampante:<\/b><span style=\"font-weight: 400;\"> 470\u00d7423\u00d7456 mm<\/span><span style=\"font-weight: 400;\"><br \/>\n<\/span><b><\/b><\/li>\n<li><b>Peso netto:<\/b><span style=\"font-weight: 400;\"> 9.12 kg<\/span><\/li>\n<li><b>Velocit\u00e0 di stampa:<\/b><span style=\"font-weight: 400;\"> \u2264 500 mm\/s<\/span><span style=\"font-weight: 400;\"><br \/>\n<\/span><b><\/b><\/li>\n<li><b>Accelerazione:<\/b><span style=\"font-weight: 400;\"> \u2264 10.000 mm\/s\u00b2<\/span><span style=\"font-weight: 400;\"><br \/>\n<\/span><b><\/b><\/li>\n<li><b>Precisione di stampa:<\/b><span style=\"font-weight: 400;\"> \u00b10.1 mm<\/span><span style=\"font-weight: 400;\"><br \/>\n<\/span><b><\/b><\/li>\n<li><b>Altezza layer:<\/b><span style=\"font-weight: 400;\"> 0.05\u20130.3 mm<\/span><\/li>\n<li><b>Temperatura ugello:<\/b><span style=\"font-weight: 400;\"> \u2264 300\u00b0C<\/span><span style=\"font-weight: 400;\"><br \/>\n<\/span><b><\/b><\/li>\n<li><b>Temperatura piano:<\/b><span style=\"font-weight: 400;\"> \u2264 100\u00b0C<\/span><span style=\"font-weight: 400;\"><br \/>\n<\/span><b><\/b><\/li>\n<li><b>Piatto di stampa:<\/b><span style=\"font-weight: 400;\"> PEI testurizzato double-face<\/span><\/li>\n<li><b>Estrusore:<\/b><span style=\"font-weight: 400;\"> direct drive<\/span><span style=\"font-weight: 400;\"><br \/>\n<\/span><b><\/b><\/li>\n<li><b>Diametro filamento:<\/b><span style=\"font-weight: 400;\"> 1.75 mm<\/span><span style=\"font-weight: 400;\"><br \/>\n<\/span><b><\/b><\/li>\n<li><b>Materiali supportati:<\/b><span style=\"font-weight: 400;\"> PLA, PLA-Silk, PETG, TPU, PLA-CF<\/span><\/li>\n<li><b>Sistema multicolore:<\/b><span style=\"font-weight: 400;\"> Color Combo (compatibile con CFS Lite &amp; CFS Mini)<\/span><\/li>\n<li><b>Telecamera AI:<\/b><span style=\"font-weight: 400;\"> 720p con illuminazione<\/span><span style=\"font-weight: 400;\"><br \/>\n<\/span><b><\/b><\/li>\n<li><b>Rilevamento spaghetti:<\/b><span style=\"font-weight: 400;\"> s\u00ec<\/span><span style=\"font-weight: 400;\"><br \/>\n<\/span><b><\/b><\/li>\n<li><b>Rilevamento stampa nel vuoto:<\/b><span style=\"font-weight: 400;\"> s\u00ec<\/span><\/li>\n<li><b>Auto livellamento:<\/b><span style=\"font-weight: 400;\"> completamente automatico<\/span><span style=\"font-weight: 400;\"><br \/>\n<\/span><b><\/b><\/li>\n<li><b>Input Shaping:<\/b><span style=\"font-weight: 400;\"> s\u00ec<\/span><span style=\"font-weight: 400;\"><br \/>\n<\/span><b><\/b><\/li>\n<li><b>Pressure Advance:<\/b><span style=\"font-weight: 400;\"> s\u00ec<\/span><\/li>\n<li><b>Ripresa dopo blackout:<\/b><span style=\"font-weight: 400;\"> s\u00ec<\/span><span style=\"font-weight: 400;\"><br \/>\n<\/span><b><\/b><\/li>\n<li><b>Rilevamento fine\/groviglio filamento:<\/b><span style=\"font-weight: 400;\"> s\u00ec<\/span><span style=\"font-weight: 400;\"><br \/>\n<\/span><b><\/b><\/li>\n<li><b>Monitoraggio usura cutter:<\/b><span style=\"font-weight: 400;\"> s\u00ec<\/span><\/li>\n<li><b>Display:<\/b><span style=\"font-weight: 400;\"> touchscreen a colori da 2.85&#8243;<\/span><span style=\"font-weight: 400;\"><br \/>\n<\/span><b><\/b><\/li>\n<li><b>Memoria:<\/b><span style=\"font-weight: 400;\"> 8GB eMMC<\/span><span style=\"font-weight: 400;\"><br \/>\n<\/span><b><\/b><\/li>\n<li><b>Connettivit\u00e0:<\/b><span style=\"font-weight: 400;\"> Wi-Fi (2.4 GHz), USB<\/span><\/li>\n<li><b>Formati file:<\/b><span style=\"font-weight: 400;\"> G-code \/ 3MF<\/span><span style=\"font-weight: 400;\"><br \/>\n<\/span><b><\/b><\/li>\n<li><b>Slicer:<\/b><span style=\"font-weight: 400;\"> Creality Print 6.3+<\/span><span style=\"font-weight: 400;\"><br \/>\n<\/span><b><\/b><\/li>\n<li><b>Firmware:<\/b><span style=\"font-weight: 400;\"> Creality OS<\/span><\/li>\n<li><b>Potenza nominale:<\/b><span style=\"font-weight: 400;\"> 700W (220V) \/ 400W (110V)<\/span><span style=\"font-weight: 400;\"><br \/>\n<\/span><b><\/b><\/li>\n<li><b>Alimentazione:<\/b><span style=\"font-weight: 400;\"> 100\u2013240V AC, 50\/60 Hz<\/span><\/li>\n<\/ul>\n","protected":false},"excerpt":{"rendered":"<p><span style=\"font-weight: 400;\">Scopri<\/span><b> Creality SPARKX i7 Color Combo<\/b><span style=\"font-weight: 400;\">: una stampante 3D multicolore ad alta velocit\u00e0 con volume di stampa 260\u00d7260\u00d7255mm, <\/span><b>velocit\u00e0 fino a 500 mm\/s<\/b><span style=\"font-weight: 400;\">, <\/span><b>monitoraggio AI<\/b><span style=\"font-weight: 400;\"> e cambio automatico del filamento per risultati precisi, affidabili e professionali.<\/span><\/p>\n<p><span style=\"font-weight: 400;\">Creality SPARKX i7 Color Combo<\/span><span style=\"font-weight: 400;\"> in combinazione con 4 kg di filamenti AzureFilm Refill e Master Spool 4-pack.<\/span><\/p>\n","protected":false},"featured_media":115852,"comment_status":"closed","ping_status":"closed","template":"","meta":{"_acf_changed":false},"product_brand":[],"product_cat":[595,602,619,623,599,598],"product_tag":[],"brand":[],"class_list":{"0":"post-115805","1":"product","2":"type-product","3":"status-publish","4":"has-post-thumbnail","6":"product_cat-stampante-3d","7":"product_cat-creality-it","8":"product_cat-pacchetti-speciali","9":"product_cat-saldi","10":"product_cat-stampante-3d-fdm","11":"product_cat-tutti-stampanti-3d","13":"first","14":"outofstock","15":"sale","16":"taxable","17":"shipping-taxable","18":"purchasable","19":"product-type-variable"},"acf":[],"_links":{"self":[{"href":"https:\/\/azurefilm.com\/it\/wp-json\/wp\/v2\/product\/115805","targetHints":{"allow":["GET"]}}],"collection":[{"href":"https:\/\/azurefilm.com\/it\/wp-json\/wp\/v2\/product"}],"about":[{"href":"https:\/\/azurefilm.com\/it\/wp-json\/wp\/v2\/types\/product"}],"replies":[{"embeddable":true,"href":"https:\/\/azurefilm.com\/it\/wp-json\/wp\/v2\/comments?post=115805"}],"wp:featuredmedia":[{"embeddable":true,"href":"https:\/\/azurefilm.com\/it\/wp-json\/wp\/v2\/media\/115852"}],"wp:attachment":[{"href":"https:\/\/azurefilm.com\/it\/wp-json\/wp\/v2\/media?parent=115805"}],"wp:term":[{"taxonomy":"product_brand","embeddable":true,"href":"https:\/\/azurefilm.com\/it\/wp-json\/wp\/v2\/product_brand?post=115805"},{"taxonomy":"product_cat","embeddable":true,"href":"https:\/\/azurefilm.com\/it\/wp-json\/wp\/v2\/product_cat?post=115805"},{"taxonomy":"product_tag","embeddable":true,"href":"https:\/\/azurefilm.com\/it\/wp-json\/wp\/v2\/product_tag?post=115805"},{"taxonomy":"brand","embeddable":true,"href":"https:\/\/azurefilm.com\/it\/wp-json\/wp\/v2\/brand?post=115805"}],"curies":[{"name":"wp","href":"https:\/\/api.w.org\/{rel}","templated":true}]}}