
{"id":116025,"date":"2026-04-20T08:58:41","date_gmt":"2026-04-20T08:58:41","guid":{"rendered":"https:\/\/azurefilm.com\/?post_type=product&#038;p=116025"},"modified":"2026-04-20T08:57:20","modified_gmt":"2026-04-20T08:57:20","slug":"bambu-lab-x2d-combo-bundle","status":"publish","type":"product","link":"https:\/\/azurefilm.com\/it\/prodotto\/bambu-lab-x2d-combo-bundle\/","title":{"rendered":"Bambu Lab X2D Combo BUNDLE"},"content":{"rendered":"<h2><b>Progettata per precisione, supporti e flussi di lavoro multi-materiale avanzati<\/b><\/h2>\n<p><span style=\"font-weight: 400;\">La Bambu Lab X2D Combo rappresenta la prossima evoluzione della serie X, sviluppata per la stampa 3D multi-materiale ad alta precisione con workflow professionali basati su supporti. Grazie all\u2019architettura dual-extruder, alla camera chiusa riscaldata attivamente e al sistema intelligente di sensori, \u00e8 progettata per realizzare parti funzionali, geometrie complesse e interfacce di supporto pulite con elevata costanza qualitativa. In combinazione con AMS 2 Pro, consente anche la stampa automatica multi-materiale e multicolore con cambio rapido del filamento e asciugatura integrata.<\/span><\/p>\n<h3><b>Sistema dual-extrusion progettato per supporti pi\u00f9 puliti<\/b><\/h3>\n<p><span style=\"font-weight: 400;\">Al centro della X2D si trova una configurazione a doppio ugello con un sistema di commutazione meccanico che non richiede un motore aggiuntivo nella testina. Il cambio ugello avviene tramite un meccanismo a ingranaggi e cricchetto, riducendo la massa della testina e le vibrazioni alle alte velocit\u00e0.<\/span><\/p>\n<p><span style=\"font-weight: 400;\">Il sistema combina un <\/span><b>ugello Direct Drive sinistro<\/b><span style=\"font-weight: 400;\"> per la stampa precisa del modello e un <\/span><b>ugello Bowden destro <\/b><span style=\"font-weight: 400;\">ottimizzato per i materiali di supporto. Questo lo rende particolarmente efficace per combinazioni modello-supporto, una rimozione pi\u00f9 semplice dei supporti e una riduzione degli sprechi di filamento.<\/span><\/p>\n<h3><b>Ampio volume di stampa con vera funzionalit\u00e0 dual-nozzle<\/b><\/h3>\n<p><span style=\"font-weight: 400;\">La X2D offre un volume di stampa di 256\u00d7256\u00d7260mm per l\u2019ugello principale, mentre la stampa dual-nozzle \u00e8 disponibile in un\u2019area di 235.5\u00d7256\u00d7256mm. Questo consente di realizzare parti pi\u00f9 grandi, componenti tecnici e progetti multi-materiale pi\u00f9 complessi senza sacrificare lo spazio utile.<\/span><\/p>\n<h3><b>Prestazioni ad alta velocit\u00e0 con controllo avanzato del movimento<\/b><\/h3>\n<p><span style=\"font-weight: 400;\">Progettata per flussi di lavoro impegnativi, la X2D raggiunge velocit\u00e0 fino a 1000 mm\/s, un\u2019accelerazione di 20.000 mm\/s\u00b2 e una portata massima di 40 mm\u00b3\/s. Per mantenere la qualit\u00e0 a queste velocit\u00e0, Bambu Lab integra la calibrazione dinamica del flusso e il monitoraggio in tempo reale, mentre un motore PMSM proprietario acquisisce fino a 20.000 dati al secondo per rilevare deviazioni o possibili ostruzioni in anticipo. Se necessario, la stampa viene messa in pausa prima che si verifichino problemi.<\/span><\/p>\n<h3><b>Camera riscaldata attivamente per materiali tecnici<\/b><\/h3>\n<p><span style=\"font-weight: 400;\">La camera chiusa \u00e8 riscaldata attivamente fino a 65\u00b0C, garantendo un\u2019ampia compatibilit\u00e0 con i materiali. In modalit\u00e0 Cool Mode, la circolazione attiva dell\u2019aria dissipa il calore per materiali come PLA e PETG. In modalit\u00e0 Heat Mode, la camera riscaldata combinata con temperature dell\u2019ugello fino a 300\u00b0C consente la stampa di materiali tecnici come ABS, ASA e Nylon. Il piano riscaldato raggiunge fino a 120\u00b0C.<\/span><\/p>\n<h3><b>Sistema avanzato di sensori per stabilit\u00e0 e precisione<\/b><\/h3>\n<p><span style=\"font-weight: 400;\">Fino a 31 sensori integrati monitorano l\u2019intero processo di stampa, inclusi flusso del materiale, temperatura e parametri di sicurezza. Un Vision Encoder opzionale pu\u00f2 monitorare continuamente la tensione delle cinghie e le deviazioni meccaniche, compensandole in tempo reale e mantenendo una precisione di movimento fino a 50 \u00b5m su tutto il volume di stampa.<\/span><\/p>\n<h3><b>Monitoraggio intelligente e funzionamento silenzioso<\/b><\/h3>\n<p><span style=\"font-weight: 400;\">La X2D include il monitoraggio AI del piano di stampa, la compensazione automatica di fori e contorni e una camera da 1920\u00d71080 per una migliore visibilit\u00e0 del processo. Nonostante le prestazioni elevate, supporta un funzionamento silenzioso, con meno di 50 dB in modalit\u00e0 Silent.<\/span><\/p>\n<h3><b>AMS 2 Pro per stampa multi-materiale e multicolore automatizzata<\/b><\/h3>\n<p><span style=\"font-weight: 400;\">Il sistema AMS 2 Pro incluso trasforma la X2D in una soluzione completamente automatizzata per la stampa multi-materiale. Riconosce automaticamente il filamento, gestisce il cambio dei materiali in modo autonomo e mantiene condizioni stabili durante la stampa. Una singola unit\u00e0 gestisce fino a 4 bobine, mentre il sistema pu\u00f2 essere espanso fino a 4 unit\u00e0 AMS 2 Pro e 8 moduli AMS HT, permettendo la gestione di fino a 24 filamenti contemporaneamente. Grazie al motore servo integrato, il cambio filamento \u00e8 fino al 60% pi\u00f9 veloce.<\/span><\/p>\n<h3><b>Asciugatura integrata del filamento per una qualit\u00e0 costante<\/b><\/h3>\n<p><span style=\"font-weight: 400;\">Uno dei principali vantaggi dell\u2019AMS 2 Pro \u00e8 il sistema di asciugatura integrato, che pu\u00f2 asciugare fino a 4 bobine contemporaneamente. Un sistema automatico con valvola elettromagnetica regola l\u2019umidit\u00e0 interna, mentre la rotazione delle bobine garantisce un\u2019asciugatura uniforme. Questo assicura propriet\u00e0 del materiale stabili e una qualit\u00e0 di stampa costante.<\/span><\/p>\n<h3><b>Ecosistema professionale e integrazione nel workflow<\/b><\/h3>\n<p><span style=\"font-weight: 400;\">La X2D Combo \u00e8 completamente integrata nell\u2019ecosistema Bambu Lab, inclusi Bambu Studio, Bambu Handy e altri servizi. Supporta WiFi, controllo tramite touchscreen, app mobile e PC, include memoria 8GB eMMC e porta USB. \u00c8 inoltre compatibile con slicer di terze parti che supportano G-code.<\/span><\/p>\n<h2><b>Specifiche tecniche<\/b><\/h2>\n<h3><b>Bambu Lab X2D Stampante 3D<\/b><\/h3>\n<ul>\n<li style=\"font-weight: 400;\" aria-level=\"1\"><span style=\"font-weight: 400;\">Dimensioni: 392\u00d7406\u00d7478 mm<\/span><\/li>\n<li style=\"font-weight: 400;\" aria-level=\"1\"><span style=\"font-weight: 400;\">Peso: 16.25 kg<\/span><\/li>\n<li style=\"font-weight: 400;\" aria-level=\"1\"><span style=\"font-weight: 400;\">Volume di stampa (ugello principale): 256\u00d7256\u00d7260 mm<\/span><\/li>\n<li style=\"font-weight: 400;\" aria-level=\"1\"><span style=\"font-weight: 400;\">Volume di stampa (ugello secondario): 235.5\u00d7256\u00d7256 mm<\/span><\/li>\n<li style=\"font-weight: 400;\" aria-level=\"1\"><span style=\"font-weight: 400;\">Volume di stampa (dual-nozzle): 235.5\u00d7256\u00d7256 mm<\/span><\/li>\n<li style=\"font-weight: 400;\" aria-level=\"1\"><span style=\"font-weight: 400;\">Volume totale: 256\u00d7256\u00d7260 mm<\/span><\/li>\n<li style=\"font-weight: 400;\" aria-level=\"1\"><span style=\"font-weight: 400;\">Hotend: ugello in acciaio temprato da 0.4 mm con tagliafilamento integrato<\/span><\/li>\n<li style=\"font-weight: 400;\" aria-level=\"1\"><span style=\"font-weight: 400;\">Estrusore: Direct Drive (principale\/sinistro) + Bowden (secondario\/destro)<\/span><\/li>\n<li style=\"font-weight: 400;\" aria-level=\"1\"><span style=\"font-weight: 400;\">Diametro filamento: 1.75 mm<\/span><\/li>\n<li style=\"font-weight: 400;\" aria-level=\"1\"><span style=\"font-weight: 400;\">Temperatura max stampa: 300\u00b0C<\/span><\/li>\n<li style=\"font-weight: 400;\" aria-level=\"1\"><span style=\"font-weight: 400;\">Velocit\u00e0 max stampa: 1000 mm\/s<\/span><\/li>\n<li style=\"font-weight: 400;\" aria-level=\"1\"><span style=\"font-weight: 400;\">Temperatura piano: 120\u00b0C<\/span><\/li>\n<li style=\"font-weight: 400;\" aria-level=\"1\"><span style=\"font-weight: 400;\">Accelerazione max: 20.000 mm\/s\u00b2<\/span><\/li>\n<li style=\"font-weight: 400;\" aria-level=\"1\"><span style=\"font-weight: 400;\">Portata max: 40 mm\u00b3\/s<\/span><\/li>\n<li style=\"font-weight: 400;\" aria-level=\"1\"><span style=\"font-weight: 400;\">Riscaldamento camera: attivo fino a 65\u00b0C<\/span><\/li>\n<li style=\"font-weight: 400;\" aria-level=\"1\"><span style=\"font-weight: 400;\">Filtrazione aria: G3 + HEPA H12 + carbone attivo<\/span><\/li>\n<li style=\"font-weight: 400;\" aria-level=\"1\"><span style=\"font-weight: 400;\">Piani supportati: Bambu Textured PEI, Cool Plate, Engineering Plate, High Temperature Plate, Smooth PEI<\/span><\/li>\n<li style=\"font-weight: 400;\" aria-level=\"1\"><span style=\"font-weight: 400;\">Camera: 1920\u00d71080<\/span><\/li>\n<li style=\"font-weight: 400;\" aria-level=\"1\"><span style=\"font-weight: 400;\">Display: touchscreen 5&#8243;, 1280\u00d7720<\/span><\/li>\n<li style=\"font-weight: 400;\" aria-level=\"1\"><span style=\"font-weight: 400;\">Connettivit\u00e0: WiFi<\/span><span style=\"font-weight: 400;\"><br \/>\n<\/span><span style=\"font-weight: 400;\">Memoria: 8GB eMMC, USB<\/span><\/li>\n<li style=\"font-weight: 400;\" aria-level=\"1\"><span style=\"font-weight: 400;\">Tensione: 200\u2013240 VAC o 100\u2013120 VAC<\/span><\/li>\n<li style=\"font-weight: 400;\" aria-level=\"1\"><span style=\"font-weight: 400;\">Potenza: 1600 W (220 V) \/ 1100 W (110 V)<\/span><\/li>\n<li style=\"font-weight: 400;\" aria-level=\"1\"><span style=\"font-weight: 400;\">Temperatura operativa: 10\u201330\u00b0C<\/span><\/li>\n<li style=\"font-weight: 400;\" aria-level=\"1\"><span style=\"font-weight: 400;\">Sistemi operativi supportati: macOS, Windows, Linux<\/span><\/li>\n<li style=\"font-weight: 400;\" aria-level=\"1\"><span style=\"font-weight: 400;\">Slicer supportati: Bambu Studio + slicer compatibili G-code<\/span><\/li>\n<\/ul>\n<h3><b>Bambu Lab AMS 2 Pro<\/b><\/h3>\n<ul>\n<li style=\"font-weight: 400;\" aria-level=\"1\"><span style=\"font-weight: 400;\">Dimensioni: 372\u00d7280\u00d7226 mm<\/span><\/li>\n<li style=\"font-weight: 400;\" aria-level=\"1\"><span style=\"font-weight: 400;\">Peso: 2500 g<\/span><\/li>\n<li style=\"font-weight: 400;\" aria-level=\"1\"><span style=\"font-weight: 400;\">Materiale: ABS\/PC<\/span><\/li>\n<li style=\"font-weight: 400;\" aria-level=\"1\"><span style=\"font-weight: 400;\">Diametro filamento: 1.75 mm<\/span><\/li>\n<li style=\"font-weight: 400;\" aria-level=\"1\"><span style=\"font-weight: 400;\">Temperatura max asciugatura: 65\u00b0C<\/span><\/li>\n<li style=\"font-weight: 400;\" aria-level=\"1\"><span style=\"font-weight: 400;\">Funzioni di asciugatura: dissipazione attiva dell\u2019umidit\u00e0, rilevamento temperatura e umidit\u00e0, sistema chiuso<\/span><\/li>\n<li style=\"font-weight: 400;\" aria-level=\"1\"><span style=\"font-weight: 400;\">Bobine supportate: larghezza 50\u201368 mm, diametro 197\u2013202 mm<\/span><\/li>\n<li style=\"font-weight: 400;\" aria-level=\"1\"><span style=\"font-weight: 400;\">Capacit\u00e0: fino a 4 bobine<\/span><\/li>\n<li style=\"font-weight: 400;\" aria-level=\"1\"><span style=\"font-weight: 400;\">Espansione: fino a 24 filamenti<\/span><\/li>\n<li style=\"font-weight: 400;\" aria-level=\"1\"><span style=\"font-weight: 400;\">Materiali supportati: PLA, PETG, ABS, ASA, PET, PA, PC, PVA (dry), BVOH (dry), PP, POM, HIPS + compositi selezionati<\/span><\/li>\n<li style=\"font-weight: 400;\" aria-level=\"1\"><span style=\"font-weight: 400;\">Materiali non supportati: TPE, TPU, PVA umido, BVOH umido, alcuni materiali CF\/GF, PET-CF, TPU 95A<\/span><\/li>\n<li style=\"font-weight: 400;\" aria-level=\"1\"><span style=\"font-weight: 400;\">Materiali per asciugatura: PLA, PETG, ABS, ASA, PET, PA, PC, PVA, BVOH, PP, POM, HIPS + compositi e TPU per AMS<\/span><\/li>\n<\/ul>\n","protected":false},"excerpt":{"rendered":"<p><span style=\"font-weight: 400;\">Scopri Bambu Lab X2D Combo: una stampante 3D dual-extrusion ad alta velocit\u00e0 con velocit\u00e0 fino a 1000 mm\/s, volume di stampa 256\u00d7256\u00d7260mm, camera riscaldata attivamente fino a 65\u00b0C e sistema AMS 2 Pro per stampa automatica multi-materiale e multicolore con asciugatura integrata del filamento.<\/span><\/p>\n<p><span style=\"font-weight: 400;\">Bambu Lab X2D Combo<\/span><span style=\"font-weight: 400;\"> in combinazione con 4 kg di filamenti AzureFilm Refill e Master Spool 4-pack.<\/span><\/p>\n","protected":false},"featured_media":115889,"comment_status":"closed","ping_status":"closed","template":"","meta":{"_acf_changed":false},"product_brand":[],"product_cat":[595,658,619,599,598],"product_tag":[],"brand":[],"class_list":{"0":"post-116025","1":"product","2":"type-product","3":"status-publish","4":"has-post-thumbnail","6":"product_cat-stampante-3d","7":"product_cat-bambu-lab-it","8":"product_cat-pacchetti-speciali","9":"product_cat-stampante-3d-fdm","10":"product_cat-tutti-stampanti-3d","12":"first","13":"outofstock","14":"taxable","15":"shipping-taxable","16":"product-type-variable"},"acf":[],"_links":{"self":[{"href":"https:\/\/azurefilm.com\/it\/wp-json\/wp\/v2\/product\/116025","targetHints":{"allow":["GET"]}}],"collection":[{"href":"https:\/\/azurefilm.com\/it\/wp-json\/wp\/v2\/product"}],"about":[{"href":"https:\/\/azurefilm.com\/it\/wp-json\/wp\/v2\/types\/product"}],"replies":[{"embeddable":true,"href":"https:\/\/azurefilm.com\/it\/wp-json\/wp\/v2\/comments?post=116025"}],"wp:featuredmedia":[{"embeddable":true,"href":"https:\/\/azurefilm.com\/it\/wp-json\/wp\/v2\/media\/115889"}],"wp:attachment":[{"href":"https:\/\/azurefilm.com\/it\/wp-json\/wp\/v2\/media?parent=116025"}],"wp:term":[{"taxonomy":"product_brand","embeddable":true,"href":"https:\/\/azurefilm.com\/it\/wp-json\/wp\/v2\/product_brand?post=116025"},{"taxonomy":"product_cat","embeddable":true,"href":"https:\/\/azurefilm.com\/it\/wp-json\/wp\/v2\/product_cat?post=116025"},{"taxonomy":"product_tag","embeddable":true,"href":"https:\/\/azurefilm.com\/it\/wp-json\/wp\/v2\/product_tag?post=116025"},{"taxonomy":"brand","embeddable":true,"href":"https:\/\/azurefilm.com\/it\/wp-json\/wp\/v2\/brand?post=116025"}],"curies":[{"name":"wp","href":"https:\/\/api.w.org\/{rel}","templated":true}]}}