
{"id":13253,"date":"2023-10-29T14:41:10","date_gmt":"2023-10-29T14:41:10","guid":{"rendered":"https:\/\/azurefilm.com\/product\/elegoo-neptune-3-max\/"},"modified":"2025-03-12T09:24:23","modified_gmt":"2025-03-12T09:24:23","slug":"elegoo-neptune-3-max","status":"publish","type":"product","link":"https:\/\/azurefilm.com\/it\/prodotto\/elegoo-neptune-3-max\/","title":{"rendered":"Elegoo Neptune 4 Max"},"content":{"rendered":"<p><span style=\"font-weight: 400;\">Vi presentiamo ELEGOO Neptune 4 Max, una stampante 3D FDM precisa e innovativa. Caratterizzata da un Estrusore Diretto Dual-Gear, da una forza di estrusione regolabile e da un rapporto di riduzione di 3:1, garantisce un&#8217;alimentazione del filamento ottimale e una precisione millimetrica.<\/span><\/p>\n<p><span style=\"font-weight: 400;\">Per saperne di pi\u00f9 sulle caratteristiche principali della stampante, leggete qui sotto.<\/span><\/p>\n<h2><b>Estrusore diretto dual-gear<\/b><\/h2>\n<p><span style=\"font-weight: 400;\">La stampante \u00e8 dotata di un <\/span><b>estrusore diretto dual-gear<\/b><span style=\"font-weight: 400;\"> sviluppato con ingranaggi in acciaio inox SUS303. Offre una <\/span><b>forza di estrusione regolabile<\/b><span style=\"font-weight: 400;\"> e funziona con un rapporto di riduzione 3:1. Questa soluzione garantisce <\/span><b>un&#8217;alimentazione omogenea del filamento<\/b><span style=\"font-weight: 400;\"> e quindi una stampa accurata. \u00c8 ideale per materiali come PLA, PETG, ABS e filamenti flessibili come il TPU.<\/span><\/p>\n<p><span style=\"font-weight: 400;\">La Neptune 3 Max garantisce <\/span><b>un&#8217;estrusione potente<\/b><span style=\"font-weight: 400;\"> e <\/span><b>un&#8217;efficiente dissipazione<\/b><span style=\"font-weight: 400;\"> del calore. L&#8217;estrusore diretto dual-gear offre una forza di estrusione potente e regolabile. Per evitare che gli ugelli si intasino, il dissipatore \u00e8 maggiore e viene utilizzata una ventola di raffreddamento. Inoltre, le ventole sono posizionate in modo strategico per garantire il <\/span><b>raffreddamento rapido<\/b><span style=\"font-weight: 400;\"> degli strati stampati.<\/span><\/p>\n<h2><b>Volume di stampa notevole<\/b><\/h2>\n<p><span style=\"font-weight: 400;\">Questa stampante offre un ampio volume di stampa pari a <\/span><b>420x420x500 mm<\/b><span style=\"font-weight: 400;\">. Potrai stampare facilmente modelli o lotti pi\u00f9 grandi.<\/span><\/p>\n<h2><b>Livellamento automatico del letto + livellamento ausiliario<\/b><\/h2>\n<p><span style=\"font-weight: 400;\">Il sensore ad alta precisione senza contatto scansiona in <\/span><b>automatico<\/b><span style=\"font-weight: 400;\"> 63 punti del piano di stampa per compensare eventuali irregolarit\u00e0 e disomogeneit\u00e0 della piattaforma di stampa. \u00c8 possibile anche utilizzare le <\/span><b>manopole<\/b><span style=\"font-weight: 400;\"> sotto la piattaforma di stampa per un livellamento ausiliario, in modo da ottenere un primo strato perfetto.<\/span><\/p>\n<h2><b>Stampa stabile e silenziosa<\/b><\/h2>\n<p><span style=\"font-weight: 400;\">L&#8217;asse Z \u00e8 dotato di <\/span><b>doppie viti di guida<\/b><span style=\"font-weight: 400;\"> e di un <\/span><b>sistema di azionamento a doppio motore<\/b><span style=\"font-weight: 400;\">, che garantisce una notevole stabilit\u00e0 in esercizio. Grazie all&#8217;integrazione di una <\/span><b>scheda madre silenziosa STM a 32 bit<\/b><span style=\"font-weight: 400;\"> e di motori passo-passo ad alta precisione, la rumorosit\u00e0 di funzionamento \u00e8 ridotta a <\/span><b>meno di 50 dB<\/b><span style=\"font-weight: 400;\">.<\/span><\/p>\n<p><span style=\"font-weight: 400;\">Il movimento della stampante \u00e8 ulteriormente semplificato dalle <\/span><b>ruote POM con scanalatura a V<\/b><span style=\"font-weight: 400;\">, che garantiscono un movimento fluido, resistente all&#8217;usura e <\/span><b>preciso<\/b><span style=\"font-weight: 400;\">. Per migliorare la sicurezza, \u00e8 stato integrato un <\/span><b>alimentatore ad alta tensione da 500W<\/b><span style=\"font-weight: 400;\">.<\/span><\/p>\n<p><span style=\"font-weight: 400;\">L&#8217;asse Z \u00e8 dotato di un <\/span><b>sistema a doppia vite<\/b><span style=\"font-weight: 400;\"> per migliorare la precisione di stampa. Inoltre, una <\/span><b>struttura a doppio tirante<\/b><span style=\"font-weight: 400;\"> aumenta la stabilit\u00e0 complessiva. Per ottenere prestazioni ottimali, il tendicinghia dell&#8217;asse XY \u00e8 regolabile e i profili dell&#8217;asse Y sono azionati da ruote da 6V.<\/span><\/p>\n<h2><b>Piattaforma magnetica PEI<\/b><\/h2>\n<p><span style=\"font-weight: 400;\">La piattaforma \u00e8 caratterizzata da uno <\/span><b>speciale rivestimento<\/b><span style=\"font-weight: 400;\"> e da una <\/span><b>lastra di acciaio armonico <\/b><span style=\"font-weight: 400;\">che conferiscono una forte adesione e propriet\u00e0 anti-deformazione. Rimuovere gli oggetti \u00e8 molto facile, poich\u00e9 basta piegare leggermente il foglio di PEI. La piastra ad alta potenza da 420W pu\u00f2 <\/span><b>riscaldare rapidamente fino a 100\u00b0C<\/b><span style=\"font-weight: 400;\">.<\/span><\/p>\n<h2><b>Ripresa di stampa smart<\/b><\/h2>\n<p><span style=\"font-weight: 400;\">Riprende la stampa dopo un&#8217;interruzione di corrente. Il sensore di rilevamento del filamento evita sprechi e che si realizzino modelli da scartare.<\/span><\/p>\n<h2><b>Touchscreen capacitivo rimovibile<\/b><\/h2>\n<p><span style=\"font-weight: 400;\">Il <\/span><b>touch screen magnetico removibile<\/b><span style=\"font-weight: 400;\"> da 4,3 pollici pu\u00f2 essere utilizzato manualmente o fissato alla base, e dispone di una funzione di anteprima del modello di stampa che consente di vedere l&#8217;immagine del modello durante la stampa e di osservare l&#8217;avanzamento della stampa.<\/span><\/p>\n<h2><b>Altre caratteristiche pratiche<\/b><\/h2>\n<ul>\n<li><span style=\"font-weight: 400;\"> \u00a0 \u00a0 \u00a0 <\/span><span style=\"font-weight: 400;\">La <\/span><b>striscia luminosa a LED<\/b><span style=\"font-weight: 400;\"> pu\u00f2 essere comandata tramite il pulsante sullo schermo per osservare comodamente il modello in un ambiente poco illuminato.<\/span><\/li>\n<li><span style=\"font-weight: 400;\"> \u00a0 \u00a0 \u00a0 <\/span><b>Le ventole si fermano automaticamente <\/b><span style=\"font-weight: 400;\">al termine della stampa per risparmiare energia, ridurre il rumore e prolungare la durata della ventola.<\/span><\/li>\n<li><span style=\"font-weight: 400;\"> \u00a0 \u00a0 \u00a0 <\/span><span style=\"font-weight: 400;\">Il <\/span><b>cassetto degli strumenti<\/b><span style=\"font-weight: 400;\"> che si trova sulla base della macchina \u00e8 il posto perfetto per riporre gli strumenti utilizzati nella stampante.<\/span><\/li>\n<\/ul>\n","protected":false},"excerpt":{"rendered":"<p><span style=\"font-weight: 400;\"><strong>Elegoo Neptune 3 Max<\/strong>\u00a0 &#8211; a 3D printer with a significant build volume for unlimited creativity.<\/span><\/p>\n","protected":false},"featured_media":11049,"comment_status":"closed","ping_status":"closed","template":"","meta":{"_acf_changed":false},"product_brand":[],"product_cat":[604,623,595,599,598],"product_tag":[],"brand":[],"class_list":{"0":"post-13253","1":"product","2":"type-product","3":"status-publish","4":"has-post-thumbnail","6":"product_cat-elegoo-it","7":"product_cat-saldi","8":"product_cat-stampante-3d","9":"product_cat-stampante-3d-fdm","10":"product_cat-tutti-stampanti-3d","12":"first","13":"instock","14":"sale","15":"taxable","16":"shipping-taxable","17":"purchasable","18":"product-type-simple"},"acf":[],"_links":{"self":[{"href":"https:\/\/azurefilm.com\/it\/wp-json\/wp\/v2\/product\/13253","targetHints":{"allow":["GET"]}}],"collection":[{"href":"https:\/\/azurefilm.com\/it\/wp-json\/wp\/v2\/product"}],"about":[{"href":"https:\/\/azurefilm.com\/it\/wp-json\/wp\/v2\/types\/product"}],"replies":[{"embeddable":true,"href":"https:\/\/azurefilm.com\/it\/wp-json\/wp\/v2\/comments?post=13253"}],"wp:featuredmedia":[{"embeddable":true,"href":"https:\/\/azurefilm.com\/it\/wp-json\/wp\/v2\/media\/11049"}],"wp:attachment":[{"href":"https:\/\/azurefilm.com\/it\/wp-json\/wp\/v2\/media?parent=13253"}],"wp:term":[{"taxonomy":"product_brand","embeddable":true,"href":"https:\/\/azurefilm.com\/it\/wp-json\/wp\/v2\/product_brand?post=13253"},{"taxonomy":"product_cat","embeddable":true,"href":"https:\/\/azurefilm.com\/it\/wp-json\/wp\/v2\/product_cat?post=13253"},{"taxonomy":"product_tag","embeddable":true,"href":"https:\/\/azurefilm.com\/it\/wp-json\/wp\/v2\/product_tag?post=13253"},{"taxonomy":"brand","embeddable":true,"href":"https:\/\/azurefilm.com\/it\/wp-json\/wp\/v2\/brand?post=13253"}],"curies":[{"name":"wp","href":"https:\/\/api.w.org\/{rel}","templated":true}]}}