
{"id":13283,"date":"2023-10-29T14:08:22","date_gmt":"2023-10-29T14:08:22","guid":{"rendered":"https:\/\/azurefilm.com\/product\/filamento-pla-strongman-black\/"},"modified":"2026-03-18T06:54:50","modified_gmt":"2026-03-18T06:54:50","slug":"filamento-pla-strongman-black","status":"publish","type":"product","link":"https:\/\/azurefilm.com\/it\/prodotto\/filamento-pla-strongman-black\/","title":{"rendered":"Filamento PLA Strongman Black"},"content":{"rendered":"<h2><b>PLA Strongman<\/b><\/h2>\n<p><span style=\"font-weight: 400;\">Ti presentiamo il nostro filamento PLA Strongman, un <\/span><b>materiale unico<\/b><span style=\"font-weight: 400;\"> che abbiamo sviluppato. Prima del nostro PLA Strongman, non esisteva nessun altro filamento sul mercato che fosse facile da stampare come il PLA, pur possedendo propriet\u00e0 forti come una maggiore tenacit\u00e0 e resistenza. Abbiamo unito le forze con una delle migliori universit\u00e0 per la caratterizzazione dei polimeri e abbiamo creato questo filamento <\/span><b>robusto, resistente agli urti<\/b><span style=\"font-weight: 400;\"> e allo stesso tempo molto <\/span><b>facile da stampare<\/b><span style=\"font-weight: 400;\">. Il PLA Strongman \u00e8 oggi utilizzato per stampare droni, cuscinetti, parti meccaniche e tutti i tipi di prodotti che richiedono una maggiore resistenza.<\/span><\/p>\n<h2><strong>Filamento PLA Strongman Black<\/strong><\/h2>\n<p>Eleva le tue stampe 3D con la durata e la potenza del nostro filamento PLA Strongman Black.<\/p>\n<p><span style=\"font-weight: 400;\">Per saperne di pi\u00f9 sui filamenti PLA, leggi il nostro <a href=\"https:\/\/azurefilm.com\/it\/2023\/07\/04\/filamenti-pla\/\" target=\"_blank\" rel=\"noopener\">blog<\/a>. <\/span><\/p>\n<p><span style=\"font-weight: 400;\">Puoi consultare la <\/span><b>Scheda Tecnica<\/b><span style=\"font-weight: 400;\"><a href=\"https:\/\/azurefilm.com\/it\/technical-data-sheets\/\" target=\"_blank\" rel=\"noopener\"> qui<\/a>.<\/span><\/p>\n<h3><strong>Consigli per la stampa:<\/strong><\/h3>\n<ul>\n<li style=\"font-weight: 400;\" aria-level=\"1\"><span style=\"font-weight: 400;\">Stampa a una temperatura di 200-230\u00b0C per ottenere i migliori risultati.\u00a0<\/span><\/li>\n<li style=\"font-weight: 400;\" aria-level=\"1\"><span style=\"font-weight: 400;\">La temperatura consigliata per il piano di stampa \u00e8 di 50-60\u00b0C.<\/span><\/li>\n<li style=\"font-weight: 400;\" aria-level=\"1\"><span style=\"font-weight: 400;\">Usa un piano di vetro, un foglio PEI, un nastro Kapton o Blu per la piattaforma di costruzione con lo spray 3Dlac.<\/span><\/li>\n<\/ul>\n<p><i><span style=\"font-weight: 400;\">*La temperatura ideale pu\u00f2 variare a seconda della stampante utilizzata.<\/span><\/i><\/p>\n","protected":false},"excerpt":{"rendered":"<p>Eleva le tue stampe 3D con la durata e la potenza del nostro filamento PLA Strongman Black.<\/p>\n","protected":false},"featured_media":113233,"comment_status":"closed","ping_status":"closed","template":"","meta":{"_acf_changed":false},"product_brand":[],"product_cat":[553,517,544,519],"product_tag":[1533],"brand":[],"class_list":{"0":"post-13283","1":"product","2":"type-product","3":"status-publish","4":"has-post-thumbnail","6":"product_cat-pla-strongman-it","7":"product_cat-filamenti-3d","8":"product_cat-filamenti-pla","9":"product_cat-tutti-filamenti","10":"product_tag-high-speed","11":"pa_colour-black","12":"pa_filament-diameter-1-75mm","13":"pa_filament-weight-1000g","14":"pa_filament-weight-2100g","16":"first","17":"instock","18":"taxable","19":"shipping-taxable","20":"purchasable","21":"product-type-variable","22":"has-default-attributes"},"acf":[],"_links":{"self":[{"href":"https:\/\/azurefilm.com\/it\/wp-json\/wp\/v2\/product\/13283","targetHints":{"allow":["GET"]}}],"collection":[{"href":"https:\/\/azurefilm.com\/it\/wp-json\/wp\/v2\/product"}],"about":[{"href":"https:\/\/azurefilm.com\/it\/wp-json\/wp\/v2\/types\/product"}],"replies":[{"embeddable":true,"href":"https:\/\/azurefilm.com\/it\/wp-json\/wp\/v2\/comments?post=13283"}],"wp:featuredmedia":[{"embeddable":true,"href":"https:\/\/azurefilm.com\/it\/wp-json\/wp\/v2\/media\/113233"}],"wp:attachment":[{"href":"https:\/\/azurefilm.com\/it\/wp-json\/wp\/v2\/media?parent=13283"}],"wp:term":[{"taxonomy":"product_brand","embeddable":true,"href":"https:\/\/azurefilm.com\/it\/wp-json\/wp\/v2\/product_brand?post=13283"},{"taxonomy":"product_cat","embeddable":true,"href":"https:\/\/azurefilm.com\/it\/wp-json\/wp\/v2\/product_cat?post=13283"},{"taxonomy":"product_tag","embeddable":true,"href":"https:\/\/azurefilm.com\/it\/wp-json\/wp\/v2\/product_tag?post=13283"},{"taxonomy":"brand","embeddable":true,"href":"https:\/\/azurefilm.com\/it\/wp-json\/wp\/v2\/brand?post=13283"}],"curies":[{"name":"wp","href":"https:\/\/api.w.org\/{rel}","templated":true}]}}