
{"id":13339,"date":"2023-10-30T14:11:41","date_gmt":"2023-10-30T14:11:41","guid":{"rendered":"https:\/\/azurefilm.com\/product\/creality-k1-max\/"},"modified":"2024-06-14T17:43:40","modified_gmt":"2024-06-14T17:43:40","slug":"creality-k1-max","status":"publish","type":"product","link":"https:\/\/azurefilm.com\/it\/prodotto\/creality-k1-max\/","title":{"rendered":"Creality K1 Max"},"content":{"rendered":"<p><iframe loading=\"lazy\" title=\"YouTube video player\" src=\"https:\/\/www.youtube.com\/embed\/zu0anWcRkus\" width=\"560\" height=\"315\" frameborder=\"0\" allowfullscreen=\"allowfullscreen\"><\/iframe><\/p>\n<p>Ti presentiamo la rivoluzionaria\u00a0<strong>stampante 3D FDM K1 MAX di Creality!<\/strong>\u00a0Questa stampante ultramoderna conquister\u00e0 il mondo del 3D, offrendo stampe di\u00a0<strong>alta qualit\u00e0 con una velocit\u00e0 straordinaria.<\/strong><\/p>\n<p>Tuttavia, la sua efficienza non \u00e8 l&#8217;unica cosa di cui entusiasmarsi. Un grande plus \u00e8 che la stampante K1\u00a0<strong>ti verr\u00e0 consegnata gi\u00e0 completamente assemblata, calibrata e pronta all&#8217;uso.\u00a0<\/strong>Ti baster\u00e0 seguire una semplice guida che ti guider\u00e0 nella configurazione della stampante 3D per<strong>\u00a0iniziare subito a stampare!<\/strong><\/p>\n<p>La stampante K1 MAX\u00a0 Creality vanta diverse caratteristiche che renderanno la tua esperienza 3D ancora pi\u00f9 piacevole. Ecco le pi\u00f9 importanti!<\/p>\n<h2><strong>La sua velocit\u00e0<\/strong><\/h2>\n<p>Con una velocit\u00e0 massima di 600 mm\/s e una velocit\u00e0 12 volte superiore a quella di una normale stampante FDM 3D, potremmo definire questa stampante la &#8220;Regina della Velocit\u00e0&#8221;. Grazie a un&#8217;incredibile accelerazione di 20000 mm\/s\u00b2, la Creality K1 MAX raggiunge i 600 mm\/s in soli 0,03 s, offrendo la\u00a0<strong>massima velocit\u00e0 nel 90% del tempo di stampa.<\/strong>\u00a0La velocit\u00e0 della stampante\u00a0<strong>accorcia i tempi di stampa, aumenta l&#8217;efficienza<\/strong>\u00a0e consente di\u00a0<strong>risparmiare molta energia.\u00a0<\/strong><\/p>\n<h2><strong>Struttura robusta ma esteticamente gradevole<\/strong><\/h2>\n<p>La K1 MAX vanta un design particolarmente solido che consente alla stampante di raggiungere un&#8217;elevata velocit\u00e0 di stampa senza intaccare la qualit\u00e0 finale. La\u00a0<strong>struttura robusta in CoreXY e la leggera testina di stampa<\/strong>\u00a0(che pesa solo 190 g) sono state progettate per garantire velocit\u00e0 elevate. La struttura massiccia, insieme al design leggero delle parti mobili, garantisce non solo una minore inerzia e vibrazioni, ma anche una maggiore stabilit\u00e0. Ha un\u00a0<strong>volume di costruzione di 300 x 300 x 300 mm<\/strong>\u00a0ed \u00e8 la pi\u00f9 compatta tra le stampanti 3D FDM con un volume di costruzione simile.<\/p>\n<p>In ogni caso, la stampante ha un\u00a0<strong>design molto accattivante,<\/strong>\u00a0piacevole ovunque tu la metta.<\/p>\n<h2><strong>Piena potenza con flusso di 32 mm\u00b3\/s<\/strong><\/h2>\n<p>Creality ha sviluppato un nuovo sistema di riscaldamento in ceramica per la stampante K1 MAX che impiega solo 4<strong>0 secondi per raggiungere una temperatura di 200\u00b0C\u00a0<\/strong>e fonde i filamenti in modo rapido e omogeneo.<\/p>\n<p>La stampante \u00e8 inoltre dotata di un dissipatore in lega di titanio e di un ugello in lega di rame concepito per le alte temperature e che funziona perfettamente\u00a0<strong>fino a 300\u00b0C.<\/strong><\/p>\n<h2><strong>Sistema di raffreddamento efficiente<\/strong><\/h2>\n<p>La testina di stampa della K1 MAX \u00e8 dotata di un\u00a0<strong>efficiente sistema di raffreddamento bilaterale<\/strong>\u00a0che raffredda gli strati appena stampati direttamente da due lati. Una ventola da 18 watt incrementa ulteriormente l&#8217;effetto di raffreddamento. Grazie a questo sistema di raffreddamento,<strong>\u00a0il modello si solidifica prima che si possano formare incordature o deformazioni.<\/strong><\/p>\n<h2><strong>Livellamento automatico<\/strong><\/h2>\n<p>Per generare una rete di livellamento accurata, i sensori di tensione sono incorporati nel piano di stampa. Di conseguenza, il\u00a0<strong>livellamento automatico avviene prima dell&#8217;inizio della stampa<\/strong>\u00a0e si ottiene un piano perfettamente uniforme senza alcun intervento aggiuntivo.<\/p>\n<h2><strong>Letto a riscaldamento rapido<\/strong><\/h2>\n<p>Il\u00a0<strong>letto in lega di alluminio raggiunge i 60\u00b0C in soli 180 secondi<\/strong>\u00a0e diffonde il calore in modo uniforme e rapido.<\/p>\n<h2><strong>Nessun rumore ad alta velocit\u00e0<\/strong><\/h2>\n<p>Conosciamo tutti quel fastidioso ronzio che compare quando la velocit\u00e0 di stampa \u00e8 particolarmente elevata. Con la stampante K1 MAX non avrai questo problema grazie al\u00a0<strong>sensore G\u00a0<\/strong>integrato nella testina di stampa. Il sensore G\u00a0<strong>misura le frequenze di risonanza e le sintonizza automaticamente laddove necessario.<\/strong><\/p>\n<h2><strong>Controllo senza pensieri\u00a0<\/strong><\/h2>\n<p>La K1 MAX\u00a0 pu\u00f2 stampare\u00a0<strong>via chiavetta USB o WiFi.<\/strong>\u00a0A fine stampa o in caso di problemi di stampa, riceverai una notifica sul tuo telefono o sul tuo PC.<\/p>\n<p>Se c&#8217;\u00e8 una connessione di rete, la K1 MAX pu\u00f2 essere\u00a0<strong>controllata o monitorata da remoto<\/strong>\u00a0tramite Creality Print o Creality Cloud APP\/WEB (in questo caso \u00e8 necessaria una videocamera AI) e questo pu\u00f2 essere fatto anche quando pi\u00f9 stampanti K1 MAX sono collegate online.<\/p>\n<h2><strong>Sistema operativo smart<\/strong><\/h2>\n<p>La K1 MAX \u00e8 dotata di\u00a0<strong>un Sistema Operativo Creality (Creality OS) veloce e smart\u00a0<\/strong>e di un&#8217;interfaccia intuitiva. Il sistema operativo sincronizza i dati e i comandi con il PC, il telefono, il Cloud e i moduli aggiuntivi. La stampante \u00e8 dotata di una\u00a0<strong>velocissima CPU dual-core<\/strong>\u00a0(1,2GHz) che consente di stampare ad alta velocit\u00e0 con assoluta facilit\u00e0. Un&#8217;altra particolarit\u00e0 \u00e8 la\u00a0<strong>ROM da 8G<\/strong>\u00a0che consente di memorizzare fino a 400 modelli e di velocizzare la lettura e la scrittura della stampante.<\/p>\n","protected":false},"excerpt":{"rendered":"<p>Consentici di presentarti la rivoluzionaria stampante FDM 3D <strong>&#8211; K1 MAX di Creality!<\/strong> Questa stampante all&#8217;avanguardia \u00e8 pronta a conquistare il mondo del 3D, offrendo <strong>stampe di alta qualit\u00e0 con<\/strong> <strong>una velocit\u00e0 incredibile. <\/strong><\/p>\n<p>La sua efficienza, per\u00f2, non \u00e8 l&#8217;unica cosa di cui essere euforici. Un grande vantaggio \u00e8 che <strong>riceverai la tua stampante K1 MAX gi\u00e0 assemblata, calibrata e subito pronta all&#8217;uso.<\/strong> Basta seguire una semplice guida che ti guider\u00e0 attraverso la configurazione della stampante 3D e <strong>iniziare subito a stampare<\/strong>!<\/p>\n","protected":false},"featured_media":2865,"comment_status":"closed","ping_status":"closed","template":"","meta":{"_acf_changed":false},"product_brand":[],"product_cat":[602,595,599,598],"product_tag":[],"brand":[],"class_list":{"0":"post-13339","1":"product","2":"type-product","3":"status-publish","4":"has-post-thumbnail","6":"product_cat-creality-it","7":"product_cat-stampante-3d","8":"product_cat-stampante-3d-fdm","9":"product_cat-tutti-stampanti-3d","11":"first","12":"instock","13":"taxable","14":"shipping-taxable","15":"purchasable","16":"product-type-simple"},"acf":[],"_links":{"self":[{"href":"https:\/\/azurefilm.com\/it\/wp-json\/wp\/v2\/product\/13339","targetHints":{"allow":["GET"]}}],"collection":[{"href":"https:\/\/azurefilm.com\/it\/wp-json\/wp\/v2\/product"}],"about":[{"href":"https:\/\/azurefilm.com\/it\/wp-json\/wp\/v2\/types\/product"}],"replies":[{"embeddable":true,"href":"https:\/\/azurefilm.com\/it\/wp-json\/wp\/v2\/comments?post=13339"}],"wp:featuredmedia":[{"embeddable":true,"href":"https:\/\/azurefilm.com\/it\/wp-json\/wp\/v2\/media\/2865"}],"wp:attachment":[{"href":"https:\/\/azurefilm.com\/it\/wp-json\/wp\/v2\/media?parent=13339"}],"wp:term":[{"taxonomy":"product_brand","embeddable":true,"href":"https:\/\/azurefilm.com\/it\/wp-json\/wp\/v2\/product_brand?post=13339"},{"taxonomy":"product_cat","embeddable":true,"href":"https:\/\/azurefilm.com\/it\/wp-json\/wp\/v2\/product_cat?post=13339"},{"taxonomy":"product_tag","embeddable":true,"href":"https:\/\/azurefilm.com\/it\/wp-json\/wp\/v2\/product_tag?post=13339"},{"taxonomy":"brand","embeddable":true,"href":"https:\/\/azurefilm.com\/it\/wp-json\/wp\/v2\/brand?post=13339"}],"curies":[{"name":"wp","href":"https:\/\/api.w.org\/{rel}","templated":true}]}}