
{"id":13343,"date":"2023-10-29T14:12:09","date_gmt":"2023-10-29T14:12:09","guid":{"rendered":"https:\/\/azurefilm.com\/product\/filamento-petg-original-grass-green\/"},"modified":"2026-03-26T12:11:10","modified_gmt":"2026-03-26T12:11:10","slug":"filamento-petg-original-grass-green","status":"publish","type":"product","link":"https:\/\/azurefilm.com\/it\/prodotto\/filamento-petg-original-grass-green\/","title":{"rendered":"Filamento PETG Hyper Speed Grass Green"},"content":{"rendered":"<h2><b>PETG Original<\/b><\/h2>\n<p><span style=\"font-weight: 400;\">Il filamento PETG Original vanta eccellenti propriet\u00e0 ed \u00e8 uno dei filamenti pi\u00f9 apprezzati oltre al PLA. Grazie alla sua struttura, il materiale PETG presenta propriet\u00e0 di <\/span><b>solidit\u00e0,<\/b><span style=\"font-weight: 400;\">, <\/span><b>resistenza alle temperature<\/b><span style=\"font-weight: 400;\"> (fino a 80\u00b0C) e <\/span><b>durata nel tempo<\/b><span style=\"font-weight: 400;\">. I nostri filamenti in PETG sono facilissimi da stampare, il che li rende <\/span><b>ideali per i principianti<\/b><span style=\"font-weight: 400;\">. Grazie alle sue propriet\u00e0, il PETG pu\u00f2 essere utilizzato per <\/span><b>svariate applicazioni<\/b><span style=\"font-weight: 400;\"> , dalle decorazioni, agli utensili, alle protesi, ai prodotti meccanici e alla robotica.\u00a0<\/span><\/p>\n<h2><strong>Filamento PETG Original Grass Green<\/strong><\/h2>\n<p>Imita le tonalit\u00e0 rinfrescanti della natura e crea vivaci disegni verdi con il nostro filamento PETG Original Grass Green.<\/p>\n<p><span style=\"font-weight: 400;\">Per saperne di pi\u00f9 sui filamenti PETG, leggi il nostro <a href=\"https:\/\/azurefilm.com\/it\/2023\/07\/10\/filamenti-petg\/\" target=\"_blank\" rel=\"noopener\">blog<\/a>. <\/span><\/p>\n<p><span style=\"font-weight: 400;\">Puoi consultare la <\/span><b>Scheda Tecnica<\/b><span style=\"font-weight: 400;\"><a href=\"https:\/\/azurefilm.com\/it\/technical-data-sheets\/\" target=\"_blank\" rel=\"noopener\"> qui<\/a>.<\/span><\/p>\n<h3><strong>Consigli per la stampa:<\/strong><\/h3>\n<ul>\n<li style=\"font-weight: 400;\" aria-level=\"1\"><span style=\"font-weight: 400;\">Per ottenere i risultati migliori, stampa a 220\u2013240\u00b0C.\u00a0<\/span><\/li>\n<li style=\"font-weight: 400;\" aria-level=\"1\"><span style=\"font-weight: 400;\">La temperatura consigliata del piano di stampa \u00e8 di 80\u00b0C.<\/span><\/li>\n<li style=\"font-weight: 400;\" aria-level=\"1\"><span style=\"font-weight: 400;\">Usa un piano di vetro, un foglio PEI, un nastro Kapton o Blu per la piattaforma di costruzione con lo spray 3Dlac.<\/span><\/li>\n<\/ul>\n<p><i><span style=\"font-weight: 400;\">*La temperatura ideale pu\u00f2 variare a seconda della stampante utilizzata.<\/span><\/i><\/p>\n","protected":false},"excerpt":{"rendered":"<p>Imita le tonalit\u00e0 rinfrescanti della natura e crea vivaci disegni verdi con il nostro filamento PETG Hyper Speed Grass Green.<\/p>\n<p><b>Nota: <\/b><span style=\"font-weight: 400;\">Questa \u00e8 la stessa formulazione affidabile di PETG Original, ora rinominata in <\/span><b>PETG Hyper Speed<\/b><span style=\"font-weight: 400;\"> per riflettere meglio le sue elevate prestazioni di stampa. Acquista e scopri il prossimo livello di PETG!<\/span><\/p>\n","protected":false},"featured_media":111634,"comment_status":"closed","ping_status":"closed","template":"","meta":{"_acf_changed":false},"product_brand":[],"product_cat":[541,517,538,519],"product_tag":[1533],"brand":[267],"class_list":{"0":"post-13343","1":"product","2":"type-product","3":"status-publish","4":"has-post-thumbnail","6":"product_cat-petg-original-it","7":"product_cat-filamenti-3d","8":"product_cat-filamenti-petg-it","9":"product_cat-tutti-filamenti","10":"product_tag-high-speed","11":"pa_colour-green","12":"pa_filament-diameter-1-75mm","13":"pa_filament-weight-1000g","14":"brand-azurefilm","16":"first","17":"instock","18":"taxable","19":"shipping-taxable","20":"purchasable","21":"product-type-variable","22":"has-default-attributes"},"acf":[],"_links":{"self":[{"href":"https:\/\/azurefilm.com\/it\/wp-json\/wp\/v2\/product\/13343","targetHints":{"allow":["GET"]}}],"collection":[{"href":"https:\/\/azurefilm.com\/it\/wp-json\/wp\/v2\/product"}],"about":[{"href":"https:\/\/azurefilm.com\/it\/wp-json\/wp\/v2\/types\/product"}],"replies":[{"embeddable":true,"href":"https:\/\/azurefilm.com\/it\/wp-json\/wp\/v2\/comments?post=13343"}],"wp:featuredmedia":[{"embeddable":true,"href":"https:\/\/azurefilm.com\/it\/wp-json\/wp\/v2\/media\/111634"}],"wp:attachment":[{"href":"https:\/\/azurefilm.com\/it\/wp-json\/wp\/v2\/media?parent=13343"}],"wp:term":[{"taxonomy":"product_brand","embeddable":true,"href":"https:\/\/azurefilm.com\/it\/wp-json\/wp\/v2\/product_brand?post=13343"},{"taxonomy":"product_cat","embeddable":true,"href":"https:\/\/azurefilm.com\/it\/wp-json\/wp\/v2\/product_cat?post=13343"},{"taxonomy":"product_tag","embeddable":true,"href":"https:\/\/azurefilm.com\/it\/wp-json\/wp\/v2\/product_tag?post=13343"},{"taxonomy":"brand","embeddable":true,"href":"https:\/\/azurefilm.com\/it\/wp-json\/wp\/v2\/brand?post=13343"}],"curies":[{"name":"wp","href":"https:\/\/api.w.org\/{rel}","templated":true}]}}