
{"id":13402,"date":"2023-10-29T14:15:26","date_gmt":"2023-10-29T14:15:26","guid":{"rendered":"https:\/\/azurefilm.com\/product\/tubo-bowden\/"},"modified":"2026-03-17T14:00:30","modified_gmt":"2026-03-17T14:00:30","slug":"tubo-bowden","status":"publish","type":"product","link":"https:\/\/azurefilm.com\/it\/prodotto\/tubo-bowden\/","title":{"rendered":"Bowden Tubo Capricorn fi2\/4mm"},"content":{"rendered":"<h4>Bowden Tubo Capricorn fi2\/4mm<\/h4>\n<h3><strong>Caratteristiche principali:<\/strong><\/h3>\n<ul>\n<li>(Tubo in teflon per hotend in PTFE) per stampanti 3D Ender 3, CR10 V2<\/li>\n<li>Perfetto per facilitare la stampa con filamenti flessibili<\/li>\n<li>Gli additivi ad alta lubrificazione rendono questo prodotto il tubo Bowden a pi\u00f9 basso attrito del mercato. Meno attrito significa pi\u00f9 reattivit\u00e0, meno ritrazione, stampe pi\u00f9 accurate, meno slittamento, usura e rottura dell&#8217;estrusore e meno intasamento quando si stampano filamenti grossi<\/li>\n<li>Minore retrazione significa tempo risparmiato ogni volta che l&#8217;estrusore si ritira. Nel corso di una stampa, pochi millisecondi qui e pochi l\u00e0 fanno risparmiare molto tempo<\/li>\n<li>Diametro interno di 1,9 mm \u00b1 0,05 mm Riduce il &#8220;margine di oscillazione&#8221; all&#8217;interno del tubo, permettendoti di stampare filamenti flessibili anche sui sistemi Bowden pi\u00f9 lunghi<\/li>\n<li>Resistenza alle alte temperature<\/li>\n<li>Confezione completa di: Tubo Bowden fi4x2mm x 1m di lunghezza<\/li>\n<li>Il prezzo si intende per 1m (se selezioni 3 pezzi, riceverai 3 x 1m)<\/li>\n<\/ul>\n<p>Puoi tagliare con cura il tubo con un taglierino per ottenere la lunghezza desiderata.<\/p>\n<ul>\n<li>La lunghezza del tubo per Ender 3 \u00e8 di 370mm.<\/li>\n<li>La lunghezza del tubo per CR10S PRO \u00e8 di 470mm.<\/li>\n<\/ul>\n<p>&nbsp;<\/p>\n","protected":false},"excerpt":{"rendered":"<p>Bowden Tubo Capricorn fi2\/4mm perfetto per facilitare la stampa con filamenti flessibili.<\/p>\n","protected":false},"featured_media":3853,"comment_status":"closed","ping_status":"closed","template":"","meta":{"_acf_changed":false},"product_brand":[],"product_cat":[625,624,623,629],"product_tag":[],"brand":[],"class_list":{"0":"post-13402","1":"product","2":"type-product","3":"status-publish","4":"has-post-thumbnail","6":"product_cat-altri-parti-di-ricambio","7":"product_cat-parti-di-ricambio","8":"product_cat-saldi","9":"product_cat-tubi-bowden","11":"first","12":"instock","13":"sale","14":"taxable","15":"shipping-taxable","16":"purchasable","17":"product-type-simple"},"acf":[],"_links":{"self":[{"href":"https:\/\/azurefilm.com\/it\/wp-json\/wp\/v2\/product\/13402","targetHints":{"allow":["GET"]}}],"collection":[{"href":"https:\/\/azurefilm.com\/it\/wp-json\/wp\/v2\/product"}],"about":[{"href":"https:\/\/azurefilm.com\/it\/wp-json\/wp\/v2\/types\/product"}],"replies":[{"embeddable":true,"href":"https:\/\/azurefilm.com\/it\/wp-json\/wp\/v2\/comments?post=13402"}],"wp:featuredmedia":[{"embeddable":true,"href":"https:\/\/azurefilm.com\/it\/wp-json\/wp\/v2\/media\/3853"}],"wp:attachment":[{"href":"https:\/\/azurefilm.com\/it\/wp-json\/wp\/v2\/media?parent=13402"}],"wp:term":[{"taxonomy":"product_brand","embeddable":true,"href":"https:\/\/azurefilm.com\/it\/wp-json\/wp\/v2\/product_brand?post=13402"},{"taxonomy":"product_cat","embeddable":true,"href":"https:\/\/azurefilm.com\/it\/wp-json\/wp\/v2\/product_cat?post=13402"},{"taxonomy":"product_tag","embeddable":true,"href":"https:\/\/azurefilm.com\/it\/wp-json\/wp\/v2\/product_tag?post=13402"},{"taxonomy":"brand","embeddable":true,"href":"https:\/\/azurefilm.com\/it\/wp-json\/wp\/v2\/brand?post=13402"}],"curies":[{"name":"wp","href":"https:\/\/api.w.org\/{rel}","templated":true}]}}