
{"id":13404,"date":"2023-10-29T14:15:26","date_gmt":"2023-10-29T14:15:26","guid":{"rendered":"https:\/\/azurefilm.com\/product\/lama-a-30-per-alluminio\/"},"modified":"2025-12-11T20:04:28","modified_gmt":"2025-12-11T20:04:28","slug":"lama-a-30-per-alluminio","status":"publish","type":"product","link":"https:\/\/azurefilm.com\/it\/prodotto\/lama-a-30-per-alluminio\/","title":{"rendered":"Lama a 30\u00b0 per Alluminio"},"content":{"rendered":"<h2>Caratteristiche:<\/h2>\n<ul>\n<li>La lama a 30\u00b0 per alluminio \u00e8 la scelta ideale quando vuoi ottenere un&#8217;affilatura superiore per un taglio preciso. Con 7 bordi di taglio per ogni lama, avrai un nuovo bordo affilato ad ogni scatto.<\/li>\n<li>Progettata per ottenere le massime prestazioni di taglio, \u00e8 ideale per le applicazioni in cui \u00e8 richiesta un&#8217;affilatura superiore.\n<li>Confezione da 10 pezzi per un ottimo rapporto qualit\u00e0\/prezzo. Questa confezione da 10 \u00e8 ideale per chi non ama acquistare lame frequentemente.<\/li>\n<li>Sette segmenti per lama.<\/li>\n<li>70 x 9 x 0,4 mm<\/li>\n<\/ul>\n<p>&nbsp;<\/p>\n","protected":false},"excerpt":{"rendered":"<p>La lama a 30\u00b0 per alluminio \u00e8 progettata per ottenere le massime prestazioni di taglio ed \u00e8 ideale per le applicazioni in cui \u00e8 richiesta un&#8217;affilatura superiore.<\/p>\n","protected":false},"featured_media":3879,"comment_status":"closed","ping_status":"closed","template":"","meta":{"_acf_changed":false},"product_brand":[],"product_cat":[625,624,623,657],"product_tag":[],"brand":[],"class_list":{"0":"post-13404","1":"product","2":"type-product","3":"status-publish","4":"has-post-thumbnail","6":"product_cat-altri-parti-di-ricambio","7":"product_cat-parti-di-ricambio","8":"product_cat-saldi","9":"product_cat-strumenti","11":"first","12":"instock","13":"sale","14":"taxable","15":"shipping-taxable","16":"purchasable","17":"product-type-simple"},"acf":[],"_links":{"self":[{"href":"https:\/\/azurefilm.com\/it\/wp-json\/wp\/v2\/product\/13404","targetHints":{"allow":["GET"]}}],"collection":[{"href":"https:\/\/azurefilm.com\/it\/wp-json\/wp\/v2\/product"}],"about":[{"href":"https:\/\/azurefilm.com\/it\/wp-json\/wp\/v2\/types\/product"}],"replies":[{"embeddable":true,"href":"https:\/\/azurefilm.com\/it\/wp-json\/wp\/v2\/comments?post=13404"}],"wp:featuredmedia":[{"embeddable":true,"href":"https:\/\/azurefilm.com\/it\/wp-json\/wp\/v2\/media\/3879"}],"wp:attachment":[{"href":"https:\/\/azurefilm.com\/it\/wp-json\/wp\/v2\/media?parent=13404"}],"wp:term":[{"taxonomy":"product_brand","embeddable":true,"href":"https:\/\/azurefilm.com\/it\/wp-json\/wp\/v2\/product_brand?post=13404"},{"taxonomy":"product_cat","embeddable":true,"href":"https:\/\/azurefilm.com\/it\/wp-json\/wp\/v2\/product_cat?post=13404"},{"taxonomy":"product_tag","embeddable":true,"href":"https:\/\/azurefilm.com\/it\/wp-json\/wp\/v2\/product_tag?post=13404"},{"taxonomy":"brand","embeddable":true,"href":"https:\/\/azurefilm.com\/it\/wp-json\/wp\/v2\/brand?post=13404"}],"curies":[{"name":"wp","href":"https:\/\/api.w.org\/{rel}","templated":true}]}}