
{"id":13444,"date":"2023-10-29T14:16:34","date_gmt":"2023-10-29T14:16:34","guid":{"rendered":"https:\/\/azurefilm.com\/product\/luce-uv-per-stampante-sla\/"},"modified":"2023-10-29T16:14:42","modified_gmt":"2023-10-29T16:14:42","slug":"luce-uv-per-stampante-sla","status":"publish","type":"product","link":"https:\/\/azurefilm.com\/it\/prodotto\/luce-uv-per-stampante-sla\/","title":{"rendered":"Luce UV per stampante SLA"},"content":{"rendered":"<h2><strong>Caratteristiche principali:<\/strong><\/h2>\n<ul>\n<li>Questa luce UV per stampanti SLA \u00e8 dotata di 6 LED UV 405nm ad alta potenza, in grado di polimerizzare rapidamente gli oggetti stampati in resina UV 405nm.<\/li>\n<li>Nel raggio di 5 cm dalla luce, la resina pu\u00f2 essere polimerizzata in 10-15 secondi, ma le parti pi\u00f9 spesse necessitano di pi\u00f9 tempo.<\/li>\n<li>Materiale ad alta resistenza, sicuro, ecologico e resistente.<\/li>\n<li>Questa luce pu\u00f2 essere applicata al recinto di polimerizzazione fai-da-te o utilizzata in modo portatile.<\/li>\n<li>Le lampadine UV a LED ad alta intensit\u00e0 forniscono una luce di polimerizzazione potente, coerente e affidabile.<\/li>\n<li>Interruttore di alimentazione per un facile utilizzo e controllo, per il risparmio energetico.<\/li>\n<li>Buona luminosit\u00e0 e breve tempo di polimerizzazione. Adatto alla polimerizzazione UV e alla polimerizzazione della resina. La maniglia include fori di montaggio per l&#8217;installazione su qualsiasi superficie.<\/li>\n<\/ul>\n<h2><strong>Caratteristiche:<\/strong><\/h2>\n<ul>\n<li>Tipo di articolo: Luce di polimerizzazione UV per resina<\/li>\n<li>Tensione di ingresso: 110-260V<\/li>\n<li>Lunghezza d&#8217;onda di emissione della luce: 405nm<\/li>\n<li>Luce in uscita: 6W di potenza e 60W di influenza UV<\/li>\n<li>Tipo di lampada: lampada UV a piede ad alta luminosit\u00e0<\/li>\n<li>Dimensioni: 115x85x75mm<\/li>\n<li>Lista di imballaggio: 1pc<\/li>\n<\/ul>\n","protected":false},"excerpt":{"rendered":"<p>La <strong>Luce UV per stampanti SLA<\/strong> pu\u00f2 polimerizzare la resina entro 5 cm dalla luce in 10-15 secondi.<\/p>\n","protected":false},"featured_media":4235,"comment_status":"closed","ping_status":"closed","template":"","meta":{"_acf_changed":false},"product_brand":[],"product_cat":[654,625,624,623],"product_tag":[],"brand":[],"class_list":{"0":"post-13444","1":"product","2":"type-product","3":"status-publish","4":"has-post-thumbnail","6":"product_cat-altri-articoli","7":"product_cat-altri-parti-di-ricambio","8":"product_cat-parti-di-ricambio","9":"product_cat-saldi","11":"first","12":"instock","13":"sale","14":"taxable","15":"shipping-taxable","16":"purchasable","17":"product-type-simple"},"acf":[],"_links":{"self":[{"href":"https:\/\/azurefilm.com\/it\/wp-json\/wp\/v2\/product\/13444","targetHints":{"allow":["GET"]}}],"collection":[{"href":"https:\/\/azurefilm.com\/it\/wp-json\/wp\/v2\/product"}],"about":[{"href":"https:\/\/azurefilm.com\/it\/wp-json\/wp\/v2\/types\/product"}],"replies":[{"embeddable":true,"href":"https:\/\/azurefilm.com\/it\/wp-json\/wp\/v2\/comments?post=13444"}],"wp:featuredmedia":[{"embeddable":true,"href":"https:\/\/azurefilm.com\/it\/wp-json\/wp\/v2\/media\/4235"}],"wp:attachment":[{"href":"https:\/\/azurefilm.com\/it\/wp-json\/wp\/v2\/media?parent=13444"}],"wp:term":[{"taxonomy":"product_brand","embeddable":true,"href":"https:\/\/azurefilm.com\/it\/wp-json\/wp\/v2\/product_brand?post=13444"},{"taxonomy":"product_cat","embeddable":true,"href":"https:\/\/azurefilm.com\/it\/wp-json\/wp\/v2\/product_cat?post=13444"},{"taxonomy":"product_tag","embeddable":true,"href":"https:\/\/azurefilm.com\/it\/wp-json\/wp\/v2\/product_tag?post=13444"},{"taxonomy":"brand","embeddable":true,"href":"https:\/\/azurefilm.com\/it\/wp-json\/wp\/v2\/brand?post=13444"}],"curies":[{"name":"wp","href":"https:\/\/api.w.org\/{rel}","templated":true}]}}