
{"id":13467,"date":"2023-10-29T14:17:05","date_gmt":"2023-10-29T14:17:05","guid":{"rendered":"https:\/\/azurefilm.com\/product\/macchina-di-lavaggio-e-polimerizzazione-creality-uw-02\/"},"modified":"2023-10-29T16:15:17","modified_gmt":"2023-10-29T16:15:17","slug":"macchina-di-lavaggio-e-polimerizzazione-creality-uw-02","status":"publish","type":"product","link":"https:\/\/azurefilm.com\/it\/prodotto\/macchina-di-lavaggio-e-polimerizzazione-creality-uw-02\/","title":{"rendered":"Macchina di lavaggio e polimerizzazione Creality UW-02"},"content":{"rendered":"<p><span style=\"font-weight: 400;\">La UW-02 \u00e8 una macchina per il lavaggio e la polimerizzazione completa, studiata per garantire efficienza e convenienza. Grazie a un generoso spazio di solidificazione di 10,1 pollici, pu\u00f2 ospitare modelli di grandi dimensioni e soddisfare le esigenze di progetti di stampa 3D di grandi dimensioni.<\/span><\/p>\n<h2><strong>Pulizia e polimerizzazione due in uno<\/strong><\/h2>\n<p><span style=\"font-weight: 400;\">Questa macchina offre una soluzione due in uno per la pulizia e la polimerizzazione delle stampe 3D. In modalit\u00e0 di lavaggio, integra una funzione di pulizia automatica che garantisce un processo di pulizia potente e approfondito. In modalit\u00e0 di polimerizzazione, il controllo preciso della luce, della velocit\u00e0 e del tempo garantisce una polimerizzazione precisa e completa delle parti stampate in 3D.<\/span><\/p>\n<h2><strong>Polimerizzazione a 360 gradi<\/strong><\/h2>\n<p><span style=\"font-weight: 400;\">La UW-02 \u00e8 dotata di una piattaforma rotante a 360 gradi, con 24 sfere di lampade UV a doppia banda. Questo design garantisce una polimerizzazione a 360\u00b0 senza zone morte, massimizzando l&#8217;efficienza della procedura di polimerizzazione. Il design della luce riflessa migliora ulteriormente la riflettivit\u00e0 della sorgente luminosa, accelerando la polimerizzazione dei modelli.<\/span><\/p>\n<h2><strong>Due metodi di pulizia flessibili<\/strong><\/h2>\n<p><span style=\"font-weight: 400;\">La UW-02 offre due metodi di pulizia flessibili: lavaggio senza piastra di costruzione o lavaggio con piastra di costruzione. Le sue eccezionali capacit\u00e0 di pulizia sono dovute alla grande ventola magnetica personalizzata, che garantisce una rimozione efficace della resina in eccesso dalle superfici dei modelli.<\/span><\/p>\n<h2><strong>Cestello di lavaggio pi\u00f9 grande<\/strong><\/h2>\n<p><span style=\"font-weight: 400;\">Grazie a un cestello di lavaggio pi\u00f9 grande, la UW-02 pu\u00f2 ospitare modelli pi\u00f9 grandi. \u00c8 compatibile con tutte le stampanti 3D SLA da 10,1 pollici e inferiori presenti sul mercato, il che la rende un&#8217;aggiunta versatile al vostro flusso di lavoro di stampa 3D. Le dimensioni del secchio di lavaggio sono 240 mm x 160 mm x 200 mm, per offrire ampio spazio alle stampe di varie dimensioni.<\/span><\/p>\n<h2><strong>Dettagli tecnici:<\/strong><\/h2>\n<ul>\n<li style=\"font-weight: 400;\" aria-level=\"1\"><span style=\"font-weight: 400;\">Dimensioni macchina completamente chiusa: 325x295x485mm<\/span><\/li>\n<li style=\"font-weight: 400;\" aria-level=\"1\"><span style=\"font-weight: 400;\">Peso completamente chiusa: 7.1kg<\/span><\/li>\n<li style=\"font-weight: 400;\" aria-level=\"1\"><span style=\"font-weight: 400;\">Dimensioni di lavaggio: 240x160x200mm<\/span><\/li>\n<li style=\"font-weight: 400;\" aria-level=\"1\"><span style=\"font-weight: 400;\">Dimensioni di polimerizzazione: diametro di 200x300mrn<\/span><\/li>\n<li style=\"font-weight: 400;\" aria-level=\"1\"><span style=\"font-weight: 400;\">Peso massimo modello: 2.5kg<\/span><\/li>\n<li style=\"font-weight: 400;\" aria-level=\"1\"><span style=\"font-weight: 400;\">Specifiche della confezione: 381x349x525mm<\/span><\/li>\n<li style=\"font-weight: 400;\" aria-level=\"1\"><span style=\"font-weight: 400;\">Modalit\u00e0: Pulizia \/ Polimerizzazione<\/span><\/li>\n<li style=\"font-weight: 400;\" aria-level=\"1\"><span style=\"font-weight: 400;\">Velocit\u00e0: Veloce\/Costante<\/span><\/li>\n<li style=\"font-weight: 400;\" aria-level=\"1\"><span style=\"font-weight: 400;\">Tempo: 2min-30min<\/span><\/li>\n<li style=\"font-weight: 400;\" aria-level=\"1\"><span style=\"font-weight: 400;\">Lunghezza d&#8217;onda SLA: 385nm &amp; 405nm<\/span><\/li>\n<li style=\"font-weight: 400;\" aria-level=\"1\"><span style=\"font-weight: 400;\">Tensione di ingresso: 100-240V<\/span><\/li>\n<li style=\"font-weight: 400;\" aria-level=\"1\"><span style=\"font-weight: 400;\">Tensione costante in uscita: DC 24V<\/span><\/li>\n<li style=\"font-weight: 400;\" aria-level=\"1\"><span style=\"font-weight: 400;\">Potenza dell&#8217;alimentazione: 60W<\/span><\/li>\n<li style=\"font-weight: 400;\" aria-level=\"1\"><span style=\"font-weight: 400;\">Tipo di box: Completamente chiuso<\/span><\/li>\n<li style=\"font-weight: 400;\" aria-level=\"1\"><span style=\"font-weight: 400;\">Materiale della piattaforma di polimerizzazione: Acciaio inox a specchio<\/span><\/li>\n<li style=\"font-weight: 400;\" aria-level=\"1\"><span style=\"font-weight: 400;\">Materiale del cestello di lavaggio: PP<\/span><\/li>\n<li style=\"font-weight: 400;\" aria-level=\"1\"><span style=\"font-weight: 400;\">Lingue supportate: Cinese\/Inglese<\/span><\/li>\n<li style=\"font-weight: 400;\" aria-level=\"1\"><span style=\"font-weight: 400;\">Sistema software di controllo: Windows 7 o superiore<\/span><\/li>\n<\/ul>\n","protected":false},"excerpt":{"rendered":"<p><strong>Macchina di lavaggio e polimerizzazione Creality UW-02<\/strong> \u00e8 destinata alla pulizia e alla polimerizzazione dei modelli 3D stampati con le stampanti 3D DLP.<\/p>\n","protected":false},"featured_media":4390,"comment_status":"closed","ping_status":"closed","template":"","meta":{"_acf_changed":false},"product_brand":[],"product_cat":[816,623],"product_tag":[],"brand":[],"class_list":{"0":"post-13467","1":"product","2":"type-product","3":"status-publish","4":"has-post-thumbnail","6":"product_cat-non-categorizzato","7":"product_cat-saldi","9":"first","10":"outofstock","11":"sale","12":"taxable","13":"shipping-taxable","14":"purchasable","15":"product-type-simple"},"acf":[],"_links":{"self":[{"href":"https:\/\/azurefilm.com\/it\/wp-json\/wp\/v2\/product\/13467","targetHints":{"allow":["GET"]}}],"collection":[{"href":"https:\/\/azurefilm.com\/it\/wp-json\/wp\/v2\/product"}],"about":[{"href":"https:\/\/azurefilm.com\/it\/wp-json\/wp\/v2\/types\/product"}],"replies":[{"embeddable":true,"href":"https:\/\/azurefilm.com\/it\/wp-json\/wp\/v2\/comments?post=13467"}],"wp:featuredmedia":[{"embeddable":true,"href":"https:\/\/azurefilm.com\/it\/wp-json\/wp\/v2\/media\/4390"}],"wp:attachment":[{"href":"https:\/\/azurefilm.com\/it\/wp-json\/wp\/v2\/media?parent=13467"}],"wp:term":[{"taxonomy":"product_brand","embeddable":true,"href":"https:\/\/azurefilm.com\/it\/wp-json\/wp\/v2\/product_brand?post=13467"},{"taxonomy":"product_cat","embeddable":true,"href":"https:\/\/azurefilm.com\/it\/wp-json\/wp\/v2\/product_cat?post=13467"},{"taxonomy":"product_tag","embeddable":true,"href":"https:\/\/azurefilm.com\/it\/wp-json\/wp\/v2\/product_tag?post=13467"},{"taxonomy":"brand","embeddable":true,"href":"https:\/\/azurefilm.com\/it\/wp-json\/wp\/v2\/brand?post=13467"}],"curies":[{"name":"wp","href":"https:\/\/api.w.org\/{rel}","templated":true}]}}