
{"id":13492,"date":"2023-10-29T14:17:44","date_gmt":"2023-10-29T14:17:44","guid":{"rendered":"https:\/\/azurefilm.com\/product\/creality-cr-scan-lizard\/"},"modified":"2026-02-18T13:16:47","modified_gmt":"2026-02-18T13:16:47","slug":"creality-cr-scan-lizard","status":"publish","type":"product","link":"https:\/\/azurefilm.com\/it\/prodotto\/creality-cr-scan-lizard\/","title":{"rendered":"Creality CR-Scan Lizard"},"content":{"rendered":"<h2 style=\"text-align: left;\"><strong>Caratteristiche principali: <\/strong><\/h2>\n<h3 style=\"text-align: left;\"><strong>1. Altissima precisione<\/strong><\/h3>\n<p style=\"text-align: left;\">Creality CR-Scan Lizard pu\u00f2 scansionare piccoli oggetti e prototipi con dettagli profondi e difficili da raggiungere. Progettato con un binocolo, questo scanner 3D \u00e8 caratterizzato da un&#8217;accuratezza di livello professionale fino a 0,05 mm, ottenuta grazie a un metodo di calibrazione di precisione migliorato. La distanza dei punti 3D varia da 0,1 mm a 0,2 mm, mentre la dimensione minima dell&#8217;oggetto scansionato \u00e8 di 15 mm.<\/p>\n<h3 style=\"text-align: left;\"><strong>2. Nuovo software<\/strong><\/h3>\n<p style=\"text-align: left;\">Creality ha sviluppato l&#8217;integrazione di algoritmi di automazione 3D completi che consentono di ottimizzare il modello con un solo clic. Supporta l&#8217;allineamento automatico multiposizione, la rimozione automatica del rumore, la topologia semplificata del modello, il riempimento automatico dei fori, la mappatura automatica delle texture e molto altro ancora. Creality controller\u00e0 regolarmente il software e corregger\u00e0 i bug, inoltre tutti gli aggiornamenti saranno gratuiti.<\/p>\n<h3 style=\"text-align: left;\"><strong>3. Scansione in bianco o in nero<\/strong><\/h3>\n<p style=\"text-align: left;\">Il &#8220;nero&#8221; o la &#8220;luminosit\u00e0&#8221; dell&#8217;oggetto scansionato non sono pi\u00f9 un problema. Creality CR-Scan Lizard \u00e8 in grado di scansionare facilmente oggetti neri e di ottenere prestazioni eccellenti anche in piena luce solare. La differenza rispetto al CR-Scan 01 \u00e8 che la versione 01 regola la luminosit\u00e0 e la scansione deve essere effettuata in ambienti chiusi con esigenze di illuminazione specifiche. Il Lizard invece \u00e8 dotato di un sistema di telecamere binoculari di alta precisione con un sistema ottico multispettrale sviluppato in proprio, che migliora notevolmente l&#8217;adattabilit\u00e0 alla luce e consente di avere pi\u00f9 obiettivi di scansione. In questo modo, anche la scansione all&#8217;aperto diventa un lavoro facile e divertente.<\/p>\n<h3 style=\"text-align: left;\"><strong>4. Scansione multi-mode<\/strong><\/h3>\n<p style=\"text-align: left;\">Come il CR-Scan 01, anche il Creality CR-Scan Lizard offre diverse modalit\u00e0 di scansione, a seconda delle circostanze. Il CR-Scan Lizard pu\u00f2 scansionare oggetti da 15 mm a 1500 mm con tre modalit\u00e0 di scansione: scansione su tavolo rotante, scansione manuale e scansione manuale pi\u00f9 tavolo rotante. Una caratteristica importante \u00e8 che puoi passare dalla scansione manuale alla scansione su tavolo rotante senza problemi. La modalit\u00e0 combinata \u00e8 perfetta per la scansione di oggetti da 300 mm a 500 mm, come sculture, oggetti pi\u00f9 piccoli come vasi, aggiungendo la flessibilit\u00e0 della scansione a mano alla scansione intelligente su tavolo rotante. Se devi scansionare oggetti pi\u00f9 grandi, come cappe e mobili, la modalit\u00e0 portatile, adatta alla scansione di oggetti da 500 mm a 1500 mm, \u00e8 la scelta migliore perch\u00e9 offre sufficiente libert\u00e0 e possibilit\u00e0 creative.<\/p>\n<h3 style=\"text-align: left;\"><strong>5. Opzioni di connettivit\u00e0<\/strong><\/h3>\n<p style=\"text-align: left;\">Il vantaggio di avere uno scanner 3D e una stampante 3D Creality \u00e8 il <strong>Creality Cloud<\/strong> poich\u00e9 il modello 3D pu\u00f2 essere caricato sul database (Creality Cloud) e le operazioni di slicing e stampa 3D possono essere completate con un solo clic. Puoi anche condividere il tuo modello 3D sull&#8217;APP Creality. In questo modo potrai interagire e condividere il divertimento 3D con amici e altri maker.<\/p>\n<h3 style=\"text-align: left;\"><strong>6. Ripristino dei colori in HD<\/strong><\/h3>\n<p style=\"text-align: left;\">Per soddisfare le esigenze di VR, rendering 3D, giochi e stampa 3D a colori che potrebbero essere realizzate in futuro, Creality CR-Scan Lizard pu\u00f2 essere abbinato al kit colore e supporta la ripresa di texture colorate con telefoni cellulari o fotocamere DSLR. Successivamente, mapper\u00e0 automaticamente i colori sui modelli con un solo clic tramite il software di automazione per completare il restauro dei colori. Il file verr\u00e0 esportato in formato OBJ per ottenere modelli 3D vividi. Creality offre agli utenti la possibilit\u00e0 di scegliere se utilizzare o meno i colori e, in futuro, ha dichiarato che aggiorner\u00e0 questa funzione per consentire la scansione di un maggior numero di dimensioni.<\/p>\n<h3 style=\"text-align: left;\"><strong>7. Portatile e facile da scansionare all&#8217;aperto<\/strong><\/h3>\n<p style=\"text-align: left;\">Oltre alla ricarica USB, Crealitys Lizard \u00e8 compatibile con un caricatore portatile da acquistare separatamente, che consente ai creatori di portarla all&#8217;aperto e di catturare oggetti sorprendenti ovunque. Questa funzione rende la caratteristica della portabilit\u00e0 davvero viva e attiva.<\/p>\n","protected":false},"excerpt":{"rendered":"<p style=\"text-align: left;\"><strong>Creality CR-Scan Lizard<\/strong> ha una precisione fino a 0,05 mm. Grazie alla sua semplicit\u00e0 d&#8217;uso, lo scanner 3D \u00e8 adatto anche ai principianti.<\/p>\n","protected":false},"featured_media":4547,"comment_status":"closed","ping_status":"closed","template":"","meta":{"_acf_changed":false},"product_brand":[],"product_cat":[625,624,623,597],"product_tag":[],"brand":[],"class_list":{"0":"post-13492","1":"product","2":"type-product","3":"status-publish","4":"has-post-thumbnail","6":"product_cat-altri-parti-di-ricambio","7":"product_cat-parti-di-ricambio","8":"product_cat-saldi","9":"product_cat-scanner-3d","11":"first","12":"onbackorder","13":"sale","14":"taxable","15":"shipping-taxable","16":"purchasable","17":"product-type-simple"},"acf":[],"_links":{"self":[{"href":"https:\/\/azurefilm.com\/it\/wp-json\/wp\/v2\/product\/13492","targetHints":{"allow":["GET"]}}],"collection":[{"href":"https:\/\/azurefilm.com\/it\/wp-json\/wp\/v2\/product"}],"about":[{"href":"https:\/\/azurefilm.com\/it\/wp-json\/wp\/v2\/types\/product"}],"replies":[{"embeddable":true,"href":"https:\/\/azurefilm.com\/it\/wp-json\/wp\/v2\/comments?post=13492"}],"wp:featuredmedia":[{"embeddable":true,"href":"https:\/\/azurefilm.com\/it\/wp-json\/wp\/v2\/media\/4547"}],"wp:attachment":[{"href":"https:\/\/azurefilm.com\/it\/wp-json\/wp\/v2\/media?parent=13492"}],"wp:term":[{"taxonomy":"product_brand","embeddable":true,"href":"https:\/\/azurefilm.com\/it\/wp-json\/wp\/v2\/product_brand?post=13492"},{"taxonomy":"product_cat","embeddable":true,"href":"https:\/\/azurefilm.com\/it\/wp-json\/wp\/v2\/product_cat?post=13492"},{"taxonomy":"product_tag","embeddable":true,"href":"https:\/\/azurefilm.com\/it\/wp-json\/wp\/v2\/product_tag?post=13492"},{"taxonomy":"brand","embeddable":true,"href":"https:\/\/azurefilm.com\/it\/wp-json\/wp\/v2\/brand?post=13492"}],"curies":[{"name":"wp","href":"https:\/\/api.w.org\/{rel}","templated":true}]}}