
{"id":13522,"date":"2023-10-29T14:20:10","date_gmt":"2023-10-29T14:20:10","guid":{"rendered":"https:\/\/azurefilm.com\/product\/filamento-carbon-fiber-paht\/"},"modified":"2025-12-01T15:15:20","modified_gmt":"2025-12-01T15:15:20","slug":"filamento-carbon-fiber-paht","status":"publish","type":"product","link":"https:\/\/azurefilm.com\/it\/prodotto\/filamento-carbon-fiber-paht\/","title":{"rendered":"Filamento Carbon Fiber PAHT"},"content":{"rendered":"<h2><b>Filamenti Carbon Fiber PAHT<\/b><\/h2>\n<p><span style=\"font-weight: 400;\">I filamenti Carbon Fiber PAHT contengono fibre di nylon e carbonio idonee per la stampa 3D. Questi filamenti sono molto apprezzati per le loro propriet\u00e0 meccaniche, come l&#8217; <\/span><b>eccellente resistenza all&#8217;abrasione, la buona resistenza agli agenti chimici e agli urti, l&#8217;elevata resistenza e la rigidit\u00e0<\/b><span style=\"font-weight: 400;\">. Il Carbon Fiber PAHT consente un <\/span><b>utilizzo continuo fino a 160\u00b0C <\/b><span style=\"font-weight: 400;\">(massimo 200 ore).\u00a0<\/span><\/p>\n<p><span style=\"font-weight: 400;\">Grazie alle sue propriet\u00e0, Carbon Fiber PAHT pu\u00f2 essere utilizzato per svariate applicazioni come prototipi funzionali, attrezzature e utensili, stampi in composito, componenti leggeri, ambienti ad alta temperatura e parti sottoposte a stress.<\/span><\/p>\n<p><span style=\"font-weight: 400;\">Poich\u00e9 lo spessore delle fibre varia da 0,4 mm a 0,6 mm, consigliamo di utilizzare un <\/span><b>ugello da 0,6 mm resistente all&#8217;abrasione<\/b><span style=\"font-weight: 400;\">. Carbon Fiber PAHT pu\u00f2 essere stampato anche senza una stampante chiusa, tuttavia ti <\/span><b>consigliamo di utilizzare una stampante 3D chiusa per ottenere risultati migliori<\/b><span style=\"font-weight: 400;\">.<\/span><\/p>\n<h3><strong>Filamento Carbon Fiber PAHT<\/strong><\/h3>\n<p>Prova il nostro filamento Carbon Fiber PAHT, progettato per la stampa ad alte prestazioni e per la creazione di affascinanti disegni neri opachi.<\/p>\n<p><span style=\"font-weight: 400;\">Per saperne di pi\u00f9 sui filamenti Carbon Fiber, leggi il nostro <a href=\"https:\/\/azurefilm.com\/it\/2023\/07\/26\/filamenti-carbon-fiber\/\">blog<\/a>. <\/span><span style=\"font-weight: 400;\"><br \/>\n<\/span><\/p>\n<p><span style=\"font-weight: 400;\">Puoi consultare la <\/span><b>Scheda Tecnica<\/b><span style=\"font-weight: 400;\"><a href=\"https:\/\/azurefilm.com\/it\/technical-data-sheets\/\"> qui<\/a>.<\/span><\/p>\n<h3><strong>Consigli per la stampa:<\/strong><\/h3>\n<ul>\n<li style=\"font-weight: 400;\" aria-level=\"1\"><span style=\"font-weight: 400;\">Per ottenere i risultati migliori, stampa a 270\u2013290\u00b0C.\u00a0<\/span><\/li>\n<li style=\"font-weight: 400;\" aria-level=\"1\"><span style=\"font-weight: 400;\">La temperatura consigliata del piano di stampa \u00e8 di 90\u2013120\u00b0C. <\/span><\/li>\n<li style=\"font-weight: 400;\" aria-level=\"1\"><span style=\"font-weight: 400;\">Usa un piano di vetro, nastro Kapton o Blu per la piattaforma di costruzione con lo spray Dimafix.<\/span><\/li>\n<li style=\"font-weight: 400;\" aria-level=\"1\"><span style=\"font-weight: 400;\">Consigliamo di utilizzare un ugello resistente all&#8217;abrasione da almeno 0,6 mm.<\/span><\/li>\n<\/ul>\n<p><i><span style=\"font-weight: 400;\">*La temperatura ideale pu\u00f2 variare a seconda della stampante utilizzata.<\/span><\/i><\/p>\n<h3><strong>Requisiti aggiuntivi per lavorare con filamenti Carbon Fiber PAHT:<\/strong><\/h3>\n<ul>\n<li style=\"font-weight: 400;\" aria-level=\"1\"><span style=\"font-weight: 400;\">Piano di stampa riscaldato.<\/span><\/li>\n<li style=\"font-weight: 400;\" aria-level=\"1\"><span style=\"font-weight: 400;\">Ugello rinforzato &#8211; Per via della sua struttura abrasiva, il filamento consuma in poco tempo l&#8217;ugello tradizionale in ottone. Per questo tipo di filamento occorre un ugello resistente all&#8217;abrasione. Poich\u00e9 questi tipi di ugelli tendono a essere meno conduttivi di quelli standard, solitamente si raccomandano temperature di estrusione pi\u00f9 elevate.<\/span><\/li>\n<li style=\"font-weight: 400;\" aria-level=\"1\"><span style=\"font-weight: 400;\">La camera riscaldata per i filamenti \u00e8 opzionale, per\u00f2 per ottenere la migliore qualit\u00e0 del prodotto, ti consigliamo di tenere sempre i filamenti in un luogo asciutto.<\/span><\/li>\n<li style=\"font-weight: 400;\" aria-level=\"1\"><span style=\"font-weight: 400;\">Ambiente chiuso &#8211; Garantire un ambiente controllato costante \u00e8 facoltativo ma fortemente consigliato. <\/span><\/li>\n<\/ul>\n","protected":false},"excerpt":{"rendered":"<p>Prova il nostro filamento Carbon Fiber PAHT, progettato per la stampa ad alte prestazioni e per la creazione di affascinanti disegni neri opachi.<\/p>\n","protected":false},"featured_media":5101,"comment_status":"closed","ping_status":"closed","template":"","meta":{"_acf_changed":false},"product_brand":[],"product_cat":[523,522,517,623,519],"product_tag":[],"brand":[267],"class_list":{"0":"post-13522","1":"product","2":"type-product","3":"status-publish","4":"has-post-thumbnail","6":"product_cat-carbon-fiber-paht-it","7":"product_cat-filamenti-carbon-fiber","8":"product_cat-filamenti-3d","9":"product_cat-saldi","10":"product_cat-tutti-filamenti","11":"pa_colour-black","12":"pa_filament-diameter-1-75mm","13":"pa_filament-diameter-2-85mm","14":"pa_filament-weight-500g","15":"pa_filament-weight-750g","16":"brand-azurefilm","18":"first","19":"instock","20":"sale","21":"taxable","22":"shipping-taxable","23":"purchasable","24":"product-type-variable","25":"has-default-attributes"},"acf":[],"_links":{"self":[{"href":"https:\/\/azurefilm.com\/it\/wp-json\/wp\/v2\/product\/13522","targetHints":{"allow":["GET"]}}],"collection":[{"href":"https:\/\/azurefilm.com\/it\/wp-json\/wp\/v2\/product"}],"about":[{"href":"https:\/\/azurefilm.com\/it\/wp-json\/wp\/v2\/types\/product"}],"replies":[{"embeddable":true,"href":"https:\/\/azurefilm.com\/it\/wp-json\/wp\/v2\/comments?post=13522"}],"wp:featuredmedia":[{"embeddable":true,"href":"https:\/\/azurefilm.com\/it\/wp-json\/wp\/v2\/media\/5101"}],"wp:attachment":[{"href":"https:\/\/azurefilm.com\/it\/wp-json\/wp\/v2\/media?parent=13522"}],"wp:term":[{"taxonomy":"product_brand","embeddable":true,"href":"https:\/\/azurefilm.com\/it\/wp-json\/wp\/v2\/product_brand?post=13522"},{"taxonomy":"product_cat","embeddable":true,"href":"https:\/\/azurefilm.com\/it\/wp-json\/wp\/v2\/product_cat?post=13522"},{"taxonomy":"product_tag","embeddable":true,"href":"https:\/\/azurefilm.com\/it\/wp-json\/wp\/v2\/product_tag?post=13522"},{"taxonomy":"brand","embeddable":true,"href":"https:\/\/azurefilm.com\/it\/wp-json\/wp\/v2\/brand?post=13522"}],"curies":[{"name":"wp","href":"https:\/\/api.w.org\/{rel}","templated":true}]}}